{"id":4340,"date":"2024-06-08T13:05:24","date_gmt":"2024-06-08T11:05:24","guid":{"rendered":"https:\/\/webs.uab.cat\/ahcisp\/?page_id=4340"},"modified":"2024-06-11T12:53:09","modified_gmt":"2024-06-11T10:53:09","slug":"miquel-figueras-moreu","status":"publish","type":"page","link":"https:\/\/webs.uab.cat\/ahcisp\/miquel-figueras-moreu\/","title":{"rendered":"Miquel Figueras Moreu"},"content":{"rendered":"\n<div class=\"wp-block-group alignwide\"><div class=\"wp-block-group__inner-container is-layout-constrained wp-block-group-is-layout-constrained\">\n<div class=\"wp-block-columns is-layout-flex wp-container-core-columns-is-layout-9d6595d7 wp-block-columns-is-layout-flex\">\n<div class=\"wp-block-column is-layout-flow wp-block-column-is-layout-flow\" style=\"flex-basis:33.3%\">\n<figure class=\"wp-block-image size-full\"><img loading=\"lazy\" decoding=\"async\" width=\"1509\" height=\"1645\" src=\"https:\/\/webs.uab.cat\/ahcisp\/wp-content\/uploads\/sites\/320\/2024\/06\/Miquel-Figueras-Moreu.jpeg\" alt=\"\" class=\"wp-image-4343\" srcset=\"https:\/\/webs.uab.cat\/ahcisp\/wp-content\/uploads\/sites\/320\/2024\/06\/Miquel-Figueras-Moreu.jpeg 1509w, https:\/\/webs.uab.cat\/ahcisp\/wp-content\/uploads\/sites\/320\/2024\/06\/Miquel-Figueras-Moreu-275x300.jpeg 275w, https:\/\/webs.uab.cat\/ahcisp\/wp-content\/uploads\/sites\/320\/2024\/06\/Miquel-Figueras-Moreu-939x1024.jpeg 939w, https:\/\/webs.uab.cat\/ahcisp\/wp-content\/uploads\/sites\/320\/2024\/06\/Miquel-Figueras-Moreu-768x837.jpeg 768w, https:\/\/webs.uab.cat\/ahcisp\/wp-content\/uploads\/sites\/320\/2024\/06\/Miquel-Figueras-Moreu-1409x1536.jpeg 1409w, https:\/\/webs.uab.cat\/ahcisp\/wp-content\/uploads\/sites\/320\/2024\/06\/Miquel-Figueras-Moreu-1200x1308.jpeg 1200w\" sizes=\"auto, (max-width: 1509px) 100vw, 1509px\" \/><\/figure>\n<\/div>\n\n\n\n<div class=\"wp-block-column is-layout-flow wp-block-column-is-layout-flow\" style=\"flex-basis:66.66%\">\n<h2 class=\"wp-block-heading\">Miquel Figueras Moreu<\/h2>\n\n\n\n<ul class=\"has-small-font-size wp-block-list\">\n<li><strong>Vinculaci\u00f3<\/strong>: col\u00b7laborador, investigador extern<\/li>\n\n\n\n<li><strong>Correu<\/strong>: miquelfiguerasmoreu@gmail.com<\/li>\n\n\n\n<li><strong>ORCID<\/strong>: <a href=\"https:\/\/orcid.org\/0009-0008-5928-573X\">0009-0008-5928-573X<\/a><\/li>\n<\/ul>\n<\/div>\n<\/div>\n\n\n\n<h3 class=\"wp-block-heading\">Recerca<\/h3>\n\n\n\n<p>Doctor en Etnologia i Antropologia Social i Cultural per l\u2019EHESS de Paris, Professor Associat a la UAB, responsable de l\u2019\u00e0rea de Recerca d\u2019AlterNativa Intercanvi amb Pobles Ind\u00edgenes. He fet doc\u00e8ncia a les universitats&nbsp; de Paris XIII, a la UOC, a la UPF i a la UAB, i he estat investigador convidat a la ULA i a l\u2019IVIC a Vene\u00e7uela. El meu camp d\u2019estudis \u00e9s l\u2019\u00e0rea guaianesa i amaz\u00f2nica, i m\u00e9s espec\u00edficament el poble carib E\u2019nyepa de Vene\u00e7uela, amb qui he treballat aspectes de l\u2019espai social, del territori i de la relaci\u00f3 amb l\u2019entorn natural. En la meva investigaci\u00f3 he alternat la recerca amb tasques aplicades, com la coordinaci\u00f3 i el treball t\u00e8cnic del projecte d\u2019auto-demarcaci\u00f3 de terres del Poble E\u2019nyepa. Paral\u00b7lelament tamb\u00e9 he realitzat recerques entorn a l\u2019etnocartografia i l\u2019etnogeografia, als drets dels pobles ind\u00edgenes, als&nbsp; estudis del parentiu i la museografia.<\/p>\n<\/div><\/div>\n\n\n\n<div class=\"wp-block-group alignwide\"><div class=\"wp-block-group__inner-container is-layout-constrained wp-block-group-is-layout-constrained\">\n<hr class=\"wp-block-separator has-alpha-channel-opacity\" \/>\n\n\n\n<p><a href=\"https:\/\/webs.uab.cat\/ahcisp\/equip\/\">&lt;&lt; Retornar a &#8216;L&#8217;Equip&#8217;<\/a><\/p>\n<\/div><\/div>\n","protected":false},"excerpt":{"rendered":"<p>Miquel Figueras Moreu Recerca Doctor en Etnologia i Antropologia Social i Cultural per l\u2019EHESS de Paris, Professor Associat a la UAB, responsable de l\u2019\u00e0rea de Recerca d\u2019AlterNativa Intercanvi amb Pobles Ind\u00edgenes. He fet doc\u00e8ncia a les universitats&nbsp; de Paris XIII, a la UOC, a la UPF i a la UAB, i he estat investigador convidat [&hellip;]<\/p>\n","protected":false},"author":1643,"featured_media":0,"parent":0,"menu_order":0,"comment_status":"closed","ping_status":"closed","template":"","meta":{"footnotes":""},"class_list":["post-4340","page","type-page","status-publish","hentry"],"_links":{"self":[{"href":"https:\/\/webs.uab.cat\/ahcisp\/wp-json\/wp\/v2\/pages\/4340","targetHints":{"allow":["GET"]}}],"collection":[{"href":"https:\/\/webs.uab.cat\/ahcisp\/wp-json\/wp\/v2\/pages"}],"about":[{"href":"https:\/\/webs.uab.cat\/ahcisp\/wp-json\/wp\/v2\/types\/page"}],"author":[{"embeddable":true,"href":"https:\/\/webs.uab.cat\/ahcisp\/wp-json\/wp\/v2\/users\/1643"}],"replies":[{"embeddable":true,"href":"https:\/\/webs.uab.cat\/ahcisp\/wp-json\/wp\/v2\/comments?post=4340"}],"version-history":[{"count":5,"href":"https:\/\/webs.uab.cat\/ahcisp\/wp-json\/wp\/v2\/pages\/4340\/revisions"}],"predecessor-version":[{"id":5018,"href":"https:\/\/webs.uab.cat\/ahcisp\/wp-json\/wp\/v2\/pages\/4340\/revisions\/5018"}],"wp:attachment":[{"href":"https:\/\/webs.uab.cat\/ahcisp\/wp-json\/wp\/v2\/media?parent=4340"}],"curies":[{"name":"wp","href":"https:\/\/api.w.org\/{rel}","templated":true}]}}