{"id":46,"date":"2010-02-18T17:20:59","date_gmt":"2010-02-18T16:20:59","guid":{"rendered":"http:\/\/blogs.uab.cat\/ahcisp\/publicacions\/publicacions-de-joan-muela\/"},"modified":"2010-02-18T17:20:59","modified_gmt":"2010-02-18T16:20:59","slug":"publicacions-de-joan-muela","status":"publish","type":"page","link":"https:\/\/webs.uab.cat\/ahcisp\/publicacions-linies-recerca\/publicacions-de-joan-muela\/","title":{"rendered":"Publicacions de Joan Muela"},"content":{"rendered":"<p>&#8211; Hausmann-Muela S, Peeters Grietens K, Muela Ribera J (2012) Cultural logics: a key issue in a Kaizen approach for malaria elimination. Malaria Journal 11 (Suppl 1):P44 http:\/\/www.malariajournal.com\/content\/11\/S1\/P44.<\/p>\n<p>&#8211; MUELA, J., Hausmann-Muela, S., &amp; Peeters Grietens, K., 2011. La construcci\u00f3n cultural de los efectos adversos de la medicaci\u00f3n antipal\u00fadica en Iquitos, Per\u00fa. En Mart\u00ednez, A, &amp; Digiacomo, S. (Eds) &#8220;De la evidencia a la narrativa en atenci\u00f3n sanitaria: Biopoder y narrativas de aflicci\u00f3n.&#8221; URV: Colecci\u00f3n de Antropolog\u00eda M\u00e9dica (e-book). <\/p>\n<p>&#8211; MUELA, J., Hausmann-Muela, S., 2011. Individuo y grupo en el manejo de la enfermedad. Reflexiones desde Tanzania. En Fern\u00e1ndez, E. &amp; Vega, C. (eds.) Acci\u00f3n comunitaria y salud. Barcelona: Ed. Gra\u00f3. <\/p>\n<p>&#8211; MUELA, J., Hausmann-Muela, S., 2011. The straw that breaks the camel\u2019s back: Re-directing health seeking behaviour studies on malaria and vulnerability. Medical Anthropology Quarterly 25(1): 103-121. Factor de impacto: 0.949<\/p>\n<p>&#8211; MUELA, J., 2010. Sincretismos m\u00e9dicos \u2013 Malaria y brujer\u00eda en Ifakara, Tanzania. En Fronteras y mestizajes, Ventura, M. (ed) Barcelona: Universitat Aut\u00f2noma de Barcelona Pb.<\/p>\n<p>&#8211; MUELA, J., Hausmann-Muela, S., 2010. Individuo y grupo en el manejo de la enfermedad. Reflexiones desde Tanzania. (forthcoming) in Fern\u00e1ndez, E. &amp; Vega, C. (eds.) Acci\u00f3n comunitaria y salud. Barcelona: Ed. Gra\u00f3.<\/p>\n<p>&#8211; MUELA, J., 2010. Sincretismos m\u00e9dicos \u2013 Malaria y brujer\u00eda en Ifakara, Tanzania. (forthcoming). En Fronteras y mestizajes, Ventura, M. (ed) Barcelona: Universitat Aut\u00f2noma de Barcelona Pb.<br \/>\nMUELA, J.; Peeters Grietens K.; Gies S.; Coulibaly SO.; Ky C.; Somda J.; Toomer E.; D\u2019Alessandro U., 2010. Bottlenecks for High Coverage of Intermittent Preventive Treatment in Pregnancy: the Case of Adolescent Pregnancies in Rural Burkina Faso. PLoS One 5(8): e12013.doi:10.1371\/journal.pone.0012013. Factor de impacto: 4.351<\/p>\n<p>&#8211; MUELA, J., Grietens K.; Soto V.; Erhart A.; Grande T.; Toomer E.; Rodriguez H.; Tenorio A.; D\u2019Alessandro U.; Llanos A.; Gamboa D., 2010. Adherence to 7 day primaquine treatment for plasmodium vivax in the Peruvian Amazon. The American Journal of Tropical Medicine and Hygiene, 82(6):1017-1023. Factor de impacto: 2.450 <\/p>\n<p>&#8211; MUELA, J., Grietens K.; Nguyen X.; Van Bortel W.; Ngo T.; Ba T.; Pham K.; Le H.; D\u2019Alessandro U.; Erhart A., 2010. Low perception of malaria risk among the Ra-glai ethnic minority in south-central Vietnam: implications for forest malaria control. Malaria Journal, 9:23 doi:10.1186\/1475-2875-9-23. Factor de impacto: 3.00<\/p>\n<p>&#8211; MUELA, J., Hausmann-Muela, S., 2009. La abuela africana, Meillassoux y el fantasma de la ideolog\u00eda. Memorialidades, 11. <\/p>\n<p>&#8211; MUELA, J.; Grietens, K.; Toomer, E. &amp; Hausmann-Muela, S., 2009. A word of caution against the stigma trend in neglected tropical diseases research and control. PloS of Neglected Tropical Diseases 3(10): e445. doi:10.1371\/journal.pntd.0000445 <\/p>\n<p>&#8211; MUELA, J., Hausmann-Muela, S., Toomer, E., and Peeters Grietens, K., 2008. Is the use of interpreters in medical consultations justified? \u2013 A critical review of the literature. PASS International and COFETIS-Fosovet, Belgium, www.cofetis.be; www.pass-international.org<\/p>\n<p>&#8211; MUELA, J.&amp;amp, Hausmann Muela, S.; Tanner, M., 2008. \u201cFake malaria and hidden parasites &#8211; the ambiguity of malaria\u201d, reproduced in: Helman, C. Medical Anthropology. London: The International Library of Essays in Anthropology<\/p>\n<p>&#8211; MUELA, J., Peeters, K.; Um Boock, A.; Hausmann-Muela, S.; Griedens, H.; Toomer, E. &amp;amp, 2008. \u201cIt is me who endures but my family that suffers\u201d: Social isolation as a consequence of the household cost burden of Buruli ulcer. PloS of Neglected Tropical Diseases 2(10):e321. Doi:10.1371\/journal.pntd.0000321<\/p>\n<p>&#8211; MUELA, J., Hausmann-Muela, S., 2008. El paludismo y otras penurias: Salud y desigualdades de g\u00e9nero en Tanzania. Quaderns de l\u2019ICA 22, Serie Monogr\u00e0fics.<\/p>\n<p>&#8211; MUELA, J., Xuan Xa,N.; Peeters, K.; Erhart, A; Hung, L.X.; Thang N.D; D&#8217;Alessandro, U., et al, 2008.Low Awareness of Malaria Among the Raglai Ethnic Minority Group Living in the Mountainous Province of Ninh Thuan, Vietnam. Journal of Malaria and Parasite Diseases Control: 43.<\/p>\n<p>&#8211; MUELA, J., 2007. Medical Pluralism in Africa, Alvarez, C., &amp; DiGiacomo, S.,  eds. \u201cWomen, AIDS and Access to Health Care in Sub-Saharan Africa: Approaches from the Social Sciences\u201d. Published in Spanish, Portuguese and English (www.sidafrica.net; www.medicusmundi.es\/catalunya; www.aeci.es\/vita ).<\/p>\n<p>&#8211; MUELA, J., Hausmann-Muela S., D&#8217;Alessandro, U., and Peeters Grietens, K., 2007. Malaria in pregnancy: What can the social sciences contribute? PLoS Med 4(4): e92.<\/p>\n<p>&#8211; MUELA, J., 2007. Malaria en Lipangalala. Pluralismo m\u00e9dico y recorridos asistenciales en una comunidad Africana. Barcelona: Autonomous University of Barcelona, PhD Thesis. <\/p>\n<p>&#8211; MUELA, J., Clua, M.; Coello, A.; Mart\u00ednez, M.; Mateo, J.L.; Ojeda, M.; Stolcke, V. &amp; Ventura, M., 2006. Per una reflexi\u00f3 critica sobre la noci\u00f3 de mestissatge. AHCISP-UAB. Periferia, 4. <\/p>\n<p>&#8211; MUELA, J.&amp;amp, Hausmann Muela, S., Tanner, M., 2005 \u201cFake malaria and hidden parasites &#8211; the ambiguity of malaria\u201d an extract of the article is included in Pool, R. and Geissler, W. (2005) Medical Anthropology. London: Open University Press.<\/p>\n<p>&#8211; MUELA, J., Hausmann Muela, S., Nyamongo, I., 2003. Health-seeking behaviour and the health system response. Background paper for the Disease Control Priority Project. www.dcpp.org<\/p>\n<p>&#8211; MUELA, J., Hausmann Muela, S., 2003. Recipe knowledge: a tool for understanding some apparently irrational behaviour. Anthropology &amp; Medicine 10(1): 87-105.<\/p>\n<p>&#8211; MUELA, J., Hausmann-Muela, S., 2002. La medicina tradicional en los programas de la OMS. In: Abriendo surcos en la tierra. Investigaci\u00f3n b\u00e1sica y aplicada en la UAB. Homenaje a Ram\u00f3n Vald\u00e9s, Gonz\u00e1lez Echevarr\u00eda, A.  &amp;  Molina, J.L. (Coord.) Publicacions d\u2019Antropologia Cultural, Universitat Aut\u00f2noma de Barcelona.<\/p>\n<p>&#8211; MUELA, J., Hausmann Muela, S.; Mushi, A.K. &amp; Tanner, M., 2002. Medical syncretism with reference to malaria in a Tanzanian community. Social Science and Medicine, 55:403-413.<\/p>\n<p>&#8211; MUELA, J., Hausmann Muela, S. &amp;amp., 2000. Illness naming and home treatment practices for malaria &#8211; an example from Tanzania. In: Geissler, W. &amp; Meinert, L. (eds.) Proceedings of a workshop on &#8220;People and Medicines in East Africa&#8221; held in November 1998 in Mbale, Uganda. Copenhagen: Danish Bilharziasis Laboratory (DBL).<\/p>\n<p>&#8211; MUELA, J., Mushi, A.K. &amp; Muela Ribera, J., 2000. Cost and affordability of traditional and government health services in Tanzania: policy implications of a paradox. Health Policy and Planning, 15 (3), 296-302.<\/p>\n<p>&#8211; MUELA, J., Hausmann Muela, S., Muela Ribera, J. &amp; Tanner, M., 1998. Fake malaria and hidden parasites &#8211; the ambiguity of malaria. Anthropology &amp; Medicine, 5 (1), 45-61.<\/p>\n<p>&#8211; MUELA, J., 1994. Healing people, healing the planet: New Age in Catalonia. London: Brunel University, MSc Thesis.<\/p>\n","protected":false},"excerpt":{"rendered":"<p>&#8211; Hausmann-Muela S, Peeters Grietens K, Muela Ribera J (2012) Cultural logics: a key issue in a Kaizen approach for malaria elimination. Malaria Journal 11 (Suppl 1):P44 http:\/\/www.malariajournal.com\/content\/11\/S1\/P44. &#8211; MUELA, J., Hausmann-Muela, S., &amp; Peeters Grietens, K., 2011. La construcci\u00f3n cultural de los efectos adversos de la medicaci\u00f3n antipal\u00fadica en Iquitos, Per\u00fa. En Mart\u00ednez, A, [&hellip;]<\/p>\n","protected":false},"author":2545,"featured_media":0,"parent":22,"menu_order":4,"comment_status":"open","ping_status":"closed","template":"","meta":{"footnotes":""},"class_list":["post-46","page","type-page","status-publish","hentry"],"_links":{"self":[{"href":"https:\/\/webs.uab.cat\/ahcisp\/wp-json\/wp\/v2\/pages\/46","targetHints":{"allow":["GET"]}}],"collection":[{"href":"https:\/\/webs.uab.cat\/ahcisp\/wp-json\/wp\/v2\/pages"}],"about":[{"href":"https:\/\/webs.uab.cat\/ahcisp\/wp-json\/wp\/v2\/types\/page"}],"author":[{"embeddable":true,"href":"https:\/\/webs.uab.cat\/ahcisp\/wp-json\/wp\/v2\/users\/2545"}],"replies":[{"embeddable":true,"href":"https:\/\/webs.uab.cat\/ahcisp\/wp-json\/wp\/v2\/comments?post=46"}],"version-history":[{"count":0,"href":"https:\/\/webs.uab.cat\/ahcisp\/wp-json\/wp\/v2\/pages\/46\/revisions"}],"up":[{"embeddable":true,"href":"https:\/\/webs.uab.cat\/ahcisp\/wp-json\/wp\/v2\/pages\/22"}],"wp:attachment":[{"href":"https:\/\/webs.uab.cat\/ahcisp\/wp-json\/wp\/v2\/media?parent=46"}],"curies":[{"name":"wp","href":"https:\/\/api.w.org\/{rel}","templated":true}]}}