{"id":891,"date":"2013-12-12T10:37:36","date_gmt":"2013-12-12T09:37:36","guid":{"rendered":"http:\/\/blogs.uab.cat\/ahcisp\/?page_id=891"},"modified":"2026-04-07T10:04:27","modified_gmt":"2026-04-07T08:04:27","slug":"grup","status":"publish","type":"page","link":"https:\/\/webs.uab.cat\/ahcisp\/","title":{"rendered":"EL GRUP"},"content":{"rendered":"<div class=\"wp-block-image\">\n<figure class=\"alignleft size-large is-resized\"><img loading=\"lazy\" decoding=\"async\" width=\"1024\" height=\"683\" src=\"https:\/\/webs.uab.cat\/ahcisp\/wp-content\/uploads\/sites\/320\/2024\/05\/22_0025-AHCISP-1024x683.jpg\" alt=\"\" class=\"wp-image-3860\" style=\"width:250px\" srcset=\"https:\/\/webs.uab.cat\/ahcisp\/wp-content\/uploads\/sites\/320\/2024\/05\/22_0025-AHCISP-1024x683.jpg 1024w, https:\/\/webs.uab.cat\/ahcisp\/wp-content\/uploads\/sites\/320\/2024\/05\/22_0025-AHCISP-300x200.jpg 300w, https:\/\/webs.uab.cat\/ahcisp\/wp-content\/uploads\/sites\/320\/2024\/05\/22_0025-AHCISP-768x512.jpg 768w, https:\/\/webs.uab.cat\/ahcisp\/wp-content\/uploads\/sites\/320\/2024\/05\/22_0025-AHCISP-1536x1024.jpg 1536w, https:\/\/webs.uab.cat\/ahcisp\/wp-content\/uploads\/sites\/320\/2024\/05\/22_0025-AHCISP-1200x800.jpg 1200w, https:\/\/webs.uab.cat\/ahcisp\/wp-content\/uploads\/sites\/320\/2024\/05\/22_0025-AHCISP.jpg 1800w\" sizes=\"auto, (max-width: 1024px) 100vw, 1024px\" \/><\/figure>\n<\/div>\n\n\n<p>El grup <strong>Antropologia i Hist\u00f2ria de la Construcci\u00f3 d\u2019Identitats Socials i Pol\u00edtiques (AHCISP)<\/strong> \u00e9s un grup de recerca fundat per <a href=\"https:\/\/webs.uab.cat\/ahcisp\/verena-stolcke\/\">Verena Stolcke<\/a> el 2003 i reconegut per l\u2019 <a href=\"https:\/\/agaur.gencat.cat\/en\/inici\/index.html\">Ag\u00e8ncia Catalana d\u2019Universitats i Recerca (AGAUR)<\/a> des de 2005.<\/p>\n\n\n\n<p>El grup AHCISP es centra en l\u2019an\u00e0lisi de la relaci\u00f3 natura-cultura en les seves manifestacions socials, amb una perspectiva hist\u00f2rica i etnogr\u00e0fica i un enfocament comparatiu i interdisciplinari.<\/p>\n\n\n\n<p>Actualment, com a grup consolidat, reconegut i finan\u00e7at per l\u2019AGAUR (SGR21 -00193), s\u2019estructura en <a href=\"https:\/\/webs.uab.cat\/ahcisp\/linies-de-recerca\/\">4 l\u00ednies de recerca<\/a>:<\/p>\n\n\n\n<ol class=\"wp-block-list has-small-font-size\">\n<li><a href=\"https:\/\/webs.uab.cat\/ahcisp\/linies-de-recerca\/\">Exclusions per Raons de G\u00e8nere, <em>Racialitzaci\u00f3<\/em>, Pertinences \u00c8tniques amb Perspectiva Interseccional<\/a>, moviments socials i an\u00e0lisi de conflictes;<\/li>\n\n\n\n<li><a href=\"https:\/\/webs.uab.cat\/ahcisp\/linies-de-recerca\/#L2-Dimensions-rituals\">Dimensions Rituals<\/a> de les societats humanes<strong>;<\/strong><\/li>\n\n\n\n<li><a href=\"https:\/\/webs.uab.cat\/ahcisp\/linies-de-recerca\/#L3-Mobilitats-humanes\">Mobilitats Humanes, Tradicionals i Contempor\u00e0nies<\/a>, entre les quals el turisme;<\/li>\n\n\n\n<li><a href=\"https:\/\/webs.uab.cat\/ahcisp\/linies-de-recerca\/#L4-Dimensions-Culturals\">Dimensions Culturals de les Relacions Mediambientals<\/a>, on s\u2019insereixen diferents projectes i el <strong>Grup Interdisciplinar de Recerca Hist\u00f2ria, Ambiental i Cultural (GIRHAC)<\/strong>.<\/li>\n<\/ol>\n\n\n\n<p>Totes aquestes l\u00ednies de recerca estan travessades per la perspectiva de g\u00e8nere, un enfocament en estudis colonials i post colonials. Les diferents l\u00ednies tamb\u00e9 incorporen el <a href=\"https:\/\/webs.uab.cat\/ahcisp\/linies-de-recerca\/#T2-Patrimoni\">debat sobre patrimoni<\/a>.<\/p>\n\n\n\n<p>El grup est\u00e0 coordinat per <a href=\"https:\/\/webs.uab.cat\/ahcisp\/montserrat-clua-i-faie\/\">Montserrat Clua i Fain\u00e9<\/a> i t\u00e9 <a href=\"https:\/\/webs.uab.cat\/ahcisp\/linies-de-recerca\/#especialitzacions-regionals\">especialistes en comunitats aut\u00f2ctones d\u2019Am\u00e8rica, \u00c0frica, \u00c0sia i Europa<\/a>.<\/p>\n\n\n\n<div class=\"wp-block-columns is-layout-flex wp-container-core-columns-is-layout-9d6595d7 wp-block-columns-is-layout-flex\">\n<div class=\"wp-block-column is-layout-flow wp-block-column-is-layout-flow\">\n<div class=\"wp-block-buttons is-content-justification-space-between is-layout-flex wp-container-core-buttons-is-layout-3d213aab wp-block-buttons-is-layout-flex\">\n<div class=\"wp-block-button\"><a class=\"wp-block-button__link wp-element-button\" href=\"https:\/\/webs.uab.cat\/ahcisp\/equip\/\">Llista de Membres &gt;<\/a><\/div>\n<\/div>\n<\/div>\n<\/div>\n\n\n\n<div style=\"height:30px\" aria-hidden=\"true\" class=\"wp-block-spacer\"><\/div>\n\n\n<div class=\"wp-block-image\">\n<figure class=\"alignleft size-large is-resized\"><img loading=\"lazy\" decoding=\"async\" width=\"1024\" height=\"682\" src=\"https:\/\/webs.uab.cat\/ahcisp\/wp-content\/uploads\/sites\/320\/2024\/05\/23_0026-AHCISP-1024x682.jpg\" alt=\"\" class=\"wp-image-3863\" style=\"width:250px\" srcset=\"https:\/\/webs.uab.cat\/ahcisp\/wp-content\/uploads\/sites\/320\/2024\/05\/23_0026-AHCISP-1024x682.jpg 1024w, https:\/\/webs.uab.cat\/ahcisp\/wp-content\/uploads\/sites\/320\/2024\/05\/23_0026-AHCISP-300x200.jpg 300w, https:\/\/webs.uab.cat\/ahcisp\/wp-content\/uploads\/sites\/320\/2024\/05\/23_0026-AHCISP-768x512.jpg 768w, https:\/\/webs.uab.cat\/ahcisp\/wp-content\/uploads\/sites\/320\/2024\/05\/23_0026-AHCISP-1536x1024.jpg 1536w, https:\/\/webs.uab.cat\/ahcisp\/wp-content\/uploads\/sites\/320\/2024\/05\/23_0026-AHCISP-1200x800.jpg 1200w, https:\/\/webs.uab.cat\/ahcisp\/wp-content\/uploads\/sites\/320\/2024\/05\/23_0026-AHCISP.jpg 1799w\" sizes=\"auto, (max-width: 1024px) 100vw, 1024px\" \/><\/figure>\n<\/div>\n\n\n<h2 class=\"wp-block-heading\" id=\"historia\"><strong>Hist\u00f2ria del Grup<\/strong><\/h2>\n\n\n\n<p>El grup de recerca Antropologia i Hist\u00f2ria de la Construcci\u00f3 d\u2019Identitats Socials i Pol\u00edtiques (AHCISP) adscrit al <a href=\"https:\/\/www.uab.cat\/ca\/antropologia\" target=\"_blank\" rel=\"noreferrer noopener\">Departament d\u2019Antropologia Social i Cultural de la UAB <\/a>t\u00e9 per missi\u00f3 l\u2019an\u00e0lisi antropol\u00f2gica dels sistemes de classificaci\u00f3 social en les seves m\u00faltiples categories a trav\u00e9s del temps i l\u2019espai, des de l\u2019antropologia hist\u00f2rica i l\u2019etnografia, amb una mirada comparativa i una perspectiva cr\u00edtica de la dicotomia natura\/cultura.<\/p>\n\n\n\n<p>El fund\u00e0 la professora <a href=\"https:\/\/webs.uab.cat\/ahcisp\/verena-stolcke\/\" data-type=\"page\" data-id=\"2722\">Verena Stolcke<\/a>, catedr\u00e0tica em\u00e8rita, i fou reconegut per la UAB l\u2019any 2003. El 2005 obtingu\u00e9 el reconeixement en concurs competitiu per l\u2019Ag\u00e8ncia Catalana d\u2019Universitats i Recerca (<a href=\"https:\/\/agaur.gencat.cat\/en\/inici\/index.html\" target=\"_blank\" rel=\"noreferrer noopener\">AGAUR<\/a>), aix\u00ed com en les convocat\u00f2ries successives: SGR2005-0217, SGR2009-0658, 2014 SGR 891, 2017 SGR 1052, SGR21 -00193.<\/p>\n\n\n\n<p>Durant aquest per\u00edode ha analitzat categories com les de g\u00e8nere, ra\u00e7a, \u00e8tnia, ind\u00edgena, mestissatge, identitats ambivalents, humanitat, comuns, pau i frontera cultural. Des dels inicis s\u2019ha centrat en observar com les categories socials hist\u00f2ricament considerades innates i, doncs, universals, no nom\u00e9s no s\u00f3n \u00f2bvies sin\u00f3 que no s\u00f3n extensives a totes les societats. A partir d\u2019investigacions comparatives i transnacionals, gr\u00e0cies a comptar amb experts en diferents llocs del m\u00f3n, hem interpel\u00b7lat les transgressions de fronteres, categories i jerarquies pol\u00edtico-culturals identit\u00e0ries.<\/p>\n\n\n\n<p>Les nostres recerques han posat aix\u00ed en q\u00fcesti\u00f3 la dr\u00e0stica divisi\u00f3 occidental entre natura i cultura. No totes les societats estableixen les mateixes fronteres en les seves categories ni totes resolen de la mateixa manera els intersticis entre categories, els espais intermedis o les mediacions i les coses fora de lloc.<\/p>\n\n\n\n<p>AHCISP ha portat a terme, entre d\u2019altres, els seg\u00fcents projectes de recerca: <\/p>\n\n\n\n<ul class=\"wp-block-list\">\n<li>\u201cMestissatges: An\u00e0lisi comparativa a Europa, \u00c0frica i Am\u00e8rica\u201d<\/li>\n\n\n\n<li>\u201c<a href=\"https:\/\/webs.uab.cat\/ahcisp\/projectes\/#Identitats-ambivalents\">Identitats ambivalents: estudi comparatiu de sistemes de classificaci\u00f3 social<\/a>\u201d (Ministerio de Ciencia e Innovaci\u00f3n, HAR2008-04582\/HIST)<\/li>\n\n\n\n<li>\u201c<a href=\"https:\/\/webs.uab.cat\/ahcisp\/projectes\/#Estudi-antropol%C3%B2gic-comparatiu\">Estudi antropol\u00f2gic comparatiu de les nocions d\u2019humanitat<\/a>\u201d (HumAnt, MINECO; HAR2013-40445-P)<\/li>\n\n\n\n<li>\u201c<a href=\"https:\/\/webs.uab.cat\/ahcisp\/projectes\/#Patrimonialitzaci%C3%B3-Socio-Ecol%C3%B2gica\">Patrimonialitzaci\u00f3 s\u00f2cio-ecol\u00f2gica dels ICCAS a Espanya i Marroc<\/a>\u201d (HERICCAS; Explora Ciencia 2013-2016; CSO2015-72607-EXP)<\/li>\n\n\n\n<li>\u201c<a href=\"https:\/\/webs.uab.cat\/ahcisp\/projectes\/#Pobles-Ind%C3%ADgenes,-pau,-g%C3%A8nere-i-conflicte\">Pobles Ind\u00edgenes, pau, g\u00e8nere i conflicte: el cas de Guatemala<\/a>\u201d (RICIP-00025-2017, AGAUR)<\/li>\n\n\n\n<li>&nbsp;\u201c<a href=\"https:\/\/webs.uab.cat\/ahcisp\/projectes\/#Comissions-de-la-Veritat-i-enfocament-diferencial-ind%C3%ADgena\">Comissions de la Veritat i enfocament diferencial ind\u00edgena a l\u2019Am\u00e8rica Llatina: el cas&nbsp; Arhuac en perspectiva<\/a>\u201d (RICIP-007-2020, AGAUR)<\/li>\n\n\n\n<li>\u201c<a href=\"https:\/\/webs.uab.cat\/ahcisp\/projectes\/#Fronteres-culturals-en-un-m%C3%B3n-global\">Fronteres culturals en un m\u00f3n global: antropologia comparada dels l\u00edmits culturals i les seves conseq\u00fc\u00e8ncies s\u00f2cio-pol\u00edtiques<\/a>\u201d (FROCGLOB; MINECO; HAR2017-86776-P).<\/li>\n<\/ul>\n","protected":false},"excerpt":{"rendered":"<p>El grup Antropologia i Hist\u00f2ria de la Construcci\u00f3 d\u2019Identitats Socials i Pol\u00edtiques (AHCISP) \u00e9s un grup de recerca fundat per Verena Stolcke el 2003 i reconegut per l\u2019 Ag\u00e8ncia Catalana d\u2019Universitats i Recerca (AGAUR) des de 2005. El grup AHCISP es centra en l\u2019an\u00e0lisi de la relaci\u00f3 natura-cultura en les seves manifestacions socials, amb una [&hellip;]<\/p>\n","protected":false},"author":2545,"featured_media":3863,"parent":0,"menu_order":0,"comment_status":"closed","ping_status":"closed","template":"","meta":{"footnotes":""},"class_list":["post-891","page","type-page","status-publish","has-post-thumbnail","hentry"],"_links":{"self":[{"href":"https:\/\/webs.uab.cat\/ahcisp\/wp-json\/wp\/v2\/pages\/891","targetHints":{"allow":["GET"]}}],"collection":[{"href":"https:\/\/webs.uab.cat\/ahcisp\/wp-json\/wp\/v2\/pages"}],"about":[{"href":"https:\/\/webs.uab.cat\/ahcisp\/wp-json\/wp\/v2\/types\/page"}],"author":[{"embeddable":true,"href":"https:\/\/webs.uab.cat\/ahcisp\/wp-json\/wp\/v2\/users\/2545"}],"replies":[{"embeddable":true,"href":"https:\/\/webs.uab.cat\/ahcisp\/wp-json\/wp\/v2\/comments?post=891"}],"version-history":[{"count":16,"href":"https:\/\/webs.uab.cat\/ahcisp\/wp-json\/wp\/v2\/pages\/891\/revisions"}],"predecessor-version":[{"id":6325,"href":"https:\/\/webs.uab.cat\/ahcisp\/wp-json\/wp\/v2\/pages\/891\/revisions\/6325"}],"wp:featuredmedia":[{"embeddable":true,"href":"https:\/\/webs.uab.cat\/ahcisp\/wp-json\/wp\/v2\/media\/3863"}],"wp:attachment":[{"href":"https:\/\/webs.uab.cat\/ahcisp\/wp-json\/wp\/v2\/media?parent=891"}],"curies":[{"name":"wp","href":"https:\/\/api.w.org\/{rel}","templated":true}]}}