{"id":901,"date":"2013-12-12T10:56:01","date_gmt":"2013-12-12T09:56:01","guid":{"rendered":"http:\/\/blogs.uab.cat\/ahcisp\/?page_id=901"},"modified":"2025-03-04T21:21:10","modified_gmt":"2025-03-04T19:21:10","slug":"formacio","status":"publish","type":"page","link":"https:\/\/webs.uab.cat\/ahcisp\/formacio\/","title":{"rendered":"FORMACI\u00d3"},"content":{"rendered":"\n<div class=\"wp-block-columns is-layout-flex wp-container-core-columns-is-layout-9d6595d7 wp-block-columns-is-layout-flex\">\n<div class=\"wp-block-column is-layout-flow wp-block-column-is-layout-flow\" style=\"flex-basis:80%\">\n<h2 class=\"wp-block-heading has-text-align-center has-large-font-size\" id=\"master-oficial\"><strong>M\u00c0STER OFICIAL<\/strong><\/h2>\n\n\n\n<p>Des del curs 2007-08 AHCISP ha impartit el seminari <em>Sistemes de classificaci\u00f3 social<\/em>, actualment <em>G\u00e8nere i<\/em> <em>Sistemes de classificaci\u00f3<\/em> en el marc del <strong>M\u00e0ster Oficial d\u2019Antropologia: investigacions aven\u00e7ades i intervenci\u00f3 social<\/strong> del <a href=\"https:\/\/www.uab.cat\/ca\/antropologia\">Departament d\u2019Antropologia Social i Cultural de la UAB<\/a>, i des del curs 2017-18 el seminari <em>Pobles, territoris i medis<\/em> en qu\u00e8 hi participen alguns els seus membres. <\/p>\n\n\n\n<p>Tamb\u00e9 imparteix o participa en els cursos, tots vinculats a les l\u00ednies de recerca del grup:<\/p>\n\n\n\n<ul class=\"wp-block-list\">\n<li><em>Identidad, persona y grupo en \u00c1frica, Am\u00e9rica, Australia y la India<\/em>; <\/li>\n\n\n\n<li><em>(In)movilidades, turismos y enfoques etnogr\u00e1ficos; <\/em><em>Identidades, nacionalidad y derechos de ciudadan\u00eda; <\/em><\/li>\n\n\n\n<li><em>Migraciones marroqu\u00edes en Europa: entre dos orillas<\/em>.<\/li>\n<\/ul>\n\n\n\n<div class=\"wp-block-buttons is-content-justification-left is-layout-flex wp-container-core-buttons-is-layout-fdcfc74e wp-block-buttons-is-layout-flex\">\n<div class=\"wp-block-button\"><a class=\"wp-block-button__link wp-element-button\" href=\"https:\/\/www.uab.cat\/web\/estudiar\/l-oferta-de-masters-oficials\/informacio-general-1096480139517.html?param1=1345648439250\" target=\"_blank\" rel=\"noreferrer noopener\">INFO del M\u00c0STER OFICIAL &gt;<\/a><\/div>\n<\/div>\n\n\n\n<div style=\"height:60px\" aria-hidden=\"true\" class=\"wp-block-spacer\"><\/div>\n\n\n\n<hr class=\"wp-block-separator has-alpha-channel-opacity\" \/>\n\n\n\n<div style=\"height:60px\" aria-hidden=\"true\" class=\"wp-block-spacer\"><\/div>\n\n\n\n<h2 class=\"wp-block-heading has-text-align-center has-large-font-size\" id=\"tesis-finalitzades\">TESIS DOCTORALS<\/h2>\n\n\n\n<p>Tesis defensades i tesis en curs, en el marc del grup de recerca.<\/p>\n\n\n\n<div style=\"height:60px\" aria-hidden=\"true\" class=\"wp-block-spacer\"><\/div>\n\n\n\n<h2 class=\"wp-block-heading has-normal-font-size\">TESIS DEFENSADES<\/h2>\n\n\n\n<p><strong>Verena Stolcke<\/strong><\/p>\n\n\n\n<ul class=\"wp-block-list\">\n<li><strong><a href=\"https:\/\/webs.uab.cat\/ahcisp\/maite-ojeda-mata\/\">Maite Ojeda<\/a><\/strong>: \u201c\u00bfIdentidades ambivalentes? Sefard\u00edes en la Espa\u00f1a contempor\u00e0nia, entre nacionalismo, antisemitisme y filosefardismo\u201d. UAB, 28\/04\/2009 (Dir: Verena Stolcke)<\/li>\n\n\n\n<li><strong><a href=\"https:\/\/webs.uab.cat\/ahcisp\/joan-muela\/\">Joan Muela<\/a><\/strong>: \u201cMalaria en Lipangalala: pluralismo medico y procesos asistenciales para mal\u00e0ria infantil en una Comunidad africana\u201d, UAB, 2007 (Dir: Verena Stolcke)<\/li>\n\n\n\n<li><strong><a href=\"https:\/\/webs.uab.cat\/ahcisp\/monica-martinez-mauri\/\">M\u00f2nica Mart\u00ednez Mauri<\/a><\/strong>:  &#8220;De Tule Nega a Kuna Yala. Mediaci\u00f3n, territorio y ecolog\u00eda en Panam\u00e1, 1903-2004&#8221;.&nbsp;Doctorat en antropologia social. Cotutel\u00b7la: Universitat Aut\u00f2noma de Barcelona (UAB) \/ Ecole des Hautes Etudes en Sciences Sociales (EHESS). Menci\u00f3 europea.&nbsp;UAB, 8\/10\/2007.&nbsp; (Directors: Verena Stolcke (UAB) i Juan Carlos Garavaglia (EHESS)).<\/li>\n<\/ul>\n\n\n\n<p><strong><strong>Pablo Dom\u00ednguez<\/strong><\/strong><\/p>\n\n\n\n<ul class=\"wp-block-list\">\n<li><strong><a href=\"https:\/\/webs.uab.cat\/ahcisp\/pau-sanosa-cols\/\">Pau Sanosa<\/a><\/strong>: \u201cGiros colectivos. Pastoralismo y gobernanza socioambiental en Santiago-Pontones\u201d, UAB, 08\/11\/2024 (Dir: Pablo Dom\u00ednguez, Federica Ravera, Montserrat Ventura; Tutora: M. Ventura)<\/li>\n\n\n\n<li><strong><a href=\"https:\/\/webs.uab.cat\/ahcisp\/francisco-godoy-sepulveda\/\">Francisco Godoy<\/a><\/strong>: \u201cComunales pastoriles, configuraci\u00f3n del paisaje y patrimonializaci\u00f3n biocultural en Castril, Santiago y Pontones\u201d, UAB, 27\/02\/2025 (Dir: Pablo Dom\u00ednguez; Tutora: M. Ventura)<\/li>\n<\/ul>\n\n\n\n<p><strong>Josep Llu\u00eds Mateo<\/strong><\/p>\n\n\n\n<ul class=\"wp-block-list\">\n<li><strong><a href=\"https:\/\/webs.uab.cat\/ahcisp\/membres\/ahcisp\/vanessa-gaibar-constanso\/\">Vanessa Gaibar Constans\u00f3<\/a><\/strong>: \u201c<a href=\"https:\/\/ddd.uab.cat\/record\/187352?ln=ca\">Cruzando fronteras. Parejas palestino-jud\u00edas en el barrio del Carmel (Haifa-Israel)<\/a>\u201c. Data de lectura: 17\/09\/2017 (Dir: Josep Lluis Mateo)<\/li>\n\n\n\n<li><strong>Tal\u00eda Valdez Mu\u00f1oz<\/strong>: \u201c<a href=\"https:\/\/ddd.uab.cat\/record\/202156?ln=ca\">Construcciones y reconstrucciones en la sexualidad de los Mayos y Yaquis (1535-1767)<\/a>\u201d. Data de lectura: 28\/09\/2018 (Dirs: Josep Lluis Mateo, &nbsp;Alex Coello)<\/li>\n<\/ul>\n\n\n\n<p><strong>Montserrat Ventura<\/strong><\/p>\n\n\n\n<ul class=\"wp-block-list\">\n<li><strong><a href=\"https:\/\/webs.uab.cat\/ahcisp\/pablo-dominguez\/\">Pablo Dom\u00ednguez Gregorio<\/a><\/strong>: \u201cHacia la eco-antropolog\u00eda. Un enfoque multidisciplinar del agdal pastoral del Yagour (alto Atlas de Marrakech), Cotutela internacional UAB \/ EHESS, Paris, 01\/10\/2010. (Dir: M. Ventura \/ A-M. Brisebarre)<\/li>\n\n\n\n<li><strong><a href=\"https:\/\/webs.uab.cat\/ahcisp\/membres\/salvador-queralt\/\">Salvador Queralt Red\u00f3n<\/a><\/strong>: \u201cEl simbolismo de la vida, la enfermedad y la muerte en la cultura safard\u00ed otomana (principios del siglo XX)\u201d, UAB, 04\/11\/2011. (Dir: M. Ventura)<\/li>\n\n\n\n<li><strong>N\u00faria Empez:<\/strong> \u201c\u2019<a href=\"https:\/\/ddd.uab.cat\/record\/131528?ln=ca\">Solo valiente\u2019. Los menores que migran solos de Marruecos a Catalunya<\/a>\u201d, UAB, 9\/02\/2015. (Dir: M. Ventura, M. Delgado)<\/li>\n\n\n\n<li><strong>Jordi Castellv\u00ed i Girbau: <\/strong>\u201c\u201d<a href=\"https:\/\/ddd.uab.cat\/record\/148741?ln=ca\">La Unitat dels catalans\u201d Un estudi sobre la g\u00e8nesi del significat. El cas de les Foguerades Patri\u00f2tiques de Sant Joan (1906-1907)<\/a>\u201d, UAB, 28\/10\/2015. (Dir: M.Ventura)<\/li>\n\n\n\n<li><strong>Eugenia Carlos R\u00edos<\/strong>: \u201c<a href=\"https:\/\/ddd.uab.cat\/record\/148707?ln=ca\">La circulaci\u00f3n entre mundos en la tradici\u00f3n oral y ritual y las categor\u00edas del pensamiento quechua en Hanansaya Ccullana Ch\u2019isikata<\/a> (Cusco, Per\u00fa), UAB, 23\/11\/2015. (Dir: M.Ventura)<\/li>\n\n\n\n<li><strong><a href=\"https:\/\/webs.uab.cat\/ahcisp\/alice-van-den-bogaert\/\">Alice Van den Bogaert<\/a><\/strong>: \u201c<a href=\"https:\/\/ddd.uab.cat\/record\/166099?ln=ca\">Societat i cosmolog\u00eda a l\u2019Himalaia indi: persona, impuresa i sistema de castes avui<\/a>\u201d, UAB, 01\/02\/2016. (Dir: M.Ventura)<\/li>\n\n\n\n<li><strong><a href=\"https:\/\/webs.uab.cat\/ahcisp\/domenico-branca\/\">Domenico Branca<\/a>: <\/strong>\u201c<a href=\"https:\/\/ddd.uab.cat\/record\/189611?ln=ca\">La naci\u00f3n Aymara existe\u201d. Narraci\u00f3n, vivencia e identidad en el Departamento de Puno, Per\u00fa<\/a>\u201d, UAB, 02\/12\/2016. (Dirs: M. Ventura, M. Clua)<\/li>\n\n\n\n<li><strong><a href=\"https:\/\/webs.uab.cat\/ahcisp\/esther-oliver-grasiot\/\">Esther Oliver Grasiot<\/a>:<\/strong> \u201c<a>Mediaciones en los Casos Penales de Genocidio<\/a>: <a>Una Etnograf\u00eda en la Regi\u00f3n Ixil en Postconflicto<\/a>\u201d, UAB, 06\/10\/2023. (Dir: Montserrat Ventura i Oller \/ M\u00f2nica Mart\u00ednez Mauri)<\/li>\n\n\n\n<li><strong><a href=\"https:\/\/webs.uab.cat\/ahcisp\/laura-fontana-sierra\/\" data-type=\"page\" data-id=\"4530\">Laura Fontana Sierra<\/a>:<\/strong> \u201cSuperando la noci\u00f3n de Comunidad. Una etnografia de los lazos sociales entre la poblaci\u00f3n mapuche del sur de Chile<em>\u201d<\/em>, UAB, 25\/10\/2023. Beca FPI PRE2018-084430. (Dir: Montserrat Ventura i Oller \/ M\u00f2nica Mart\u00ednez Mauri).<\/li>\n\n\n\n<li><strong><a href=\"https:\/\/webs.uab.cat\/ahcisp\/pau-sanosa-cols\/\">Pau Sanosa<\/a><\/strong>: \u201cGiros colectivos. Pastoralismo y gobernanza socioambiental en Santiago-Pontones\u201d, UAB, 08\/11\/2024 (Dir: Pablo Dom\u00ednguez, Federica Ravera, Montserrat Ventura; Tutora: M. Ventura)<\/li>\n\n\n\n<li><strong><a href=\"https:\/\/webs.uab.cat\/ahcisp\/francisco-godoy-sepulveda\/\">Francisco Godoy<\/a><\/strong>: \u201cComunales pastoriles, configuraci\u00f3n del paisaje y patrimonializaci\u00f3n biocultural en Castril, Santiago y Pontones\u201d, UAB, 27\/02\/2025 (Dir: Pablo Dom\u00ednguez; Tutora: M. Ventura)<\/li>\n<\/ul>\n\n\n\n<p><strong>M\u00f2nica Mart\u00ednez Mauri<\/strong><\/p>\n\n\n\n<ul class=\"wp-block-list\">\n<li><strong><a href=\"https:\/\/webs.uab.cat\/ahcisp\/membres\/maite-marin\/\">Maite Marin<\/a>:<\/strong> \u201c<a href=\"https:\/\/ddd.uab.cat\/record\/291792?ln=ca\">Impactos de los proyectos de desarrollo en las trayectorias de vida de las mujeres ind\u00edgenas de la regi\u00f3n de la Sierra Central de los Andes Ecuatorianos<\/a>\u201d, UAB, 14\/06\/2013. (T: M. Ventura; Dir: M\u00f2nica Mart\u00ednez Mauri \/ V\u00edctor Bret\u00f3n)<\/li>\n\n\n\n<li><strong><a href=\"https:\/\/webs.uab.cat\/ahcisp\/claudio-milano\/\">Claudio Milano<\/a><\/strong>: \u201c \u201c<a href=\"https:\/\/ddd.uab.cat\/record\/133371?ln=ca\">Eran bichos de siete cabezas\u201d. Una isla del Delta de Parna\u00edba en la mira de la promoci\u00f3n tur\u00edstica transnacional<\/a>\u201d, UAB, 25\/06\/2015. (Tutora M.Ventura; Dir: M\u00f2nica Mart\u00ednez Mauri)<\/li>\n\n\n\n<li><strong><a href=\"https:\/\/webs.uab.cat\/ahcisp\/esther-oliver-grasiot\/\">Esther Oliver Grasiot<\/a>:<\/strong> \u201c<a>Mediaciones en los Casos Penales de Genocidio<\/a>: <a>Una Etnograf\u00eda en la Regi\u00f3n Ixil en Postconflicto<\/a>\u201d, UAB, 06\/10\/2023. (Dir: Montserrat Ventura i Oller \/ M\u00f2nica Mart\u00ednez Mauri)<\/li>\n\n\n\n<li><strong><a href=\"https:\/\/webs.uab.cat\/ahcisp\/laura-fontana-sierra\/\" data-type=\"page\" data-id=\"4530\">Laura Fontana Sierra<\/a>:<\/strong> \u201cSuperando la noci\u00f3n de Comunidad. Una etnografia de los lazos sociales entre la poblaci\u00f3n mapuche del sur de Chile<em>\u201d<\/em>, UAB, 25\/10\/2023. Beca FPI PRE2018-084430. (Dir: Montserrat Ventura i Oller \/ M\u00f2nica Mart\u00ednez Mauri).<\/li>\n<\/ul>\n\n\n\n<p><strong>Montserrat Clua<\/strong><\/p>\n\n\n\n<ul class=\"wp-block-list\">\n<li><strong>Al\u00e8xia Ru\u00e9: <\/strong>\u201c<em><a href=\"https:\/\/ddd.uab.cat\/record\/287340?ln=ca\">Playing the state. The governance of migration from the Spanish asylum reception system<\/a>\u201d<\/em>, UAB, Defensada el 23\/03\/2023. (Dirs: Montserrat Clua \/ Olga Jubany)<\/li>\n\n\n\n<li><strong>Adriana Hilda Arista Zerga<\/strong>: \u201c<a href=\"https:\/\/ddd.uab.cat\/record\/114335?ln=ca\"><em>La Barceloneta: los m\u00faltiples rostros del patrimonio cultural<\/em>. Universitat Aut\u00f2noma de Barcelona<\/a>&#8220;. Doctorat en Antropologia Social i Cultural. Facultat de Filosofia i Lletres. Universitat Aut\u00f2noma de Barcelona. (Dir: Dra. Montserrat Clua i Fain\u00e9). Defensada el 30\/11\/2012<\/li>\n\n\n\n<li><strong>Clara Rubio Ros<\/strong>: \u201c<em>L&#8217;emigraci\u00f3 dels joves catalans a Londres. Precarietat juvenil, mobilitat exterior i moviments socials<\/em>&#8220;. Doctorat de la Universitat de Lleida. Directors: Dr. Carles Feixa P\u00e0mpols, UdL &#8211; Dra. Montserrat Clua i Fain\u00e9, UAB. Menci\u00f3 Internacional. Defensada el 04\/09\/2017<\/li>\n\n\n\n<li><strong>Elena S\u00e1nchez D\u00edaz<\/strong>: \u201c<a href=\"https:\/\/ddd.uab.cat\/record\/265901?ln=ca\">Cuando llega el turismo: an\u00e1lisis antropol\u00f3gico de las transformaciones derivadas del turismo en la parroquia de Bol\u00edvar, Esmeraldas (Ecuador)<\/a>. Defensada el 10\/12\/2021, Premi extraordinari de Tesi<\/li>\n\n\n\n<li><strong>Inti Fuica Fernando Rebolledo<\/strong>: \u201c<a href=\"https:\/\/ddd.uab.cat\/record\/264800?ln=ca\">El Estado como estructura performativa: gubernamentalidad en el programa Familias, Chile<\/a>&#8220;. Defensada el 28\/01\/2021, Codirecci\u00f3 de Dra. Noelia Carrasco (Universidad de Concepci\u00f3n, Chile).<\/li>\n\n\n\n<li><strong>Jordi Barbet Toribio<\/strong>: \u201c<a href=\"https:\/\/ddd.uab.cat\/record\/268159?ln=ca\">Els models d&#8217;acompanyament musical per a grups de foc: del conflicte per la tradici\u00f3 al sistema de models<\/a>&#8220;, Defensada el 17\/02\/2022, Qualificaci\u00f3: Excel\u00b7lent\u2013 CUM LAUDE. Codirecci\u00f3 de Dr. Francesc Cort\u00e9s (UAB)<\/li>\n\n\n\n<li><strong><a href=\"https:\/\/webs.uab.cat\/ahcisp\/domenico-branca\/\">Domenico Branca<\/a>: <\/strong>\u201c<a href=\"https:\/\/ddd.uab.cat\/record\/189611?ln=ca\">La naci\u00f3n Aymara existe\u201d. Narraci\u00f3n, vivencia e identidad en el Departamento de Puno, Per\u00fa<\/a>\u201d, UAB, 02\/12\/2016. (Dirs: M. Ventura, M. Clua)<\/li>\n<\/ul>\n\n\n\n<p><strong>Virginia Fons<\/strong><\/p>\n\n\n\n<ul class=\"wp-block-list\">\n<li><strong><a href=\"https:\/\/webs.uab.cat\/ahcisp\/victoria-badia-gimenez\/\" data-type=\"page\" data-id=\"3213\">Vict\u00f2ria Badia<\/a><\/strong>: \u201cLugares otros. Aproximaci\u00f3n etnogr\u00e1fica a tres escenarios encantados de Catalunya\u201d, UAB, 29 \/ 11\/ 2024\u00a0(Dir: Manuel Delgado Ruiz i Virginia Fons Renaudon; Tut: V. Fons).<\/li>\n\n\n\n<li><strong><a href=\"https:\/\/webs.uab.cat\/ahcisp\/isabelle-boiteau\/\" data-type=\"page\" data-id=\"2601\">Isabelle Boiteau<\/a> : \u201c<\/strong><em>Masking Practices and Kastom in Southern New Ireland, Papua New Guinea: Felt experience and identities\u201d,\u00a0<\/em>UAB, 18\/02\/2025 (Dir: Josep Mart\u00ed i Virginia Fons, Tut: V. Fons).<\/li>\n<\/ul>\n\n\n\n<div style=\"height:10px\" aria-hidden=\"true\" class=\"wp-block-spacer\"><\/div>\n\n\n\n<hr class=\"wp-block-separator has-alpha-channel-opacity\" \/>\n\n\n\n<h3 class=\"wp-block-heading has-normal-font-size\" id=\"tesis-en-curs\"><strong>TESIS EN CURS<\/strong><\/h3>\n\n\n\n<div style=\"height:30px\" aria-hidden=\"true\" class=\"wp-block-spacer\"><\/div>\n\n\n\n<p><strong>Pablo Dom\u00ednguez<\/strong><\/p>\n\n\n\n<ul class=\"wp-block-list\">\n<li><strong><a href=\"https:\/\/webs.uab.cat\/ahcisp\/adria-pena\/\" data-type=\"page\" data-id=\"3274\">Adri\u00e0 Pe\u00f1a<\/a><\/strong>: &#8220;La evoluci\u00f3n hist\u00f2rica de los comunales pastoriles de Castril, Santiago y Pontones&#8221; (Becario Doctoral &#8211; Becas Chile) (Dir: P. Dom\u00ednguez, Hubert Mazurek; T:Josep Llu\u00eds Mateo Dieste) <\/li>\n<\/ul>\n\n\n\n<p><strong>Josep Llu\u00eds Mateo<\/strong><strong><\/strong><\/p>\n\n\n\n<ul class=\"wp-block-list\">\n<li><strong><a href=\"https:\/\/webs.uab.cat\/ahcisp\/laura-ramirez\/\" data-type=\"page\" data-id=\"3280\">Laura Ram\u00edrez Rodr\u00edguez<\/a><\/strong>: &#8220;Aprendiendo a ser un \u201cbuen cristiano\u201d: pr\u00e1cticas corporales, rituales y sus efectos en las comunidades protestantes transnacionales en Barcelona&#8221;. (Dirs: J.L. Mateo, W. Christian Jr.)<\/li>\n<\/ul>\n\n\n\n<p><strong>Domenico Branca<\/strong><\/p>\n\n\n\n<ul class=\"wp-block-list\">\n<li><strong><a href=\"https:\/\/webs.uab.cat\/ahcisp\/pierluigi-manchia\/\">Pierluigi Machia<\/a><\/strong>: \u201c<em>Estudio sobre los paisajes de la Chilivani-Tirso, Isla de Cerde\u00f1a, Italia\u201d<\/em> (Dirs: M. Ventura, Domenico Branca \u2013 U. de Sassari)<\/li>\n<\/ul>\n\n\n\n<p><strong>Montserrat Ventura<\/strong><strong><\/strong><\/p>\n\n\n\n<ul class=\"wp-block-list\">\n<li><strong><a href=\"https:\/\/webs.uab.cat\/ahcisp\/edgar-ricardo-naranjo-pena\/\">Edgar Ricardo Naranjo<\/a><\/strong>: \u201cPercepciones sobre el territorio arhuaco en contextos del conflicto armado colombiano y la implementaci\u00f3n del acuerdo de paz en la Sierra Nevada de Santa Marta\u201d (Dir: M. Ventura)<\/li>\n\n\n\n<li><strong><a href=\"https:\/\/webs.uab.cat\/ahcisp\/ignacio-contreras-ilabaca\/\">Ignacio Contreras Ilabaca<\/a><\/strong>: \u201c<em>Visualidad de la selva: sue\u00f1o, yaj\u00e9 y cine en una sociedad Tukano Occidental de la Amazonia Ecuatoriana\u201d<\/em> Becario Doctoral &#8211; Becas Chile (Dir: M. Ventura)<\/li>\n\n\n\n<li><strong><a href=\"https:\/\/webs.uab.cat\/ahcisp\/pierluigi-manchia\/\">Pierluigi Machia<\/a><\/strong>: \u201c<em>Estudio sobre los paisajes de la Chilivani-Tirso, Isla de Cerde\u00f1a, Italia\u201d<\/em> (Dirs: M. Ventura, Domenico Branca \u2013 U. de Sassari)<\/li>\n<\/ul>\n\n\n\n<p><strong>Pablo Dom\u00ednguez<\/strong><\/p>\n\n\n\n<ul class=\"wp-block-list\">\n<li>&#8211;<\/li>\n<\/ul>\n\n\n\n<p><strong>Montserrat Clua<\/strong><\/p>\n\n\n\n<ul class=\"wp-block-list\">\n<li><strong><a href=\"https:\/\/webs.uab.cat\/ahcisp\/meline-margaryan\/\">Meline Margaryan<\/a><\/strong>: \u201cFootball and the self-determination process in Catalonia (t\u00edtulo provisional)\u201d, Programa de Doctorado en Antropolog\u00eda Social y Cultural, UAB. (Dir. Montserrat Clua).<\/li>\n\n\n\n<li><strong><a href=\"https:\/\/webs.uab.cat\/ahcisp\/ramon-massana-codina\/\">Ramon Massana Codina<\/a><\/strong>:<strong> <\/strong>\u201cLa mem\u00f2ria anarquista al Bergued\u00e0: una mirada des de l\u2019antropologia hist\u00f2rica\u201d, Programa de Doctorado en Antropolog\u00eda Social y Cultural, UAB. (Dir. Montserrat Clua).<\/li>\n\n\n\n<li><strong><a href=\"https:\/\/webs.uab.cat\/ahcisp\/margherita-tancini\/\">Margherita Tancini<\/a><\/strong>: \u201cIdentidad cultural y g\u00e9nero en Manab\u00ed. Los casos tur\u00edsticos de las comunidades de Pile y Ayampe\u201d, Programa de Doctorado en Antropolog\u00eda Social y Cultural, UAB. (Co-Dir: Montserrat Clua, Claudio Milano, UB).<\/li>\n<\/ul>\n\n\n\n<p><strong>Claudio Milano<\/strong><strong><\/strong><\/p>\n\n\n\n<ul class=\"wp-block-list\">\n<li><strong><a href=\"https:\/\/webs.uab.cat\/ahcisp\/margherita-tancini\/\">Margherita Tancini<\/a><\/strong>: \u201cIdentidad cultural y g\u00e9nero en Manab\u00ed. Los casos tur\u00edsticos de las comunidades de Pile y Ayampe\u201d, Programa de Doctorado en Antropolog\u00eda Social y Cultural, UAB. (Co-Dir: Montserrat Clua, Claudio Milano, UB).<\/li>\n<\/ul>\n\n\n\n<p><strong>Virginia Fons<\/strong><\/p>\n\n\n\n<ul class=\"wp-block-list\">\n<li><strong><a href=\"https:\/\/webs.uab.cat\/ahcisp\/gloria-e-casanova-molina\/\">Gloria Casanova Molina<\/a><\/strong>: &#8220;Cuerpos ficticios, identidades forzadas: construcci\u00f3n \/ transformaci\u00f3n de subjetividades intersex en Chile&#8221;, inici 01\/10\/2020, (Dir. Virginia Fons &amp; Enrico Rico)<\/li>\n\n\n\n<li><strong><a href=\"https:\/\/webs.uab.cat\/ahcisp\/jessica-morente-aniceto\/\">Jessica Morente Aniceto<\/a><\/strong>: &#8221; Espacios de duelo: La muerte en soledad durante el COVID-19&#8243;, inici 01\/10\/2020, (Dir. Teresa Tapada &amp; Virginia Fons)<\/li>\n\n\n\n<li><strong><a href=\"https:\/\/webs.uab.cat\/ahcisp\/luisa-pelaez-cordoba\/\">Luisa Fernanda Pelaez Cordoba<\/a><\/strong>: &#8220;Proceso procreativo en comunidades afrodescendientes asentadas en el Distrito de Aguablanca en Cali. Un acercamiento a la formaci\u00f3n de la persona desde la \u201cmedicina negra\u201d&#8221;, inici 15\/10\/2021, (Dir. Virginia Fons)<\/li>\n\n\n\n<li><strong><a href=\"https:\/\/webs.uab.cat\/ahcisp\/sarah-boix-lazare\/\">Sarah Boix L\u00e1zare<\/a><\/strong>: &#8220;Escenaris etnogr\u00e0fics de la Humanitzaci\u00f3 del Part i el Naixement a Barcelona&#8221;, inici 15\/10\/2017, (Dir. Virginia Fons &amp; Aurora Gonz\u00e1lez)<\/li>\n\n\n\n<li><strong><a href=\"https:\/\/webs.uab.cat\/ahcisp\/jose-manuel-gerez-del-rio\/\">Jos\u00e9 Manuel Gerez Del R\u00edo<\/a><\/strong>: &#8220;<em>X-Pichil. El sentido de pertenencia a la comunidad entre los mayas m\u00e1asew\u00e1al<\/em> <em>de Quintana Roo (M\u00e9xico): representaciones, ritualidad e intercambio<\/em>&#8220;, inici 02\/10\/2023, (Dir. Virginia Fons &amp; D\u00eddac Santos)<\/li>\n<\/ul>\n\n\n\n<p><strong>D\u00eddac Santos<\/strong><\/p>\n\n\n\n<ul class=\"wp-block-list\">\n<li><strong><a href=\"https:\/\/webs.uab.cat\/ahcisp\/jose-manuel-gerez-del-rio\/\" data-type=\"page\" data-id=\"3214\">Jos\u00e9 Manuel Gerez Del R\u00edo<\/a><\/strong>: &#8220;<em>X-Pichil. El sentido de pertenencia a la comunidad entre los mayas m\u00e1asew\u00e1al<\/em> <em>de Quintana Roo (M\u00e9xico): representaciones, ritualidad e intercambio<\/em>&#8220;, inici 02\/10\/2023, (Dir. Virginia Fons &amp; D\u00eddac Santos)<\/li>\n\n\n\n<li><strong><a href=\"https:\/\/webs.uab.cat\/ahcisp\/laura-almendros-lopez\/\">Laura Almendros L\u00f3pez<\/a><\/strong> (Dirs: D\u00eddac Santos, Joan Anton Barcel\u00f3)<\/li>\n<\/ul>\n\n\n\n<div class=\"wp-block-buttons has-custom-font-size has-small-font-size is-content-justification-right is-layout-flex wp-container-core-buttons-is-layout-765c4724 wp-block-buttons-is-layout-flex\">\n<div class=\"wp-block-button has-custom-font-size is-style-outline has-small-font-size is-style-outline--1\"><a class=\"wp-block-button__link has-negre-eben-color has-verd-tropic-background-color has-text-color has-background has-link-color has-text-align-right wp-element-button\" href=\"https:\/\/webs.uab.cat\/ahcisp\/formacio\/#top\" style=\"border-radius:0px\"><strong>\u2191<\/strong> TORNAR A L&#8217;INICI<\/a><\/div>\n<\/div>\n<\/div>\n<\/div>\n","protected":false},"excerpt":{"rendered":"<p>M\u00c0STER OFICIAL Des del curs 2007-08 AHCISP ha impartit el seminari Sistemes de classificaci\u00f3 social, actualment G\u00e8nere i Sistemes de classificaci\u00f3 en el marc del M\u00e0ster Oficial d\u2019Antropologia: investigacions aven\u00e7ades i intervenci\u00f3 social del Departament d\u2019Antropologia Social i Cultural de la UAB, i des del curs 2017-18 el seminari Pobles, territoris i medis en qu\u00e8 [&hellip;]<\/p>\n","protected":false},"author":2545,"featured_media":0,"parent":0,"menu_order":0,"comment_status":"closed","ping_status":"closed","template":"","meta":{"footnotes":""},"class_list":["post-901","page","type-page","status-publish","hentry"],"_links":{"self":[{"href":"https:\/\/webs.uab.cat\/ahcisp\/wp-json\/wp\/v2\/pages\/901","targetHints":{"allow":["GET"]}}],"collection":[{"href":"https:\/\/webs.uab.cat\/ahcisp\/wp-json\/wp\/v2\/pages"}],"about":[{"href":"https:\/\/webs.uab.cat\/ahcisp\/wp-json\/wp\/v2\/types\/page"}],"author":[{"embeddable":true,"href":"https:\/\/webs.uab.cat\/ahcisp\/wp-json\/wp\/v2\/users\/2545"}],"replies":[{"embeddable":true,"href":"https:\/\/webs.uab.cat\/ahcisp\/wp-json\/wp\/v2\/comments?post=901"}],"version-history":[{"count":39,"href":"https:\/\/webs.uab.cat\/ahcisp\/wp-json\/wp\/v2\/pages\/901\/revisions"}],"predecessor-version":[{"id":5817,"href":"https:\/\/webs.uab.cat\/ahcisp\/wp-json\/wp\/v2\/pages\/901\/revisions\/5817"}],"wp:attachment":[{"href":"https:\/\/webs.uab.cat\/ahcisp\/wp-json\/wp\/v2\/media?parent=901"}],"curies":[{"name":"wp","href":"https:\/\/api.w.org\/{rel}","templated":true}]}}