{"id":192,"date":"2025-12-05T13:51:35","date_gmt":"2025-12-05T11:51:35","guid":{"rendered":"https:\/\/webs.uab.cat\/alcom\/?page_id=192"},"modified":"2025-12-05T14:06:20","modified_gmt":"2025-12-05T12:06:20","slug":"noticias","status":"publish","type":"page","link":"https:\/\/webs.uab.cat\/alcom\/noticias\/","title":{"rendered":"Noticias"},"content":{"rendered":"<ul class=\"wp-block-latest-posts__list is-grid columns-3 has-dates alignwide wp-block-latest-posts\"><li><div class=\"wp-block-latest-posts__featured-image\"><img loading=\"lazy\" decoding=\"async\" width=\"150\" height=\"150\" src=\"https:\/\/webs.uab.cat\/alcom\/wp-content\/uploads\/sites\/658\/2025\/12\/aoir-150x150.jpeg\" class=\"attachment-thumbnail size-thumbnail wp-post-image\" alt=\"\" style=\"\" srcset=\"https:\/\/webs.uab.cat\/alcom\/wp-content\/uploads\/sites\/658\/2025\/12\/aoir-150x150.jpeg 150w, https:\/\/webs.uab.cat\/alcom\/wp-content\/uploads\/sites\/658\/2025\/12\/aoir.jpeg 225w\" sizes=\"auto, (max-width: 150px) 100vw, 150px\" \/><\/div><a class=\"wp-block-latest-posts__post-title\" href=\"https:\/\/webs.uab.cat\/alcom\/2025\/12\/12\/profesionalizacion-y-competencias-clave-de-creadores-de-contenido-en-redes-sociales-comunicacion-presentada-en-aoir-2025\/\">Profesionalizaci\u00f3n y competencias clave de creadores de contenido en redes sociales, comunicaci\u00f3n presentada en AoIR 2025<\/a><time datetime=\"2025-12-12T23:43:56+02:00\" class=\"wp-block-latest-posts__post-date\">12 de diciembre de 2025<\/time><div class=\"wp-block-latest-posts__post-excerpt\">La comunicaci\u00f3n\u00a0\u00abCompetency Prescriptions by Social Media Platforms and the Rise of Organizational Professionalism Among Content Creators\u00bb, presentada por la Dra. Liana Pithan y los Drs. Willian Araujo y Marlon Dalmoro&#8230; <a class=\"wp-block-latest-posts__read-more\" href=\"https:\/\/webs.uab.cat\/alcom\/2025\/12\/12\/profesionalizacion-y-competencias-clave-de-creadores-de-contenido-en-redes-sociales-comunicacion-presentada-en-aoir-2025\/\" rel=\"noopener noreferrer\">Lee m\u00e1s<span class=\"screen-reader-text\">: Profesionalizaci\u00f3n y competencias clave de creadores de contenido en redes sociales, comunicaci\u00f3n presentada en AoIR 2025<\/span><\/a><\/div><\/li>\n<li><div class=\"wp-block-latest-posts__featured-image\"><img loading=\"lazy\" decoding=\"async\" width=\"150\" height=\"150\" src=\"https:\/\/webs.uab.cat\/alcom\/wp-content\/uploads\/sites\/658\/2025\/12\/aoir-150x150.jpeg\" class=\"attachment-thumbnail size-thumbnail wp-post-image\" alt=\"\" style=\"\" srcset=\"https:\/\/webs.uab.cat\/alcom\/wp-content\/uploads\/sites\/658\/2025\/12\/aoir-150x150.jpeg 150w, https:\/\/webs.uab.cat\/alcom\/wp-content\/uploads\/sites\/658\/2025\/12\/aoir.jpeg 225w\" sizes=\"auto, (max-width: 150px) 100vw, 150px\" \/><\/div><a class=\"wp-block-latest-posts__post-title\" href=\"https:\/\/webs.uab.cat\/alcom\/2025\/12\/12\/estrategias-colectivas-de-engagement-y-visibilidad-en-tiktok-en-brasil-comunicacion-presentada-en-la-aoir-2025\/\">Estrategias colectivas de engagement y visibilidad en TikTok en Brasil, comunicaci\u00f3n presentada en la AoIR 2025<\/a><time datetime=\"2025-12-12T23:16:04+02:00\" class=\"wp-block-latest-posts__post-date\">12 de diciembre de 2025<\/time><div class=\"wp-block-latest-posts__post-excerpt\">La comunicaci\u00f3n\u00a0\u00abEngagement Exchanges and the Collective Pursuit of Visibility on TikTok in the Brazilian Context\u00bb, presentada por la Dra. Isaaf Karhawi y el Dr. Willian Araujo en The 26th Annual&#8230; <a class=\"wp-block-latest-posts__read-more\" href=\"https:\/\/webs.uab.cat\/alcom\/2025\/12\/12\/estrategias-colectivas-de-engagement-y-visibilidad-en-tiktok-en-brasil-comunicacion-presentada-en-la-aoir-2025\/\" rel=\"noopener noreferrer\">Lee m\u00e1s<span class=\"screen-reader-text\">: Estrategias colectivas de engagement y visibilidad en TikTok en Brasil, comunicaci\u00f3n presentada en la AoIR 2025<\/span><\/a><\/div><\/li>\n<li><div class=\"wp-block-latest-posts__featured-image\"><img loading=\"lazy\" decoding=\"async\" width=\"150\" height=\"150\" src=\"https:\/\/webs.uab.cat\/alcom\/wp-content\/uploads\/sites\/658\/2025\/12\/21-02-26-ECREA-150x150.png\" class=\"attachment-thumbnail size-thumbnail wp-post-image\" alt=\"\" style=\"\" \/><\/div><a class=\"wp-block-latest-posts__post-title\" href=\"https:\/\/webs.uab.cat\/alcom\/2025\/12\/08\/alfabetizacion-algoritmica-navegando-las-estrategias-algoritmicas-de-las-creadoras-de-tiktok-comunicacion-presentada-en-ecrea\/\">Alfabetizaci\u00f3n algor\u00edtmica: Navegando las estrategias algor\u00edtmicas de las creadoras de TikTok, comunicaci\u00f3n presentada en ECREA<\/a><time datetime=\"2025-12-08T17:51:08+02:00\" class=\"wp-block-latest-posts__post-date\">8 de diciembre de 2025<\/time><div class=\"wp-block-latest-posts__post-excerpt\">La comunicaci\u00f3n\u00a0\u00abAlfabetizaci\u00f3n algor\u00edtmica: Navegando las estrategias algor\u00edtmicas de las creadoras de TikTok\u00bb, presentada por la\u00a0Dra. Gemma G\u00f3mez Bernal y realizada en colaboraci\u00f3n con las Dras. Fernanda Pires, Celina Navarro y&#8230; <a class=\"wp-block-latest-posts__read-more\" href=\"https:\/\/webs.uab.cat\/alcom\/2025\/12\/08\/alfabetizacion-algoritmica-navegando-las-estrategias-algoritmicas-de-las-creadoras-de-tiktok-comunicacion-presentada-en-ecrea\/\" rel=\"noopener noreferrer\">Lee m\u00e1s<span class=\"screen-reader-text\">: Alfabetizaci\u00f3n algor\u00edtmica: Navegando las estrategias algor\u00edtmicas de las creadoras de TikTok, comunicaci\u00f3n presentada en ECREA<\/span><\/a><\/div><\/li>\n<li><div class=\"wp-block-latest-posts__featured-image\"><img loading=\"lazy\" decoding=\"async\" width=\"150\" height=\"150\" src=\"https:\/\/webs.uab.cat\/alcom\/wp-content\/uploads\/sites\/658\/2025\/12\/Congres_VIII_comunicacio-3-web-marco-980x175-1-150x150.png\" class=\"attachment-thumbnail size-thumbnail wp-post-image\" alt=\"\" style=\"\" \/><\/div><a class=\"wp-block-latest-posts__post-title\" href=\"https:\/\/webs.uab.cat\/alcom\/2025\/12\/08\/identidad-digital-y-sesgos-algoritmicos-experiencias-de-mujeres-streamers-en-twitch-comunicacion-presentada-por-gemma-gomez-bernal\/\">Identidad digital y sesgos algor\u00edtmicos: Experiencias de mujeres streamers en Twitch, comunicaci\u00f3n presentada por Gemma G\u00f3mez Bernal<\/a><time datetime=\"2025-12-08T17:09:52+02:00\" class=\"wp-block-latest-posts__post-date\">8 de diciembre de 2025<\/time><div class=\"wp-block-latest-posts__post-excerpt\">La conferencia\u00a0\u201cIdentidad digital y sesgos algor\u00edtmicos: experiencias de mujeres streamers en Twitch\u201d, presentada por\u00a0la Dra. Gemma G\u00f3mez Bernal y realizada en colaboraci\u00f3n con las Dras. Celina Navarro, Fernanda Pires y&#8230; <a class=\"wp-block-latest-posts__read-more\" href=\"https:\/\/webs.uab.cat\/alcom\/2025\/12\/08\/identidad-digital-y-sesgos-algoritmicos-experiencias-de-mujeres-streamers-en-twitch-comunicacion-presentada-por-gemma-gomez-bernal\/\" rel=\"noopener noreferrer\">Lee m\u00e1s<span class=\"screen-reader-text\">: Identidad digital y sesgos algor\u00edtmicos: Experiencias de mujeres streamers en Twitch, comunicaci\u00f3n presentada por Gemma G\u00f3mez Bernal<\/span><\/a><\/div><\/li>\n<li><div class=\"wp-block-latest-posts__featured-image\"><img loading=\"lazy\" decoding=\"async\" width=\"150\" height=\"150\" src=\"https:\/\/webs.uab.cat\/alcom\/wp-content\/uploads\/sites\/658\/2025\/06\/UFSM-logo-150x150.jpg\" class=\"attachment-thumbnail size-thumbnail wp-post-image\" alt=\"\" style=\"\" \/><\/div><a class=\"wp-block-latest-posts__post-title\" href=\"https:\/\/webs.uab.cat\/alcom\/2025\/06\/03\/celina-navarro-imparte-una-conferencia-sobre-audiencias-y-sistemas-de-personalizacion-en-la-ufsm-brasil\/\">Celina Navarro imparte una conferencia sobre audiencias y sistemas de personalizaci\u00f3n en la UFSM (Brasil)<\/a><time datetime=\"2025-06-03T16:07:21+02:00\" class=\"wp-block-latest-posts__post-date\">3 de junio de 2025<\/time><div class=\"wp-block-latest-posts__post-excerpt\">La Dra. Celina Navarro imparti\u00f3 la conferencia \u00abRecepci\u00f3n de contenido en plataformas digitales: interacci\u00f3n de la audiencia con sistemas de personalizaci\u00f3n basados \u200b\u200ben algoritmos\u00bb el 3 de junio de 2025,&#8230; <a class=\"wp-block-latest-posts__read-more\" href=\"https:\/\/webs.uab.cat\/alcom\/2025\/06\/03\/celina-navarro-imparte-una-conferencia-sobre-audiencias-y-sistemas-de-personalizacion-en-la-ufsm-brasil\/\" rel=\"noopener noreferrer\">Lee m\u00e1s<span class=\"screen-reader-text\">: Celina Navarro imparte una conferencia sobre audiencias y sistemas de personalizaci\u00f3n en la UFSM (Brasil)<\/span><\/a><\/div><\/li>\n<\/ul>","protected":false},"excerpt":{"rendered":"","protected":false},"author":3158,"featured_media":0,"parent":0,"menu_order":0,"comment_status":"closed","ping_status":"closed","template":"","meta":{"footnotes":""},"class_list":["post-192","page","type-page","status-publish","hentry"],"_links":{"self":[{"href":"https:\/\/webs.uab.cat\/alcom\/wp-json\/wp\/v2\/pages\/192","targetHints":{"allow":["GET"]}}],"collection":[{"href":"https:\/\/webs.uab.cat\/alcom\/wp-json\/wp\/v2\/pages"}],"about":[{"href":"https:\/\/webs.uab.cat\/alcom\/wp-json\/wp\/v2\/types\/page"}],"author":[{"embeddable":true,"href":"https:\/\/webs.uab.cat\/alcom\/wp-json\/wp\/v2\/users\/3158"}],"replies":[{"embeddable":true,"href":"https:\/\/webs.uab.cat\/alcom\/wp-json\/wp\/v2\/comments?post=192"}],"version-history":[{"count":3,"href":"https:\/\/webs.uab.cat\/alcom\/wp-json\/wp\/v2\/pages\/192\/revisions"}],"predecessor-version":[{"id":202,"href":"https:\/\/webs.uab.cat\/alcom\/wp-json\/wp\/v2\/pages\/192\/revisions\/202"}],"wp:attachment":[{"href":"https:\/\/webs.uab.cat\/alcom\/wp-json\/wp\/v2\/media?parent=192"}],"curies":[{"name":"wp","href":"https:\/\/api.w.org\/{rel}","templated":true}]}}