{"id":59,"date":"2025-06-26T11:30:48","date_gmt":"2025-06-26T09:30:48","guid":{"rendered":"https:\/\/webs.uab.cat\/alcom\/objetivos\/"},"modified":"2025-12-05T12:51:15","modified_gmt":"2025-12-05T10:51:15","slug":"objetivos","status":"publish","type":"page","link":"https:\/\/webs.uab.cat\/alcom\/objetivos\/","title":{"rendered":"Objetivos"},"content":{"rendered":"\n<p class=\"has-text-align-left\"><strong>1)<\/strong> Conocer la <strong>alfabetizaci\u00f3n algor\u00edtmica<\/strong> de la poblaci\u00f3n j\u00f3ven adulta espa\u00f1ola en relaci\u00f3n a los algoritmos de <strong>personalizaci\u00f3n de las plataformas<\/strong> de comunicaci\u00f3n teniendo en consideraci\u00f3n diferentes variables sociodemogr\u00e1ficos (g\u00e9nero, edad y nivel de estudios).<\/p>\n\n\n\n<p class=\"has-text-align-left\"><strong>2) <\/strong>Explorar las <strong>interacciones y pr\u00e1cticas de consumo<\/strong> en relaci\u00f3n a sus imaginarios algor\u00edtmicos<\/p>\n\n\n\n<p class=\"has-text-align-left\"><strong>3)<\/strong> Analizar la <strong>identificaci\u00f3n de sesgos de los algoritmos<\/strong> de personalizaci\u00f3n por parte de los j\u00f3venes adultos espa\u00f1oles.<\/p>\n\n\n\n<p class=\"has-text-align-left\"><strong>4) Impulsar el nivel de alfabetizaci\u00f3n algor\u00edtmica<\/strong> en relaci\u00f3n a las plataformas digitales de comunicaci\u00f3n y sus sistemas de personalizaci\u00f3n.<\/p>\n\n\n\n<p><\/p>\n","protected":false},"excerpt":{"rendered":"<p>1) Conocer la alfabetizaci\u00f3n algor\u00edtmica de la poblaci\u00f3n j\u00f3ven adulta espa\u00f1ola en relaci\u00f3n a los algoritmos de personalizaci\u00f3n de las plataformas de comunicaci\u00f3n teniendo en consideraci\u00f3n diferentes variables sociodemogr\u00e1ficos (g\u00e9nero, edad y nivel de estudios). 2) Explorar las interacciones y pr\u00e1cticas de consumo en relaci\u00f3n a sus imaginarios algor\u00edtmicos 3) Analizar la identificaci\u00f3n de sesgos [&hellip;]<\/p>\n","protected":false},"author":3063,"featured_media":0,"parent":0,"menu_order":0,"comment_status":"closed","ping_status":"closed","template":"","meta":{"footnotes":""},"class_list":["post-59","page","type-page","status-publish","hentry"],"_links":{"self":[{"href":"https:\/\/webs.uab.cat\/alcom\/wp-json\/wp\/v2\/pages\/59","targetHints":{"allow":["GET"]}}],"collection":[{"href":"https:\/\/webs.uab.cat\/alcom\/wp-json\/wp\/v2\/pages"}],"about":[{"href":"https:\/\/webs.uab.cat\/alcom\/wp-json\/wp\/v2\/types\/page"}],"author":[{"embeddable":true,"href":"https:\/\/webs.uab.cat\/alcom\/wp-json\/wp\/v2\/users\/3063"}],"replies":[{"embeddable":true,"href":"https:\/\/webs.uab.cat\/alcom\/wp-json\/wp\/v2\/comments?post=59"}],"version-history":[{"count":2,"href":"https:\/\/webs.uab.cat\/alcom\/wp-json\/wp\/v2\/pages\/59\/revisions"}],"predecessor-version":[{"id":180,"href":"https:\/\/webs.uab.cat\/alcom\/wp-json\/wp\/v2\/pages\/59\/revisions\/180"}],"wp:attachment":[{"href":"https:\/\/webs.uab.cat\/alcom\/wp-json\/wp\/v2\/media?parent=59"}],"curies":[{"name":"wp","href":"https:\/\/api.w.org\/{rel}","templated":true}]}}