{"id":76,"date":"2025-06-26T11:30:02","date_gmt":"2025-06-26T09:30:02","guid":{"rendered":"https:\/\/webs.uab.cat\/alcom\/methods\/"},"modified":"2025-12-05T12:45:46","modified_gmt":"2025-12-05T10:45:46","slug":"methods","status":"publish","type":"page","link":"https:\/\/webs.uab.cat\/alcom\/methods\/","title":{"rendered":"Metodolog\u00eda"},"content":{"rendered":"\n<figure class=\"wp-block-table aligncenter\"><table class=\"has-fixed-layout\"><tbody><tr><td><strong>OG1<\/strong>: Conocer la <strong>alfabetizaci\u00f3n algor\u00edtmica <\/strong>de la poblaci\u00f3n j\u00f3venadulta espa\u00f1ola con relaci\u00f3n a los algoritmos de personalizaci\u00f3n de las plataformas digitales de comunicaci\u00f3nteniendo en consideraci\u00f3n diferentes <strong>variables sociodemogr\u00e1ficas <\/strong>(edad, g\u00e9nero y nivel de estudios)<\/td><td><strong>Encuesta M\u00e9todos digitales An\u00e1lisis legislaci\u00f3n<\/strong><\/td><\/tr><tr><td><strong>OG2<\/strong>: Explorar las <strong>interacciones y pr\u00e1cticas de consumo<\/strong>de los j\u00f3venes adultos espa\u00f1oles en relaci\u00f3n a sus imaginarios algor\u00edtmicos.<\/td><td><strong>Entrevistas M\u00e9todos digitales<\/strong><\/td><\/tr><tr><td><strong>OG3<\/strong>: Analizar la <strong>identificaci\u00f3n de sesgos <\/strong>de los algoritmos de personalizaci\u00f3n en las plataformas digitales por parte de los j\u00f3venes adultos espa\u00f1oles.<\/td><td><strong>Encuesta Entrevistas M\u00e9todos digitales<\/strong><\/td><\/tr><tr><td><strong>OG4<\/strong>: <strong>Impulsar el nivel de alfabetizaci\u00f3n algor\u00edtmica<\/strong>de los j\u00f3venes espa\u00f1oles con relaci\u00f3n a las plataformas digitales de comunicaci\u00f3n y sus sistemas de personalizaci\u00f3n automatizados.<\/td><td><strong>Talleres de codise\u00f1o C\u00e1psulas audiovuales Escape room Libro blanco<\/strong><\/td><\/tr><\/tbody><\/table><\/figure>\n\n\n\n<p><\/p>\n","protected":false},"excerpt":{"rendered":"<p>OG1: Conocer la alfabetizaci\u00f3n algor\u00edtmica de la poblaci\u00f3n j\u00f3venadulta espa\u00f1ola con relaci\u00f3n a los algoritmos de personalizaci\u00f3n de las plataformas digitales de comunicaci\u00f3nteniendo en consideraci\u00f3n diferentes variables sociodemogr\u00e1ficas (edad, g\u00e9nero y nivel de estudios) Encuesta M\u00e9todos digitales An\u00e1lisis legislaci\u00f3n OG2: Explorar las interacciones y pr\u00e1cticas de consumode los j\u00f3venes adultos espa\u00f1oles en relaci\u00f3n a sus [&hellip;]<\/p>\n","protected":false},"author":3063,"featured_media":0,"parent":0,"menu_order":0,"comment_status":"closed","ping_status":"closed","template":"","meta":{"footnotes":""},"class_list":["post-76","page","type-page","status-publish","hentry"],"_links":{"self":[{"href":"https:\/\/webs.uab.cat\/alcom\/wp-json\/wp\/v2\/pages\/76","targetHints":{"allow":["GET"]}}],"collection":[{"href":"https:\/\/webs.uab.cat\/alcom\/wp-json\/wp\/v2\/pages"}],"about":[{"href":"https:\/\/webs.uab.cat\/alcom\/wp-json\/wp\/v2\/types\/page"}],"author":[{"embeddable":true,"href":"https:\/\/webs.uab.cat\/alcom\/wp-json\/wp\/v2\/users\/3063"}],"replies":[{"embeddable":true,"href":"https:\/\/webs.uab.cat\/alcom\/wp-json\/wp\/v2\/comments?post=76"}],"version-history":[{"count":5,"href":"https:\/\/webs.uab.cat\/alcom\/wp-json\/wp\/v2\/pages\/76\/revisions"}],"predecessor-version":[{"id":175,"href":"https:\/\/webs.uab.cat\/alcom\/wp-json\/wp\/v2\/pages\/76\/revisions\/175"}],"wp:attachment":[{"href":"https:\/\/webs.uab.cat\/alcom\/wp-json\/wp\/v2\/media?parent=76"}],"curies":[{"name":"wp","href":"https:\/\/api.w.org\/{rel}","templated":true}]}}