{"id":82,"date":"2025-06-26T11:28:15","date_gmt":"2025-06-26T09:28:15","guid":{"rendered":"https:\/\/webs.uab.cat\/alcom\/resultados\/"},"modified":"2026-03-18T17:56:47","modified_gmt":"2026-03-18T15:56:47","slug":"resultados","status":"publish","type":"page","link":"https:\/\/webs.uab.cat\/alcom\/resultados\/","title":{"rendered":"Resultados"},"content":{"rendered":"\n<h2 class=\"wp-block-heading\">Publicaciones<\/h2>\n\n\n\n<ul class=\"wp-block-list\">\n<li>Karhawi, I., &amp; <strong>Araujo, W.<\/strong> (2025).\u00a0<em>Engagement exchanges and the collective pursuit of visibility on TikTok in the Brazilian context<\/em>.\u00a0AoIR Selected Papers of Internet Research.\u00a0<a href=\"https:\/\/spir.aoir.org\/ojs\/index.php\/spir\/article\/view\/15055\/12267\">https:\/\/spir.aoir.org\/ojs\/index.php\/spir\/article\/view\/15055\/12267<\/a><\/li>\n\n\n\n<li><strong>Pithan, L., Araujo, W. F.<\/strong>, &amp; Dalmoro, M. (2025).&nbsp;<em>Competency prescriptions by social media platforms and the rise of organizational professionalism among content creators<\/em>.&nbsp;AoIR Selected Papers of Internet Research.&nbsp;<a href=\"https:\/\/spir.aoir.org\/ojs\/index.php\/spir\/article\/view\/15170\/12325\">https:\/\/spir.aoir.org\/ojs\/index.php\/spir\/article\/view\/15170\/12325<\/a><\/li>\n<\/ul>\n\n\n\n<h2 class=\"wp-block-heading\">Congresos y ponencias<\/h2>\n\n\n\n<ul class=\"wp-block-list\">\n<li><strong>G\u00f3mez Bernal, G., Navarro, C., Pires, F., &amp; V\u00e1zquez-Tapia, E.A.<\/strong> (2025).&nbsp;<em>Identidad digital y sesgos algor\u00edtmicos: Experiencias de mujeres streamers en Twitch<\/em>&nbsp;[Comunicaci\u00f3n]. VIII Congr\u00e9s Internacional de Recerca en Comunicaci\u00f3 de la Societat Catalana de Comunicaci\u00f3.<\/li>\n\n\n\n<li><strong>G\u00f3mez Bernal, G., Pires, F., Navarro, C., &amp; San Cornelio, G.<\/strong> (2025, 30\u201331 de octubre).&nbsp;<em>Alfabetizaci\u00f3n algor\u00edtmica: Navegando las estrategias algor\u00edtmicas de las creadoras de TikTok<\/em>&nbsp;[Comunicaci\u00f3n]. ECREA Audience and Reception Studies Conference 2025,&nbsp;<em>Navigating Algorithmic Society: Audiences\u2019 tactics to understanding the world<\/em>, S\u00f6dert\u00f6rn University, Estocolmo, Suecia.<\/li>\n\n\n\n<li>Karhawi, I., &amp; <strong>Araujo, W. F.<\/strong> (2025, 15\u201318 de octubre). <em>Engagement Exchanges and the Collective Pursuit of Visibility on TikTok in the Brazilian Context <\/em>[Comunicaci\u00f3n]. AoIR2025: The 26th Annual Conference of the Association of Internet Researchers, Niter\u00f3i, Brasil.<\/li>\n\n\n\n<li><strong>Navarro, C.<\/strong> (2025, 3 de junio).&nbsp;<em>Recepci\u00f3n de contenido en plataformas digitales: Interacci\u00f3n de la audiencia con sistemas de personalizaci\u00f3n basados en algoritmos<\/em>&nbsp;[Conferencia]. Programa de Posgrado en Comunicaci\u00f3n, Universidad Federal de Santa Mar\u00eda (Poscom\/UFSM), Centro de Ciencias Sociales y Humanas (CCSH), Santa Mar\u00eda, Brasil.<\/li>\n\n\n\n<li><strong>Pithan, L. <\/strong>, <strong>Araujo, W. F.<\/strong>, &amp; Dalmoro, M. (2025, 15\u201318 de octubre). <em>Competency Prescriptions by Social Media Platforms and the Rise of Organizational Professionalism Among Content Creators<\/em> [Comunicaci\u00f3n]. AoIR2025: The 26th Annual Conference of the Association of Internet Researchers, Niter\u00f3i, Brasil.<\/li>\n<\/ul>\n","protected":false},"excerpt":{"rendered":"<p>Publicaciones Congresos y ponencias<\/p>\n","protected":false},"author":3063,"featured_media":0,"parent":0,"menu_order":0,"comment_status":"closed","ping_status":"closed","template":"","meta":{"footnotes":""},"class_list":["post-82","page","type-page","status-publish","hentry"],"_links":{"self":[{"href":"https:\/\/webs.uab.cat\/alcom\/wp-json\/wp\/v2\/pages\/82","targetHints":{"allow":["GET"]}}],"collection":[{"href":"https:\/\/webs.uab.cat\/alcom\/wp-json\/wp\/v2\/pages"}],"about":[{"href":"https:\/\/webs.uab.cat\/alcom\/wp-json\/wp\/v2\/types\/page"}],"author":[{"embeddable":true,"href":"https:\/\/webs.uab.cat\/alcom\/wp-json\/wp\/v2\/users\/3063"}],"replies":[{"embeddable":true,"href":"https:\/\/webs.uab.cat\/alcom\/wp-json\/wp\/v2\/comments?post=82"}],"version-history":[{"count":7,"href":"https:\/\/webs.uab.cat\/alcom\/wp-json\/wp\/v2\/pages\/82\/revisions"}],"predecessor-version":[{"id":306,"href":"https:\/\/webs.uab.cat\/alcom\/wp-json\/wp\/v2\/pages\/82\/revisions\/306"}],"wp:attachment":[{"href":"https:\/\/webs.uab.cat\/alcom\/wp-json\/wp\/v2\/media?parent=82"}],"curies":[{"name":"wp","href":"https:\/\/api.w.org\/{rel}","templated":true}]}}