{"id":115,"date":"2021-03-08T13:19:19","date_gmt":"2021-03-08T13:19:19","guid":{"rendered":"https:\/\/webs.uab.cat\/alma\/objetivos\/"},"modified":"2021-03-08T13:19:19","modified_gmt":"2021-03-08T13:19:19","slug":"objetivos","status":"publish","type":"page","link":"https:\/\/webs.uab.cat\/alma\/es\/objetivos\/","title":{"rendered":"Objetivos"},"content":{"rendered":"<ul>\n<li>\n<p><span style=\"font-size:16px;\"><span style=\"font-family:verdana,geneva,sans-serif;\">Constituirse como referencia de la investigaci\u00f3n sobre accesibilidad a los medios y, en especial, a lenguas minoritarias, tanto a nivel t\u00e9cnico como de aplicaci\u00f3n.<\/span><\/span><\/p>\n<\/li>\n<li>\n<p><span style=\"font-size:16px;\"><span style=\"font-family:verdana,geneva,sans-serif;\">Agrupar a los principales agentes interesados en la investigaci\u00f3n de la accesibilidad y su aplicaci\u00f3n en sectores transversales de comunicaci\u00f3n.<\/span><\/span><\/p>\n<\/li>\n<li>\n<p><span style=\"font-size:16px;\"><span style=\"font-family:verdana,geneva,sans-serif;\">Continuar con el desarrollo del repositorio MAP (Media Accessibility Platform), creado dentro del marco del proyecto europeo MAP: Media Accessibility Platform for the European Digital Single Market (COMM\/MAD\/2016\/04).<\/span><\/span><\/p>\n<\/li>\n<li>\n<p><span style=\"font-size:16px;\"><span style=\"font-family:verdana,geneva,sans-serif;\">Incentivar la conectividad y colaboraci\u00f3n entre investigadores, empezando por los miembros que la componen inicialmente (y los grupos de investigaci\u00f3n que representan) y otros investigadores que se vayan uniendo a la red en el futuro.<\/span><\/span><\/p>\n<\/li>\n<li>\n<p><span style=\"font-size:16px;\"><span style=\"font-family:verdana,geneva,sans-serif;\">Identificar las necesidades, fortalezas, debilidades y oportunidades con respecto a la investigaci\u00f3n en accesibilidad a los medios, as\u00ed como problemas \u00e9ticos que se puedan derivar de la investigaci\u00f3n en este campo.<\/span><\/span><\/p>\n<\/li>\n<li>\n<p><span style=\"font-size:16px;\"><span style=\"font-family:verdana,geneva,sans-serif;\">Ayudar a consolidar, como grupos de investigaci\u00f3n, a todos los nodos, y, en especial, a investigadores j\u00f3venes.<\/span><\/span><\/p>\n<\/li>\n<li>\n<p><span style=\"font-size:16px;\"><span style=\"font-family:verdana,geneva,sans-serif;\">Consolidar los resultados de las investigaciones anteriores de los grupos componentes.<\/span><\/span><\/p>\n<\/li>\n<li>\n<p><span style=\"font-size:16px;\"><span style=\"font-family:verdana,geneva,sans-serif;\">Facilitar el intercambio y las estancias de investigaci\u00f3n, tanto a los IPs de los grupos como a los investigadores de la red. Servir de puente para establecer relaciones con el fin de solicitar proyectos de I+D+i, tanto estatales como internacionales.<\/span><\/span><\/p>\n<\/li>\n<li>\n<p><span style=\"font-size:16px;\"><span style=\"font-family:verdana,geneva,sans-serif;\">Convertirse en interlocutor con las agencias de estandarizaci\u00f3n, como transferencia de resultado de investigaci\u00f3n. Convertirse en interlocutor con la industria de broadcast y accesibilidad en Espa\u00f1a.<\/span><\/span><\/p>\n<\/li>\n<li>\n<p><span style=\"font-size:16px;\"><span style=\"font-family:verdana,geneva,sans-serif;\">Canalizar, a trav\u00e9s de MAP, las noticias y avances relacionadas con la&nbsp; accesibilidad a los medios a nivel mundial y, en especial, relacionadas con lenguas minoritarias. Conseguir para este campo de trabajo un mayor reconocimiento p\u00fablico e institucional, en l\u00ednea con su relevancia y su impacto social y econ\u00f3mico.<\/span><\/span><\/p>\n<\/li>\n<\/ul>\n","protected":false},"excerpt":{"rendered":"<p>Constituirse como referencia de la investigaci\u00f3n sobre accesibilidad a los medios y, en especial, a lenguas minoritarias, tanto a nivel t\u00e9cnico como de aplicaci\u00f3n. Agrupar a los principales agentes interesados en la investigaci\u00f3n de la accesibilidad y su aplicaci\u00f3n en sectores transversales de comunicaci\u00f3n. Continuar con el desarrollo del repositorio MAP (Media Accessibility Platform), creado [&hellip;]<\/p>\n","protected":false},"author":20,"featured_media":0,"parent":0,"menu_order":0,"comment_status":"closed","ping_status":"closed","template":"","meta":{"footnotes":""},"class_list":["post-115","page","type-page","status-publish","hentry"],"_links":{"self":[{"href":"https:\/\/webs.uab.cat\/alma\/es\/wp-json\/wp\/v2\/pages\/115","targetHints":{"allow":["GET"]}}],"collection":[{"href":"https:\/\/webs.uab.cat\/alma\/es\/wp-json\/wp\/v2\/pages"}],"about":[{"href":"https:\/\/webs.uab.cat\/alma\/es\/wp-json\/wp\/v2\/types\/page"}],"author":[{"embeddable":true,"href":"https:\/\/webs.uab.cat\/alma\/es\/wp-json\/wp\/v2\/users\/20"}],"replies":[{"embeddable":true,"href":"https:\/\/webs.uab.cat\/alma\/es\/wp-json\/wp\/v2\/comments?post=115"}],"version-history":[{"count":0,"href":"https:\/\/webs.uab.cat\/alma\/es\/wp-json\/wp\/v2\/pages\/115\/revisions"}],"wp:attachment":[{"href":"https:\/\/webs.uab.cat\/alma\/es\/wp-json\/wp\/v2\/media?parent=115"}],"curies":[{"name":"wp","href":"https:\/\/api.w.org\/{rel}","templated":true}]}}