{"id":116,"date":"2021-03-08T12:51:39","date_gmt":"2021-03-08T12:51:39","guid":{"rendered":"https:\/\/webs.uab.cat\/alma\/participantes\/"},"modified":"2022-09-28T07:39:58","modified_gmt":"2022-09-28T07:39:58","slug":"participantes","status":"publish","type":"page","link":"https:\/\/webs.uab.cat\/alma\/es\/participantes\/","title":{"rendered":"Participantes"},"content":{"rendered":"<table border=\"0\" width=\"100%\" cellspacing=\"0\" cellpadding=\"10\">\n<tbody>\n<tr>\n<td valign=\"top\" width=\"200\"><span style=\"font-family: verdana,geneva,sans-serif\"><span style=\"font-size: 16px\"><img loading=\"lazy\" decoding=\"async\" class=\" size-full wp-image-57\" style=\"float: left\" src=\"https:\/\/webs.uab.cat\/alma\/wp-content\/uploads\/sites\/158\/2021\/03\/00-josu.jpg\" alt=\"Josu Amezaga Albizu\" width=\"180\" height=\"258\" srcset=\"https:\/\/webs.uab.cat\/alma\/wp-content\/uploads\/sites\/158\/2021\/03\/00-josu.jpg 250w, https:\/\/webs.uab.cat\/alma\/wp-content\/uploads\/sites\/158\/2021\/03\/00-josu-209x300.jpg 209w\" sizes=\"auto, (max-width: 180px) 100vw, 180px\" \/><\/span><\/span><\/td>\n<td valign=\"top\"><span style=\"font-family: verdana,geneva,sans-serif\"><span style=\"font-size: 16px\"><strong>NOR<\/strong><\/span><\/span><\/p>\n<p><span style=\"font-family: verdana,geneva,sans-serif\"><span style=\"font-size: 16px\"><strong>Josu Amezaga Albizu <\/strong>es Profesor Pleno en la Universidad del Pa\u00eds Vasco \/ Euskal Herriko Unibertsitatea y participa en la red ALMA como investigador principal del Grupo NOR. Doctor en Sociolog\u00eda por la UPV\/EHU. Ha realizado y participado en numerosas publicaciones e investigaciones, en el entorno de la relaci\u00f3n entre comunicaci\u00f3n, identidad y lengua, especialmente en relaci\u00f3n a lenguas minorizadas (regionales o de la inmigraci\u00f3n). Ha realizado estancias investigadoras en\u00a0 la Victoria University of Technology y Charles Sturt University (Australia), as\u00ed como en la\u00a0 University of Glasgow.<\/span><\/span><\/p>\n<p><span style=\"font-family: verdana,geneva,sans-serif\"><span style=\"font-size: 16px\">Otros participantes de la red:\u00a0<strong>Marijo Deogracias, Patxi Azpillaga<\/strong><\/span><\/span><\/td>\n<\/tr>\n<tr>\n<td valign=\"top\" width=\"200\"><span style=\"font-family: verdana,geneva,sans-serif\"><span style=\"font-size: 16px\"><img loading=\"lazy\" decoding=\"async\" class=\" size-full wp-image-62\" style=\"float: left\" src=\"https:\/\/webs.uab.cat\/alma\/wp-content\/uploads\/sites\/158\/2021\/03\/00-pablo-romero-fresco.jpg\" alt=\"Pablo Romero Fresco\" width=\"180\" height=\"258\" srcset=\"https:\/\/webs.uab.cat\/alma\/wp-content\/uploads\/sites\/158\/2021\/03\/00-pablo-romero-fresco.jpg 250w, https:\/\/webs.uab.cat\/alma\/wp-content\/uploads\/sites\/158\/2021\/03\/00-pablo-romero-fresco-209x300.jpg 209w\" sizes=\"auto, (max-width: 180px) 100vw, 180px\" \/><\/span><\/span><\/td>\n<td valign=\"top\"><span style=\"font-family: verdana,geneva,sans-serif\"><span style=\"font-size: 16px\"><strong>GALMA<\/strong><\/span><\/span><\/p>\n<p><span style=\"font-family: verdana,geneva,sans-serif\"><span style=\"font-size: 16px\"><strong>Pablo Romero Fresco<\/strong> es investigador Ram\u00f3n y Cajal en Universidade de Vigo y Honorary Professor of Translation and Filmmaking en University of Roehampton. Es autor de las monograf\u00edas Accessible Filmmaking (Routledge) y Subtitling through Speech Recognition: Respeaking (Routledge). Es miembro del comit\u00e9 editorial de Journal of Audiovisual Translation y director del grupo de investigaci\u00f3n GALMA (Galician Observatory for Media Access), con el que lidera en la actualidad varios proyectos de investigaci\u00f3n sobre accesibilidad a los medios (como ILSA, financiado por la Comisi\u00f3n Europea). Pablo es tambi\u00e9n director de cine. Su primer documental, Joining the Dots (2012), fue estrenado en el 69 Festival de Cine de Venecia y ha sido usado por Netflix y por escuelas de cine de varios pa\u00edses europeos para aumentar la visibilidad de la audiodescripci\u00f3n.<\/span><\/span><\/p>\n<p><span style=\"font-family: verdana,geneva,sans-serif\"><span style=\"font-size: 16px\">Otros participantes de la red: <strong>Ana Pereira, Lourdes Lorenzo, Luis Alonso<\/strong><\/span><\/span><\/td>\n<\/tr>\n<tr>\n<td valign=\"top\" width=\"200\"><span style=\"font-family: verdana,geneva,sans-serif\"><span style=\"font-size: 16px\"><img loading=\"lazy\" decoding=\"async\" class=\" size-full wp-image-67\" style=\"float: left\" src=\"https:\/\/webs.uab.cat\/alma\/wp-content\/uploads\/sites\/158\/2021\/03\/00-enrique_castello_mayo_gea.jpg\" alt=\"Enrique Castell\u00f3 Mayo\" width=\"180\" height=\"258\" srcset=\"https:\/\/webs.uab.cat\/alma\/wp-content\/uploads\/sites\/158\/2021\/03\/00-enrique_castello_mayo_gea.jpg 250w, https:\/\/webs.uab.cat\/alma\/wp-content\/uploads\/sites\/158\/2021\/03\/00-enrique_castello_mayo_gea-209x300.jpg 209w\" sizes=\"auto, (max-width: 180px) 100vw, 180px\" \/><\/span><\/span><\/td>\n<td valign=\"top\"><span style=\"font-family: verdana,geneva,sans-serif\"><span style=\"font-size: 16px\"><strong>GEA<\/strong><\/span><\/span><\/p>\n<p><span style=\"font-family: verdana,geneva,sans-serif\"><span style=\"font-size: 16px\"><strong>Enrique Castell\u00f3 Mayo<\/strong>. Profesor Titular de Comunicaci\u00f3n Audiovisual y Publicidad de la Universidade de Santiago de Compostela. Investigador del Grupo de Estudos\u00a0 Audiovisuais (GI-1786). Tres sexenios de investigaci\u00f3n CNEAI. IP de 2 proyectos I+D+i competitivos (estatal y europeo) y de 7 Contratos de I+D+i no competitivos.<\/span><\/span><\/p>\n<p><span style=\"font-family: verdana,geneva,sans-serif\"><span style=\"font-size: 16px\">Experto Evaluador de la AEI. Autor de 2 registros de software: 03\/2019\/202 \u00abVirtual TV Set Light Analyzer\u00bb y 03\/2018\/1113 \u00abVirtual TV Set Sensor Middleware\u00bb. Coordinador del Grupo de Investigaci\u00f3n Docente \u00abCOMVIRTINDO\u00bb (COMunicaci\u00f3n VIRTual para la INnovaci\u00f3n Docente, GID 92 \u2013 USC).<\/span><\/span><\/p>\n<p><span style=\"font-family: verdana,geneva,sans-serif\"><span style=\"font-size: 16px\">Otros participantes de la red:\u00a0<strong>Margarita Ledo Andi\u00f3n, Silvia Roca Baamonde<\/strong><\/span><\/span><\/td>\n<\/tr>\n<tr>\n<td valign=\"top\" width=\"200\"><span style=\"font-family: verdana,geneva,sans-serif\"><span style=\"font-size: 16px\"><img loading=\"lazy\" decoding=\"async\" class=\" size-full wp-image-72\" style=\"float: left\" src=\"https:\/\/webs.uab.cat\/alma\/wp-content\/uploads\/sites\/158\/2021\/03\/00-jaume_segura-garcia.jpg\" alt=\"Jaume Segura Garc\u00eda\" width=\"180\" height=\"258\" srcset=\"https:\/\/webs.uab.cat\/alma\/wp-content\/uploads\/sites\/158\/2021\/03\/00-jaume_segura-garcia.jpg 250w, https:\/\/webs.uab.cat\/alma\/wp-content\/uploads\/sites\/158\/2021\/03\/00-jaume_segura-garcia-209x300.jpg 209w\" sizes=\"auto, (max-width: 180px) 100vw, 180px\" \/><\/span><\/span><\/td>\n<td valign=\"top\"><span style=\"font-family: verdana,geneva,sans-serif\"><span style=\"font-size: 16px\"><strong>HIPIS<\/strong><\/span><\/span><\/p>\n<p><span style=\"font-family: verdana,geneva,sans-serif\"><span style=\"font-size: 16px\"><strong>Jaume Segura Garcia<\/strong> recibi\u00f3 sus grados de licenciado y doctorado en f\u00edsica aplicada de la Universitat de Val\u00e8ncia, Valencia, Spain, en 1998 y 2003, respectivamente. Despu\u00e9s de completar su doctorado, trabaj\u00f3 en el Instituto de Rob\u00f3tica de la Universitat de Val\u00e8ncia, donde estuvo involucrado en varios proyectos relacionados con sistemas ITS. Desde 2008, est\u00e1 en el Departamento de Inform\u00e1tica de la Universitat de Val\u00e8ncia, donde actualmente es profesor Titular de Universidad. Ha sido investigador visitante en diferentes centros de investigaci\u00f3n europeos. Es co-autor de m\u00e1s de 90 publicaciones en revistas nacionales e internacionales, cap\u00edtulos de libro y congresos. Ha participado como organizador y comit\u00e9 t\u00e9cnico en varias conferencias nacionales e internacionales, incluyendo el \u00abInternational Workshop on Virtual Acoustics (2011)\u00bb, en 9 convocatorias del Salento AVR, Tecniacustica 2015. Es miembro de la Sociedad Espa\u00f1ola de Ac\u00fastica y la European Acoustics Association.<\/span><\/span><\/p>\n<p><span style=\"font-family: verdana,geneva,sans-serif\"><span style=\"font-size: 16px\">Otros participantes de la red: <strong>Mario Montagud<\/strong><\/span><\/span><\/td>\n<\/tr>\n<tr>\n<td valign=\"top\" width=\"200\"><span style=\"font-family: verdana,geneva,sans-serif\"><span style=\"font-size: 16px\"><img loading=\"lazy\" decoding=\"async\" class=\" size-full wp-image-77\" style=\"float: left\" src=\"https:\/\/webs.uab.cat\/alma\/wp-content\/uploads\/sites\/158\/2021\/03\/00-boronat.jpg\" alt=\"Fernando Boronat\" width=\"180\" height=\"258\" srcset=\"https:\/\/webs.uab.cat\/alma\/wp-content\/uploads\/sites\/158\/2021\/03\/00-boronat.jpg 250w, https:\/\/webs.uab.cat\/alma\/wp-content\/uploads\/sites\/158\/2021\/03\/00-boronat-209x300.jpg 209w\" sizes=\"auto, (max-width: 180px) 100vw, 180px\" \/><\/span><\/span><\/td>\n<td valign=\"top\"><span style=\"font-family: verdana,geneva,sans-serif\"><span style=\"font-size: 16px\"><strong>IIM<\/strong><\/span><\/span><\/p>\n<p><span style=\"font-family: verdana,geneva,sans-serif\"><span style=\"font-size: 16px\"><strong>Fernando Boronat Segu\u00ed<\/strong> es el responsable del grupo IIM R&amp;D en la Universitat Politecnica de Val\u00e8ncia (UPV).\u00a0 Obtuvo su licenciatura y doctorado en ingenier\u00eda de telecomunicaci\u00f3n en 1994 y 2014, respectivamente. Actualmente, es profesor titular en su Departamento de Comunicaciones. Dispone de amplia experiencia en investigaci\u00f3n y docencia en redes de comunicaciones, sistemas y protocolos\u00a0 multimedia, y sincronizaci\u00f3n multimedia. Sus principales \u00e1reas de investigaci\u00f3n son los sistemas y aplicaciones inmersivos e interactivos, mulsemedia y sincronizaci\u00f3n multimedia. Es autor de m\u00e1s de 100 art\u00edculos de investigaci\u00f3n, forma parte de varios TPC y es revisor de numerosas revistas\/conferencias relevantes.<\/span><\/span><\/p>\n<p><span style=\"font-family: verdana,geneva,sans-serif\"><span style=\"font-size: 16px\">Otros participantes de la red:\u00a0<strong>Juan Gonz\u00e1lez Salinas, Fco. Javier Pastor Castillo, Almanzor Sapena Piera, Bernardino Roig Sala<\/strong><\/span><\/span><\/td>\n<\/tr>\n<tr>\n<td valign=\"top\" width=\"200\"><span style=\"font-family: verdana,geneva,sans-serif\"><span style=\"font-size: 16px\"><img loading=\"lazy\" decoding=\"async\" class=\" size-full wp-image-82\" style=\"float: left\" src=\"https:\/\/webs.uab.cat\/alma\/wp-content\/uploads\/sites\/158\/2021\/03\/00-anatamayo.jpg\" alt=\"Ana Tamayo\" width=\"180\" height=\"258\" srcset=\"https:\/\/webs.uab.cat\/alma\/wp-content\/uploads\/sites\/158\/2021\/03\/00-anatamayo.jpg 250w, https:\/\/webs.uab.cat\/alma\/wp-content\/uploads\/sites\/158\/2021\/03\/00-anatamayo-209x300.jpg 209w\" sizes=\"auto, (max-width: 180px) 100vw, 180px\" \/><\/span><\/span><\/td>\n<td valign=\"top\"><span style=\"font-family: verdana,geneva,sans-serif\"><span style=\"font-size: 16px\"><strong>TRALIMA\/ITZULIK<\/strong><\/span><\/span><\/p>\n<p><span style=\"font-family: verdana,geneva,sans-serif\"><span style=\"font-size: 16px\"><strong>Ana Tamayo<\/strong> es profesora e investigadora en la Universidad del Pa\u00eds Vasco (UPV\/EHU) desde noviembre de 2016.\u00a0 Licenciada en Traducci\u00f3n e Interpretaci\u00f3n por la UJI, M\u00e1ster en investigaci\u00f3n en Trad. e Int. y doctora en este mismo \u00e1mbito tambi\u00e9n por la UJI. En 2015 defendi\u00f3 su tesis sobre subtitulaci\u00f3n para ni\u00f1os sordos. A ello se suma una estancia investigadora de tres meses en la universidad de Roehampton y otra como investigadora y docente invitada en la Universidad C\u00e9sar Vallejo (Per\u00fa). Actualmente es miembro del grupo TRALIMA\/ITZULIK (UPV\/EHU) y colabora con otros grupos del mismo \u00e1mbito.Sus intereses investigadores se centran en la traducci\u00f3n audiovisual y accesibilidad en diferentes modalidades. Le interesa especialmente contribuir a la investigaci\u00f3n sobre producci\u00f3n audiovisual accesible, subtitulaci\u00f3n para sordos y lengua de signos.<\/span><\/span><\/p>\n<p><span style=\"font-family: verdana,geneva,sans-serif\"><span style=\"font-size: 16px\">Otros participantes de la red:\u00a0<strong>Elizabete Manterola, Mar\u00eda P\u00e9rez L. de Heredia<\/strong><\/span><\/span><\/td>\n<\/tr>\n<tr>\n<td valign=\"top\" width=\"200\"><img loading=\"lazy\" decoding=\"async\" class=\" size-full wp-image-87\" style=\"float: left\" src=\"https:\/\/webs.uab.cat\/alma\/wp-content\/uploads\/sites\/158\/2021\/03\/00-anna.jpg\" alt=\"Anna Matamala\" width=\"180\" height=\"258\" srcset=\"https:\/\/webs.uab.cat\/alma\/wp-content\/uploads\/sites\/158\/2021\/03\/00-anna.jpg 250w, https:\/\/webs.uab.cat\/alma\/wp-content\/uploads\/sites\/158\/2021\/03\/00-anna-209x300.jpg 209w\" sizes=\"auto, (max-width: 180px) 100vw, 180px\" \/><\/td>\n<td valign=\"top\"><span style=\"font-family: verdana,geneva,sans-serif\"><span style=\"font-size: 16px\"><strong>TRANSMEDIA CATALONIA<\/strong><\/span><\/span><\/p>\n<p><span style=\"font-family: verdana,geneva,sans-serif\"><span style=\"font-size: 16px\"><strong>Anna Matamala<\/strong> participa en la red ALMA como representante de TransMedia Catalonia, grupo que lidera en la Universidad Aut\u00f3noma de Barcelona, \u200b\u200bdonde es profesora titular. Licenciada en Traducci\u00f3n por la UAB y doctora en Ling\u00fc\u00edstica Aplicada por la UPF, ha liderado y participado en m\u00faltiples proyectos sobre traducci\u00f3n audiovisual y accesibilidad a los medios. Tambi\u00e9n participa activamente en comit\u00e9s de estandarizaci\u00f3n. Encontrar\u00e9is una lista de proyectos y publicaciones en su <a href=\"https:\/\/webs.uab.cat\/amatamala\" target=\"_blank\" rel=\"noopener\">web<\/a>. Destacar\u00edamos como publicaci\u00f3n reciente el libro <a href=\"https:\/\/lafinestralectora.cat\/accessibilitat-i-traduccio-audiovisual\" target=\"_blank\" rel=\"noopener\">\u00abAccessibilitat i traducci\u00f3 audiovisual\u00bb<\/a>, publicado por Eumo.<\/span><\/span><\/p>\n<p><span style=\"font-family: verdana,geneva,sans-serif\"><span style=\"font-size: 16px\">Otros participantes de la red: <strong>Pilar Orero, Estel\u00b7la Oncins, Miquel Edo, Helena Casas<\/strong><\/span><\/span><\/td>\n<\/tr>\n<\/tbody>\n<\/table>\n","protected":false},"excerpt":{"rendered":"<p>NOR Josu Amezaga Albizu es Profesor Pleno en la Universidad del Pa\u00eds Vasco \/ Euskal Herriko Unibertsitatea y participa en la red ALMA como investigador principal del Grupo NOR. Doctor en Sociolog\u00eda por la UPV\/EHU. Ha realizado y participado en numerosas publicaciones e investigaciones, en el entorno de la relaci\u00f3n entre comunicaci\u00f3n, identidad y lengua, [&hellip;]<\/p>\n","protected":false},"author":20,"featured_media":0,"parent":0,"menu_order":0,"comment_status":"closed","ping_status":"closed","template":"","meta":{"footnotes":""},"class_list":["post-116","page","type-page","status-publish","hentry"],"_links":{"self":[{"href":"https:\/\/webs.uab.cat\/alma\/es\/wp-json\/wp\/v2\/pages\/116","targetHints":{"allow":["GET"]}}],"collection":[{"href":"https:\/\/webs.uab.cat\/alma\/es\/wp-json\/wp\/v2\/pages"}],"about":[{"href":"https:\/\/webs.uab.cat\/alma\/es\/wp-json\/wp\/v2\/types\/page"}],"author":[{"embeddable":true,"href":"https:\/\/webs.uab.cat\/alma\/es\/wp-json\/wp\/v2\/users\/20"}],"replies":[{"embeddable":true,"href":"https:\/\/webs.uab.cat\/alma\/es\/wp-json\/wp\/v2\/comments?post=116"}],"version-history":[{"count":3,"href":"https:\/\/webs.uab.cat\/alma\/es\/wp-json\/wp\/v2\/pages\/116\/revisions"}],"predecessor-version":[{"id":311,"href":"https:\/\/webs.uab.cat\/alma\/es\/wp-json\/wp\/v2\/pages\/116\/revisions\/311"}],"wp:attachment":[{"href":"https:\/\/webs.uab.cat\/alma\/es\/wp-json\/wp\/v2\/media?parent=116"}],"curies":[{"name":"wp","href":"https:\/\/api.w.org\/{rel}","templated":true}]}}