{"id":117,"date":"2021-03-08T13:21:09","date_gmt":"2021-03-08T13:21:09","guid":{"rendered":"https:\/\/webs.uab.cat\/alma\/actividades\/"},"modified":"2021-03-08T13:21:09","modified_gmt":"2021-03-08T13:21:09","slug":"actividades","status":"publish","type":"page","link":"https:\/\/webs.uab.cat\/alma\/es\/actividades\/","title":{"rendered":"Actividades"},"content":{"rendered":"<p>&nbsp;<\/p>\n<p><span style=\"font-family:verdana,geneva,sans-serif;\"><span style=\"font-size:16px;\">30.01.2020 <\/span><\/span><\/p>\n<p><strong><span style=\"font-family:verdana,geneva,sans-serif;\"><span style=\"font-size:16px;\">Reuni\u00f3n de trabajo en la Universidad Aut\u00f3noma de Barcelona<\/span><\/span><\/strong><\/p>\n<p><span style=\"font-family:verdana,geneva,sans-serif;\"><span style=\"font-size:16px;\">Participantes: Ana Tamayo, Josu Amezaga, Marijo Deogracias, Anna Matamala, Pilar Orero, Estel\u00b7la Oncins, Fernando Boronat Segu\u00ed, Jaume Segura, Mario Montagud, Enrique Castell\u00f3, Silvia Roca Baamonde, Pablo Romero.<\/span><\/span><\/p>\n<p>&nbsp;<\/p>\n<p><span style=\"font-family:verdana,geneva,sans-serif;\"><span style=\"font-size:16px;\">30.01.2020 <\/span><\/span><\/p>\n<p><strong><span style=\"font-family:verdana,geneva,sans-serif;\"><span style=\"font-size:16px;\">Workshop (UAB) en la Universidad Aut\u00f3noma de Barcelona<\/span><\/span><\/strong><\/p>\n<p><span style=\"font-family:verdana,geneva,sans-serif;\"><span style=\"font-size:16px;\">Participantes: Ana Tamayo, Josu Amezaga, Marijo Deogracias, Anna Matamala, Pilar Orero, Estel\u00b7la Oncins, Fernando Boronat Segu\u00ed, Jaume Segura, Mario Montagud, Enrique Castell\u00f3, Silvia Roca Baamonde, Pablo Romero.<\/span><\/span><\/p>\n<p><span style=\"font-family:verdana,geneva,sans-serif;\"><span style=\"font-size:16px;\">Ajenos a la red:&nbsp; Corporaci\u00f3 Catalana de Mitjans Audiovisuals, grupo La Fura dels Baus.<\/span><\/span><\/p>\n<p>&nbsp;<\/p>\n<p><span style=\"font-family:verdana,geneva,sans-serif;\"><span style=\"font-size:16px;\">08.10.2020&nbsp; <\/span><\/span><\/p>\n<p><strong><span style=\"font-family:verdana,geneva,sans-serif;\"><span style=\"font-size:16px;\">Reuni\u00f3n de trabajo (plataforma virtual)<\/span><\/span><\/strong><\/p>\n<p><span style=\"font-family:verdana,geneva,sans-serif;\"><span style=\"font-size:16px;\">Participantes: Ana Tamayo, Josu Amezaga, Anna Matamala, Fernando Boronat Segu\u00ed, Jaume Segura, Mario Montagud, Enrique Castell\u00f3, Pablo Romero.<\/span><\/span><\/p>\n<p>&nbsp;<\/p>\n<p><span style=\"font-family:verdana,geneva,sans-serif;\"><span style=\"font-size:16px;\"><strong>Desarrollo aplicaci\u00f3n para detecci\u00f3n autom\u00e1tica de subt\u00edtulos en TV<\/strong>&nbsp;<\/span><\/span><\/p>\n<p><span style=\"font-family:verdana,geneva,sans-serif;\"><span style=\"font-size:16px;\">Participantes: principalmente, Fernando Boronat, Juan Gonz\u00e1lez (nueva incorporaci\u00f3n) y el equipo de trabajo de la UPV (Valencia).<\/span><\/span><\/p>\n<p>&nbsp;<\/p>\n<p><strong><span style=\"font-family:verdana,geneva,sans-serif;\"><span style=\"font-size:16px;\">Mantenimiento MAP<\/span><\/span><\/strong><\/p>\n<p><span style=\"font-family:verdana,geneva,sans-serif;\"><span style=\"font-size:16px;\">Participantes: Anna Matamala y equipo TransMedia Catalonia.<\/span><\/span><\/p>\n<p>&nbsp;<\/p>\n<p><span style=\"font-family:verdana,geneva,sans-serif;\"><span style=\"font-size:16px;\">27\/29.01.2021 <\/span><\/span><\/p>\n<p><strong><span style=\"font-family:verdana,geneva,sans-serif;\"><span style=\"font-size:16px;\">Organizaci\u00f3n del congreso <a href=\"https:\/\/jornades.uab.cat\/media4all9\/\">Media for All&nbsp;<\/a><\/span><\/span><\/strong><\/p>\n<p><span style=\"font-family:verdana,geneva,sans-serif;\"><span style=\"font-size:16px;\">Participantes: Anna Matamala, Pilar Orero, Estel\u00b7la Oncins.<\/span><\/span><\/p>\n<p>&nbsp;<\/p>\n<p><span style=\"font-family:verdana,geneva,sans-serif;\"><span style=\"font-size:16px;\">26.03.2021 <\/span><\/span><\/p>\n<p><strong><span style=\"font-family:verdana,geneva,sans-serif;\"><span style=\"font-size:16px;\">Organizaci\u00f3n de panel para la <a href=\"https:\/\/icml2021.eus\/?lang=en\">Conferencia Internacional&nbsp;de Lenguajes Minoritarios&nbsp;XVIII<\/a><\/span><\/span><\/strong><\/p>\n<p><span style=\"font-family:verdana,geneva,sans-serif;\"><span style=\"font-size:16px;\">Participantes: Marijo Deogracias-Horrillo, Ana Tamayo-Masero, Enrique Castell\u00f3-Mayo; ajena a la red: Merce Mart\u00ednez-Lorenzo.<\/span><\/span><\/p>\n<p>&nbsp;<\/p>\n","protected":false},"excerpt":{"rendered":"<p>&nbsp; 30.01.2020 Reuni\u00f3n de trabajo en la Universidad Aut\u00f3noma de Barcelona Participantes: Ana Tamayo, Josu Amezaga, Marijo Deogracias, Anna Matamala, Pilar Orero, Estel\u00b7la Oncins, Fernando Boronat Segu\u00ed, Jaume Segura, Mario Montagud, Enrique Castell\u00f3, Silvia Roca Baamonde, Pablo Romero. &nbsp; 30.01.2020 Workshop (UAB) en la Universidad Aut\u00f3noma de Barcelona Participantes: Ana Tamayo, Josu Amezaga, Marijo Deogracias, [&hellip;]<\/p>\n","protected":false},"author":20,"featured_media":0,"parent":0,"menu_order":0,"comment_status":"closed","ping_status":"closed","template":"","meta":{"footnotes":""},"class_list":["post-117","page","type-page","status-publish","hentry"],"_links":{"self":[{"href":"https:\/\/webs.uab.cat\/alma\/es\/wp-json\/wp\/v2\/pages\/117","targetHints":{"allow":["GET"]}}],"collection":[{"href":"https:\/\/webs.uab.cat\/alma\/es\/wp-json\/wp\/v2\/pages"}],"about":[{"href":"https:\/\/webs.uab.cat\/alma\/es\/wp-json\/wp\/v2\/types\/page"}],"author":[{"embeddable":true,"href":"https:\/\/webs.uab.cat\/alma\/es\/wp-json\/wp\/v2\/users\/20"}],"replies":[{"embeddable":true,"href":"https:\/\/webs.uab.cat\/alma\/es\/wp-json\/wp\/v2\/comments?post=117"}],"version-history":[{"count":0,"href":"https:\/\/webs.uab.cat\/alma\/es\/wp-json\/wp\/v2\/pages\/117\/revisions"}],"wp:attachment":[{"href":"https:\/\/webs.uab.cat\/alma\/es\/wp-json\/wp\/v2\/media?parent=117"}],"curies":[{"name":"wp","href":"https:\/\/api.w.org\/{rel}","templated":true}]}}