{"id":93,"date":"2016-01-19T13:43:45","date_gmt":"2016-01-19T13:43:45","guid":{"rendered":"https:\/\/webs.uab.cat\/alma\/inici-2\/"},"modified":"2022-09-28T07:35:15","modified_gmt":"2022-09-28T07:35:15","slug":"inici-2","status":"publish","type":"page","link":"https:\/\/webs.uab.cat\/alma\/eu\/","title":{"rendered":"ALMA sarea"},"content":{"rendered":"<div>\n<div><span style=\"font-size: 16px\"><span style=\"font-size: 16px\"><span style=\"font-family: verdana,geneva,sans-serif\">ALMA (Ikus-entzunezkoetako Irisgarritasuna eta Hizkuntza Gutxituak) bikaitasun sare bat da, hizkuntza ez-hegemonikoetako komunikabideetarako irisgarritasunean interesa duten ikerketa-taldeak biltzen dituena.<\/span><\/span><\/span><\/p>\n<\/div>\n<div><\/div>\n<div><img loading=\"lazy\" decoding=\"async\" class=\"size-full wp-image-30 alignnone\" style=\"width: 800px;height: 445px\" src=\"https:\/\/webs.uab.cat\/alma\/wp-content\/uploads\/sites\/158\/2016\/01\/img-9008-marcelo_aurelio.jpg\" alt=\"Photo of the ALMA project members\" width=\"800\" height=\"445\" srcset=\"https:\/\/webs.uab.cat\/alma\/wp-content\/uploads\/sites\/158\/2016\/01\/img-9008-marcelo_aurelio.jpg 800w, https:\/\/webs.uab.cat\/alma\/wp-content\/uploads\/sites\/158\/2016\/01\/img-9008-marcelo_aurelio-300x167.jpg 300w, https:\/\/webs.uab.cat\/alma\/wp-content\/uploads\/sites\/158\/2016\/01\/img-9008-marcelo_aurelio-768x427.jpg 768w\" sizes=\"auto, (max-width: 800px) 100vw, 800px\" \/><\/div>\n<div><\/div>\n<div><\/div>\n<div><span style=\"font-size: 16px\"><span style=\"font-family: verdana,geneva,sans-serif\">Bertan parte hartzen duten ikerketa-taldeak honakoak dira:<\/span><\/span><\/div>\n<\/div>\n<ul dir=\"ltr\">\n<li><span style=\"font-size: 16px\"><span style=\"font-family: verdana,geneva,sans-serif\"><a href=\"https:\/\/galmaobservatory.webs.uvigo.es\/\" target=\"_blank\" rel=\"noopener\">GALMA<\/a><\/span><\/span><\/li>\n<li><span style=\"font-size: 16px\"><span style=\"font-family: verdana,geneva,sans-serif\"><a href=\"https:\/\/estudosaudiovisuais.org\/es\/inicio-3\/\" target=\"_blank\" rel=\"noopener\">Grupo de Estudos Audiovisuais<\/a>\u00a0<\/span><\/span><\/li>\n<li><span style=\"font-size: 16px\"><span style=\"font-family: verdana,geneva,sans-serif\"><a href=\"https:\/\/www.uv.es\/uvweb\/servicio-investigacion\/es\/ingenieria-arquitectura\/grupo-1285949714051.html?p2=GIUV2013-070\" target=\"_blank\" rel=\"noopener\">HIPIS<\/a><\/span><\/span><\/li>\n<li><span style=\"font-size: 16px\"><span style=\"font-family: verdana,geneva,sans-serif\"><a href=\"https:\/\/iim.webs.upv.es\/\" target=\"_blank\" rel=\"noopener\">IIM R&amp;D\u00a0Group\u00a0<\/a><\/span><\/span><\/li>\n<li><span style=\"font-size: 16px\"><span style=\"font-family: verdana,geneva,sans-serif\"><a href=\"https:\/\/nortaldea.eus\/\" target=\"_blank\" rel=\"noopener\">NOR Ikerketa Taldea<\/a>\u00a0<\/span><\/span><\/li>\n<li><span style=\"font-size: 16px\"><span style=\"font-family: verdana,geneva,sans-serif\"><a href=\"https:\/\/www.ehu.eus\/es\/web\/tralimaitzulik\/home\" target=\"_blank\" rel=\"noopener\">TRALIMA\/ITZULIK<\/a>\u00a0<\/span><\/span><\/li>\n<li><span style=\"font-size: 16px\"><span style=\"font-family: verdana,geneva,sans-serif\"><a href=\"https:\/\/grupsderecerca.uab.cat\/transmedia\/\" target=\"_blank\" rel=\"noopener\">TransMedia Catalonia<\/a><\/span><\/span><\/li>\n<\/ul>\n<div><span style=\"font-size: 16px\"><span style=\"font-family: verdana,geneva,sans-serif\">ALMA sare tematiko bat da, Zientzia, Berrikuntza eta Unibertsitate Ministerioak finantzatua, RED2018-102475-T kodearekin, 2020-2021 aldian. Josu Amezaga, Euskal Herriko Unibertsitateko kidea, da burua.<\/span><\/span><\/div>\n<div dir=\"ltr\"><\/div>\n<div>\n<div>\n<p style=\"text-align: center\"><img loading=\"lazy\" decoding=\"async\" class=\" size-full wp-image-35\" src=\"https:\/\/webs.uab.cat\/alma\/wp-content\/uploads\/sites\/158\/2016\/01\/micinn_gob_web_aei_2.jpeg\" alt=\"Logo Ministerio de Ciencia e Innovaci\u00f3n. Gobierno de Espa\u00f1a. Agencia Estatal de Investigaci\u00f3n\" width=\"350\" height=\"68\" srcset=\"https:\/\/webs.uab.cat\/alma\/wp-content\/uploads\/sites\/158\/2016\/01\/micinn_gob_web_aei_2.jpeg 800w, https:\/\/webs.uab.cat\/alma\/wp-content\/uploads\/sites\/158\/2016\/01\/micinn_gob_web_aei_2-300x58.jpeg 300w, https:\/\/webs.uab.cat\/alma\/wp-content\/uploads\/sites\/158\/2016\/01\/micinn_gob_web_aei_2-768x149.jpeg 768w\" sizes=\"auto, (max-width: 350px) 100vw, 350px\" \/><\/p>\n<\/div>\n<\/div>\n<div><\/div>\n","protected":false},"excerpt":{"rendered":"<p>ALMA (Ikus-entzunezkoetako Irisgarritasuna eta Hizkuntza Gutxituak) bikaitasun sare bat da, hizkuntza ez-hegemonikoetako komunikabideetarako irisgarritasunean interesa duten ikerketa-taldeak biltzen dituena. Bertan parte hartzen duten ikerketa-taldeak honakoak dira: GALMA Grupo de Estudos Audiovisuais\u00a0 HIPIS IIM R&amp;D\u00a0Group\u00a0 NOR Ikerketa Taldea\u00a0 TRALIMA\/ITZULIK\u00a0 TransMedia Catalonia ALMA sare tematiko bat da, Zientzia, Berrikuntza eta Unibertsitate Ministerioak finantzatua, RED2018-102475-T kodearekin, 2020-2021 aldian. [&hellip;]<\/p>\n","protected":false},"author":20,"featured_media":0,"parent":0,"menu_order":0,"comment_status":"closed","ping_status":"closed","template":"","meta":{"footnotes":""},"class_list":["post-93","page","type-page","status-publish","hentry"],"_links":{"self":[{"href":"https:\/\/webs.uab.cat\/alma\/eu\/wp-json\/wp\/v2\/pages\/93","targetHints":{"allow":["GET"]}}],"collection":[{"href":"https:\/\/webs.uab.cat\/alma\/eu\/wp-json\/wp\/v2\/pages"}],"about":[{"href":"https:\/\/webs.uab.cat\/alma\/eu\/wp-json\/wp\/v2\/types\/page"}],"author":[{"embeddable":true,"href":"https:\/\/webs.uab.cat\/alma\/eu\/wp-json\/wp\/v2\/users\/20"}],"replies":[{"embeddable":true,"href":"https:\/\/webs.uab.cat\/alma\/eu\/wp-json\/wp\/v2\/comments?post=93"}],"version-history":[{"count":6,"href":"https:\/\/webs.uab.cat\/alma\/eu\/wp-json\/wp\/v2\/pages\/93\/revisions"}],"predecessor-version":[{"id":305,"href":"https:\/\/webs.uab.cat\/alma\/eu\/wp-json\/wp\/v2\/pages\/93\/revisions\/305"}],"wp:attachment":[{"href":"https:\/\/webs.uab.cat\/alma\/eu\/wp-json\/wp\/v2\/media?parent=93"}],"curies":[{"name":"wp","href":"https:\/\/api.w.org\/{rel}","templated":true}]}}