{"id":96,"date":"2021-03-08T13:00:16","date_gmt":"2021-03-08T13:00:16","guid":{"rendered":"https:\/\/webs.uab.cat\/alma\/jarduerak\/"},"modified":"2021-03-08T13:00:16","modified_gmt":"2021-03-08T13:00:16","slug":"jarduerak","status":"publish","type":"page","link":"https:\/\/webs.uab.cat\/alma\/eu\/jarduerak\/","title":{"rendered":"Jarduerak"},"content":{"rendered":"<p>&nbsp;<\/p>\n<p><span style=\"font-size:16px;\"><span style=\"font-family:verdana,geneva,sans-serif;\">30.01.2020<\/span><\/span><\/p>\n<p><span style=\"font-size:16px;\"><span style=\"font-family:verdana,geneva,sans-serif;\"><strong>Lan-bilera Bartzelonako Unibertsitate Autonomoan<\/strong><\/span><\/span><\/p>\n<p><span style=\"font-size:16px;\"><span style=\"font-family:verdana,geneva,sans-serif;\">Parte-hartzaileak: Ana Tamayo, Josu Amezaga, Marijo Deogracias, Anna Matamala, Pilar Orero, Estel\u00b7la Oncins, Fernando Boronat Segu\u00ed, Jaume Segura, Mario Montagud, Enrique Castell\u00f3, Silvia Roca Baamonde, Pablo Romero.<\/span><\/span><\/p>\n<p>&nbsp;<\/p>\n<p><span style=\"font-size:16px;\"><span style=\"font-family:verdana,geneva,sans-serif;\">30.01.2020<\/span><\/span><\/p>\n<p><span style=\"font-size:16px;\"><span style=\"font-family:verdana,geneva,sans-serif;\"><strong>Workshop (UAB), Bartzelonako Unibertsitate Autonomoan<\/strong><\/span><\/span><\/p>\n<p><span style=\"font-size:16px;\"><span style=\"font-family:verdana,geneva,sans-serif;\">Parte-hartzaileak: Ana Tamayo, Josu Amezaga, Marijo Deogracias, Anna Matamala, Pilar Orero, Estel\u00b7la Oncins, Fernando Boronat Segu\u00ed, Jaume Segura, Mario Montagud, Enrique Castell\u00f3, Silvia Roca Baamonde, Pablo Romero. Sarekoak ez direnak: Mitjans Audiovisualseko Corporaci\u00f3 Catalana, La Fura dels Baus taldea.<\/span><\/span><\/p>\n<p>&nbsp;<\/p>\n<p><span style=\"font-size:16px;\"><span style=\"font-family:verdana,geneva,sans-serif;\">08.10.2020<\/span><\/span><\/p>\n<p><span style=\"font-size:16px;\"><span style=\"font-family:verdana,geneva,sans-serif;\"><strong>Lan-bilera (plataforma birtuala)<\/strong><\/span><\/span><\/p>\n<p><span style=\"font-size:16px;\"><span style=\"font-family:verdana,geneva,sans-serif;\">Parte-hartzaileak: Ana Tamayo, Josu Amezaga, Anna Matamala, Fernando Boronat Segu\u00ed, Jaume Segura, Mario Montagud, Enrique Castell\u00f3, Pablo Romero.<\/span><\/span><\/p>\n<p>&nbsp;<\/p>\n<p><span style=\"font-size:16px;\"><span style=\"font-family:verdana,geneva,sans-serif;\"><strong>TBko azpitituluak automatikoki detektatzeko aplikazioa garatzea<\/strong><\/span><\/span><\/p>\n<p><span style=\"font-size:16px;\"><span style=\"font-family:verdana,geneva,sans-serif;\">Parte-hartzaileak: batez ere Fernando Boronat, Juan Gonz\u00e1lez (lanean hasi berria) eta EHUko (Valentzia) lan-taldea.<\/span><\/span><\/p>\n<p>&nbsp;<\/p>\n<p><span style=\"font-size:16px;\"><span style=\"font-family:verdana,geneva,sans-serif;\"><strong>MAP mantentze-lanak<\/strong><\/span><\/span><\/p>\n<p><span style=\"font-size:16px;\"><span style=\"font-family:verdana,geneva,sans-serif;\">Parte-hartzaileak: Anna Matamala eta TransMedia Catalonia taldea.<\/span><\/span><\/p>\n<p>&nbsp;<\/p>\n<p><span style=\"font-size:16px;\"><span style=\"font-family:verdana,geneva,sans-serif;\">27\/29.01.2020<\/span><\/span><\/p>\n<p><span style=\"font-size:16px;\"><span style=\"font-family:verdana,geneva,sans-serif;\"><strong><a href=\"https:\/\/jornades.uab.cat\/media4all9\/\">Media for All<\/a> kongresuaren antolaketa<\/strong><\/span><\/span><\/p>\n<p><span style=\"font-size:16px;\"><span style=\"font-family:verdana,geneva,sans-serif;\">Parte-hartzaileak: Anna Matamala, Pilar Orero, Estel\u00b7la Oncins.<\/span><\/span><\/p>\n<p>&nbsp;<\/p>\n<p><span style=\"font-size:16px;\"><span style=\"font-family:verdana,geneva,sans-serif;\">26.03.21<\/span><\/span><\/p>\n<p><span style=\"font-size:16px;\"><span style=\"font-family:verdana,geneva,sans-serif;\"><strong><a href=\"https:\/\/icml2021.eus\/?lang=en\">Hizkuntza Gutxituen XVIII<\/a>. Nazioarteko Biltzarrean, panelaren antolaketa.<\/strong>&nbsp;<\/span><\/span><\/p>\n<p><span style=\"font-size:16px;\"><span style=\"font-family:verdana,geneva,sans-serif;\">Parte-hartzaileak: Marijo Deogracias-Horrillo, Ana Tamayo-Masero, Enrique Castell\u00f3-Mayo; saretik kanpo: Merce Mart\u00ednez-Lorenzo.<\/span><\/span><\/p>\n","protected":false},"excerpt":{"rendered":"<p>&nbsp; 30.01.2020 Lan-bilera Bartzelonako Unibertsitate Autonomoan Parte-hartzaileak: Ana Tamayo, Josu Amezaga, Marijo Deogracias, Anna Matamala, Pilar Orero, Estel\u00b7la Oncins, Fernando Boronat Segu\u00ed, Jaume Segura, Mario Montagud, Enrique Castell\u00f3, Silvia Roca Baamonde, Pablo Romero. &nbsp; 30.01.2020 Workshop (UAB), Bartzelonako Unibertsitate Autonomoan Parte-hartzaileak: Ana Tamayo, Josu Amezaga, Marijo Deogracias, Anna Matamala, Pilar Orero, Estel\u00b7la Oncins, Fernando Boronat [&hellip;]<\/p>\n","protected":false},"author":20,"featured_media":0,"parent":0,"menu_order":0,"comment_status":"closed","ping_status":"closed","template":"","meta":{"footnotes":""},"class_list":["post-96","page","type-page","status-publish","hentry"],"_links":{"self":[{"href":"https:\/\/webs.uab.cat\/alma\/eu\/wp-json\/wp\/v2\/pages\/96","targetHints":{"allow":["GET"]}}],"collection":[{"href":"https:\/\/webs.uab.cat\/alma\/eu\/wp-json\/wp\/v2\/pages"}],"about":[{"href":"https:\/\/webs.uab.cat\/alma\/eu\/wp-json\/wp\/v2\/types\/page"}],"author":[{"embeddable":true,"href":"https:\/\/webs.uab.cat\/alma\/eu\/wp-json\/wp\/v2\/users\/20"}],"replies":[{"embeddable":true,"href":"https:\/\/webs.uab.cat\/alma\/eu\/wp-json\/wp\/v2\/comments?post=96"}],"version-history":[{"count":0,"href":"https:\/\/webs.uab.cat\/alma\/eu\/wp-json\/wp\/v2\/pages\/96\/revisions"}],"wp:attachment":[{"href":"https:\/\/webs.uab.cat\/alma\/eu\/wp-json\/wp\/v2\/media?parent=96"}],"curies":[{"name":"wp","href":"https:\/\/api.w.org\/{rel}","templated":true}]}}