{"id":101,"date":"2021-03-08T13:06:40","date_gmt":"2021-03-08T13:06:40","guid":{"rendered":"https:\/\/webs.uab.cat\/alma\/obxectivos\/"},"modified":"2021-03-08T13:06:40","modified_gmt":"2021-03-08T13:06:40","slug":"obxectivos","status":"publish","type":"page","link":"https:\/\/webs.uab.cat\/alma\/gl\/obxectivos\/","title":{"rendered":"Obxectivos"},"content":{"rendered":"<ul>\n<li>\n<p><span style=\"font-size:16px;\"><span style=\"font-family:verdana,geneva,sans-serif;\">Converterse nunha referencia para a investigaci\u00f3n sobre accesibilidade aos medios e, especialmente, \u00e1s linguas minorizadas, tanto a nivel t\u00e9cnico como de aplicaci\u00f3n.<\/span><\/span><\/p>\n<\/li>\n<li>\n<p><span style=\"font-size:16px;\"><span style=\"font-family:verdana,geneva,sans-serif;\">Agrupar os principais axentes interesados \u200b\u200bna investigaci\u00f3n de accesibilidade e a s\u00faa aplicaci\u00f3n en sectores de comunicaci\u00f3n transversais.<\/span><\/span><\/p>\n<\/li>\n<li>\n<p><span style=\"font-size:16px;\"><span style=\"font-family:verdana,geneva,sans-serif;\">Continuar co desenvolvemento do repositorio MAP (Media Accessibility Platform), creado no marco do proxecto europeo MAP: Plataforma de accesibilidade multimedia para o mercado \u00fanico dixital europeo (COMM \/ MAD \/ 2016\/04).<\/span><\/span><\/p>\n<\/li>\n<li>\n<p><span style=\"font-size:16px;\"><span style=\"font-family:verdana,geneva,sans-serif;\">Fomentar a conectividade e a colaboraci\u00f3n entre investigadores, comezando polos membros que a compo\u00f1en inicialmente (e os grupos de investigaci\u00f3n que representan) e outros investigadores que se incorporen \u00e1 rede no futuro.<\/span><\/span><\/p>\n<\/li>\n<li>\n<p><span style=\"font-size:16px;\"><span style=\"font-family:verdana,geneva,sans-serif;\">Identificar as necesidades, os puntos fortes, os puntos febles e as oportunidades con respecto \u00e1 investigaci\u00f3n sobre accesibilidade aos medios, as\u00ed como os problemas \u00e9ticos que poden xurdir da investigaci\u00f3n neste campo.<\/span><\/span><\/p>\n<\/li>\n<li>\n<p><span style=\"font-size:16px;\"><span style=\"font-family:verdana,geneva,sans-serif;\">Axudar a consolidar, como grupos de investigaci\u00f3n, todos os nodos e, especialmente, investigadores novos.<\/span><\/span><\/p>\n<\/li>\n<li>\n<p><span style=\"font-size:16px;\"><span style=\"font-family:verdana,geneva,sans-serif;\">Consolidar os resultados das investigaci\u00f3ns previas dos grupos compo\u00f1entes<\/span><\/span><\/p>\n<\/li>\n<li>\n<p><span style=\"font-size:16px;\"><span style=\"font-family:verdana,geneva,sans-serif;\">Facilitar intercambios e estad\u00edas de investigaci\u00f3n, tanto para os IP dos grupos como para os investigadores da rede. Servir de ponte para establecer relaci\u00f3ns para solicitar proxectos de I+D+i, tanto estatais como internacionais.<\/span><\/span><\/p>\n<\/li>\n<li>\n<p><span style=\"font-size:16px;\"><span style=\"font-family:verdana,geneva,sans-serif;\">Converterse nun interlocutor coas axencias de normalizaci\u00f3n, como transferencia de resultados de investigaci\u00f3n. Converterse nun interlocutor coa industria de broadcast e accesibilidade en Espa\u00f1a.<\/span><\/span><\/p>\n<\/li>\n<li>\n<p><span style=\"font-size:16px;\"><span style=\"font-family:verdana,geneva,sans-serif;\">Facer de canle, a trav\u00e9s de MAP, de novas e avances relacionados coa accesibilidade aos medios de comunicaci\u00f3n en todo o mundo e, especialmente, relacionados coas linguas minorizadas. Acadar un maior reco\u00f1ecemento p\u00fablico e institucional neste campo de traballo, en consonancia coa s\u00faa relevancia e co seu impacto social e econ\u00f3mico.<\/span><\/span><\/p>\n<\/li>\n<\/ul>\n","protected":false},"excerpt":{"rendered":"<p>Converterse nunha referencia para a investigaci\u00f3n sobre accesibilidade aos medios e, especialmente, \u00e1s linguas minorizadas, tanto a nivel t\u00e9cnico como de aplicaci\u00f3n. Agrupar os principais axentes interesados \u200b\u200bna investigaci\u00f3n de accesibilidade e a s\u00faa aplicaci\u00f3n en sectores de comunicaci\u00f3n transversais. Continuar co desenvolvemento do repositorio MAP (Media Accessibility Platform), creado no marco do proxecto europeo [&hellip;]<\/p>\n","protected":false},"author":20,"featured_media":0,"parent":0,"menu_order":0,"comment_status":"closed","ping_status":"closed","template":"","meta":{"footnotes":""},"class_list":["post-101","page","type-page","status-publish","hentry"],"_links":{"self":[{"href":"https:\/\/webs.uab.cat\/alma\/gl\/wp-json\/wp\/v2\/pages\/101","targetHints":{"allow":["GET"]}}],"collection":[{"href":"https:\/\/webs.uab.cat\/alma\/gl\/wp-json\/wp\/v2\/pages"}],"about":[{"href":"https:\/\/webs.uab.cat\/alma\/gl\/wp-json\/wp\/v2\/types\/page"}],"author":[{"embeddable":true,"href":"https:\/\/webs.uab.cat\/alma\/gl\/wp-json\/wp\/v2\/users\/20"}],"replies":[{"embeddable":true,"href":"https:\/\/webs.uab.cat\/alma\/gl\/wp-json\/wp\/v2\/comments?post=101"}],"version-history":[{"count":0,"href":"https:\/\/webs.uab.cat\/alma\/gl\/wp-json\/wp\/v2\/pages\/101\/revisions"}],"wp:attachment":[{"href":"https:\/\/webs.uab.cat\/alma\/gl\/wp-json\/wp\/v2\/media?parent=101"}],"curies":[{"name":"wp","href":"https:\/\/api.w.org\/{rel}","templated":true}]}}