{"id":102,"date":"2021-03-08T12:51:39","date_gmt":"2021-03-08T12:51:39","guid":{"rendered":"https:\/\/webs.uab.cat\/alma\/participantes\/"},"modified":"2022-09-28T07:43:50","modified_gmt":"2022-09-28T07:43:50","slug":"participantes","status":"publish","type":"page","link":"https:\/\/webs.uab.cat\/alma\/gl\/participantes\/","title":{"rendered":"Participantes"},"content":{"rendered":"<table border=\"0\" width=\"100%\" cellspacing=\"0\" cellpadding=\"10\">\n<tbody>\n<tr>\n<td valign=\"top\" width=\"200\"><span style=\"font-family: verdana,geneva,sans-serif\"><span style=\"font-size: 16px\"><img loading=\"lazy\" decoding=\"async\" class=\" size-full wp-image-56\" style=\"float: left\" src=\"https:\/\/webs.uab.cat\/alma\/wp-content\/uploads\/sites\/158\/2021\/03\/00-josu.jpg\" alt=\"Josu Amezaga Albizu\" width=\"180\" height=\"258\" srcset=\"https:\/\/webs.uab.cat\/alma\/wp-content\/uploads\/sites\/158\/2021\/03\/00-josu.jpg 250w, https:\/\/webs.uab.cat\/alma\/wp-content\/uploads\/sites\/158\/2021\/03\/00-josu-209x300.jpg 209w\" sizes=\"auto, (max-width: 180px) 100vw, 180px\" \/><\/span><\/span><\/td>\n<td valign=\"top\"><span style=\"font-family: verdana,geneva,sans-serif\"><span style=\"font-size: 16px\"><strong>NOR<\/strong><\/span><\/span><\/p>\n<p><span style=\"font-family: verdana,geneva,sans-serif\"><span style=\"font-size: 16px\"><strong>Josu Amezaga<\/strong> Albizu \u00e9 Profesor Pleno na Universidade do Pa\u00eds Vasco \/ Euskal Herriko Unibersitatea e participa na rede ALMA como investigador principal do Grupo NOR. Doutor en Sociolox\u00eda pola UPV\/EHU. Ten realizado e participado en numerosas publicaci\u00f3ns e investigaci\u00f3ns sobre a relaci\u00f3n entre comunicaci\u00f3n, identidade e lingua, especialmente en relaci\u00f3n coas linguas minorizadas (rexionais ou da inmigraci\u00f3n). Ten realizado estad\u00edas de investigaci\u00f3n na Victoria University of Technology e na Charles Sturt University (Australia), as\u00ed como na University of Glasgow.<\/span><\/span><\/p>\n<p><span style=\"font-family: verdana,geneva,sans-serif\"><span style=\"font-size: 16px\">Outros participantes da rede:\u00a0<strong>Marijo Deogracias, Patxi Azpillaga<\/strong><\/span><\/span><\/td>\n<\/tr>\n<tr>\n<td valign=\"top\" width=\"200\"><span style=\"font-family: verdana,geneva,sans-serif\"><span style=\"font-size: 16px\"><img loading=\"lazy\" decoding=\"async\" class=\" size-full wp-image-61\" style=\"float: left\" src=\"https:\/\/webs.uab.cat\/alma\/wp-content\/uploads\/sites\/158\/2021\/03\/00-pablo-romero-fresco.jpg\" alt=\"Pablo Romero Fresco\" width=\"180\" height=\"258\" srcset=\"https:\/\/webs.uab.cat\/alma\/wp-content\/uploads\/sites\/158\/2021\/03\/00-pablo-romero-fresco.jpg 250w, https:\/\/webs.uab.cat\/alma\/wp-content\/uploads\/sites\/158\/2021\/03\/00-pablo-romero-fresco-209x300.jpg 209w\" sizes=\"auto, (max-width: 180px) 100vw, 180px\" \/><\/span><\/span><\/td>\n<td valign=\"top\"><span style=\"font-family: verdana,geneva,sans-serif\"><span style=\"font-size: 16px\"><strong>GALMA<\/strong><\/span><\/span><\/p>\n<p><span style=\"font-family: verdana,geneva,sans-serif\"><span style=\"font-size: 16px\"><strong>Pablo Romero Fresco<\/strong> \u00e9 investigador Ram\u00f3n y Cajal na Universidade de Vigo e profesor honorario de traduci\u00f3n e cine na Universidade de Roehampton. \u00c9 autor das monograf\u00edas Accessible Filmmaking (Routledge) e Subtitling through Speech Recognition: Respeaking (Routledge). \u00c9 membro do comit\u00e9 de redacci\u00f3n do Journal of Audiovisual Translation e director do grupo de investigaci\u00f3n GALMA (Observatorio Galego de Acceso aos Medios), co que actualmente dirixe varios proxectos de investigaci\u00f3n sobre accesibilidade aos medios (como ILSA, financiado pola Comisi\u00f3n Europea ). Pablo tam\u00e9n \u00e9 director de cine. O seu primeiro documental, Joining the Dots (2012), foi estreado no 69\u00ba Festival de Venecia e foi usado por Netflix e escolas de cine de varios pa\u00edses europeos para aumentar a visibilidade da audiodescrici\u00f3n.<\/span><\/span><\/p>\n<p><span style=\"font-family: verdana,geneva,sans-serif\"><span style=\"font-size: 16px\">Outros participantes da rede:\u00a0<strong>Ana Pereira, Lourdes Lorenzo, Luis Alonso<\/strong><\/span><\/span><\/td>\n<\/tr>\n<tr>\n<td valign=\"top\" width=\"200\"><span style=\"font-family: verdana,geneva,sans-serif\"><span style=\"font-size: 16px\"><img loading=\"lazy\" decoding=\"async\" class=\" size-full wp-image-66\" style=\"float: left\" src=\"https:\/\/webs.uab.cat\/alma\/wp-content\/uploads\/sites\/158\/2021\/03\/00-enrique_castello_mayo_gea.jpg\" alt=\"Enrique Castell\u00f3 Mayo\" width=\"180\" height=\"258\" srcset=\"https:\/\/webs.uab.cat\/alma\/wp-content\/uploads\/sites\/158\/2021\/03\/00-enrique_castello_mayo_gea.jpg 250w, https:\/\/webs.uab.cat\/alma\/wp-content\/uploads\/sites\/158\/2021\/03\/00-enrique_castello_mayo_gea-209x300.jpg 209w\" sizes=\"auto, (max-width: 180px) 100vw, 180px\" \/><\/span><\/span><\/td>\n<td valign=\"top\"><span style=\"font-family: verdana,geneva,sans-serif\"><span style=\"font-size: 16px\"><strong>GEA<\/strong><\/span><\/span><\/p>\n<p><span style=\"font-family: verdana,geneva,sans-serif\"><span style=\"font-size: 16px\"><strong>Enrique Castell\u00f3 Mayo<\/strong>. Profesor Titular de Comunicaci\u00f3n Audiovisual e Publicidade da Universidade de Santiago de Compostela. Investigador do Grupo de Estudos\u00a0 Audiovisuais (GI-1786). Tres sexenios de investigaci\u00f3n CNEAI. IP de 2 proxectos I+D+i competitivos (estatal e europeo) e de 7 Contratos de I+D+i non competitivos.\u00a0Experto Evaluador da AEI. Autor de 2 rexistros de software: 03\/2019\/202 &#8220;Virtual TV Set Light Analyzer&#8221; e 03\/2018\/1113 &#8220;Virtual TV Set Sensor Middleware&#8221;. Coordinador do Grupo de Investigaci\u00f3n Docente &#8220;COMVIRTINDO&#8221; (COMunicaci\u00f3n VIRTual para a INnovaci\u00f3n Docente, GID 92 \u2013 USC).<\/span><\/span><\/p>\n<p><span style=\"font-family: verdana,geneva,sans-serif\"><span style=\"font-size: 16px\">Outros participantes da rede:\u00a0<strong>Margarita Ledo Andi\u00f3n, Silvia Roca Baamonde\u200b<\/strong><\/span><\/span><\/td>\n<\/tr>\n<tr>\n<td valign=\"top\" width=\"200\"><span style=\"font-family: verdana,geneva,sans-serif\"><span style=\"font-size: 16px\"><img loading=\"lazy\" decoding=\"async\" class=\" size-full wp-image-71\" style=\"float: left\" src=\"https:\/\/webs.uab.cat\/alma\/wp-content\/uploads\/sites\/158\/2021\/03\/00-jaume_segura-garcia.jpg\" alt=\"Jaume Segura Garc\u00eda\" width=\"180\" height=\"258\" srcset=\"https:\/\/webs.uab.cat\/alma\/wp-content\/uploads\/sites\/158\/2021\/03\/00-jaume_segura-garcia.jpg 250w, https:\/\/webs.uab.cat\/alma\/wp-content\/uploads\/sites\/158\/2021\/03\/00-jaume_segura-garcia-209x300.jpg 209w\" sizes=\"auto, (max-width: 180px) 100vw, 180px\" \/><\/span><\/span><\/td>\n<td valign=\"top\"><span style=\"font-family: verdana,geneva,sans-serif\"><span style=\"font-size: 16px\"><strong>HIPIS<\/strong><\/span><\/span><\/p>\n<p><span style=\"font-family: verdana,geneva,sans-serif\"><span style=\"font-size: 16px\"><strong>Jaume Segura Garcia<\/strong> recibiu os graos de licenciado e doutor en f\u00edsica aplicada da Universitat de Val\u00e8ncia, Valencia, Espa\u00f1a, en 1998 e 2003, respectivamente. Despois de completar o seu doutoramento, traballou no Instituto de Rob\u00f3tica da Universitat de Val\u00e8ncia, onde estivo involucrado en varios proxectos relacionados con sistemas ITS. Desde 2008 est\u00e1 no Departamento de Inform\u00e1tica da Universitat de Val\u00e8ncia, onde na actualidade \u00e9 Profesor Titular de Universidade. Ten sido investigador visitante en diferentes centros de investigaci\u00f3n europeos. \u00c9 coautor de m\u00e1is de 90 publicaci\u00f3ns en revistas nacionais e internacionais, cap\u00edtulos de libro e congresos. Ten participado como organizador e comit\u00e9 t\u00e9cnico en varias conferencias nacionais e internacionais, entre as que se incl\u00faen o &#8220;International Workshop on Virtual Acoustics (2011)&#8221;, en 9 convocatorias do Salento AVR, Tecniacustica 2015. \u00c9 membro da Sociedad Espa\u00f1ola de Ac\u00fastica e a European Acoustics Association.<\/span><\/span><\/p>\n<p><span style=\"font-family: verdana,geneva,sans-serif\"><span style=\"font-size: 16px\">Outros participantes da rede:\u00a0<strong>Mario Montagud, Rafael Fayos Jord\u00e1n, Juan Antonio De Rus<\/strong><\/span><\/span><\/td>\n<\/tr>\n<tr>\n<td valign=\"top\" width=\"200\"><span style=\"font-family: verdana,geneva,sans-serif\"><span style=\"font-size: 16px\"><img loading=\"lazy\" decoding=\"async\" class=\" size-full wp-image-76\" style=\"float: left\" src=\"https:\/\/webs.uab.cat\/alma\/wp-content\/uploads\/sites\/158\/2021\/03\/00-boronat.jpg\" alt=\"Fernando Boronat\" width=\"180\" height=\"258\" srcset=\"https:\/\/webs.uab.cat\/alma\/wp-content\/uploads\/sites\/158\/2021\/03\/00-boronat.jpg 250w, https:\/\/webs.uab.cat\/alma\/wp-content\/uploads\/sites\/158\/2021\/03\/00-boronat-209x300.jpg 209w\" sizes=\"auto, (max-width: 180px) 100vw, 180px\" \/><\/span><\/span><\/td>\n<td valign=\"top\"><span style=\"font-family: verdana,geneva,sans-serif\"><span style=\"font-size: 16px\"><strong>IIM<\/strong><\/span><\/span><\/p>\n<p><span style=\"font-family: verdana,geneva,sans-serif\"><span style=\"font-size: 16px\"><strong>Fernando Boronat Segu\u00ed<\/strong> \u00e9 o responsable do grupo IIM R&amp;D n Universitat Polit\u00e8cnica de Val\u00e8ncia (UPV). Acadou a licenciatura e o doutoramento en enxe\u00f1ar\u00eda de telecomunicaci\u00f3n en 1994 e 2014, respectivamente. Na actualidade, \u00e9 profesor titular no seu Departamento de Comunicaci\u00f3ns. Disp\u00f3n de ampla experiencia en investigaci\u00f3n e docencia en redes de comunicaci\u00f3ns, sistemas e protocolos multimedia, as\u00ed como sincronizaci\u00f3n multimedia. As s\u00faas \u00e1reas de investigaci\u00f3n principais son os sistemas e aplicaci\u00f3ns inmersivos e interactivos, mulsemedia e sincronizaci\u00f3n multimedia. \u00c9 autor de m\u00e1is de 100 artigos de investigaci\u00f3n, forma parte de varios TPC e \u00e9 revisor de numerosas revistas\/conferencias relevantes.<\/span><\/span><\/p>\n<p><span style=\"font-family: verdana,geneva,sans-serif\"><span style=\"font-size: 16px\">Outros participantes da rede:\u00a0<strong>Juan Gonz\u00e1lez Salinas, Fco. Javier Pastor Castillo, Almanzor Sapena Piera, Bernardino Roig Sala<\/strong><\/span><\/span><\/td>\n<\/tr>\n<tr>\n<td valign=\"top\" width=\"200\"><span style=\"font-family: verdana,geneva,sans-serif\"><span style=\"font-size: 16px\"><img loading=\"lazy\" decoding=\"async\" class=\" size-full wp-image-81\" style=\"float: left\" src=\"https:\/\/webs.uab.cat\/alma\/wp-content\/uploads\/sites\/158\/2021\/03\/00-anatamayo.jpg\" alt=\"Ana Tamayo\" width=\"180\" height=\"258\" srcset=\"https:\/\/webs.uab.cat\/alma\/wp-content\/uploads\/sites\/158\/2021\/03\/00-anatamayo.jpg 250w, https:\/\/webs.uab.cat\/alma\/wp-content\/uploads\/sites\/158\/2021\/03\/00-anatamayo-209x300.jpg 209w\" sizes=\"auto, (max-width: 180px) 100vw, 180px\" \/><\/span><\/span><\/td>\n<td valign=\"top\"><span style=\"font-family: verdana,geneva,sans-serif\"><span style=\"font-size: 16px\"><strong>TRALIMA\/ITZULIK<\/strong><\/span><\/span><\/p>\n<p><span style=\"font-family: verdana,geneva,sans-serif\"><span style=\"font-size: 16px\"><strong>Ana Tamayo<\/strong> \u00e9 profesora e investigador na Universidade do Pa\u00eds Vasco (EPV\/EHU) desde novembro de 2016. Licenciada en Traduci\u00f3n e Interpretaci\u00f3n pola Universidade Jaume I (UJI), M\u00e1ster en investigaci\u00f3n en Traduci\u00f3n e Interpretaci\u00f3n e doutora neste eido tam\u00e9n pola UJI. En 2015 defendeu a s\u00faa tese sobre subtitulado para nenos xordos. Realizou ademais unha estad\u00eda de investigaci\u00f3n de tres meses na universidade de Roehampton e outra como investigadora e docente invitada na Universidade C\u00e9sar Vallejo (Per\u00fa). Actualmente \u00e9 membro do grupo TRALIMA\/ITZULIK (UPV\/EHU) e colabora con outros grupos do mesmo eido.\u00a0Os seus intereses investigadores c\u00e9ntranse na traduci\u00f3n audiovisual e a accesibilidade en diferentes modalidades. Inter\u00e9salle especialmente contribu\u00edr \u00e1 investigaci\u00f3n sobre produci\u00f3n audiovisual accesible, subtitulaci\u00f3n para xordos e lingua de signos.<\/span><\/span><\/p>\n<p><span style=\"font-family: verdana,geneva,sans-serif\"><span style=\"font-size: 16px\">Outros participantes da rede:\u00a0<strong>Elizabete Manterola, Mar\u00eda P\u00e9rez L. de Heredia<\/strong><\/span><\/span><\/td>\n<\/tr>\n<tr>\n<td valign=\"top\" width=\"200\"><img loading=\"lazy\" decoding=\"async\" class=\" size-full wp-image-86\" style=\"float: left\" src=\"https:\/\/webs.uab.cat\/alma\/wp-content\/uploads\/sites\/158\/2021\/03\/00-anna.jpg\" alt=\"Anna Matamala\" width=\"180\" height=\"258\" srcset=\"https:\/\/webs.uab.cat\/alma\/wp-content\/uploads\/sites\/158\/2021\/03\/00-anna.jpg 250w, https:\/\/webs.uab.cat\/alma\/wp-content\/uploads\/sites\/158\/2021\/03\/00-anna-209x300.jpg 209w\" sizes=\"auto, (max-width: 180px) 100vw, 180px\" \/><\/td>\n<td valign=\"top\"><span style=\"font-family: verdana,geneva,sans-serif\"><span style=\"font-size: 16px\"><strong>TRANSMEDIA CATALONIA<\/strong><\/span><\/span><\/p>\n<p><span style=\"font-family: verdana,geneva,sans-serif\"><span style=\"font-size: 16px\"><strong>Anna Matamala<\/strong> participa na rede ALMA como representante de TransMedia Catalonia, grupo que dirixe na Universidade Aut\u00f3noma de Barcelona, na que \u00e9 profesora titular. Licenciada en Traduci\u00f3n pola UAB e doutora en Ling\u00fc\u00edstica aplicada pola UPF, ten dirixido e participado en m\u00faltiples proxectos sobre traduci\u00f3n audiovisual e accesibilidade aos medios. Tam\u00e9n participa activamente en comit\u00e9s de normalizaci\u00f3n. Atoparedes unha listaxe de proxectos e publicaci\u00f3ns na s\u00faa <a href=\"https:\/\/webs.uab.cat\/amatamala\/\" target=\"_blank\" rel=\"noopener\">web<\/a>. De entre as s\u00faas publicaci\u00f3ns recentes destacariamos <a href=\"https:\/\/lafinestralectora.cat\/accessibilitat-i-traduccio-audiovisual\" target=\"_blank\" rel=\"noopener\">&#8220;Accessibilitat i traducci\u00f3 audiovisual&#8221;<\/a>, publicado por Eumo.<\/span><\/span><\/p>\n<p><span style=\"font-family: verdana,geneva,sans-serif\"><span style=\"font-size: 16px\">Outros participantes da rede:\u00a0<strong>Pilar Orero, Estel\u00b7la Oncins, Miquel Edo, Helena Casas<\/strong><\/span><\/span><\/td>\n<\/tr>\n<\/tbody>\n<\/table>\n","protected":false},"excerpt":{"rendered":"<p>NOR Josu Amezaga Albizu \u00e9 Profesor Pleno na Universidade do Pa\u00eds Vasco \/ Euskal Herriko Unibersitatea e participa na rede ALMA como investigador principal do Grupo NOR. Doutor en Sociolox\u00eda pola UPV\/EHU. Ten realizado e participado en numerosas publicaci\u00f3ns e investigaci\u00f3ns sobre a relaci\u00f3n entre comunicaci\u00f3n, identidade e lingua, especialmente en relaci\u00f3n coas linguas minorizadas [&hellip;]<\/p>\n","protected":false},"author":20,"featured_media":0,"parent":0,"menu_order":0,"comment_status":"closed","ping_status":"closed","template":"","meta":{"footnotes":""},"class_list":["post-102","page","type-page","status-publish","hentry"],"_links":{"self":[{"href":"https:\/\/webs.uab.cat\/alma\/gl\/wp-json\/wp\/v2\/pages\/102","targetHints":{"allow":["GET"]}}],"collection":[{"href":"https:\/\/webs.uab.cat\/alma\/gl\/wp-json\/wp\/v2\/pages"}],"about":[{"href":"https:\/\/webs.uab.cat\/alma\/gl\/wp-json\/wp\/v2\/types\/page"}],"author":[{"embeddable":true,"href":"https:\/\/webs.uab.cat\/alma\/gl\/wp-json\/wp\/v2\/users\/20"}],"replies":[{"embeddable":true,"href":"https:\/\/webs.uab.cat\/alma\/gl\/wp-json\/wp\/v2\/comments?post=102"}],"version-history":[{"count":1,"href":"https:\/\/webs.uab.cat\/alma\/gl\/wp-json\/wp\/v2\/pages\/102\/revisions"}],"predecessor-version":[{"id":316,"href":"https:\/\/webs.uab.cat\/alma\/gl\/wp-json\/wp\/v2\/pages\/102\/revisions\/316"}],"wp:attachment":[{"href":"https:\/\/webs.uab.cat\/alma\/gl\/wp-json\/wp\/v2\/media?parent=102"}],"curies":[{"name":"wp","href":"https:\/\/api.w.org\/{rel}","templated":true}]}}