{"id":104,"date":"2021-03-08T12:53:55","date_gmt":"2021-03-08T12:53:55","guid":{"rendered":"https:\/\/webs.uab.cat\/alma\/resultados\/"},"modified":"2022-09-28T07:48:11","modified_gmt":"2022-09-28T07:48:11","slug":"resultados","status":"publish","type":"page","link":"https:\/\/webs.uab.cat\/alma\/gl\/resultados\/","title":{"rendered":"Resultados"},"content":{"rendered":"<p>\u200b<\/p>\n<ul>\n<li><span style=\"font-family: verdana,geneva,sans-serif\"><span style=\"font-size: 16px\">Seminario para presentar os resultados de proxectos europeos sobre accesibilidade: aplicaci\u00f3n <a href=\"https:\/\/kalliopesuite.com\/\">Kalliop\u00e9<\/a>, de La Fura des Baus; e o proxecto <a href=\"https:\/\/www.ccma.cat\/easytv\/\">Easy TV<\/a>, dirixido pola CCMA.<\/span><\/span><\/li>\n<li><span style=\"font-family: verdana,geneva,sans-serif\"><span style=\"font-size: 16px\">Ampliaci\u00f3n de entradas na base de datos <a href=\"https:\/\/mapaccess.uab.cat\/\" target=\"_blank\" rel=\"noopener\">MAP<\/a>, que conta cunha rede internacional de colaboradores.<\/span><\/span><\/li>\n<li><span style=\"font-family: verdana,geneva,sans-serif\"><span style=\"font-size: 16px\">Desenvolvemento dunha aplicaci\u00f3n para a detecci\u00f3n autom\u00e1tica de subt\u00edtulos en TV iniciada previamente na UPV, inclu\u00edndo varias melloras que foron identificadas polos grupos que compo\u00f1en a rede e que ser\u00e1n moi \u00fatiles na s\u00faa investigaci\u00f3n sobre subtitulaci\u00f3n de linguas minorizadas.<\/span><\/span><\/li>\n<li><span style=\"font-family: verdana,geneva,sans-serif\"><span style=\"font-size: 16px\">Participaci\u00f3n en actividades de normalizaci\u00f3n en ISO, UIT, ANEC e W3C. Participantes: Pilar Orero, Estel\u00b7la Oncins, Anna Matamala.<\/span><\/span><\/li>\n<li><span style=\"font-family: verdana,geneva,sans-serif\"><span style=\"font-size: 16px\">Inclusi\u00f3n de novas relacionadas coa accesibilidade na web: <a href=\"https:\/\/mapaccess.uab.cat\/news\" target=\"_blank\" rel=\"noopener\">https:\/\/mapaccess.uab.cat\/news<\/a><\/span><\/span><\/li>\n<\/ul>\n","protected":false},"excerpt":{"rendered":"<p>\u200b Seminario para presentar os resultados de proxectos europeos sobre accesibilidade: aplicaci\u00f3n Kalliop\u00e9, de La Fura des Baus; e o proxecto Easy TV, dirixido pola CCMA. Ampliaci\u00f3n de entradas na base de datos MAP, que conta cunha rede internacional de colaboradores. Desenvolvemento dunha aplicaci\u00f3n para a detecci\u00f3n autom\u00e1tica de subt\u00edtulos en TV iniciada previamente na [&hellip;]<\/p>\n","protected":false},"author":20,"featured_media":0,"parent":0,"menu_order":0,"comment_status":"closed","ping_status":"closed","template":"","meta":{"footnotes":""},"class_list":["post-104","page","type-page","status-publish","hentry"],"_links":{"self":[{"href":"https:\/\/webs.uab.cat\/alma\/gl\/wp-json\/wp\/v2\/pages\/104","targetHints":{"allow":["GET"]}}],"collection":[{"href":"https:\/\/webs.uab.cat\/alma\/gl\/wp-json\/wp\/v2\/pages"}],"about":[{"href":"https:\/\/webs.uab.cat\/alma\/gl\/wp-json\/wp\/v2\/types\/page"}],"author":[{"embeddable":true,"href":"https:\/\/webs.uab.cat\/alma\/gl\/wp-json\/wp\/v2\/users\/20"}],"replies":[{"embeddable":true,"href":"https:\/\/webs.uab.cat\/alma\/gl\/wp-json\/wp\/v2\/comments?post=104"}],"version-history":[{"count":2,"href":"https:\/\/webs.uab.cat\/alma\/gl\/wp-json\/wp\/v2\/pages\/104\/revisions"}],"predecessor-version":[{"id":324,"href":"https:\/\/webs.uab.cat\/alma\/gl\/wp-json\/wp\/v2\/pages\/104\/revisions\/324"}],"wp:attachment":[{"href":"https:\/\/webs.uab.cat\/alma\/gl\/wp-json\/wp\/v2\/media?parent=104"}],"curies":[{"name":"wp","href":"https:\/\/api.w.org\/{rel}","templated":true}]}}