{"id":39,"date":"2016-01-19T13:43:45","date_gmt":"2016-01-19T13:43:45","guid":{"rendered":"https:\/\/webs.uab.cat\/alma\/inici\/"},"modified":"2022-09-28T07:35:33","modified_gmt":"2022-09-28T07:35:33","slug":"inici","status":"publish","type":"page","link":"https:\/\/webs.uab.cat\/alma\/","title":{"rendered":"La xarxa ALMA"},"content":{"rendered":"\n<p><span style=\"font-size: 16px\"><span style=\"font-family: verdana,geneva,sans-serif\">ALMA (Accessibilitat i Lleng\u00fces Minorit\u00e0ries en els Mitjans Audiovisuals) \u00e9s una xarxa d&#8217;excel\u00b7l\u00e8ncia que aglutina grups de recerca interessats en l&#8217;accessibilitat als mitjans en lleng\u00fces no hegem\u00f2niques.<\/span><\/span><\/p>\n\n\n\n<figure class=\"wp-block-image\"><img loading=\"lazy\" decoding=\"async\" width=\"800\" height=\"445\" src=\"https:\/\/webs.uab.cat\/alma\/wp-content\/uploads\/sites\/158\/2016\/01\/img-9008-marcelo_aurelio.jpg\" alt=\"img-9008-marcelo_aurelio.jpg\" class=\"wp-image-29\" srcset=\"https:\/\/webs.uab.cat\/alma\/wp-content\/uploads\/sites\/158\/2016\/01\/img-9008-marcelo_aurelio.jpg 800w, https:\/\/webs.uab.cat\/alma\/wp-content\/uploads\/sites\/158\/2016\/01\/img-9008-marcelo_aurelio-300x167.jpg 300w, https:\/\/webs.uab.cat\/alma\/wp-content\/uploads\/sites\/158\/2016\/01\/img-9008-marcelo_aurelio-768x427.jpg 768w\" sizes=\"auto, (max-width: 800px) 100vw, 800px\" \/><\/figure>\n\n\n\n<p><\/p>\n\n\n\n<p><span style=\"font-size: 16px\"><span style=\"font-family: verdana,geneva,sans-serif\">Els grups d&#8217;investigaci\u00f3 que hi participen s\u00f3n:<\/span><\/span><\/p>\n\n\n\n<ul class=\"wp-block-list\"><li><span style=\"font-size: 16px\"><span style=\"font-family: verdana,geneva,sans-serif\"><a href=\"https:\/\/galmaobservatory.webs.uvigo.es\/\">GALMA<\/a><\/span><\/span><\/li><li><span style=\"font-size: 16px\"><span style=\"font-family: verdana,geneva,sans-serif\"><a rel=\"noopener\" href=\"https:\/\/estudosaudiovisuais.org\/es\/inicio-3\/\" target=\"_blank\">Grupo de Estudos Audiovisuais<\/a>&nbsp;<\/span><\/span><\/li><li><span style=\"font-size: 16px\"><span style=\"font-family: verdana,geneva,sans-serif\"><a rel=\"noopener\" href=\"https:\/\/www.uv.es\/uvweb\/servicio-investigacion\/es\/ingenieria-arquitectura\/grupo-1285949714051.html?p2=GIUV2013-070\" target=\"_blank\">HIPIS<\/a><\/span><\/span><\/li><li><span style=\"font-size: 16px\"><span style=\"font-family: verdana,geneva,sans-serif\"><a href=\"https:\/\/iim.webs.upv.es\/\">IIM R&amp;D&nbsp;Group&nbsp;<\/a><\/span><\/span><\/li><li><span style=\"font-size: 16px\"><span style=\"font-family: verdana,geneva,sans-serif\"><a rel=\"noreferrer noopener\" href=\"https:\/\/nortaldea.eus\/\" target=\"_blank\">NOR Ikerketa Ta<\/a><a rel=\"noopener\" href=\"http:\/\/www.nortaldea.eus\/es\/\" target=\"_blank\">ldea<\/a>&nbsp;<\/span><\/span><\/li><li><span style=\"font-size: 16px\"><span style=\"font-family: verdana,geneva,sans-serif\"><a rel=\"noopener\" href=\"https:\/\/www.ehu.eus\/es\/web\/tralimaitzulik\/home\" target=\"_blank\">TRALIMA\/ITZULIK<\/a>&nbsp;<\/span><\/span><\/li><li><span style=\"font-size: 16px\"><span style=\"font-family: verdana,geneva,sans-serif\"><a rel=\"noopener\" href=\"https:\/\/grupsderecerca.uab.cat\/transmedia\/\" target=\"_blank\">TransMedia Catalonia<\/a><\/span><\/span><\/li><\/ul>\n\n\n\n<p><span style=\"font-size: 16px\"><span style=\"font-family: verdana,geneva,sans-serif\">ALMA \u00e9s una xarxa tem\u00e0tica finan\u00e7ada pel Ministerio de Ciencia, Innovaci\u00f3n y Universidades, amb el codi RED2018-102475-T, durant el per\u00edode 2020-2021. La lidera Josu Amezaga, de la Universitat del Pa\u00eds Basc.<\/span><\/span><\/p>\n\n\n\n<p>&nbsp;<\/p>\n\n\n\n<figure class=\"wp-block-image\"><img loading=\"lazy\" decoding=\"async\" width=\"800\" height=\"155\" src=\"https:\/\/webs.uab.cat\/alma\/wp-content\/uploads\/sites\/158\/2016\/01\/micinn_gob_web_aei_2.jpeg\" alt=\"Logo Ministerio de Ciencia e Innovaci\u00f3n. Gobierno de Espa\u00f1a. Agencia Estatal de Investigaci\u00f3n\" class=\"wp-image-34\" srcset=\"https:\/\/webs.uab.cat\/alma\/wp-content\/uploads\/sites\/158\/2016\/01\/micinn_gob_web_aei_2.jpeg 800w, https:\/\/webs.uab.cat\/alma\/wp-content\/uploads\/sites\/158\/2016\/01\/micinn_gob_web_aei_2-300x58.jpeg 300w, https:\/\/webs.uab.cat\/alma\/wp-content\/uploads\/sites\/158\/2016\/01\/micinn_gob_web_aei_2-768x149.jpeg 768w\" sizes=\"auto, (max-width: 800px) 100vw, 800px\" \/><\/figure>\n\n\n\n<p class=\"has-text-align-center\"><\/p>\n","protected":false},"excerpt":{"rendered":"<p>ALMA (Accessibilitat i Lleng\u00fces Minorit\u00e0ries en els Mitjans Audiovisuals) \u00e9s una xarxa d&#8217;excel\u00b7l\u00e8ncia que aglutina grups de recerca interessats en l&#8217;accessibilitat als mitjans en lleng\u00fces no hegem\u00f2niques. Els grups d&#8217;investigaci\u00f3 que hi participen s\u00f3n: GALMA Grupo de Estudos Audiovisuais&nbsp; HIPIS IIM R&amp;D&nbsp;Group&nbsp; NOR Ikerketa Taldea&nbsp; TRALIMA\/ITZULIK&nbsp; TransMedia Catalonia ALMA \u00e9s una xarxa tem\u00e0tica finan\u00e7ada pel [&hellip;]<\/p>\n","protected":false},"author":20,"featured_media":0,"parent":0,"menu_order":0,"comment_status":"closed","ping_status":"closed","template":"","meta":{"footnotes":""},"class_list":["post-39","page","type-page","status-publish","hentry"],"_links":{"self":[{"href":"https:\/\/webs.uab.cat\/alma\/wp-json\/wp\/v2\/pages\/39","targetHints":{"allow":["GET"]}}],"collection":[{"href":"https:\/\/webs.uab.cat\/alma\/wp-json\/wp\/v2\/pages"}],"about":[{"href":"https:\/\/webs.uab.cat\/alma\/wp-json\/wp\/v2\/types\/page"}],"author":[{"embeddable":true,"href":"https:\/\/webs.uab.cat\/alma\/wp-json\/wp\/v2\/users\/20"}],"replies":[{"embeddable":true,"href":"https:\/\/webs.uab.cat\/alma\/wp-json\/wp\/v2\/comments?post=39"}],"version-history":[{"count":4,"href":"https:\/\/webs.uab.cat\/alma\/wp-json\/wp\/v2\/pages\/39\/revisions"}],"predecessor-version":[{"id":306,"href":"https:\/\/webs.uab.cat\/alma\/wp-json\/wp\/v2\/pages\/39\/revisions\/306"}],"wp:attachment":[{"href":"https:\/\/webs.uab.cat\/alma\/wp-json\/wp\/v2\/media?parent=39"}],"curies":[{"name":"wp","href":"https:\/\/api.w.org\/{rel}","templated":true}]}}