{"id":52,"date":"2021-03-08T12:50:01","date_gmt":"2021-03-08T12:50:01","guid":{"rendered":"https:\/\/webs.uab.cat\/alma\/objectius\/"},"modified":"2021-03-08T12:50:01","modified_gmt":"2021-03-08T12:50:01","slug":"objectius","status":"publish","type":"page","link":"https:\/\/webs.uab.cat\/alma\/objectius\/","title":{"rendered":"Objectius"},"content":{"rendered":"<ul>\n<li>\n<p><span style=\"font-family:verdana,geneva,sans-serif;\"><span style=\"font-size:16px;\">Constituir-se com a refer\u00e8ncia de la recerca en accessibilitat als mitjans i, especialment, en lleng\u00fces minorit\u00e0ries, tant a nivell t\u00e8cnic com d&#8217;aplicaci\u00f3.<\/span><\/span><\/p>\n<\/li>\n<li>\n<p><span style=\"font-family:verdana,geneva,sans-serif;\"><span style=\"font-size:16px;\">Agrupar els principals agents interessats en la investigaci\u00f3 en l&#8217;accessibilitat i la seva aplicaci\u00f3 en sectors transversals de comunicaci\u00f3.<\/span><\/span><\/p>\n<\/li>\n<li>\n<p><span style=\"font-family:verdana,geneva,sans-serif;\"><span style=\"font-size:16px;\">Continuar amb el desenvolupament del repositori MAP (Media Accessibility Platform), creat en el marc del projecte europeu MAP: Media Accessibility Platform for the European Digital Single Market (COMM \/ MAD \/ 2016\/04).<\/span><\/span><\/p>\n<\/li>\n<li>\n<p><span style=\"font-family:verdana,geneva,sans-serif;\"><span style=\"font-size:16px;\">Promoure la connectivitat i col\u00b7laboraci\u00f3 entre investigadors, comen\u00e7ant pels membres que la componen inicialment (i els grups de recerca que representen) i altres investigadors que es vagin unint a la xarxa en el futur.<\/span><\/span><\/p>\n<\/li>\n<li>\n<p><span style=\"font-family:verdana,geneva,sans-serif;\"><span style=\"font-size:16px;\">Identificar les necessitats, fortaleses, debilitats i oportunitats pel que fa a la recerca en accessibilitat als mitjans, aix\u00ed com problemes \u00e8tics que es puguin derivar de la recerca en aquest camp.<\/span><\/span><\/p>\n<\/li>\n<li>\n<p><span style=\"font-family:verdana,geneva,sans-serif;\"><span style=\"font-size:16px;\">Ajudar a consolidar com a grups de recerca tots els nodes, i, especialment, joves investigadors<\/span><\/span><\/p>\n<\/li>\n<li>\n<p><span style=\"font-family:verdana,geneva,sans-serif;\"><span style=\"font-size:16px;\">Consolidar els resultats de les investigacions anteriors dels grups de recerca<\/span><\/span><\/p>\n<\/li>\n<li>\n<p><span style=\"font-family:verdana,geneva,sans-serif;\"><span style=\"font-size:16px;\">Facilitar l&#8217;intercanvi i les estades de recerca, tant als IP dels grups com als investigadors de la xarxa. Servir de pont per establir relacions amb la finalitat de sol\u00b7licitar projectes d\u2019I+D+I, tant estatals com internacionals.<\/span><\/span><\/p>\n<\/li>\n<li>\n<p><span style=\"font-family:verdana,geneva,sans-serif;\"><span style=\"font-size:16px;\">Convertir-se en interlocutor amb les ag\u00e8ncies d&#8217;estandarditzaci\u00f3, per transferir els resultats de la recerca.&nbsp; Convertir-se en interlocutor amb la ind\u00fastria de broadcast i accessibilitat a Espanya.<\/span><\/span><\/p>\n<\/li>\n<li>\n<p><span style=\"font-family:verdana,geneva,sans-serif;\"><span style=\"font-size:16px;\">Canalitzar, mitjan\u00e7ant MAP, les not\u00edcies i aven\u00e7os relacionades amb l&#8217;accessibilitat als mitjans a escala mundial, especialment relacionats&nbsp; amb lleng\u00fces minorit\u00e0ries. Aconseguir un reconeixement p\u00fablic i institucional m\u00e9s gran per a aquest camp, en l\u00ednia amb la seva rellev\u00e0ncia i el seu impacte social i econ\u00f2mic.<\/span><\/span><\/p>\n<\/li>\n<\/ul>\n","protected":false},"excerpt":{"rendered":"<p>Constituir-se com a refer\u00e8ncia de la recerca en accessibilitat als mitjans i, especialment, en lleng\u00fces minorit\u00e0ries, tant a nivell t\u00e8cnic com d&#8217;aplicaci\u00f3. Agrupar els principals agents interessats en la investigaci\u00f3 en l&#8217;accessibilitat i la seva aplicaci\u00f3 en sectors transversals de comunicaci\u00f3. Continuar amb el desenvolupament del repositori MAP (Media Accessibility Platform), creat en el marc [&hellip;]<\/p>\n","protected":false},"author":20,"featured_media":0,"parent":0,"menu_order":0,"comment_status":"closed","ping_status":"closed","template":"","meta":{"footnotes":""},"class_list":["post-52","page","type-page","status-publish","hentry"],"_links":{"self":[{"href":"https:\/\/webs.uab.cat\/alma\/wp-json\/wp\/v2\/pages\/52","targetHints":{"allow":["GET"]}}],"collection":[{"href":"https:\/\/webs.uab.cat\/alma\/wp-json\/wp\/v2\/pages"}],"about":[{"href":"https:\/\/webs.uab.cat\/alma\/wp-json\/wp\/v2\/types\/page"}],"author":[{"embeddable":true,"href":"https:\/\/webs.uab.cat\/alma\/wp-json\/wp\/v2\/users\/20"}],"replies":[{"embeddable":true,"href":"https:\/\/webs.uab.cat\/alma\/wp-json\/wp\/v2\/comments?post=52"}],"version-history":[{"count":0,"href":"https:\/\/webs.uab.cat\/alma\/wp-json\/wp\/v2\/pages\/52\/revisions"}],"wp:attachment":[{"href":"https:\/\/webs.uab.cat\/alma\/wp-json\/wp\/v2\/media?parent=52"}],"curies":[{"name":"wp","href":"https:\/\/api.w.org\/{rel}","templated":true}]}}