{"id":88,"date":"2021-03-08T12:51:39","date_gmt":"2021-03-08T12:51:39","guid":{"rendered":"https:\/\/webs.uab.cat\/alma\/participants\/"},"modified":"2022-09-28T07:42:23","modified_gmt":"2022-09-28T07:42:23","slug":"participants","status":"publish","type":"page","link":"https:\/\/webs.uab.cat\/alma\/participants\/","title":{"rendered":"Participants"},"content":{"rendered":"\n<div class=\"wp-block-media-text is-stacked-on-mobile is-vertically-aligned-top\" style=\"grid-template-columns:25% auto\"><figure class=\"wp-block-media-text__media\"><img decoding=\"async\" src=\"https:\/\/webs.uab.cat\/alma\/wp-content\/uploads\/sites\/158\/2021\/03\/00-josu.jpg\" alt=\"Josu Amezaga Albizu\" \/><\/figure><div class=\"wp-block-media-text__content\">\n<p><strong>NOR<\/strong><\/p>\n\n\n\n<p><strong>Josu Amezaga Albizu<\/strong> \u00e9s Professor Ple a la Universitat del Pa\u00eds Basc \/ Euskal Herriko Unibertsitatea i participa a la xarxa ALMA com a investigador principal del Grup NOR. Doctor en Sociologia per la UPV \/ EHU. Ha realitzat i participat en nombroses publicacions i investigacions a l&#8217;entorn de la relaci\u00f3 entre comunicaci\u00f3, identitat i llengua, especialment en relaci\u00f3 amb lleng\u00fces minoritzades (regionals o de la immigraci\u00f3). Ha realitzat estades d&#8217;investigaci\u00f3 a la Victoria University of Technology i Charles Sturt University (Austr\u00e0lia), aix\u00ed com a la Universitat de Glasgow.<\/p>\n\n\n\n<p>Altres participants de la xarxa:<strong>Marijo Deogracias, Patxi Azpillaga<\/strong><\/p>\n<\/div><\/div>\n\n\n\n<div class=\"wp-block-media-text is-stacked-on-mobile is-vertically-aligned-top\" style=\"grid-template-columns:25% auto\"><figure class=\"wp-block-media-text__media\"><img decoding=\"async\" src=\"https:\/\/webs.uab.cat\/alma\/wp-content\/uploads\/sites\/158\/2021\/03\/00-pablo-romero-fresco.jpg\" alt=\"Pablo Romero Fresco\" \/><\/figure><div class=\"wp-block-media-text__content\">\n<p><strong>GALMA<\/strong><\/p>\n\n\n\n<p><strong>Pablo Romero Fresco<\/strong> \u00e9s investigador Ram\u00f3n y Cajal a la Universitat de Vigo i Honorary Professor of Translation and Filmmaking a la Universitat de Roehampton. \u00c9s autor de les monografies Accessible Filmmaking (Routledge) i Subtitling through Speech Recognition: respeaking (Routledge). \u00c9s membre del comit\u00e8 editorial de Journal of Audiovisual Translation i director del grup de recerca Galma (Galician Observatory for Media Access), amb el qual lidera en l&#8217;actualitat diversos projectes de recerca sobre accessibilitat als mitjans (com ILSA, finan\u00e7at per la Comissi\u00f3 Europea ). Pablo \u00e9s tamb\u00e9 director de cinema. El seu primer documental, Joining the Dots (2012), va ser estrenat al 69 Festival de Cinema de Ven\u00e8cia i l&#8217;han fet servir Netflix i escoles de cinema de diversos pa\u00efsos europeus per augmentar la visibilitat de l&#8217;audiodescripci\u00f3.<\/p>\n\n\n\n<p>Altres participants de la xarxa:&nbsp;<strong>Ana Pereira, Lourdes Lorenzo, Luis Alonso<\/strong><\/p>\n<\/div><\/div>\n\n\n\n<div class=\"wp-block-media-text is-stacked-on-mobile is-vertically-aligned-top\" style=\"grid-template-columns:25% auto\"><figure class=\"wp-block-media-text__media\"><img decoding=\"async\" src=\"https:\/\/webs.uab.cat\/alma\/wp-content\/uploads\/sites\/158\/2021\/03\/00-enrique_castello_mayo_gea.jpg\" alt=\"Enrique Castell\u00f3 Mayo\" \/><\/figure><div class=\"wp-block-media-text__content\">\n<p><strong>GEA<\/strong><\/p>\n\n\n\n<p><strong>Enrique Castell\u00f3 Mayo<\/strong>. Professor Titular de Comunicaci\u00f3 Audiovisual i Publicitat de la Universitat de Santiago de Compostel\u00b7la. Investigador del Grup d&#8217;Estudos Audiovisuais (GI-1786). Tres sexennis d&#8217;investigaci\u00f3 CNEAI. IP de 2 projectes I+D+I competitius (estatal i europeu) i de 7 Contractes d&#8217;I + D + I no competitius. Expert avaluador de l&#8217;AEI. Autor de 2 registres de programari: 03\/2019\/202 &#8220;Virtual TV Set Light Analyzer&#8221; i 03\/2018\/1113 &#8220;Virtual TV Set Sensor Middleware&#8221;. Coordinador del Grup d&#8217;Investigaci\u00f3 Docent COMVIRTINDO (COMunicaci\u00f3 VIRrtual per a la INnovaci\u00f3 DOcent, GID 92 &#8211; USC).<\/p>\n\n\n\n<p>Altres participants de la xarxa:&nbsp;<strong>Margarita Ledo Andi\u00f3n, Silvia Roca Baamonde<\/strong><\/p>\n<\/div><\/div>\n\n\n\n<div class=\"wp-block-media-text is-stacked-on-mobile is-vertically-aligned-top\" style=\"grid-template-columns:25% auto\"><figure class=\"wp-block-media-text__media\"><img decoding=\"async\" src=\"https:\/\/webs.uab.cat\/alma\/wp-content\/uploads\/sites\/158\/2021\/03\/00-jaume_segura-garcia.jpg\" alt=\"Jaume Segura Garc\u00eda\" \/><\/figure><div class=\"wp-block-media-text__content\">\n<p><strong>HIPIS<\/strong><\/p>\n\n\n\n<p><strong>Jaume Segura Garcia<\/strong> aa rebre els graus de llicenciat i doctorat en f\u00edsica aplicada de la Universitat de Val\u00e8ncia, Valencia, Spain, en 1998 i 2003, respectament. Despr\u00e9s de completar el seu doctorat, treball\u00e0 en l&#8217;Institut de Rob\u00f2tica de la Universitat de Val\u00e8ncia, on estigu\u00e9 involucrat en diversos projectes relacionats amb sistemas ITS. Des de 2008, est\u00e0 al Department d&#8217;Inform\u00e0tica de la Universitat de Val\u00e8ncia, on actualment \u00e9s professor titular d&#8217;universitat. Ha sigut investigador visitant en diferents centres d&#8217;investigaci\u00f3 europeus. \u00c9s co-autor de m\u00e9s de 90 publicacions en revistes nacionals i internacionals, cap\u00edtols de llibre i congressos. Ha participat com a organitzador i comit\u00e9 t\u00e9cnic en diverses confer\u00e8ncias nacionals i internacionals, incloent l'&#8221;International Workshop on Virtual Acoustics (2011)&#8221;, en 9 convocat\u00f2ries del Salento AVR, i Tecniacustica 2015. \u00c9s membre de la Societat Espanyola d&#8217;Ac\u00fastica i la European Acoustics Association.<\/p>\n\n\n\n<p>Altres participants de la xarxa:&nbsp;<strong>Mario Montagud, Rafael Fayos Jord\u00e1n, Juan Antonio De Rus<\/strong><\/p>\n<\/div><\/div>\n\n\n\n<div class=\"wp-block-media-text is-stacked-on-mobile is-vertically-aligned-top\" style=\"grid-template-columns:25% auto\"><figure class=\"wp-block-media-text__media\"><img decoding=\"async\" src=\"https:\/\/webs.uab.cat\/alma\/wp-content\/uploads\/sites\/158\/2021\/03\/00-boronat.jpg\" alt=\"Fernando Boronat\" \/><\/figure><div class=\"wp-block-media-text__content\">\n<p><strong>IIM<\/strong><\/p>\n\n\n\n<p><strong>Fernando Boronat<\/strong>&nbsp;<strong>Segu\u00ed<\/strong>&nbsp;\u00e9s el responsable del grup IIM R&amp;D en la Universitat Politecnica de Val\u00e8ncia (UPV).&nbsp; Va obtindre la seua llicenciatura i el doctorat en enginyeria de telecomunicaci\u00f3 en 1994 y 2014, respectivament. Actualment, \u00e9s professor titular en el seu Departament de Comunicacions. Disposa d&#8217;\u00e0mplia experi\u00e8ncia en recerca i doc\u00e8ncia en xarxes de comunicacions, sistemes i protocols&nbsp; multim\u00e8dia, i sincronitzaci\u00f3 multim\u00e8dia. Les seues principals \u00e0rees de recerca s\u00f3n els sistemes i aplicacions immersius e interactius, mulsemedia i sincronitzaci\u00f3 multim\u00e8dia. \u00c9s autor de m\u00e9s de 100 articles de recerca, forma part de varis TPC y \u00e9s revisor de nombroses revistes\/confer\u00e8ncies rellevants.<\/p>\n\n\n\n<p>Altres participants de la xarxa:&nbsp;<strong>Juan Gonz\u00e1lez Salinas, Fco. Javier Pastor Castillo, Almanzor Sapena Piera, Bernardino Roig Sala<\/strong><\/p>\n<\/div><\/div>\n\n\n\n<div class=\"wp-block-media-text is-stacked-on-mobile is-vertically-aligned-top\" style=\"grid-template-columns:25% auto\"><figure class=\"wp-block-media-text__media\"><img decoding=\"async\" src=\"https:\/\/webs.uab.cat\/alma\/wp-content\/uploads\/sites\/158\/2021\/03\/00-anatamayo.jpg\" alt=\"Ana Tamayo\" \/><\/figure><div class=\"wp-block-media-text__content\">\n<p><strong>TRALIMA\/ITZULIK<\/strong><\/p>\n\n\n\n<p><strong>Ana Tamayo<\/strong> \u00e9s professora i investigadora a la Universitat del Pa\u00eds Basc (UPV \/ EHU) des de novembre de 2016. Llicenciada en Traducci\u00f3 i Interpretaci\u00f3 per l&#8217;UJI, M\u00e0ster en recerca en Traducci\u00f3 i Interpretaci\u00f3 i doctora en aquest mateix \u00e0mbit tamb\u00e9 per l&#8217;UJI. El 2015 va defensar la seva tesi sobre subtitulaci\u00f3 per a nens sords. A aix\u00f2 s&#8217;hi suma una estada d&#8217;investigaci\u00f3 de tres mesos a la universitat de Roehampton i una altra com a investigadora i docent convidada a la Universitat C\u00e9sar Vallejo (Per\u00fa). Actualment \u00e9s membre del grup TRALIMA \/ ITZULIK (UPV \/ EHU) i col\u00b7labora amb altres grups del mateix \u00e0mbit. Els seus interessos investigadors se centren en la traducci\u00f3 audiovisual i accessibilitat en diferents modalitats, amb un \u00e8mfasi especial en la producci\u00f3 audiovisual accessible, subtitulaci\u00f3 per a sords i llengua de signes.<\/p>\n\n\n\n<p>Altres participants de la xarxa:&nbsp;<strong>Elizabete Manterola y Mar\u00eda P\u00e9rez L. de Heredia<\/strong><\/p>\n<\/div><\/div>\n\n\n\n<div class=\"wp-block-media-text is-stacked-on-mobile is-vertically-aligned-top\" style=\"grid-template-columns:25% auto\"><figure class=\"wp-block-media-text__media\"><img decoding=\"async\" src=\"https:\/\/webs.uab.cat\/alma\/wp-content\/uploads\/sites\/158\/2021\/03\/00-anna.jpg\" alt=\"Anna Matamala\" \/><\/figure><div class=\"wp-block-media-text__content\">\n<p><strong>TRANSMEDIA CATALONIA<\/strong><\/p>\n\n\n\n<p><strong>Anna Matamala<\/strong> participa en la xarxa ALMA com a representant de TransMedia Catalonia, grup que lidera a la Universitat Aut\u00f2noma de Barcelona, on \u00e9s professora titular. Llicenciada en Traducci\u00f3 per la UAB i doctora en Ling\u00fc\u00edstica Aplicada per la UPF, ha liderat i participat en m\u00faltiples projectes sobre traducci\u00f3 audiovisual i accessibilitat als mitjans. Tamb\u00e9 participa activament en comit\u00e8s d&#8217;estandarditzaci\u00f3. Trobareu una llista de projectes i publicacions al seu <a href=\"https:\/\/webs.uab.cat\/amatamala\/\" target=\"_blank\" rel=\"noreferrer noopener\">web<\/a>. Destacar\u00edem com a publicaci\u00f3 recent el llibre <a rel=\"noreferrer noopener\" href=\"http:\/\/eumoeditorial.com\/accessibilitat-i-traduccio-audiovisual-171871\" target=\"_blank\">&#8220;Acc<\/a><a href=\"https:\/\/lafinestralectora.cat\/accessibilitat-i-traduccio-audiovisual\">essibilitat i traducci\u00f3 audiovisual&#8221;<\/a>, publicat a Eumo.<\/p>\n\n\n\n<p>Altres participants de la xarxa:&nbsp;<strong>Pilar Orero, Estel\u00b7la Oncins, Miquel Edo, Helena Casas<\/strong><\/p>\n<\/div><\/div>\n","protected":false},"excerpt":{"rendered":"<p>NOR Josu Amezaga Albizu \u00e9s Professor Ple a la Universitat del Pa\u00eds Basc \/ Euskal Herriko Unibertsitatea i participa a la xarxa ALMA com a investigador principal del Grup NOR. Doctor en Sociologia per la UPV \/ EHU. Ha realitzat i participat en nombroses publicacions i investigacions a l&#8217;entorn de la relaci\u00f3 entre comunicaci\u00f3, identitat [&hellip;]<\/p>\n","protected":false},"author":20,"featured_media":0,"parent":0,"menu_order":0,"comment_status":"closed","ping_status":"closed","template":"","meta":{"footnotes":""},"class_list":["post-88","page","type-page","status-publish","hentry"],"_links":{"self":[{"href":"https:\/\/webs.uab.cat\/alma\/wp-json\/wp\/v2\/pages\/88","targetHints":{"allow":["GET"]}}],"collection":[{"href":"https:\/\/webs.uab.cat\/alma\/wp-json\/wp\/v2\/pages"}],"about":[{"href":"https:\/\/webs.uab.cat\/alma\/wp-json\/wp\/v2\/types\/page"}],"author":[{"embeddable":true,"href":"https:\/\/webs.uab.cat\/alma\/wp-json\/wp\/v2\/users\/20"}],"replies":[{"embeddable":true,"href":"https:\/\/webs.uab.cat\/alma\/wp-json\/wp\/v2\/comments?post=88"}],"version-history":[{"count":5,"href":"https:\/\/webs.uab.cat\/alma\/wp-json\/wp\/v2\/pages\/88\/revisions"}],"predecessor-version":[{"id":314,"href":"https:\/\/webs.uab.cat\/alma\/wp-json\/wp\/v2\/pages\/88\/revisions\/314"}],"wp:attachment":[{"href":"https:\/\/webs.uab.cat\/alma\/wp-json\/wp\/v2\/media?parent=88"}],"curies":[{"name":"wp","href":"https:\/\/api.w.org\/{rel}","templated":true}]}}