{"id":89,"date":"2021-03-08T12:52:19","date_gmt":"2021-03-08T12:52:19","guid":{"rendered":"https:\/\/webs.uab.cat\/alma\/activitats\/"},"modified":"2021-03-08T12:52:19","modified_gmt":"2021-03-08T12:52:19","slug":"activitats","status":"publish","type":"page","link":"https:\/\/webs.uab.cat\/alma\/activitats\/","title":{"rendered":"Activitats"},"content":{"rendered":"<p>&nbsp;<\/p>\n<p><span style=\"font-family:verdana,geneva,sans-serif;\"><span style=\"font-size:16px;\">30.01.2020 <\/span><\/span><\/p>\n<p><strong><span style=\"font-family:verdana,geneva,sans-serif;\"><span style=\"font-size:16px;\">Reuni\u00f3 de treball a la Universitat Aut\u00f2noma de Barcelona<\/span><\/span><\/strong><\/p>\n<p><span style=\"font-family:verdana,geneva,sans-serif;\"><span style=\"font-size:16px;\">Participants: Ana Tamayo, Josu Amezaga, Marijo Deogracias, Anna Matamala, Pilar Orero, Estel\u00b7la Oncins, Fernando Boronat Segu\u00ed, Jaume Segura, Mario Montagud, Enrique Castell\u00f3, Silvia Roca Baamonde, Pablo Romero-Fresco.<\/span><\/span><\/p>\n<p>&nbsp;<\/p>\n<p><span style=\"font-family:verdana,geneva,sans-serif;\"><span style=\"font-size:16px;\">30.01.2020 <\/span><\/span><\/p>\n<p><span style=\"font-family:verdana,geneva,sans-serif;\"><span style=\"font-size:16px;\"><strong>Taller (UAB) a la Universitat Aut\u00f2noma de Barcelona<\/strong><\/span><\/span><\/p>\n<p><span style=\"font-family:verdana,geneva,sans-serif;\"><span style=\"font-size:16px;\">Participants: Anna Tamayo, Josu Amezaga, Marijo Deogracias, Anna Matamala, Pilar Orero, Estel\u00b7la Oncins, Fernando Boronat Segu\u00ed, Jaume Segura, Mario Montagud, Enrique Castell\u00f3, Silvia Roca Baamonde, Pablo Romero-Fresco.<\/span><\/span><\/p>\n<p><span style=\"font-family:verdana,geneva,sans-serif;\"><span style=\"font-size:16px;\">Aliens a la xarxa: Corporaci\u00f3 Catalana de Mitjans Audiovisuals, grup La Fura dels Baus.<\/span><\/span><\/p>\n<p>&nbsp;<\/p>\n<p><span style=\"font-family:verdana,geneva,sans-serif;\"><span style=\"font-size:16px;\">08.10.2020 <\/span><\/span><\/p>\n<p><strong><span style=\"font-family:verdana,geneva,sans-serif;\"><span style=\"font-size:16px;\">Reuni\u00f3 de treball (plataforma virtual)<\/span><\/span><\/strong><\/p>\n<p><span style=\"font-family:verdana,geneva,sans-serif;\"><span style=\"font-size:16px;\">Participants: Ana Tamayo, Josu Amezaga, Anna Matamala, Fernando Boronat Segu\u00ed, Jaume Segura, Mario Montagud, Enrique Castell\u00f3, Pablo Romero-Fresco.<\/span><\/span><\/p>\n<p>&nbsp;<\/p>\n<p><strong><span style=\"font-family:verdana,geneva,sans-serif;\"><span style=\"font-size:16px;\">Desenvolupament d\u2019una aplicaci\u00f3 per a la detecci\u00f3 autom\u00e0tica de subt\u00edtols a la TV<\/span><\/span><\/strong><\/p>\n<p><span style=\"font-family:verdana,geneva,sans-serif;\"><span style=\"font-size:16px;\">Participants: principalment, Fernando Boronat, Juan Gonz\u00e1lez (nova incorporaci\u00f3) i l&#8217;equip de treball de la UPV (Val\u00e8ncia).<\/span><\/span><\/p>\n<p>&nbsp;<\/p>\n<p><strong><span style=\"font-family:verdana,geneva,sans-serif;\"><span style=\"font-size:16px;\">Manteniment MAP<\/span><\/span><\/strong><\/p>\n<p><span style=\"font-family:verdana,geneva,sans-serif;\"><span style=\"font-size:16px;\">Participants: Anna Matamala i equip TransMedia Catalonia.<\/span><\/span><\/p>\n<p>&nbsp;<\/p>\n<p><span style=\"font-family:verdana,geneva,sans-serif;\"><span style=\"font-size:16px;\">27\/29.01.2021<\/span><\/span><\/p>\n<p><span style=\"font-family:verdana,geneva,sans-serif;\"><span style=\"font-size:16px;\"><strong>Organitzaci\u00f3 del congr\u00e9s <a href=\"http:\/\/https:\/\/jornades.uab.cat\/media4all9\/\">Media for All<\/a><\/strong><\/span><\/span><\/p>\n<p><span style=\"font-family:verdana,geneva,sans-serif;\"><span style=\"font-size:16px;\">Participants: Anna Matamala, Pilar Orero, Estel\u00b7la Oncins.<\/span><\/span><\/p>\n<p>&nbsp;<\/p>\n<p><span style=\"font-family:verdana,geneva,sans-serif;\"><span style=\"font-size:16px;\">24\/26.03.2021 <\/span><\/span><\/p>\n<p><strong><span style=\"font-family:verdana,geneva,sans-serif;\"><span style=\"font-size:16px;\">Organitzaci\u00f3 de p\u00e0nel&nbsp;<\/span><\/span><span style=\"font-family:verdana,geneva,sans-serif;\"><span style=\"font-size:16px;\">per a la International <a href=\"https:\/\/icml2021.eus\/?lang=en\">Conference on Minority Languages \u200b\u200bXVIII<\/a><\/span><\/span><\/strong><\/p>\n<p><span style=\"font-family:verdana,geneva,sans-serif;\"><span style=\"font-size:16px;\">Participants: Marijo Deogracias-Horrillo, Ana Tamayo, Enrique Castell\u00f3-Mayo; aliena a la xarxa: Merce Mart\u00ednez-Lorenzo.<\/span><\/span><\/p>\n<p>&nbsp;<\/p>\n<p>&nbsp;<\/p>\n<p>&nbsp;<\/p>\n<p>&nbsp;<\/p>\n<p>&nbsp;<\/p>\n","protected":false},"excerpt":{"rendered":"<p>&nbsp; 30.01.2020 Reuni\u00f3 de treball a la Universitat Aut\u00f2noma de Barcelona Participants: Ana Tamayo, Josu Amezaga, Marijo Deogracias, Anna Matamala, Pilar Orero, Estel\u00b7la Oncins, Fernando Boronat Segu\u00ed, Jaume Segura, Mario Montagud, Enrique Castell\u00f3, Silvia Roca Baamonde, Pablo Romero-Fresco. &nbsp; 30.01.2020 Taller (UAB) a la Universitat Aut\u00f2noma de Barcelona Participants: Anna Tamayo, Josu Amezaga, Marijo Deogracias, [&hellip;]<\/p>\n","protected":false},"author":20,"featured_media":0,"parent":0,"menu_order":0,"comment_status":"closed","ping_status":"closed","template":"","meta":{"footnotes":""},"class_list":["post-89","page","type-page","status-publish","hentry"],"_links":{"self":[{"href":"https:\/\/webs.uab.cat\/alma\/wp-json\/wp\/v2\/pages\/89","targetHints":{"allow":["GET"]}}],"collection":[{"href":"https:\/\/webs.uab.cat\/alma\/wp-json\/wp\/v2\/pages"}],"about":[{"href":"https:\/\/webs.uab.cat\/alma\/wp-json\/wp\/v2\/types\/page"}],"author":[{"embeddable":true,"href":"https:\/\/webs.uab.cat\/alma\/wp-json\/wp\/v2\/users\/20"}],"replies":[{"embeddable":true,"href":"https:\/\/webs.uab.cat\/alma\/wp-json\/wp\/v2\/comments?post=89"}],"version-history":[{"count":0,"href":"https:\/\/webs.uab.cat\/alma\/wp-json\/wp\/v2\/pages\/89\/revisions"}],"wp:attachment":[{"href":"https:\/\/webs.uab.cat\/alma\/wp-json\/wp\/v2\/media?parent=89"}],"curies":[{"name":"wp","href":"https:\/\/api.w.org\/{rel}","templated":true}]}}