{"id":90,"date":"2021-03-08T12:53:55","date_gmt":"2021-03-08T12:53:55","guid":{"rendered":"https:\/\/webs.uab.cat\/alma\/resultats\/"},"modified":"2022-09-28T07:45:32","modified_gmt":"2022-09-28T07:45:32","slug":"resultats","status":"publish","type":"page","link":"https:\/\/webs.uab.cat\/alma\/resultats\/","title":{"rendered":"Resultats"},"content":{"rendered":"<ul>\n<li><span style=\"font-size: 16px\"><span style=\"font-family: verdana,geneva,sans-serif\">Seminari de presentaci\u00f3 de resultats de projectes europeus d\u2019accessibilitat: aplicaci\u00f3 <a href=\"https:\/\/kalliopesuite.com\/\">Kalliope<\/a>, a c\u00e0rrec de La Fura dels Baus, i el projecte <a href=\"https:\/\/www.ccma.cat\/easytv\/\">Easy TV<\/a>, a c\u00e0rrec de la CCMA.<\/span><\/span><\/li>\n<li><span style=\"font-size: 16px\"><span style=\"font-family: verdana,geneva,sans-serif\">Ampliaci\u00f3 d&#8217;entrades de la base de dades <a href=\"https:\/\/mapaccess.uab.cat\/\" target=\"_blank\" rel=\"noopener\">MAP<\/a>, que t\u00e9 una xarxa internacional de col\u00b7laboradors.<\/span><\/span><\/li>\n<li><span style=\"font-size: 16px\"><span style=\"font-family: verdana,geneva,sans-serif\">Desenvolupament d&#8217;una aplicaci\u00f3 de detecci\u00f3 autom\u00e0tica de subt\u00edtols a TV pr\u00e8viament iniciada a la UPV, incloent-hi diverses millores que han estat identificades pels grups que formen la xarxa i que seran de gran utilitat en les seves investigacions sobre subtitulaci\u00f3 de lleng\u00fces minorit\u00e0ries.<\/span><\/span><\/li>\n<li><span style=\"font-size: 16px\"><span style=\"font-family: verdana,geneva,sans-serif\">Participaci\u00f3 en activitats d&#8217;estandarditzaci\u00f3 a ISO, ITU, ANEC i W3C. Participants: Pilar Orero, Estel\u00b7la Oncins, Anna Matamala.<\/span><\/span><\/li>\n<li><span style=\"font-size: 16px\"><span style=\"font-family: verdana,geneva,sans-serif\">Inclusi\u00f3 de not\u00edcies relacionades amb l&#8217;accessibilitat a la web: <a href=\"https:\/\/mapaccess.uab.cat\/news\">https:\/\/mapaccess.uab.cat\/news<\/a><\/span><\/span><\/li>\n<\/ul>\n","protected":false},"excerpt":{"rendered":"<p>Seminari de presentaci\u00f3 de resultats de projectes europeus d\u2019accessibilitat: aplicaci\u00f3 Kalliope, a c\u00e0rrec de La Fura dels Baus, i el projecte Easy TV, a c\u00e0rrec de la CCMA. Ampliaci\u00f3 d&#8217;entrades de la base de dades MAP, que t\u00e9 una xarxa internacional de col\u00b7laboradors. Desenvolupament d&#8217;una aplicaci\u00f3 de detecci\u00f3 autom\u00e0tica de subt\u00edtols a TV pr\u00e8viament iniciada [&hellip;]<\/p>\n","protected":false},"author":20,"featured_media":0,"parent":0,"menu_order":0,"comment_status":"closed","ping_status":"closed","template":"","meta":{"footnotes":""},"class_list":["post-90","page","type-page","status-publish","hentry"],"_links":{"self":[{"href":"https:\/\/webs.uab.cat\/alma\/wp-json\/wp\/v2\/pages\/90","targetHints":{"allow":["GET"]}}],"collection":[{"href":"https:\/\/webs.uab.cat\/alma\/wp-json\/wp\/v2\/pages"}],"about":[{"href":"https:\/\/webs.uab.cat\/alma\/wp-json\/wp\/v2\/types\/page"}],"author":[{"embeddable":true,"href":"https:\/\/webs.uab.cat\/alma\/wp-json\/wp\/v2\/users\/20"}],"replies":[{"embeddable":true,"href":"https:\/\/webs.uab.cat\/alma\/wp-json\/wp\/v2\/comments?post=90"}],"version-history":[{"count":1,"href":"https:\/\/webs.uab.cat\/alma\/wp-json\/wp\/v2\/pages\/90\/revisions"}],"predecessor-version":[{"id":317,"href":"https:\/\/webs.uab.cat\/alma\/wp-json\/wp\/v2\/pages\/90\/revisions\/317"}],"wp:attachment":[{"href":"https:\/\/webs.uab.cat\/alma\/wp-json\/wp\/v2\/media?parent=90"}],"curies":[{"name":"wp","href":"https:\/\/api.w.org\/{rel}","templated":true}]}}