{"id":34,"date":"2020-11-30T08:18:40","date_gmt":"2020-11-30T08:18:40","guid":{"rendered":"https:\/\/webs.uab.cat\/amatamala\/knowledge-transfer\/"},"modified":"2026-04-01T06:15:13","modified_gmt":"2026-04-01T06:15:13","slug":"knowledge-transfer","status":"publish","type":"page","link":"https:\/\/webs.uab.cat\/amatamala\/en\/knowledge-transfer\/","title":{"rendered":"Knowledge transfer"},"content":{"rendered":"<ul>\n<li>Six years of knowledge transfer positively evaluated by CNEAI and AQU (&#8220;tram de transfer\u00e8ncia&#8221;) (2011, 2014, 2015, 2016, 2017).<\/li>\n<li>Co-founder and co-director of <a href=\"http:\/\/mapaccess.org\/\" target=\"_blank\" rel=\"noopener\">MAP<\/a> (Media Accessibility Platform).<\/li>\n<li>Director of\u00a0<a href=\"https:\/\/sct.uab.cat\/labttav\/en\" target=\"_blank\" rel=\"noopener\">LAB-TTAV<\/a> 2017-2025.<\/li>\n<li>Standardisation:\n<ul>\n<li>ITU focal point for Universitat Aut\u00f2noma de Barcelona (since 19\/05\/2023).<\/li>\n<li>&#8220;Associate rapporteur&#8221; ITU-T SG21 Q1\/21 (2025).<\/li>\n<li>ITU-SG16 contributor (2023-2024).<\/li>\n<li>ITU-T Focus Group on Metaverse (FG-MV) participant (2023-2024).\n<ul>\n<li>Coeditor: <a href=\"https:\/\/www.itu.int\/en\/ITU-T\/focusgroups\/mv\/Documents\/List%20of%20FG-MV%20deliverables\/FGMV-04.pdf\">Technical Specification ITU FGMV 04 Requirements of accessible products and services in the meta verse. Part I- System design perspective<\/a>.<\/li>\n<li>Coeditor: <a href=\"https:\/\/www.itu.int\/en\/ITU-T\/focusgroups\/mv\/Documents\/List%20of%20FG-MV%20deliverables\/FGMV-05.pdf\">Technical Specification ITU FGMV 04 Requirements of accessible products and services in the meta verse. Part II- User perspective<\/a>.<\/li>\n<\/ul>\n<\/li>\n<li>AEN\/CTN133\/GT2 (since 07\/09\/2013).<\/li>\n<li>IRG-AVA (since 2023).<\/li>\n<li>ISO\/IEC JTC1\/SC35 User interfaces (10\/12\/2014-15\/09\/2024)\n<ul>\n<li>Co-editor (with Ester Hedberg):\u00a0<a href=\"https:\/\/www.iso.org\/standard\/69060.html\" target=\"_blank\" rel=\"noopener\">ISO\/IEC TS 2000071-25:2017<\/a> Information technology- User interface component accessibility. Part 25: Guidance on the audio presentation of text in videos, including\u00a0captions, subtitles and other on-screen text.<\/li>\n<li>Co-editor (with Ester Hedberg): <a href=\"https:\/\/www.iso.org\/standard\/77178.html\" target=\"_blank\" rel=\"noopener\">ISO\/IEC 23859:2023<\/a> Requirements and recommendations\u00a0 on making written text easy to read and understand.<\/li>\n<\/ul>\n<\/li>\n<li>CTN-UNE 153 &#8220;Productos de apoyo para personas con discapacidad&#8221; &amp; CTN-UNE 153\/GT 1 &#8220;Lectura f\u00e1cil&#8221; (since 06\/07\/2016).<\/li>\n<li>CTN-UNE 133\/GT2 (since 08\/05\/23).<\/li>\n<li>CTN-UNE 170\/GT6 &#8220;Accesibilidad cognitiva&#8221; (since 29\/10\/2021).<\/li>\n<li>CTN-UNE 191\/GT1 &#8220;Lenguaje claro&#8221; (since 31\/10\/2024).<\/li>\n<li>CEN\/TC293\/WG12 (20\/12\/2020-23\/02\/2022).<\/li>\n<li>CTN-UNE 170\/GT1 &#8220;Accesibilidad en las compras p\u00fablicas TIC (M376)&#8221; (since 26\/01\/2023).<\/li>\n<li>CTN-UNE 170\/GT3 &#8220;Dise\u00f1o para todos&#8221; (since 21\/02\/2023).<\/li>\n<li>CEN\/CLC\/ETSI\/JWG eAcc &#8220;eAccesibility&#8221; (since 10\/01\/2023).<\/li>\n<li>CEN\/CLC\/JTC11\/WG1 (revision of EN 17210), CEN\/CLC\/JTC12\/WG1 (revision of EN 171616), since 20\/10\/2023.<\/li>\n<\/ul>\n<\/li>\n<li>Participation in the European Forum for DRR (since January 2021).<\/li>\n<li>Participant in the <a href=\"https:\/\/www.itu.int\/metaverse\/virtual-worlds\/\">Global Initiative on Virtual Worlds and AI &#8211; Discovering the Citiverse<\/a> &amp; co-author of <a href=\"https:\/\/www.itu.int\/epublications\/en\/publication\/no-one-left-behind-in-the-citiverse-a-blueprint-for-accessible-ai-powered-virtual-worlds\">Orero et al (2025) No One Left Behind in the Citiverse: A Blueprint for Accessible AI-Powered Virtual Worlds<\/a>. Digital Dubai, UNICC &amp; ITU.<\/li>\n<li>ITU-D participation in SG1\/Q71, with contributions on TMC research outputs<\/li>\n<li>\u00a0Academic interviews:\n<ul>\n<li><a href=\"https:\/\/www2.ufjf.br\/noticias\/2024\/12\/09\/audiodescricaocomo-ferramenta-de-inclusao-uma-conversa-com-anna-matamala\/\">Audiodescri\u00e7ao como ferramenta de inclusao: uma conversa com Anna Matamala<\/a>. UfJf Not\u00edcias, 2024.<\/li>\n<li><a href=\"https:\/\/saltoinclusion.eu\/projects\/accessible-communication-how-to-develop-educational-materials-using-easy-to-read-language\/\">Accessible Communication: How to develop educational materials using easy-to-read?<\/a> SALTO Inclusion Education, 2023.<\/li>\n<li><a href=\"https:\/\/www.youtube.com\/playlist?list=PLxX2jfm10tbDEcufErR-A-Vl0JJ-yw3Qh\">C\u00e0psules de traducci\u00f3<\/a>. <em>Immersive technologies and accessibility: Towards a multilingual and inclusive everything<\/em>. Interviewed by Vanessa Enr\u00edquez. \u00a015\/12\/2022.<\/li>\n<li><a href=\"https:\/\/www.easy-plain-accessible.com\/faces-of-research-new\/\" target=\"_blank\" rel=\"noopener\">Faces of Research<\/a>, Easy Plain Accessible platform.<\/li>\n<li><a href=\"https:\/\/ddd.uab.cat\/record\/117150\" target=\"_blank\" rel=\"noopener\">Freelance voice-over translation. Translating for Catalan Television<\/a>. <em>Jostrans<\/em>, 4, 45-48.<\/li>\n<li><a href=\"https:\/\/periodicos.ufsc.br\/index.php\/traducao\/article\/view\/2175-7968.2016v36n3p427\/32422\" target=\"_blank\" rel=\"noopener\">Interview with Anna Matamala<\/a>. <em>Cadernos de Tradu\u00e7ao<\/em>, 36(3), 427-440.<\/li>\n<\/ul>\n<\/li>\n<li>Media:\n<ul>\n<li>2026: interview, <a href=\"https:\/\/xarxanet.org\/social\/noticies\/anna-matamala-sense-accessibilitat-no-hi-ha-drets-humans\">Xarxanet<\/a>.<\/li>\n<li>2026: podcast <a href=\"https:\/\/www.uab.cat\/ca\/cultura-cientifica\/podcast-div-com-clara-acc\">Comunicaci\u00f3 clara i accessible<\/a>. P\u00f2dcast del Vag\u00f3, Vag\u00f3 de la Ci\u00e8ncia, UAB.<\/li>\n<li>2025: Cites de Ci\u00e8ncies, <a href=\"https:\/\/www.staperpetua.org\/radio\/podcast\/14312-Cites-de-Ci\u00e8ncies\">episode 1&#215;07<\/a>. Accessibilitat i llenguatge audiovisual. R\u00e0dio Santa Perp\u00e8tua, 31\/10\/2025.<\/li>\n<li>2025: interview, Latvias&#8217; Radio <a href=\"https:\/\/www.lsm.lv\/raksts\/zinas\/latvija\/19.04.2025-ka-padarit-informaciju-saprotamu-visiem-intervija-ar-petnieci-annu-matamalu.a596039\/\">LSM.lv<\/a>.<\/li>\n<li>2021: interview, <a href=\"https:\/\/www.fred.fm\/anna-matamala-advanced-research-seminar-on-audio-description\/\">FRED FM<\/a>.<\/li>\n<li>2020: podcast &#8220;En sincron\u00eda&#8221;, <a href=\"https:\/\/www.youtube.com\/watch?v=viqZz4hrfoI\" target=\"_blank\" rel=\"noopener\">episode\u00a04<\/a>. &#8220;Proyectos innovadores hacia una accesibilidad transversal&#8221;.<\/li>\n<li>2019: interview,\u00a0<a href=\"http:\/\/www.fred.fm\/uk\/anna-matamala-easit-project\" target=\"_blank\" rel=\"noopener\">FRED FM<\/a>.<\/li>\n<li>2018: interview,\u00a0<a href=\"http:\/\/www.fred.fm\/edu\/anna-matamala-fredaccessible-  cinema\/\" target=\"_blank\" rel=\"noopener\">FRED FM<\/a>.<\/li>\n<\/ul>\n<\/li>\n<li>High-level events:\u00a0 WSIS+20 Forum High-Level Event 2024. By invitation:\n<ul>\n<li>Leaders TalkX: ICT Applications Unlocking the Full Potential of Digital- Part I.\u00a0 Geneva, 28\/05\/2024.<\/li>\n<li>Citiverse: Envisioning Inclusive, Sustainable, and People-Centered Cities. Geneva, 28\/05\/2024.<\/li>\n<li>ICT-based changing behaviours to embrace the green revolution: the role of education. 31\/05\/2024 (online)<\/li>\n<\/ul>\n<\/li>\n<li>Knowledge transfer talks and activities:\n<ul>\n<li>Round-table: &#8220;Bones pr\u00e0ctiques, reptes i oportunitats en l&#8217;accessibilitat&#8221;. Event: &#8220;Com fer la meva entitat m\u00e9s inclusiva i accessible? Reptes, bones pr\u00e0ctiques i marc legal per eliminar barreres f\u00edsiques, sensorials i cognitives&#8221;, Coordinadora Catalana de Fundacions. Barcelona, 19\/03\/2026.<\/li>\n<li>Cap a una comunicaci\u00f3n clara i accesible. El seient de l\u2019especialista. Vag\u00f3 de la Ci\u00e8ncia, UAB, 05\/03\/2026.<\/li>\n<li>Llenguatge f\u00e0cil d&#8217;entendre: una necessitat, un dret. Innovation Radar. 3Cat, Sant Joan Desp\u00ed (Barcelona). 22\/01\/2026.<\/li>\n<li>La import\u00e0ncia de fixar uns criteris per elaborar continguts en llenguatge f\u00e0cil. Internal seminar. 3Cat, Sant Joan Desp\u00ed (Barcelona). 02\/12\/2025.<\/li>\n<li>&#8220;EASIT &amp; ADLAB PRO&#8221;. <em>Les demos d\u2019AccessCat<\/em>, online, 17\/10\/2025.<\/li>\n<li>EASPD Study Visit, Som Fundaci\u00f3: &#8220;TransMedia Catalonia, researching with users&#8221;. \u00a0Barcelona, 16\/09\/2025.<\/li>\n<li>Accessible EU European event. Hi, European Accessibility Act. Let&#8217;s rock accessibility. Roundtable discussion. 03\/07\/2025.<\/li>\n<li>Com influir en les normes d\u2019accessibilitat. Pinzellades d&#8217;AccessCat. El 6 x 15 del 2025. 20\/06\/2025.<\/li>\n<li>41st CIRCOM Annual Conference: &#8220;THE ENACT project: easy news&#8221;. Barcelona,\u00a0 23\/05\/2025.<\/li>\n<li>News Hub, Future Media Hubs: &#8220;The ENACT project: easy news for new audiences&#8221;. En l\u00ednia, 09\/05\/2025.<\/li>\n<li>Breakfast &amp; Learn, Xarxa Tecsam: &#8220;La comunicaci\u00f3 accessible en recerca i transfer\u00e8ncia&#8221; (with Carme Pratdesaba). Online, 2\/04\/2025.<\/li>\n<li>NEM Summit 2024: &#8220;Accessible communication in virtual worlds and standards: user perspective across use cases&#8221;. Brussels, 24\/10\/2024.<\/li>\n<li>Digital Media Workshop (Minalogic). &#8220;AccessCat, the Accessibility Innovation Network in Catalonia: media, education, and culture&#8221;. Brussels, 22\/10\/2024.<\/li>\n<li>UAB European Researchers Night 2024. Talk on accessible videogames and series at Institut Montserrat Mir\u00f3 (26\/09) and participation in UAB&#8217;s Researchers&#8217; Night (27\/09), with activities organised by TransMedia Catalonia and Accesscat in a dedicated booth.<\/li>\n<li>&#8220;La Xarxa d&#8217;Innovaci\u00f3 en Accessibilitat de Catalunya: com podem respondre a les obligacions que ens venen&#8221;. Invited presentation and roundtable participant. Jornada d&#8217;Accessibilitat Digital.\u00a0 Escola d&#8217;Administraci\u00f3 P\u00fablica de Catalunya, Barcelona, 14\/05\/2024<\/li>\n<li>Jornada de transfer\u00e8ncia en Ci\u00e8ncies Socials i Humanitats. Roundtable participant and Conclusions. UAB, 09\/05\/2024.<\/li>\n<li>&#8220;Accessibility in immersive media&#8221;. Invited keynote. Bridge Multimedia Advisory Board meeting (New York), 5 April 2024.<\/li>\n<li>&#8220;AccessCat: connecting research groups to improve SSHA transfer&#8221;. <a href=\"https:\/\/www.astp4kt.eu\/webinars\/the-monthly-online-ssha-and-impact-flashlight-28-265.html\">Monthly Online SSHA and Impact Flashlight<\/a>, ASTP (Association of knowledge transfer professionals). 6 March 2024, online.<\/li>\n<li>Global Awareness Day: different activities as part of\u00a0<a href=\"https:\/\/grupsderecerca.uab.cat\/transmedia\/TMC_GAAD\" target=\"_blank\" rel=\"noopener\">GAAD-TransMedia Catalonia.<\/a><\/li>\n<li>&#8220;Fem xarxa per a una comunicaci\u00f3 accessible: recerca i transfer\u00e8ncia&#8221;. VI Jornada institucional en commemoraci\u00f3 del dia de les persones amb discapacitat. Universitat Aut\u00f2noma de Barcelona, 28\/11\/2023. Invited keynote.<\/li>\n<li>&#8220;Accessible Communication in the Cities and the Citiverse&#8221;. Talk at the Innovation Plaza, Smart City Expo World Congress, Barcelona, 9\/11\/2023.<\/li>\n<li>Semana de encuentros CEAPAT. &#8220;<a href=\"https:\/\/www.youtube.com\/watch?v=vGlFh_tTFMc\">Experiencias innovadoras en accesibilidad cognitiva<\/a>&#8220;.\u00a0 Madrid, 24\/10\/2023. Invited participation.<\/li>\n<li>De la lectura f\u00e0cil a la comunicaci\u00f3 clara. Les pinzellades d&#8217;AccessCat. El 15&#215;15 del 2023.<\/li>\n<li>CROMA 2.0 project: &#8220;Veure-hi amb les orelles, sentir-hi amb els ulls&#8221; (main researcher: Anna Matamala). FAS, UAB. 2021-2022.<\/li>\n<li>Setmana art\u00edstica inclusiva: &#8220;L&#8217;art amb i per a tothom&#8221;. Invited round table participation. UAB, 09\/12\/21.<\/li>\n<li><a href=\"https:\/\/grupsderecerca.uab.cat\/transmedia\/mobileweek\" target=\"_blank\" rel=\"noopener\">Mobile Week<\/a>: knowledge transfer activities. Matar\u00f3, 07\/07\/2021.<\/li>\n<li>Recerques per aprendre: &#8220;Com fer continguts audiovisuals accessibles: nous perfils professionals&#8221;. 27\/11\/2020. Arg\u00f3 Programme.<\/li>\n<li>&#8220;<a href=\"http:\/\/loop-barcelona.com\/studies\/\" target=\"_blank\" rel=\"noopener\">Loop Professional Meetings<\/a>&#8221; Barcelona (2020). Invited participation.<\/li>\n<li>Festa de la Ci\u00e8ncia, Barcelona (2019) (competitive call, Science Fair in Barcelona).<\/li>\n<li>Roundtable: Laboratori Artistes i Capacitats,\u00a0<a href=\"http:\/\/festivalsimbiotic.es\/simbiotic-festival-2018\/\" target=\"_blank\" rel=\"noopener\">Festival Simbi\u00f2tic<\/a>. Barcelona, 30\/11\/2018. Invited seminar.<\/li>\n<li>V Seminari de l&#8217;ECAD:\u00a0&#8220;L&#8217;audiodescripci\u00f3. Qu\u00e8 s&#8217;ha fet i qu\u00e8 hi pot aportar el doblatge?&#8221;. Barcelona, 19\/04\/2012. Invited seminar.<\/li>\n<li>10a Trobada Versi\u00f3 Doblada: &#8220;De la recerca a la pr\u00e0ctica professional: tecnologia, &#8220;eye-tracking&#8221; i estudis de recepci\u00f3. El cas de la subtitulaci\u00f3 col\u00b7loquial i els pronoms febles&#8221;, by Anna Matamala &amp; Anna Fern\u00e1ndez-Torn\u00e9.\u00a0TVC (Barcelona), 15\/09\/2011. Invited talk.<\/li>\n<\/ul>\n<\/li>\n<li>Contributor: Strategic Research and Innovation Agenda for Virtual Worlds, publicada el 2025.<\/li>\n<li>Knowledge transfer publications:\n<ul>\n<li>UAB Divulga 2025: &#8220;T<a href=\"https:\/\/www.uab.cat\/web\/news-detail\/the-athena-project-how-to-integrate-accessibility-and-universal-design-into-higher-education-curricula-1345680342044.html?noticiaid=1345951299368\">he ATHENA project: How to integrate accessibility and universal design into higher education curricula<\/a>&#8221; (Anna Matamala &amp; Marta Brescia-Zapata)<\/li>\n<li>Arias-Badia, Blanca; Matamala, Anna; Mangiron, Carme; Oncins, Estel\u00b7la (2023). <em>Dec\u00e0leg AccessCat per a l\u2019accessibilitat a les arts del carrer<\/em>.\u00a0 <a href=\"http:\/\/hdl.handle.net\/10230\/58366\">http:\/\/hdl.handle.net\/10230\/58366<\/a><\/li>\n<li>UAB Divulga 2023: &#8220;ATHENA, a new project to integrate accessibility and design for all into the high education curricula&#8221;.<\/li>\n<li><a href=\"https:\/\/blogs.helsinki.fi\/klaara-network\/2021\/01\/04\/anna-matamala-easit-toward-hybrid-access-services-in-the-audiovisual-world\/\" target=\"_blank\" rel=\"noopener\">Klaara blog\u00a0<\/a>(January 2021)<\/li>\n<li><a href=\"https:\/\/blogscvc.cervantes.es\/martes-neologico\/audiodescripcion\/\" target=\"_blank\" rel=\"noopener\">Martes neol\u00f3gico<\/a> (2\/3\/21).<\/li>\n<li>UAB\u00a0Divulga 2019: &#8220;<a href=\"https:\/\/ddd.uab.cat\/record\/201998?ln=ca;\" target=\"_blank\" rel=\"noopener\">Imatges en paraules: les descriu tothom igual?<\/a>&#8220;<\/li>\n<li>Matamala, Anna (June 2019) &#8220;<a href=\"https:\/\/www.euroscientist.com\/from-easy-to-read-texts-to-easy-to-understand-audiovisual-content-practice-and-training\/\" target=\"_blank\" rel=\"noopener\">From easy-to-read texts to easy-to-understand audiovisual content: practice and training<\/a>&#8220;. Euroscientist. The Social Value of European Research on Media Accessibility.<\/li>\n<li>UAB Divulga\u00a02011: &#8220;<a href=\"https:\/\/ddd.uab.cat\/record\/103449\" target=\"_blank\" rel=\"noopener\">Cap a l&#8217;automatitzaci\u00f3 de l&#8217;audiodescripci\u00f3&#8221;<\/a>.<\/li>\n<li>UAB Divulga 2009: &#8220;<a href=\"https:\/\/ddd.uab.cat\/record\/86512\" target=\"_blank\" rel=\"noopener\">Els Neandertals i la Supernanny, parlant en catal\u00e0<\/a>&#8220;.<\/li>\n<\/ul>\n<\/li>\n<li>Participation in governmental working groups:\n<ul>\n<li>Working group member (Clear Communication) in CETRA, expert comission for the transformation of Catalan administration and public services.<\/li>\n<li>On accessibility in the scenic arts (Catalan Government): Mesa d&#8217;Accessibilitat a les Arts Esc\u00e8niques (Generalitat de Catalunya).<\/li>\n<li>On accessibility in museums (Catalan Government): Mesa d&#8217;Accessibilitat a Museus i Centres i Espais d&#8217;Arts Visuals de Catalunya (Generalitat de Catalunya).<\/li>\n<\/ul>\n<\/li>\n<li>Collaboration with professional associations:\n<ul>\n<li>Jury at\u00a0<a href=\"https:\/\/premios.atrae.org\/tag\/premios-atrae-2015\/\" target=\"_blank\" rel=\"noopener\">Premis ATRAE 2015<\/a>.<\/li>\n<\/ul>\n<\/li>\n<li>Main researcher of agreements TransMedia Catalonia- companies and associations:\n<ul>\n<li>Associaci\u00f3 \u00d2pera de Terrassa (2024-2029).<\/li>\n<li>FESOCA (2019-2023, 2023-2027).<\/li>\n<li>ACAPPS (2019-2021, 2023-2024, 2024-2028).<\/li>\n<li>APANAH (2019-2021).<\/li>\n<li>APSOCECAT (2021-2025).<\/li>\n<li>DINCAT (2023-2027).<\/li>\n<li>Gran Teatre del Liceu (2018).<\/li>\n<li>ECAD (2012-2021).<\/li>\n<li>Associaci\u00f3 Discapacitat Visual Catalunya B1+B2+B3 (2017-2019).<\/li>\n<li>Pangeanic (2013-2014).<\/li>\n<li>World Wide Web Consortium (2019-2022).<\/li>\n<li>ACPA (2020-2024).<\/li>\n<li>Eurasian Subtitler&#8217;s League (2020-2021).<\/li>\n<li>Som Fundaci\u00f3 (2020-2024, 2024-2028).<\/li>\n<\/ul>\n<\/li>\n<\/ul>\n","protected":false},"excerpt":{"rendered":"<p>Six years of knowledge transfer positively evaluated by CNEAI and AQU (&#8220;tram de transfer\u00e8ncia&#8221;) (2011, 2014, 2015, 2016, 2017). Co-founder and co-director of MAP (Media Accessibility Platform). Director of\u00a0LAB-TTAV 2017-2025. Standardisation: ITU focal point for Universitat Aut\u00f2noma de Barcelona (since 19\/05\/2023). &#8220;Associate rapporteur&#8221; ITU-T SG21 Q1\/21 (2025). ITU-SG16 contributor (2023-2024). ITU-T Focus Group on Metaverse [&hellip;]<\/p>\n","protected":false},"author":20,"featured_media":0,"parent":0,"menu_order":0,"comment_status":"closed","ping_status":"closed","template":"","meta":{"footnotes":""},"class_list":["post-34","page","type-page","status-publish","hentry"],"_links":{"self":[{"href":"https:\/\/webs.uab.cat\/amatamala\/en\/wp-json\/wp\/v2\/pages\/34","targetHints":{"allow":["GET"]}}],"collection":[{"href":"https:\/\/webs.uab.cat\/amatamala\/en\/wp-json\/wp\/v2\/pages"}],"about":[{"href":"https:\/\/webs.uab.cat\/amatamala\/en\/wp-json\/wp\/v2\/types\/page"}],"author":[{"embeddable":true,"href":"https:\/\/webs.uab.cat\/amatamala\/en\/wp-json\/wp\/v2\/users\/20"}],"replies":[{"embeddable":true,"href":"https:\/\/webs.uab.cat\/amatamala\/en\/wp-json\/wp\/v2\/comments?post=34"}],"version-history":[{"count":68,"href":"https:\/\/webs.uab.cat\/amatamala\/en\/wp-json\/wp\/v2\/pages\/34\/revisions"}],"predecessor-version":[{"id":863,"href":"https:\/\/webs.uab.cat\/amatamala\/en\/wp-json\/wp\/v2\/pages\/34\/revisions\/863"}],"wp:attachment":[{"href":"https:\/\/webs.uab.cat\/amatamala\/en\/wp-json\/wp\/v2\/media?parent=34"}],"curies":[{"name":"wp","href":"https:\/\/api.w.org\/{rel}","templated":true}]}}