{"id":20,"date":"2010-11-03T14:52:22","date_gmt":"2010-11-03T14:52:22","guid":{"rendered":"https:\/\/webs.uab.cat\/amatamala\/inici\/"},"modified":"2025-06-28T06:08:27","modified_gmt":"2025-06-28T06:08:27","slug":"inici","status":"publish","type":"page","link":"https:\/\/webs.uab.cat\/amatamala\/","title":{"rendered":"Anna Matamala"},"content":{"rendered":"<div class=\"wp-block-image\">\n<figure class=\"alignleft size-full\"><img loading=\"lazy\" decoding=\"async\" width=\"300\" height=\"429\" src=\"https:\/\/webs.uab.cat\/amatamala\/wp-content\/uploads\/sites\/118\/2022\/10\/Anna-Matamala_2022-2-300.jpg\" alt=\"Foto Anna Matamala\" class=\"wp-image-163\" srcset=\"https:\/\/webs.uab.cat\/amatamala\/wp-content\/uploads\/sites\/118\/2022\/10\/Anna-Matamala_2022-2-300.jpg 300w, https:\/\/webs.uab.cat\/amatamala\/wp-content\/uploads\/sites\/118\/2022\/10\/Anna-Matamala_2022-2-300-210x300.jpg 210w\" sizes=\"auto, (max-width: 300px) 100vw, 300px\" \/><\/figure>\n<\/div>\n\n\n<h3 class=\"wp-block-heading\"><strong>Anna Matamala<\/strong><\/h3>\n\n\n\n<p>Catedr\u00e0tica d&#8217;Universitat al Departament de Traducci\u00f3 i d&#8217;Interpretaci\u00f3 i d&#8217;Estudis de l&#8217;\u00c0sia Oriental de la Universitat Aut\u00f2noma de Barcelona.<\/p>\n\n\n\n<p>Membre de <a href=\"https:\/\/webs.uab.cat\/transmedia\">TransMedia Catalonia<\/a>. Directora de la <a href=\"https:\/\/accesscat.net\/ca\">Xarxa AccessCat<\/a>.<\/p>\n\n\n\n<p>Llicenciada en Traducci\u00f3 i Interpretaci\u00f3 (UAB, 1995) i doctora en Ling\u00fc\u00edstica Aplicada (UPF, 2005)<\/p>\n\n\n\n<p><strong>L\u00ednies&nbsp;de recerca:&nbsp;<\/strong>accessibilitat i traducci\u00f3 audiovisual, ling\u00fc\u00edstica aplicada<\/p>\n\n\n\n<p><strong>Contacte:<\/strong><strong>&nbsp;<\/strong>Despatx K-1002, Campus de la UAB. 08193 Bellaterra.<\/p>\n\n\n\n<p><strong>Tel\u00e8fon:<\/strong>&nbsp;+34 935813360&nbsp;\/&nbsp;<strong>anna.matamala (at) uab.<\/strong><\/p>\n\n\n\n<p>Acc\u00e9s a <a href=\"https:\/\/portalrecerca.uab.cat\/en\/persons\/anna-matamala-7\" target=\"_blank\" rel=\"noreferrer noopener\">Portal de Recerca de la UAB<\/a>, <a href=\"https:\/\/orcid.org\/0000-0002-1607-9011\" target=\"_blank\" rel=\"noreferrer noopener\">ORCID<\/a>, <a href=\"https:\/\/scholar.google.es\/citations?user=et9A0xUAAAAJ&amp;hl=ca\" target=\"_blank\" rel=\"noreferrer noopener\">Google Scholar<\/a>, <a href=\"https:\/\/www.scopus.com\/authid\/detail.uri?authorId=25921557700\" target=\"_blank\" rel=\"noreferrer noopener\">Scopus<\/a>.<\/p>\n","protected":false},"excerpt":{"rendered":"<p>Anna Matamala Catedr\u00e0tica d&#8217;Universitat al Departament de Traducci\u00f3 i d&#8217;Interpretaci\u00f3 i d&#8217;Estudis de l&#8217;\u00c0sia Oriental de la Universitat Aut\u00f2noma de Barcelona. Membre de TransMedia Catalonia. Directora de la Xarxa AccessCat. Llicenciada en Traducci\u00f3 i Interpretaci\u00f3 (UAB, 1995) i doctora en Ling\u00fc\u00edstica Aplicada (UPF, 2005) L\u00ednies&nbsp;de recerca:&nbsp;accessibilitat i traducci\u00f3 audiovisual, ling\u00fc\u00edstica aplicada Contacte:&nbsp;Despatx K-1002, Campus de [&hellip;]<\/p>\n","protected":false},"author":20,"featured_media":0,"parent":0,"menu_order":0,"comment_status":"closed","ping_status":"closed","template":"","meta":{"footnotes":""},"class_list":["post-20","page","type-page","status-publish","hentry"],"_links":{"self":[{"href":"https:\/\/webs.uab.cat\/amatamala\/wp-json\/wp\/v2\/pages\/20","targetHints":{"allow":["GET"]}}],"collection":[{"href":"https:\/\/webs.uab.cat\/amatamala\/wp-json\/wp\/v2\/pages"}],"about":[{"href":"https:\/\/webs.uab.cat\/amatamala\/wp-json\/wp\/v2\/types\/page"}],"author":[{"embeddable":true,"href":"https:\/\/webs.uab.cat\/amatamala\/wp-json\/wp\/v2\/users\/20"}],"replies":[{"embeddable":true,"href":"https:\/\/webs.uab.cat\/amatamala\/wp-json\/wp\/v2\/comments?post=20"}],"version-history":[{"count":10,"href":"https:\/\/webs.uab.cat\/amatamala\/wp-json\/wp\/v2\/pages\/20\/revisions"}],"predecessor-version":[{"id":662,"href":"https:\/\/webs.uab.cat\/amatamala\/wp-json\/wp\/v2\/pages\/20\/revisions\/662"}],"wp:attachment":[{"href":"https:\/\/webs.uab.cat\/amatamala\/wp-json\/wp\/v2\/media?parent=20"}],"curies":[{"name":"wp","href":"https:\/\/api.w.org\/{rel}","templated":true}]}}