{"id":7,"date":"2024-02-20T14:42:10","date_gmt":"2024-02-20T12:42:10","guid":{"rendered":"https:\/\/webs.uab.cat\/amix-critix\/?page_id=7"},"modified":"2025-09-25T15:55:16","modified_gmt":"2025-09-25T13:55:16","slug":"busques-recursos","status":"publish","type":"page","link":"https:\/\/webs.uab.cat\/amix-critix\/busques-recursos\/","title":{"rendered":"Recursos recomanats"},"content":{"rendered":"\n<p>En aquest apartat trobareu recursos destacats, ja sigui creats per Amix Cr\u00edtix, com materials d&#8217;altres que hem fet servir a l&#8217;aula i recomanem. <\/p>\n\n\n\n<p><strong>Materials creats per Amix Cr\u00edtix<\/strong><\/p>\n\n\n\n<figure class=\"wp-block-table is-style-stripes\"><table><tbody><tr><td><img loading=\"lazy\" decoding=\"async\" width=\"1432\" height=\"2025\" class=\"wp-image-216\" style=\"width: 150px\" src=\"https:\/\/webs.uab.cat\/amix-critix\/wp-content\/uploads\/sites\/556\/2025\/09\/Portada-poder-sense-provisional.png\" alt=\"\" srcset=\"https:\/\/webs.uab.cat\/amix-critix\/wp-content\/uploads\/sites\/556\/2025\/09\/Portada-poder-sense-provisional.png 1432w, https:\/\/webs.uab.cat\/amix-critix\/wp-content\/uploads\/sites\/556\/2025\/09\/Portada-poder-sense-provisional-212x300.png 212w, https:\/\/webs.uab.cat\/amix-critix\/wp-content\/uploads\/sites\/556\/2025\/09\/Portada-poder-sense-provisional-724x1024.png 724w, https:\/\/webs.uab.cat\/amix-critix\/wp-content\/uploads\/sites\/556\/2025\/09\/Portada-poder-sense-provisional-768x1086.png 768w, https:\/\/webs.uab.cat\/amix-critix\/wp-content\/uploads\/sites\/556\/2025\/09\/Portada-poder-sense-provisional-1086x1536.png 1086w, https:\/\/webs.uab.cat\/amix-critix\/wp-content\/uploads\/sites\/556\/2025\/09\/Portada-poder-sense-provisional-1200x1697.png 1200w\" sizes=\"auto, (max-width: 1432px) 100vw, 1432px\" \/><\/td><td><a href=\"https:\/\/webs.uab.cat\/amix-critix\/2025\/09\/22\/quin-poder-tens-tu-nova-s-a\/\"><strong>Quin poder tens tu?<\/strong><\/a><br>Pau Batet, Marina Caireta. (2025)<br><br>Situaci\u00f3 d&#8217;aprenentatge per abordar el poder personal, aplicat a un grup d&#8217;ESO (I-E Marta Mata).<\/td><\/tr><tr><td><img loading=\"lazy\" decoding=\"async\" width=\"817\" height=\"463\" class=\"wp-image-41\" style=\"width: 150px\" src=\"https:\/\/webs.uab.cat\/amix-critix\/wp-content\/uploads\/sites\/556\/2024\/04\/Controversia-a-laula.png\" alt=\"\" srcset=\"https:\/\/webs.uab.cat\/amix-critix\/wp-content\/uploads\/sites\/556\/2024\/04\/Controversia-a-laula.png 817w, https:\/\/webs.uab.cat\/amix-critix\/wp-content\/uploads\/sites\/556\/2024\/04\/Controversia-a-laula-300x170.png 300w, https:\/\/webs.uab.cat\/amix-critix\/wp-content\/uploads\/sites\/556\/2024\/04\/Controversia-a-laula-768x435.png 768w\" sizes=\"auto, (max-width: 817px) 100vw, 817px\" \/><\/td><td><a href=\"https:\/\/foradequadre.org\/projectes\/documental-controversia-a-laula\/\"><strong>Controv\u00e8rsia a l&#8217;aula<\/strong><br><\/a>Fora de Quadre (2023)<br><br>Documental que recull dues de les experi\u00e8ncies de docents Cr\u00edtix a les seves aules de prim\u00e0ria (Torres Jonama) i Secund\u00e0ria (Ca n&#8217;Oriac).<\/td><\/tr><tr><td><img loading=\"lazy\" decoding=\"async\" width=\"1810\" height=\"2560\" class=\"wp-image-37\" style=\"width: 150px\" src=\"https:\/\/webs.uab.cat\/amix-critix\/wp-content\/uploads\/sites\/556\/2024\/04\/GUIA_Camvi_03-scaled-1.jpg\" alt=\"\" srcset=\"https:\/\/webs.uab.cat\/amix-critix\/wp-content\/uploads\/sites\/556\/2024\/04\/GUIA_Camvi_03-scaled-1.jpg 1810w, https:\/\/webs.uab.cat\/amix-critix\/wp-content\/uploads\/sites\/556\/2024\/04\/GUIA_Camvi_03-scaled-1-212x300.jpg 212w, https:\/\/webs.uab.cat\/amix-critix\/wp-content\/uploads\/sites\/556\/2024\/04\/GUIA_Camvi_03-scaled-1-724x1024.jpg 724w, https:\/\/webs.uab.cat\/amix-critix\/wp-content\/uploads\/sites\/556\/2024\/04\/GUIA_Camvi_03-scaled-1-768x1086.jpg 768w, https:\/\/webs.uab.cat\/amix-critix\/wp-content\/uploads\/sites\/556\/2024\/04\/GUIA_Camvi_03-scaled-1-1086x1536.jpg 1086w, https:\/\/webs.uab.cat\/amix-critix\/wp-content\/uploads\/sites\/556\/2024\/04\/GUIA_Camvi_03-scaled-1-1448x2048.jpg 1448w, https:\/\/webs.uab.cat\/amix-critix\/wp-content\/uploads\/sites\/556\/2024\/04\/GUIA_Camvi_03-scaled-1-1200x1697.jpg 1200w\" sizes=\"auto, (max-width: 1810px) 100vw, 1810px\" \/><\/td><td><br><strong><a href=\"https:\/\/escolapau.uab.cat\/wp-content\/uploads\/2022\/12\/GUIA_Camvi_03.pdf\">PROJECTE REFUGI: conflictes armats, despla\u00e7ament for\u00e7at i pand\u00e8mia. <\/a><\/strong><br>Mireia Mas, Marina Caireta i Ana Villellas (2022)<br><br>Guia pedag\u00f2gica i experi\u00e8ncia d&#8217;aula a l&#8217;Institut-Escola Sant Esteve (Secund\u00e0ria).<\/td><\/tr><tr><td><img loading=\"lazy\" decoding=\"async\" width=\"1810\" height=\"2560\" class=\"wp-image-38\" style=\"width: 150px\" src=\"https:\/\/webs.uab.cat\/amix-critix\/wp-content\/uploads\/sites\/556\/2024\/04\/GUIA_Camvi_02-scaled-1.jpg\" alt=\"\" srcset=\"https:\/\/webs.uab.cat\/amix-critix\/wp-content\/uploads\/sites\/556\/2024\/04\/GUIA_Camvi_02-scaled-1.jpg 1810w, https:\/\/webs.uab.cat\/amix-critix\/wp-content\/uploads\/sites\/556\/2024\/04\/GUIA_Camvi_02-scaled-1-212x300.jpg 212w, https:\/\/webs.uab.cat\/amix-critix\/wp-content\/uploads\/sites\/556\/2024\/04\/GUIA_Camvi_02-scaled-1-724x1024.jpg 724w, https:\/\/webs.uab.cat\/amix-critix\/wp-content\/uploads\/sites\/556\/2024\/04\/GUIA_Camvi_02-scaled-1-768x1086.jpg 768w, https:\/\/webs.uab.cat\/amix-critix\/wp-content\/uploads\/sites\/556\/2024\/04\/GUIA_Camvi_02-scaled-1-1086x1536.jpg 1086w, https:\/\/webs.uab.cat\/amix-critix\/wp-content\/uploads\/sites\/556\/2024\/04\/GUIA_Camvi_02-scaled-1-1448x2048.jpg 1448w, https:\/\/webs.uab.cat\/amix-critix\/wp-content\/uploads\/sites\/556\/2024\/04\/GUIA_Camvi_02-scaled-1-1200x1697.jpg 1200w\" sizes=\"auto, (max-width: 1810px) 100vw, 1810px\" \/><\/td><td><strong><a href=\"https:\/\/escolapau.uab.cat\/wp-content\/uploads\/2023\/01\/GUIA_Camvi_02.pdf\">LA GRAN GUERRA. Conflictes armats i dimensi\u00f3 de g\u00e8nere en temps de pand\u00e8mia.<\/a><\/strong><br>Mireia Mas, Marina Caireta i Ana Villellas (2022)<br><br>Guia pedag\u00f2gica i experi\u00e8ncia d&#8217;aula a l&#8217;IES Ca n&#8217;Oriac (Secund\u00e0ria).<\/td><\/tr><tr><td><img loading=\"lazy\" decoding=\"async\" width=\"1810\" height=\"2560\" class=\"wp-image-39\" style=\"width: 150px\" src=\"https:\/\/webs.uab.cat\/amix-critix\/wp-content\/uploads\/sites\/556\/2024\/04\/GUIA_Camvi_01-scaled-1.jpg\" alt=\"\" srcset=\"https:\/\/webs.uab.cat\/amix-critix\/wp-content\/uploads\/sites\/556\/2024\/04\/GUIA_Camvi_01-scaled-1.jpg 1810w, https:\/\/webs.uab.cat\/amix-critix\/wp-content\/uploads\/sites\/556\/2024\/04\/GUIA_Camvi_01-scaled-1-212x300.jpg 212w, https:\/\/webs.uab.cat\/amix-critix\/wp-content\/uploads\/sites\/556\/2024\/04\/GUIA_Camvi_01-scaled-1-724x1024.jpg 724w, https:\/\/webs.uab.cat\/amix-critix\/wp-content\/uploads\/sites\/556\/2024\/04\/GUIA_Camvi_01-scaled-1-768x1086.jpg 768w, https:\/\/webs.uab.cat\/amix-critix\/wp-content\/uploads\/sites\/556\/2024\/04\/GUIA_Camvi_01-scaled-1-1086x1536.jpg 1086w, https:\/\/webs.uab.cat\/amix-critix\/wp-content\/uploads\/sites\/556\/2024\/04\/GUIA_Camvi_01-scaled-1-1448x2048.jpg 1448w, https:\/\/webs.uab.cat\/amix-critix\/wp-content\/uploads\/sites\/556\/2024\/04\/GUIA_Camvi_01-scaled-1-1200x1697.jpg 1200w\" sizes=\"auto, (max-width: 1810px) 100vw, 1810px\" \/><\/td><td><strong><a href=\"https:\/\/escolapau.uab.cat\/wp-content\/uploads\/2022\/12\/GUIA_Camvi_01.pdf\">Conflictes armats i ecofeminisme. Guia pedag\u00f2gica i experi\u00e8ncia d\u2019aula.<\/a><\/strong><br>Nerea Huertas, Marina Caireta i Mar\u00eda Villellas (2022)<br><br>Guia pedag\u00f2gica i experi\u00e8ncia d&#8217;aula a l&#8217;Escola Torres Jonama (Prim\u00e0ria).<\/td><\/tr><tr><td><img loading=\"lazy\" decoding=\"async\" width=\"1003\" height=\"826\" class=\"wp-image-40\" style=\"width: 150px\" src=\"https:\/\/webs.uab.cat\/amix-critix\/wp-content\/uploads\/sites\/556\/2024\/04\/Sequera-o-escassetat.png\" alt=\"\" srcset=\"https:\/\/webs.uab.cat\/amix-critix\/wp-content\/uploads\/sites\/556\/2024\/04\/Sequera-o-escassetat.png 1003w, https:\/\/webs.uab.cat\/amix-critix\/wp-content\/uploads\/sites\/556\/2024\/04\/Sequera-o-escassetat-300x247.png 300w, https:\/\/webs.uab.cat\/amix-critix\/wp-content\/uploads\/sites\/556\/2024\/04\/Sequera-o-escassetat-768x632.png 768w\" sizes=\"auto, (max-width: 1003px) 100vw, 1003px\" \/><\/td><td><a href=\"https:\/\/drive.google.com\/file\/d\/1o1x5b-QxNWWTdctfkLEN_IBQfWYmns3b\/view\" data-type=\"link\" data-id=\"https:\/\/drive.google.com\/file\/d\/1o1x5b-QxNWWTdctfkLEN_IBQfWYmns3b\/view\"><strong>Sequera o escassetat?<\/strong><\/a><br>Marta Juan, Vanessa Morales i C\u00e9cile Barbeito i altres Amix Cr\u00edtix (2023)<br><br>Mapa de recursos (articles i webs) per abordar el problema de la sequera. (cliqueu a les boletes per entrar als recursos enlla\u00e7ats) (Prim\u00e0ria i secund\u00e0ria)<\/td><\/tr><\/tbody><\/table><\/figure>\n\n\n\n<p><strong>Altres materials recomanats<\/strong><\/p>\n\n\n\n<figure class=\"wp-block-table is-style-stripes\"><table><tbody><tr><td><img loading=\"lazy\" decoding=\"async\" width=\"1536\" height=\"1536\" class=\"wp-image-55\" style=\"width: 150px\" src=\"https:\/\/webs.uab.cat\/amix-critix\/wp-content\/uploads\/sites\/556\/2024\/04\/EJG_infografia.jpg\" alt=\"\" srcset=\"https:\/\/webs.uab.cat\/amix-critix\/wp-content\/uploads\/sites\/556\/2024\/04\/EJG_infografia.jpg 1536w, https:\/\/webs.uab.cat\/amix-critix\/wp-content\/uploads\/sites\/556\/2024\/04\/EJG_infografia-300x300.jpg 300w, https:\/\/webs.uab.cat\/amix-critix\/wp-content\/uploads\/sites\/556\/2024\/04\/EJG_infografia-1024x1024.jpg 1024w, https:\/\/webs.uab.cat\/amix-critix\/wp-content\/uploads\/sites\/556\/2024\/04\/EJG_infografia-150x150.jpg 150w, https:\/\/webs.uab.cat\/amix-critix\/wp-content\/uploads\/sites\/556\/2024\/04\/EJG_infografia-768x768.jpg 768w, https:\/\/webs.uab.cat\/amix-critix\/wp-content\/uploads\/sites\/556\/2024\/04\/EJG_infografia-1200x1200.jpg 1200w\" sizes=\"auto, (max-width: 1536px) 100vw, 1536px\" \/><\/td><td><strong><a href=\"https:\/\/www.lafede.cat\/es\/catala-educacio-per-a-la-justicia-global\/\">Educaci\u00f3 per a la Just\u00edcia Global<\/a><\/strong><br>La Fede<br><br>P\u00e0gina web que defineix la Just\u00edcia Global, i n&#8217;aporta orientacions metodol\u00f2giques. <\/td><\/tr><tr><td><img loading=\"lazy\" decoding=\"async\" width=\"1366\" height=\"1978\" class=\"wp-image-42\" style=\"width: 150px\" src=\"https:\/\/webs.uab.cat\/amix-critix\/wp-content\/uploads\/sites\/556\/2024\/04\/Discrepancia-Benvinguda.jpg\" alt=\"\" srcset=\"https:\/\/webs.uab.cat\/amix-critix\/wp-content\/uploads\/sites\/556\/2024\/04\/Discrepancia-Benvinguda.jpg 1366w, https:\/\/webs.uab.cat\/amix-critix\/wp-content\/uploads\/sites\/556\/2024\/04\/Discrepancia-Benvinguda-207x300.jpg 207w, https:\/\/webs.uab.cat\/amix-critix\/wp-content\/uploads\/sites\/556\/2024\/04\/Discrepancia-Benvinguda-707x1024.jpg 707w, https:\/\/webs.uab.cat\/amix-critix\/wp-content\/uploads\/sites\/556\/2024\/04\/Discrepancia-Benvinguda-768x1112.jpg 768w, https:\/\/webs.uab.cat\/amix-critix\/wp-content\/uploads\/sites\/556\/2024\/04\/Discrepancia-Benvinguda-1061x1536.jpg 1061w, https:\/\/webs.uab.cat\/amix-critix\/wp-content\/uploads\/sites\/556\/2024\/04\/Discrepancia-Benvinguda-1200x1738.jpg 1200w\" sizes=\"auto, (max-width: 1366px) 100vw, 1366px\" \/><\/td><td><br><strong><a href=\"https:\/\/escolapau.uab.cat\/img\/programas\/educacion\/Discrepancia.pdf\">Discrep\u00e0ncia benvinguda<\/a><\/strong><br>Marina Caireta, C\u00e9cile Barbeito  (2018)<br><br>Guia did\u00e0ctica sobre com abordar temes controvertits per a la comprensi\u00f3 de l&#8217;Altre.<\/td><\/tr><tr><td><img loading=\"lazy\" decoding=\"async\" width=\"1024\" height=\"576\" class=\"wp-image-43\" style=\"width: 150px\" src=\"https:\/\/webs.uab.cat\/amix-critix\/wp-content\/uploads\/sites\/556\/2024\/04\/web-PC.png\" alt=\"\" srcset=\"https:\/\/webs.uab.cat\/amix-critix\/wp-content\/uploads\/sites\/556\/2024\/04\/web-PC.png 1024w, https:\/\/webs.uab.cat\/amix-critix\/wp-content\/uploads\/sites\/556\/2024\/04\/web-PC-300x169.png 300w, https:\/\/webs.uab.cat\/amix-critix\/wp-content\/uploads\/sites\/556\/2024\/04\/web-PC-768x432.png 768w\" sizes=\"auto, (max-width: 1024px) 100vw, 1024px\" \/><\/td><td><strong><a href=\"https:\/\/escolapau.uab.cat\/ca\/pensament-critic\/\">Pensament cr\u00edtic i Just\u00edcia Global<\/a><br><\/strong>Escola de Cultura de Pau<br> <br>P\u00e0gina web amb recursos sobre Pensament cr\u00edtic aplicat a la Just\u00edcia Global.<\/td><\/tr><tr><td><img loading=\"lazy\" decoding=\"async\" width=\"529\" height=\"750\" class=\"wp-image-47\" style=\"width: 150px\" src=\"https:\/\/webs.uab.cat\/amix-critix\/wp-content\/uploads\/sites\/556\/2024\/04\/Maleta-pedagogica-ecofeminista.png\" alt=\"\" srcset=\"https:\/\/webs.uab.cat\/amix-critix\/wp-content\/uploads\/sites\/556\/2024\/04\/Maleta-pedagogica-ecofeminista.png 529w, https:\/\/webs.uab.cat\/amix-critix\/wp-content\/uploads\/sites\/556\/2024\/04\/Maleta-pedagogica-ecofeminista-212x300.png 212w\" sizes=\"auto, (max-width: 529px) 100vw, 529px\" \/><\/td><td><strong><a href=\"https:\/\/cerai.org\/wordpress\/wp-content\/uploads\/2021\/09\/maleta-pedagogica-ecofeminista-sostenibilitat-al-plat-cerai_compressed.pdf\">Maleta Pedag\u00f3gica Ecofeminista<\/a><\/strong><br>Sarai Fari\u00f1as i Ausina (2021)<br><br>Material per introduir la depend\u00e8ncia dels \u00e9ssers humans amb la natura, i la import\u00e0ncia de la cura. (Prim\u00e0ria)<\/td><\/tr><\/tbody><\/table><\/figure>\n\n\n\n<p><\/p>\n","protected":false},"excerpt":{"rendered":"<p>En aquest apartat trobareu recursos destacats, ja sigui creats per Amix Cr\u00edtix, com materials d&#8217;altres que hem fet servir a l&#8217;aula i recomanem. Materials creats per Amix Cr\u00edtix Quin poder tens tu?Pau Batet, Marina Caireta. (2025) Situaci\u00f3 d&#8217;aprenentatge per abordar el poder personal, aplicat a un grup d&#8217;ESO (I-E Marta Mata). Controv\u00e8rsia a l&#8217;aulaFora de [&hellip;]<\/p>\n","protected":false},"author":2859,"featured_media":0,"parent":0,"menu_order":2,"comment_status":"closed","ping_status":"closed","template":"sidebar.php","meta":{"footnotes":""},"class_list":["post-7","page","type-page","status-publish","hentry"],"_links":{"self":[{"href":"https:\/\/webs.uab.cat\/amix-critix\/wp-json\/wp\/v2\/pages\/7","targetHints":{"allow":["GET"]}}],"collection":[{"href":"https:\/\/webs.uab.cat\/amix-critix\/wp-json\/wp\/v2\/pages"}],"about":[{"href":"https:\/\/webs.uab.cat\/amix-critix\/wp-json\/wp\/v2\/types\/page"}],"author":[{"embeddable":true,"href":"https:\/\/webs.uab.cat\/amix-critix\/wp-json\/wp\/v2\/users\/2859"}],"replies":[{"embeddable":true,"href":"https:\/\/webs.uab.cat\/amix-critix\/wp-json\/wp\/v2\/comments?post=7"}],"version-history":[{"count":13,"href":"https:\/\/webs.uab.cat\/amix-critix\/wp-json\/wp\/v2\/pages\/7\/revisions"}],"predecessor-version":[{"id":217,"href":"https:\/\/webs.uab.cat\/amix-critix\/wp-json\/wp\/v2\/pages\/7\/revisions\/217"}],"wp:attachment":[{"href":"https:\/\/webs.uab.cat\/amix-critix\/wp-json\/wp\/v2\/media?parent=7"}],"curies":[{"name":"wp","href":"https:\/\/api.w.org\/{rel}","templated":true}]}}