{"id":2454,"date":"2023-11-07T16:09:19","date_gmt":"2023-11-07T14:09:19","guid":{"rendered":"https:\/\/webs.uab.cat\/jornades-investigacio-crue\/?page_id=2454"},"modified":"2024-05-30T10:39:46","modified_gmt":"2024-05-30T08:39:46","slug":"petjada-de-carboni","status":"publish","type":"page","link":"https:\/\/webs.uab.cat\/aniversari-cerec\/petjada-de-carboni\/","title":{"rendered":"Petjada de carboni"},"content":{"rendered":"\n<p>L\u2019organitzaci\u00f3 de la celebraci\u00f3 del <strong>30\u00e8 Aniversari CERec<\/strong> col\u00b7labora amb el grup de treball sobre eines per a esdeveniments sostenibles de l\u2019Ag\u00e8ncia Catalana de Turisme,\u00a0per tal de mesurar quina ha estat la petjada de carboni generada.<\/p>\n","protected":false},"excerpt":{"rendered":"<p>L\u2019organitzaci\u00f3 de la celebraci\u00f3 del 30\u00e8 Aniversari CERec col\u00b7labora amb el grup de treball sobre eines per a esdeveniments sostenibles de l\u2019Ag\u00e8ncia Catalana de Turisme,\u00a0per tal de mesurar quina ha estat la petjada de carboni generada.<\/p>\n","protected":false},"author":2655,"featured_media":0,"parent":0,"menu_order":0,"comment_status":"closed","ping_status":"closed","template":"","meta":{"footnotes":""},"class_list":["post-2454","page","type-page","status-publish","hentry"],"_links":{"self":[{"href":"https:\/\/webs.uab.cat\/aniversari-cerec\/wp-json\/wp\/v2\/pages\/2454","targetHints":{"allow":["GET"]}}],"collection":[{"href":"https:\/\/webs.uab.cat\/aniversari-cerec\/wp-json\/wp\/v2\/pages"}],"about":[{"href":"https:\/\/webs.uab.cat\/aniversari-cerec\/wp-json\/wp\/v2\/types\/page"}],"author":[{"embeddable":true,"href":"https:\/\/webs.uab.cat\/aniversari-cerec\/wp-json\/wp\/v2\/users\/2655"}],"replies":[{"embeddable":true,"href":"https:\/\/webs.uab.cat\/aniversari-cerec\/wp-json\/wp\/v2\/comments?post=2454"}],"version-history":[{"count":1,"href":"https:\/\/webs.uab.cat\/aniversari-cerec\/wp-json\/wp\/v2\/pages\/2454\/revisions"}],"predecessor-version":[{"id":3080,"href":"https:\/\/webs.uab.cat\/aniversari-cerec\/wp-json\/wp\/v2\/pages\/2454\/revisions\/3080"}],"wp:attachment":[{"href":"https:\/\/webs.uab.cat\/aniversari-cerec\/wp-json\/wp\/v2\/media?parent=2454"}],"curies":[{"name":"wp","href":"https:\/\/api.w.org\/{rel}","templated":true}]}}