{"id":6,"date":"2023-03-02T16:10:54","date_gmt":"2023-03-02T14:10:54","guid":{"rendered":"https:\/\/webs.uab.cat\/tedxuabarcelona\/?page_id=6"},"modified":"2024-07-22T12:31:29","modified_gmt":"2024-07-22T10:31:29","slug":"presentacio","status":"publish","type":"page","link":"https:\/\/webs.uab.cat\/aniversari-cerec\/","title":{"rendered":"Presentaci\u00f3"},"content":{"rendered":"\n<div class=\"wp-block-columns alignwide is-layout-flex wp-container-core-columns-is-layout-9d6595d7 wp-block-columns-is-layout-flex\">\n<div class=\"wp-block-column is-layout-flow wp-block-column-is-layout-flow\" style=\"flex-basis:60%\">\n<p><\/p>\n\n\n\n<p>Us donem la benvinguda a les jornades de celebraci\u00f3 del<strong> 30\u00e8 aniversari del Comit\u00e8 d\u2019\u00c8tica en la Recerca de la UAB (CERec)<\/strong>, una iniciativa pionera a l\u2019estat i en la qual han col\u00b7laborat desenes de persones de manera volunt\u00e0ria i desinteressada.<\/p>\n\n\n\n<p>El primer dia de les jornades, de caire acad\u00e8mic, compta amb destacats ponents que afronten els reptes \u00e8tics actuals com els models animals, el <em>big data<\/em> en salut i la IA, entre d\u2019altres. <\/p>\n\n\n\n<p>El segon dia, de caire institucional, permetr\u00e0 retrobar i recon\u00e8ixer la feina de tantes persones que han fet possible aquesta efem\u00e8ride.<\/p>\n\n\n\n<p>Aquestes jornades han estat organitzades seguint criteris de<\/p>\n\n\n\n<div class=\"wp-block-media-text alignwide is-stacked-on-mobile\" style=\"grid-template-columns:65% auto\"><figure class=\"wp-block-media-text__media\"><a href=\"https:\/\/webs.uab.cat\/aniversari-cerec\/esdeveniment-responsable-2\/\" target=\"_blank\" rel=\"noreferrer noopener\"><img decoding=\"async\" src=\"https:\/\/webs.uab.cat\/jornades-investigacio-crue\/wp-content\/uploads\/sites\/358\/2023\/11\/Sostenibilitat_i_Accessibilitat4-1-1024x136.png\" alt=\"\" class=\"wp-image-2539 size-full\" \/><\/a><\/figure><div class=\"wp-block-media-text__content\">\n<p class=\"has-text-align-left\"><\/p>\n<\/div><\/div>\n\n\n\n<p><\/p>\n\n\n\n<h2 class=\"wp-block-heading\">Inscripcions a les Jornades:<\/h2>\n\n\n\n<div class=\"wp-block-buttons alignwide is-content-justification-center is-layout-flex wp-container-core-buttons-is-layout-16018d1d wp-block-buttons-is-layout-flex\">\n<div class=\"wp-block-button has-custom-width wp-block-button__width-50 has-custom-font-size is-style-fill has-small-font-size\"><a class=\"wp-block-button__link has-text-align-center wp-element-button\" href=\"https:\/\/webs.uab.cat\/aniversari-cerec\/participa\/\" style=\"border-radius:33px\" target=\"_blank\" rel=\"noreferrer noopener\">Accediu-hi<\/a><\/div>\n<\/div>\n<\/div>\n\n\n\n<div class=\"wp-block-column is-layout-flow wp-block-column-is-layout-flow\" style=\"flex-basis:50%\">\n<figure class=\"wp-block-image size-full is-resized\"><a href=\"https:\/\/webs.uab.cat\/jornades-investigacio-crue\/wp-content\/uploads\/sites\/358\/2023\/07\/ColumnesBellaterra07_a2014.jpg\" target=\"_blank\" rel=\"noreferrer noopener\"><img decoding=\"async\" src=\"https:\/\/webs.uab.cat\/jornades-investigacio-crue\/wp-content\/uploads\/sites\/358\/2023\/07\/ColumnesBellaterra07_a2014.jpg\" alt=\"\" class=\"wp-image-1312\" \/><\/a><\/figure>\n<\/div>\n<\/div>\n\n\n\n<div class=\"wp-block-group alignfull has-text-color has-background\" style=\"color:#000000;background-color:#ffffff\"><div class=\"wp-block-group__inner-container is-layout-flow wp-block-group-is-layout-flow\">\n<div class=\"wp-block-columns alignwide is-layout-flex wp-container-core-columns-is-layout-9d6595d7 wp-block-columns-is-layout-flex\">\n<div class=\"wp-block-column is-layout-flow wp-block-column-is-layout-flow\">\n<p class=\"wp-block-uab-alerta alerta\">Utilitzeu les etiquetes <strong><mark style=\"background-color:var(--color-marca-terciari);color:var(--color-negre)\" class=\"has-inline-color\">#30\u00e8CERec_UAB2024<\/mark><\/strong> i compartiu les vostres experi\u00e8ncies durant les Jornades. <\/p>\n<\/div>\n<\/div>\n<\/div><\/div>\n\n\n\n<h2 class=\"wp-block-heading alignwide has-text-align-center\">Ho organitzen<\/h2>\n\n\n\n<figure class=\"wp-block-gallery has-nested-images columns-default wp-block-gallery-1 is-layout-flex wp-block-gallery-is-layout-flex\">\n<figure class=\"wp-block-image size-large\"><img decoding=\"async\" data-id=\"1067\" src=\"https:\/\/webs.uab.cat\/jornades-investigacio-crue\/wp-content\/uploads\/sites\/358\/2023\/07\/logotipuab-3-linies-vertical-verd-llarg-1024x589.png\" alt=\"\" class=\"wp-image-1067\" \/><\/figure>\n\n\n\n<figure class=\"wp-block-image size-full is-style-default\"><a href=\"https:\/\/www.uab.cat\/web\/comite-d-etica-en-la-recerca-cerec-1345713724512.html\" target=\"_blank\" rel=\"noreferrer noopener\"><img loading=\"lazy\" decoding=\"async\" width=\"126\" height=\"57\" data-id=\"3093\" src=\"https:\/\/webs.uab.cat\/aniversari-cerec\/wp-content\/uploads\/sites\/564\/2024\/05\/20230614_Logo_CERec.jpg\" alt=\"\" class=\"wp-image-3093\" \/><\/a><\/figure>\n<\/figure>\n","protected":false},"excerpt":{"rendered":"<p>Us donem la benvinguda a les jornades de celebraci\u00f3 del 30\u00e8 aniversari del Comit\u00e8 d\u2019\u00c8tica en la Recerca de la UAB (CERec), una iniciativa pionera a l\u2019estat i en la qual han col\u00b7laborat desenes de persones de manera volunt\u00e0ria i desinteressada. El primer dia de les jornades, de caire acad\u00e8mic, compta amb destacats ponents que [&hellip;]<\/p>\n","protected":false},"author":2655,"featured_media":0,"parent":0,"menu_order":0,"comment_status":"closed","ping_status":"closed","template":"","meta":{"footnotes":""},"class_list":["post-6","page","type-page","status-publish","hentry"],"_links":{"self":[{"href":"https:\/\/webs.uab.cat\/aniversari-cerec\/wp-json\/wp\/v2\/pages\/6","targetHints":{"allow":["GET"]}}],"collection":[{"href":"https:\/\/webs.uab.cat\/aniversari-cerec\/wp-json\/wp\/v2\/pages"}],"about":[{"href":"https:\/\/webs.uab.cat\/aniversari-cerec\/wp-json\/wp\/v2\/types\/page"}],"author":[{"embeddable":true,"href":"https:\/\/webs.uab.cat\/aniversari-cerec\/wp-json\/wp\/v2\/users\/2655"}],"replies":[{"embeddable":true,"href":"https:\/\/webs.uab.cat\/aniversari-cerec\/wp-json\/wp\/v2\/comments?post=6"}],"version-history":[{"count":14,"href":"https:\/\/webs.uab.cat\/aniversari-cerec\/wp-json\/wp\/v2\/pages\/6\/revisions"}],"predecessor-version":[{"id":3224,"href":"https:\/\/webs.uab.cat\/aniversari-cerec\/wp-json\/wp\/v2\/pages\/6\/revisions\/3224"}],"wp:attachment":[{"href":"https:\/\/webs.uab.cat\/aniversari-cerec\/wp-json\/wp\/v2\/media?parent=6"}],"curies":[{"name":"wp","href":"https:\/\/api.w.org\/{rel}","templated":true}]}}