{"id":25,"date":"2013-04-12T14:03:36","date_gmt":"2013-04-12T14:03:36","guid":{"rendered":"https:\/\/webs.uab.cat\/annagilbardaji\/inici-2\/"},"modified":"2022-08-02T08:57:10","modified_gmt":"2022-08-02T08:57:10","slug":"inici-2","status":"publish","type":"page","link":"https:\/\/webs.uab.cat\/annagilbardaji\/en\/","title":{"rendered":"Anna Gil Bardaj\u00ed, PhD."},"content":{"rendered":"\n<div class=\"wp-block-media-text is-stacked-on-mobile is-vertically-aligned-top\" style=\"grid-template-columns:41% auto\"><figure class=\"wp-block-media-text__media\"><img loading=\"lazy\" decoding=\"async\" width=\"300\" height=\"400\" src=\"https:\/\/webs.uab.cat\/annagilbardaji\/wp-content\/uploads\/sites\/93\/2013\/04\/bynfoto_anna_2017_blanc_negre.jpg\" alt=\"Anna Gil Bardaj\u00ed\" class=\"wp-image-21 size-full\" srcset=\"https:\/\/webs.uab.cat\/annagilbardaji\/wp-content\/uploads\/sites\/93\/2013\/04\/bynfoto_anna_2017_blanc_negre.jpg 300w, https:\/\/webs.uab.cat\/annagilbardaji\/wp-content\/uploads\/sites\/93\/2013\/04\/bynfoto_anna_2017_blanc_negre-225x300.jpg 225w\" sizes=\"auto, (max-width: 300px) 100vw, 300px\" \/><\/figure><div class=\"wp-block-media-text__content\">\n<p>Anna Gil-Bardaj\u00ed is a senior PhD Professor in&nbsp;Translation and Arabic Studies at Universitat Aut\u00f2noma de Barcelona (UAB), Spain. She is the founder and current director of the <a href=\"https:\/\/www.uab.cat\/web\/postgraduate\/master-in-contemporary-arabic-studies\/general-information-1217916968009.html\/param1-3616_en\/\">Master of Contemporary Arabic Studies<\/a>.<\/p>\n\n\n\n<p>Since 2001, she lectures Arabic language and translation from Arabic into Spanish and Catalan. Her fields of research are&nbsp;Critical Discourse Analysis (applied to the translation from Arabic into Spanish), Translation History and Theory, and Public Service Interpreting. She has also translated several literary works&nbsp;from Arabic and French to Spanish and Catalan.<\/p>\n\n\n\n<p>She is an active member of MIRAS research group.<\/p>\n<\/div><\/div>\n\n\n\n<h2 class=\"wp-block-heading\"><strong>Contact<\/strong><\/h2>\n\n\n\n<p>Facultad de Traducci\u00f3n e Interpretaci\u00f3n<br>Despacho 1022. Tel. 93 5913372<br>Universitat Aut\u00f2noma de Barcelona<br>08193 Bellaterra<br>email: anna.gil.bardaji@uab.cat<\/p>\n","protected":false},"excerpt":{"rendered":"<p>Anna Gil-Bardaj\u00ed is a senior PhD Professor in&nbsp;Translation and Arabic Studies at Universitat Aut\u00f2noma de Barcelona (UAB), Spain. She is the founder and current director of the Master of Contemporary Arabic Studies. Since 2001, she lectures Arabic language and translation from Arabic into Spanish and Catalan. Her fields of research are&nbsp;Critical Discourse Analysis (applied to [&hellip;]<\/p>\n","protected":false},"author":20,"featured_media":0,"parent":0,"menu_order":0,"comment_status":"closed","ping_status":"closed","template":"","meta":{"footnotes":""},"class_list":["post-25","page","type-page","status-publish","hentry"],"_links":{"self":[{"href":"https:\/\/webs.uab.cat\/annagilbardaji\/en\/wp-json\/wp\/v2\/pages\/25","targetHints":{"allow":["GET"]}}],"collection":[{"href":"https:\/\/webs.uab.cat\/annagilbardaji\/en\/wp-json\/wp\/v2\/pages"}],"about":[{"href":"https:\/\/webs.uab.cat\/annagilbardaji\/en\/wp-json\/wp\/v2\/types\/page"}],"author":[{"embeddable":true,"href":"https:\/\/webs.uab.cat\/annagilbardaji\/en\/wp-json\/wp\/v2\/users\/20"}],"replies":[{"embeddable":true,"href":"https:\/\/webs.uab.cat\/annagilbardaji\/en\/wp-json\/wp\/v2\/comments?post=25"}],"version-history":[{"count":2,"href":"https:\/\/webs.uab.cat\/annagilbardaji\/en\/wp-json\/wp\/v2\/pages\/25\/revisions"}],"predecessor-version":[{"id":136,"href":"https:\/\/webs.uab.cat\/annagilbardaji\/en\/wp-json\/wp\/v2\/pages\/25\/revisions\/136"}],"wp:attachment":[{"href":"https:\/\/webs.uab.cat\/annagilbardaji\/en\/wp-json\/wp\/v2\/media?parent=25"}],"curies":[{"name":"wp","href":"https:\/\/api.w.org\/{rel}","templated":true}]}}