{"id":30,"date":"2013-04-15T13:46:33","date_gmt":"2013-04-15T13:46:33","guid":{"rendered":"https:\/\/webs.uab.cat\/annagilbardaji\/study-ans-research-abroad\/"},"modified":"2013-04-15T13:46:33","modified_gmt":"2013-04-15T13:46:33","slug":"study-ans-research-abroad","status":"publish","type":"page","link":"https:\/\/webs.uab.cat\/annagilbardaji\/en\/study-ans-research-abroad\/","title":{"rendered":"STUDY ANS RESEARCH ABROAD"},"content":{"rendered":"<p>1995. Institut Bourguiba des Langues Vivantes. Estancia de estudios de un mes. T\u00fanez, T\u00fanez.&nbsp;<\/p>\n<p>1995-1996. Universidad de Damasco, Centro de Ense\u00f1anza de la Lengua \u00c1rabe para Extranjeros. 390 horas. Estancia de estudios de un a\u00f1o. Beca de la Universidad de Barcelona. Damasco, Siria.<\/p>\n<p>1996-1997. Institut Fran\u00e7ais d\u2019\u00c9tudes Arabes de Damas (IFEAD). Stage d\u2019Arabe en Vue de la Recherche, 405 horas. Beca de la Universidad de Barcelona. Damasco, Siria.<\/p>\n<p>1998. Institut Fran\u00e7ais d\u2019\u00c9tudes Arabes de Damas (IFEAD). Estancia de investigaci\u00f3n de tres meses. Damasco, Siria.<\/p>\n<p>1999-2000. Center for Arab and Middle Eastern Studies (CAMES). Estancia de investigaci\u00f3n de un a\u00f1o. Beca del Ministerio de Asuntos Exteriores y de la Agencia Espa\u00f1ola de Cooperaci\u00f3n Internacional . Beirut, L\u00edbano.<\/p>\n<p>2004. International Language Institut. Estancia de estudio de tres meses. Beca del Ministerio de Asuntos Exteriores y de la Agencia Espa\u00f1ola de Cooperaci\u00f3n Internacional. El Cairo, Egipto.<\/p>\n<p>2004. Departement de Langue et Lit\u00e9rature Arabes, Universit\u00e9 de la Sorbonne (Paris IV). Estancia de docencia de una semana. Beca TSM (Teaching Staff Mobility) de la UE.<\/p>\n<p>2005. Departamento de \u00c1rabe de la Universidad La Sapieza de Roma. Estancia de docencia de una semana. Beca TSM (Teaching Staff Mobility) de la UE.<\/p>\n<p>2006. Departamento de \u00c1rabe de la Universit\u00e9 Libre de Bruxelles (Bruselas, B\u00e9lgica). Estancia de docencia de una semana. Beca TSM (Teaching Staff Mobility) de la UE.<\/p>\n<p>2008-2009. Institut d\u2019\u00c9tudes Arabes et H\u00e9bra\u00efques (IEAH). Estancia de investigaci\u00f3n de seis meses. Par\u00eds, Francia.<\/p>\n","protected":false},"excerpt":{"rendered":"<p>1995. Institut Bourguiba des Langues Vivantes. Estancia de estudios de un mes. T\u00fanez, T\u00fanez.&nbsp; 1995-1996. Universidad de Damasco, Centro de Ense\u00f1anza de la Lengua \u00c1rabe para Extranjeros. 390 horas. Estancia de estudios de un a\u00f1o. Beca de la Universidad de Barcelona. Damasco, Siria. 1996-1997. Institut Fran\u00e7ais d\u2019\u00c9tudes Arabes de Damas (IFEAD). Stage d\u2019Arabe en Vue [&hellip;]<\/p>\n","protected":false},"author":20,"featured_media":0,"parent":0,"menu_order":0,"comment_status":"closed","ping_status":"closed","template":"","meta":{"footnotes":""},"class_list":["post-30","page","type-page","status-publish","hentry"],"_links":{"self":[{"href":"https:\/\/webs.uab.cat\/annagilbardaji\/en\/wp-json\/wp\/v2\/pages\/30","targetHints":{"allow":["GET"]}}],"collection":[{"href":"https:\/\/webs.uab.cat\/annagilbardaji\/en\/wp-json\/wp\/v2\/pages"}],"about":[{"href":"https:\/\/webs.uab.cat\/annagilbardaji\/en\/wp-json\/wp\/v2\/types\/page"}],"author":[{"embeddable":true,"href":"https:\/\/webs.uab.cat\/annagilbardaji\/en\/wp-json\/wp\/v2\/users\/20"}],"replies":[{"embeddable":true,"href":"https:\/\/webs.uab.cat\/annagilbardaji\/en\/wp-json\/wp\/v2\/comments?post=30"}],"version-history":[{"count":0,"href":"https:\/\/webs.uab.cat\/annagilbardaji\/en\/wp-json\/wp\/v2\/pages\/30\/revisions"}],"wp:attachment":[{"href":"https:\/\/webs.uab.cat\/annagilbardaji\/en\/wp-json\/wp\/v2\/media?parent=30"}],"curies":[{"name":"wp","href":"https:\/\/api.w.org\/{rel}","templated":true}]}}