{"id":10,"date":"2013-02-15T17:09:30","date_gmt":"2013-02-15T17:09:30","guid":{"rendered":"https:\/\/webs.uab.cat\/annagilbardaji\/traducciones\/"},"modified":"2013-02-15T17:09:30","modified_gmt":"2013-02-15T17:09:30","slug":"traducciones","status":"publish","type":"page","link":"https:\/\/webs.uab.cat\/annagilbardaji\/es\/traducciones\/","title":{"rendered":"TRADUCCIONES"},"content":{"rendered":"<p>Abu-Nuw\u00e0s (2002) Khamriyyat, Poesia B\u00e0quica. Barcelona: Edicions Proa, Enciclopedia Catalana. 378 p. Traducci\u00f3n del \u00e1rabe y edici\u00f3n cr\u00edtica junto a Jaume Ferrer Carmona.<\/p>\n<p>Munif, A. (2006) Ciudades de sal. Ediciones Belacqua, Grupo Norma. 688 p. Traducci\u00f3n del \u00e1rabe.<\/p>\n<p>Barakat, H. (2006) El labrador de aguas. Ediciones Belacqua, Grupo Norma. 192 p. Traducci\u00f3n del \u00e1rabe.<\/p>\n<p>Moustaki, G. (2006) Siete cuentos fronterizos. Ediciones Belacqua, Grupo Norma. 109 p. Traducci\u00f3n del franc\u00e9s.<\/p>\n<p>Moustaki, G. (2006) Set contes fronterers. Ediciones Belacqua, Grupo Norma. 109 p. Traducci\u00f3n del franc\u00e9s.<\/p>\n<p>Kanafani, G. (2009) Homes sota el sol i Retorn a Haifa. Club Editor. 120 p. Traducci\u00f3n del \u00e1rabe.<\/p>\n<p>Abu Nuw\u00e1s (2010) Cantar al vino. Ediciones C\u00e1tedra, col. Letras Universales. 299 p. Traducci\u00f3n del \u00e1rabe y edici\u00f3n cr\u00edtica junto a Jaume Ferrer Carmona.<\/p>\n<p>Ismael Nashef (2012) La mort del palest\u00ed. Publicaci\u00f3n del MACBA que acompa\u00f1a a la exposici\u00f3n de la fot\u00f3grafa palestina Ahlam Shibli. 95 p.<\/p>\n<p>Saadawi, Ahmed (en prensa) Frankenstein en Bagdad. Libros del Asteroide.&nbsp;<\/p>\n<p>Mersal, Iman (en prensa) Per a desfer-me de la idea de les cases.&nbsp;<\/p>\n<p>&nbsp;<\/p>\n","protected":false},"excerpt":{"rendered":"<p>Abu-Nuw\u00e0s (2002) Khamriyyat, Poesia B\u00e0quica. Barcelona: Edicions Proa, Enciclopedia Catalana. 378 p. Traducci\u00f3n del \u00e1rabe y edici\u00f3n cr\u00edtica junto a Jaume Ferrer Carmona. Munif, A. (2006) Ciudades de sal. Ediciones Belacqua, Grupo Norma. 688 p. Traducci\u00f3n del \u00e1rabe. Barakat, H. (2006) El labrador de aguas. Ediciones Belacqua, Grupo Norma. 192 p. Traducci\u00f3n del \u00e1rabe. Moustaki, [&hellip;]<\/p>\n","protected":false},"author":20,"featured_media":0,"parent":0,"menu_order":0,"comment_status":"closed","ping_status":"closed","template":"","meta":{"footnotes":""},"class_list":["post-10","page","type-page","status-publish","hentry"],"_links":{"self":[{"href":"https:\/\/webs.uab.cat\/annagilbardaji\/es\/wp-json\/wp\/v2\/pages\/10","targetHints":{"allow":["GET"]}}],"collection":[{"href":"https:\/\/webs.uab.cat\/annagilbardaji\/es\/wp-json\/wp\/v2\/pages"}],"about":[{"href":"https:\/\/webs.uab.cat\/annagilbardaji\/es\/wp-json\/wp\/v2\/types\/page"}],"author":[{"embeddable":true,"href":"https:\/\/webs.uab.cat\/annagilbardaji\/es\/wp-json\/wp\/v2\/users\/20"}],"replies":[{"embeddable":true,"href":"https:\/\/webs.uab.cat\/annagilbardaji\/es\/wp-json\/wp\/v2\/comments?post=10"}],"version-history":[{"count":0,"href":"https:\/\/webs.uab.cat\/annagilbardaji\/es\/wp-json\/wp\/v2\/pages\/10\/revisions"}],"wp:attachment":[{"href":"https:\/\/webs.uab.cat\/annagilbardaji\/es\/wp-json\/wp\/v2\/media?parent=10"}],"curies":[{"name":"wp","href":"https:\/\/api.w.org\/{rel}","templated":true}]}}