{"id":38,"date":"2016-09-08T11:15:12","date_gmt":"2016-09-08T11:15:12","guid":{"rendered":"https:\/\/webs.uab.cat\/annagilbardaji\/traduccions-0\/"},"modified":"2016-09-08T11:15:12","modified_gmt":"2016-09-08T11:15:12","slug":"traduccions-0","status":"publish","type":"page","link":"https:\/\/webs.uab.cat\/annagilbardaji\/traduccions-0\/","title":{"rendered":"TRADUCCIONS"},"content":{"rendered":"<p>Abu-Nuw\u00e0s (2002) Khamriyyat, Poesia B\u00e0quica. Barcelona: Edicions Proa, Enciclopedia Catalana. 378 p. Traducci\u00f3 de l&#8217;\u00e0rab i edici\u00f3 cr\u00edtica juntament amb Jaume Ferrer Carmona.<\/p>\n<p>Munif, A. (2006) Ciudades de sal. Ediciones Belacqua, Grupo Norma. 688 p. Traducci\u00f3 de l&#8217;\u00e0rab.<\/p>\n<p>Barakat, H. (2006) El labrador de aguas. Ediciones Belacqua, Grupo Norma. 192 p. Traducci\u00f3 de l&#8217;\u00e0rab.<\/p>\n<p>Moustaki, G. (2006) Siete cuentos fronterizos. Ediciones Belacqua, Grupo Norma. 109 p. Traducci\u00f3 del franc\u00e8s.<\/p>\n<p>Moustaki, G. (2006) Set contes fronterers. Ediciones Belacqua, Grupo Norma. 109 p. Traducci\u00f3 del franc\u00e8s.<\/p>\n<p>Kanafani, G. (2009) Homes sota el sol i Retorn a Haifa. Club Editor. 120 p. Traducci\u00f3 de l&#8217;\u00e0rab.<\/p>\n<p>Abu Nuw\u00e1s (2010) Cantar al vino. Ediciones C\u00e1tedra, col. Letras Universales. 299 p. Traducci\u00f3 de l&#8217;\u00e0rab i edici\u00f3 cr\u00edtica juntament amb Jaume Ferrer Carmona.<\/p>\n<p>Ismael Nashef (2012) La mort del palest\u00ed. Publicaci\u00f3n del MACBA que acompa\u00f1a a la exposici\u00f3n de la fot\u00f3grafa palestina Ahlam Shibli. 95 p.<\/p>\n<p>Saadawi, Ahmed (en prensa) Frankenstein en Bagdad. Libros del Asteroide.&nbsp;<\/p>\n<p>Mersal, Iman (en prensa) Per a desfer-me de la idea de les cases.&nbsp;<\/p>\n","protected":false},"excerpt":{"rendered":"<p>Abu-Nuw\u00e0s (2002) Khamriyyat, Poesia B\u00e0quica. Barcelona: Edicions Proa, Enciclopedia Catalana. 378 p. Traducci\u00f3 de l&#8217;\u00e0rab i edici\u00f3 cr\u00edtica juntament amb Jaume Ferrer Carmona. Munif, A. (2006) Ciudades de sal. Ediciones Belacqua, Grupo Norma. 688 p. Traducci\u00f3 de l&#8217;\u00e0rab. Barakat, H. (2006) El labrador de aguas. Ediciones Belacqua, Grupo Norma. 192 p. Traducci\u00f3 de l&#8217;\u00e0rab. Moustaki, [&hellip;]<\/p>\n","protected":false},"author":20,"featured_media":0,"parent":0,"menu_order":0,"comment_status":"closed","ping_status":"closed","template":"","meta":{"footnotes":""},"class_list":["post-38","page","type-page","status-publish","hentry"],"_links":{"self":[{"href":"https:\/\/webs.uab.cat\/annagilbardaji\/wp-json\/wp\/v2\/pages\/38","targetHints":{"allow":["GET"]}}],"collection":[{"href":"https:\/\/webs.uab.cat\/annagilbardaji\/wp-json\/wp\/v2\/pages"}],"about":[{"href":"https:\/\/webs.uab.cat\/annagilbardaji\/wp-json\/wp\/v2\/types\/page"}],"author":[{"embeddable":true,"href":"https:\/\/webs.uab.cat\/annagilbardaji\/wp-json\/wp\/v2\/users\/20"}],"replies":[{"embeddable":true,"href":"https:\/\/webs.uab.cat\/annagilbardaji\/wp-json\/wp\/v2\/comments?post=38"}],"version-history":[{"count":0,"href":"https:\/\/webs.uab.cat\/annagilbardaji\/wp-json\/wp\/v2\/pages\/38\/revisions"}],"wp:attachment":[{"href":"https:\/\/webs.uab.cat\/annagilbardaji\/wp-json\/wp\/v2\/media?parent=38"}],"curies":[{"name":"wp","href":"https:\/\/api.w.org\/{rel}","templated":true}]}}