{"id":119,"date":"2025-01-15T13:47:45","date_gmt":"2025-01-15T11:47:45","guid":{"rendered":"https:\/\/webs.uab.cat\/antigona\/inicio\/"},"modified":"2025-12-12T12:41:26","modified_gmt":"2025-12-12T10:41:26","slug":"inici-2","status":"publish","type":"page","link":"https:\/\/webs.uab.cat\/antigona\/inici-2\/?lang=es","title":{"rendered":"Inicio"},"content":{"rendered":"\n<p>El\u00a0<em><strong>Grupo de investigaci\u00f3n Ant\u00edgona, derechos y sociedad con perspectiva de g\u00e9nero<\/strong><\/em> (SGR2017_1775) es un grupo de investigaci\u00f3n que se constituy\u00f3 en el a\u00f1o 2000 dentro del Departamento de Ciencia Pol\u00edtica y Derecho P\u00fablico de la Universidad Aut\u00f3noma de Barcelona (UAB) ubicada en Catalu\u00f1a, Espa\u00f1a. Ant\u00edgona fue reconocido en el a\u00f1o 2005 como grupo de investigaci\u00f3n emergente (GRE) por la Agencia de Gesti\u00f3n de Ayudas Universitarias y de Investigaci\u00f3n (AGAUR) de la Generalitat de Catalu\u00f1a, y reconocido en el a\u00f1o 2009 (SGR2009-570) y 2014 (SGR2014-519) como grupo de investigaci\u00f3n consolidado (GRC). Ant\u00edgona fue reconocido en el a\u00f1o 2005 como grupo de investigaci\u00f3n emergente (GRE) por la Agencia de Gesti\u00f3n de Ayudas Universitarias y de Investigaci\u00f3n (AGAUR) de la Generalitat de Catalunya, y reconocido en el a\u00f1o 2009 (SGR2009-570) y 2014 (SGR2014-519) como grupo de investigaci\u00f3n consolidado (GRC).<\/p>\n\n\n\n<p>El objetivo general del Grupo Ant\u00edgona es analizar el desarrollo de los derechos de las mujeres con perspectiva de g\u00e9nero. La legislaci\u00f3n y las pol\u00edticas p\u00fablicas en Espa\u00f1a se est\u00e1n construyendo sobre diferentes definiciones que es necesario aclarar y concretar, as\u00ed como las caracter\u00edsticas y contenido de los derechos de las mujeres de nuestro pa\u00eds. Adem\u00e1s, es necesario adoptar una perspectiva de g\u00e9nero frente el Derecho y hacer una revisi\u00f3n de las categor\u00edas jur\u00eddicas que posibilite mostrar sus deficiencias.  <\/p>\n\n\n\n<p><a href=\"https:\/\/webs.uab.cat\/antigona\/presentacio-2\/?lang=es\">M\u00e1s informaci\u00f3n<\/a><\/p>\n","protected":false},"excerpt":{"rendered":"<p>El\u00a0Grupo de investigaci\u00f3n Ant\u00edgona, derechos y sociedad con perspectiva de g\u00e9nero (SGR2017_1775) es un grupo de investigaci\u00f3n que se constituy\u00f3 en el a\u00f1o 2000 dentro del Departamento de Ciencia Pol\u00edtica y Derecho P\u00fablico de la Universidad Aut\u00f3noma de Barcelona (UAB) ubicada en Catalu\u00f1a, Espa\u00f1a. Ant\u00edgona fue reconocido en el a\u00f1o 2005 como grupo de investigaci\u00f3n [&hellip;]<\/p>\n","protected":false},"author":1385,"featured_media":0,"parent":0,"menu_order":0,"comment_status":"closed","ping_status":"closed","template":"","meta":{"footnotes":""},"class_list":["post-119","page","type-page","status-publish","hentry"],"_links":{"self":[{"href":"https:\/\/webs.uab.cat\/antigona\/wp-json\/wp\/v2\/pages\/119","targetHints":{"allow":["GET"]}}],"collection":[{"href":"https:\/\/webs.uab.cat\/antigona\/wp-json\/wp\/v2\/pages"}],"about":[{"href":"https:\/\/webs.uab.cat\/antigona\/wp-json\/wp\/v2\/types\/page"}],"author":[{"embeddable":true,"href":"https:\/\/webs.uab.cat\/antigona\/wp-json\/wp\/v2\/users\/1385"}],"replies":[{"embeddable":true,"href":"https:\/\/webs.uab.cat\/antigona\/wp-json\/wp\/v2\/comments?post=119"}],"version-history":[{"count":8,"href":"https:\/\/webs.uab.cat\/antigona\/wp-json\/wp\/v2\/pages\/119\/revisions"}],"predecessor-version":[{"id":388,"href":"https:\/\/webs.uab.cat\/antigona\/wp-json\/wp\/v2\/pages\/119\/revisions\/388"}],"wp:attachment":[{"href":"https:\/\/webs.uab.cat\/antigona\/wp-json\/wp\/v2\/media?parent=119"}],"curies":[{"name":"wp","href":"https:\/\/api.w.org\/{rel}","templated":true}]}}