{"id":122,"date":"2025-01-14T13:04:36","date_gmt":"2025-01-14T11:04:36","guid":{"rendered":"https:\/\/webs.uab.cat\/antigona\/presentacio-2\/"},"modified":"2025-04-22T11:44:57","modified_gmt":"2025-04-22T09:44:57","slug":"presentacio-2","status":"publish","type":"page","link":"https:\/\/webs.uab.cat\/antigona\/presentacio-2\/?lang=es","title":{"rendered":"Presentaci\u00f3n"},"content":{"rendered":"\n<p>El&nbsp;<em><strong>Grupo de investigaci\u00f3n Ant\u00edgona, derechos y sociedad con perspectiva de g\u00e9nero<\/strong><\/em> (SGR2017_1775) es un grupo de investigaci\u00f3n que se constituy\u00f3 en el a\u00f1o 2000 dentro del Departamento de Ciencia Pol\u00edtica y Derecho P\u00fablico de la Universidad Aut\u00f3noma de Barcelona (UAB) ubicada en Catalu\u00f1a, Espa\u00f1a. Ant\u00edgona fue reconocido en el a\u00f1o 2005 como grupo de investigaci\u00f3n emergente (GRE) por la Agencia de Gesti\u00f3n de Ayudas Universitarias y de Investigaci\u00f3n (AGAUR) de la Generalitat de Catalu\u00f1a, y reconocido en el a\u00f1o 2009 (SGR2009-570) y 2014 (SGR2014-519) como grupo de investigaci\u00f3n consolidado (GRC). Ant\u00edgona va ser reconegut a l\u2019any 2005 com a grup de recerca emergent (GRE) per l\u2019Ag\u00e8ncia de Gesti\u00f3 d\u2019Ajuts Universitaris i de Recerca (AGAUR) de la Generalitat de Catalunya, i reconegut a l\u2019any 2009 (SGR2009-570) i 2014 (SGR2014-519) com a grup de recerca consolidat (GRC).&nbsp; <\/p>\n\n\n\n<p>El objetivo general del Grupo Ant\u00edgona es analizar el desarrollo de los derechos de las mujeres con perspectiva de g\u00e9nero. La legislaci\u00f3n y las pol\u00edticas p\u00fablicas en Espa\u00f1a se est\u00e1n construyendo sobre diferentes definiciones que es necesario aclarar y concretar, as\u00ed como las caracter\u00edsticas y contenido de los derechos de las mujeres de nuestro pa\u00eds. Adem\u00e1s, es necesario adoptar una perspectiva de g\u00e9nero frente el Derecho y hacer una revisi\u00f3n de las categor\u00edas jur\u00eddicas que posibilite mostrar sus deficiencias.  <\/p>\n\n\n\n<p>El Grupo de Investigaci\u00f3n Ant\u00edgona desarrolla las siguientes l\u00edneas de investigaci\u00f3n:<\/p>\n\n\n\n<ul class=\"wp-block-list\">\n<li>Acoso sexual y acoso por raz\u00f3n de sexo<\/li>\n\n\n\n<li>Aplicaci\u00f3n de la leyes de igualdad<\/li>\n\n\n\n<li>Bio\u00e9tica y Derechos Sexuales y Reproductivos<\/li>\n\n\n\n<li>Custodia Compartida<\/li>\n\n\n\n<li>Derecho y G\u00e9nero<\/li>\n\n\n\n<li>Mujeres y violencias: aspectos socio jur\u00eddicos<\/li>\n\n\n\n<li>Mujeres y acceso a la justicia<\/li>\n\n\n\n<li>Mutilaciones genitales femeninas y matrimonios forzados<\/li>\n\n\n\n<li>Pol\u00edticas de igualdad de g\u00e9nero<\/li>\n\n\n\n<li>Prostituci\u00f3n y trabajo sexual<\/li>\n\n\n\n<li>Sistema de Justicia Penal y G\u00e9nero<\/li>\n\n\n\n<li>Planes de igualdad en las empresas y en las administraciones p\u00fablicas<\/li>\n<\/ul>\n\n\n\n<p>Para Ant\u00edgona es clave entender y explicar en perspectiva de g\u00e9nero el contenido, definiciones, criterios y par\u00e1metros desde los que se est\u00e1n construyendo los derechos de las mujeres en los \u00e1mbitos legislativos, de la jurisprudencia y en las pol\u00edticas p\u00fablicas en los niveles local, comunitario y nacional. De esta forma, la investigaci\u00f3n del grupo se orienta de forma espec\u00edfica a analizar los mecanismos utilizados para crear una perspectiva de g\u00e9nero en el \u00e1mbito jur\u00eddico, identificar las pr\u00e1cticas que est\u00e1n generando espacios jur\u00eddicos y sociales, as\u00ed como describir el proceso de creaci\u00f3n y desarrollo de las pol\u00edticas p\u00fablicas de g\u00e9nero en Espa\u00f1a.<\/p>\n\n\n\n<p>Para conseguir estos objetivos se analizan, por una parte, las pol\u00edticas p\u00fablicas de g\u00e9nero d\u00f3nde ya existe un claro desarrollo de diversas pr\u00e1cticas para crear espacios sociales y jur\u00eddicos con perspectiva de g\u00e9nero, como es el caso de la violencia de g\u00e9nero. Por otra parte, aquellos espacios d\u00f3nde a\u00fan no hay un claro desarrollo jur\u00eddico con perspectiva de g\u00e9nero, como es el \u00e1mbito de la salud. <\/p>\n\n\n\n<p>Los proyectos del Grupo Ant\u00edgona tiene como objetivos generales:<\/p>\n\n\n\n<ul class=\"wp-block-list\">\n<li>Profundizar en el estudio del derecho desde las aportaciones de las teor\u00edas jur\u00eddicas feministas.<\/li>\n\n\n\n<li>Impulsar i refor\u00e7ar el debat dels drets de les dones des d\u2019una perspectiva de g\u00e8nere i de drets fonamentals.<\/li>\n\n\n\n<li>Promover un an\u00e1lisis de g\u00e9nero de las pol\u00edticas p\u00fablicas.<\/li>\n<\/ul>\n\n\n\n<p>La orientaci\u00f3n metodol\u00f3gica y de investigaci\u00f3n que lleva a cabo Ant\u00edgona ha permitido al grupo una importante tarea de colaboraci\u00f3n con diversas entidades educativas, institucionales y asociaciones que desarrollan actividades y\/o medidas vinculadas con los derechos de las mujeres. Entre estas colaboraciones destacan las realizadas con centros docentes de alcance comunitario y del estado espa\u00f1ol, as\u00ed como del estrangero; algunos municipios catalanes, ONGs y sindicatos. Algunas de las m\u00e1s relevantes son: la Diputaci\u00f3n de Barcelona, el Instituto Catal\u00e1n de las Mujeres (ICD), el Ayuntamiento de Barcelona, el Ayuntamiento de Terrassa; Comisiones obreras (CC.OO.); la Universidad Aut\u00f3noma Metropolitana (M\u00e9xico) y el Centro de Investigaciones y Estudios Superiores en Antropolog\u00eda Social (CIESAS, M\u00e9xico). Tambi\u00e9n destacan asociaciones como: TAMAIA, la Asociaci\u00f3n SURT o Dones Juristes. Entre los grupos con los cuales se tiene una \u00e1mplia colaboraci\u00f3n destacan el Grupo COPOLIS, el Observatorio del Sistema Penal y de Derechos Humanos (OSPDH), los dos grupos de la Universidad de Barcelona (UB), el Laboratorio de Sociolog\u00eda Jur\u00eddica (LSJ) de la Universidad de Zaragoza y el Instituto Interuniversitario de Estudios de Mujeres y G\u00e9nero (iiEDG).     <\/p>\n","protected":false},"excerpt":{"rendered":"<p>El&nbsp;Grupo de investigaci\u00f3n Ant\u00edgona, derechos y sociedad con perspectiva de g\u00e9nero (SGR2017_1775) es un grupo de investigaci\u00f3n que se constituy\u00f3 en el a\u00f1o 2000 dentro del Departamento de Ciencia Pol\u00edtica y Derecho P\u00fablico de la Universidad Aut\u00f3noma de Barcelona (UAB) ubicada en Catalu\u00f1a, Espa\u00f1a. Ant\u00edgona fue reconocido en el a\u00f1o 2005 como grupo de investigaci\u00f3n [&hellip;]<\/p>\n","protected":false},"author":1385,"featured_media":0,"parent":0,"menu_order":0,"comment_status":"closed","ping_status":"closed","template":"","meta":{"footnotes":""},"class_list":["post-122","page","type-page","status-publish","hentry"],"_links":{"self":[{"href":"https:\/\/webs.uab.cat\/antigona\/wp-json\/wp\/v2\/pages\/122","targetHints":{"allow":["GET"]}}],"collection":[{"href":"https:\/\/webs.uab.cat\/antigona\/wp-json\/wp\/v2\/pages"}],"about":[{"href":"https:\/\/webs.uab.cat\/antigona\/wp-json\/wp\/v2\/types\/page"}],"author":[{"embeddable":true,"href":"https:\/\/webs.uab.cat\/antigona\/wp-json\/wp\/v2\/users\/1385"}],"replies":[{"embeddable":true,"href":"https:\/\/webs.uab.cat\/antigona\/wp-json\/wp\/v2\/comments?post=122"}],"version-history":[{"count":15,"href":"https:\/\/webs.uab.cat\/antigona\/wp-json\/wp\/v2\/pages\/122\/revisions"}],"predecessor-version":[{"id":343,"href":"https:\/\/webs.uab.cat\/antigona\/wp-json\/wp\/v2\/pages\/122\/revisions\/343"}],"wp:attachment":[{"href":"https:\/\/webs.uab.cat\/antigona\/wp-json\/wp\/v2\/media?parent=122"}],"curies":[{"name":"wp","href":"https:\/\/api.w.org\/{rel}","templated":true}]}}