{"id":73,"date":"2025-01-15T13:36:03","date_gmt":"2025-01-15T11:36:03","guid":{"rendered":"https:\/\/webs.uab.cat\/antigona\/?page_id=73"},"modified":"2025-12-12T13:06:02","modified_gmt":"2025-12-12T11:06:02","slug":"informes-de-recerca","status":"publish","type":"page","link":"https:\/\/webs.uab.cat\/antigona\/informes-de-recerca\/","title":{"rendered":"Informes de recerca"},"content":{"rendered":"\n<ul class=\"wp-block-list\">\n<li>Igareda Gonz\u00e1lez, Noelia y Barcons Campmaj\u00f3, Maria (2025). <em>Informe sobre discursos d\u2019odi<\/em>. Generalitat de Catalunya. <a href=\"https:\/\/igualtat.gencat.cat\/web\/.content\/Ambits\/drets-igualtats\/informe_discursos_dodi.pdf\">https:\/\/igualtat.gencat.cat\/web\/.content\/Ambits\/drets-igualtats\/informe_discursos_dodi.pdf<\/a> \u00c1vila D\u00e9bora; Franz\u00e9 Adela;\u00a0 M\u00aa Carmen Pe\u00f1aranda; P\u00e9rez Marta; Gonz\u00e1lez Prado Patricia (2022). <em>Violencia institucional contra las madres y la infancia. Aplicaci\u00f3n del falso s\u00edndrome de alienaci\u00f3n parental en Espa\u00f1a<\/em>. Edici\u00f3n: Ministerio de Igualdad \u2013 Gobierno de Espa\u00f1a. 288pp.\u00a0 NIPO en l\u00ednea: 048-22-062-6 <a href=\"https:\/\/violenciagenero.igualdad.gob.es\/wp-content\/uploads\/Violencia_institucional_madres_infancia_SAP.pdf\">https:\/\/violenciagenero.igualdad.gob.es\/wp-content\/uploads\/Violencia_institucional_madres_infancia_SAP.pdf<\/a><\/li>\n\n\n\n<li>Vasilescu, Cristina; Igareda, Noelia; Barcons, Maria (2024): Viol\u00e8ncia masclista digital: an\u00e0lisi de l\u2019atenci\u00f3 i resposta a les v\u00ecctimes des d\u00fana perspectiva de g\u00e8nere i propostes de millora, Centre d\u2019estudis Jur\u00eddics i Formaci\u00f3 especialitzada (CEFJE).<\/li>\n\n\n\n<li>Vasilescu, Cristina, Igareda, Noelia i Barcons, Maria (2024).&nbsp;<strong><em>Viol\u00e8ncia masclista digital: an\u00e0lisi de l\u2019atenci\u00f3 i resposta a les v\u00edctimes des d\u2019una perspectiva de g\u00e8nere i propostes de millora<\/em>&nbsp;<\/strong><em>[Violencia machista digital: an\u00e1lisis de la atenci\u00f3n y respuesta a las v\u00edctimas desde una perspectiva de g\u00e9nero y propuestas de mejora]<\/em>Departamento de Justicia, Generalitat de Catalunya.&nbsp;<a href=\"https:\/\/ddd.uab.cat\/record\/302407\">https:\/\/ddd.uab.cat\/record\/302407<\/a><\/li>\n\n\n\n<li>Barcons Campmaj\u00f3, Maria; Bodel\u00f3n, Encarna; Casas Vila, Gl\u00f2ria; (et al.) (2023).&nbsp;<strong><em>L&#8217;abordatge europeu de les viol\u00e8ncies contra les dones: intervencions i respostes des de l&#8217;\u00e0mbit local.<\/em><\/strong><em>&nbsp;[El abordaje europeo de las violencias contra las mujeres: intervenciones y respuestas desde el \u00e1mbito local]<\/em>&nbsp;Diputaci\u00f3n de Barcelona. (Proyectos transformadores, 6).&nbsp;<a href=\"https:\/\/ddd.uab.cat\/record\/284478\">https:\/\/ddd.uab.cat\/record\/284478<\/a><\/li>\n\n\n\n<li>Paz Torres, Olga; Barcons Campmaj\u00f3, Maria; Medina Mart\u00edn, Roc\u00edo (2021). &nbsp;<a href=\"https:\/\/ddd.uab.cat\/record\/249630\" target=\"_blank\" rel=\"noreferrer noopener\">Guia dels drets de les treballadores de la llar i de les cures<\/a>, Departament de Treball, Afers Socials i Fam\u00edlies.<\/li>\n\n\n\n<li>Antigona research Group (et al.) (2020).&nbsp;<em><a href=\"https:\/\/ddd.uab.cat\/record\/234621\">Report on the state of the art on anti-gender hate speech<\/a><\/em>. European Union\u2019s Rights, Equality and Citizenship Programme, European Commission.<\/li>\n\n\n\n<li>Bodel\u00f3n, Encarna; Barcons, Maria; Ortiz, Luc\u00eda (et al.) (2019).&nbsp;<em><a href=\"https:\/\/ddd.uab.cat\/record\/219734\">An\u00e0lisi jur\u00eddica de les ordres de protecci\u00f3 a Catalunya des d\u2019una perspectiva de g\u00e8nere<\/a><\/em>, Observatori Catal\u00e0 de la Just\u00edcia en Viol\u00e8ncia Masclista, Departament de Just\u00edcia. en espa\u00f1ol).&nbsp;<a href=\"https:\/\/ddd.uab.cat\/pub\/infpro\/2019\/219734\/ES_ordenes_proteccion_analisis.pdf\"><em>An\u00e1lisis jur\u00eddico de las \u00f3rdenes de protecci\u00f3n en Catalu\u00f1a desde una perspectiva de g\u00e9nero<\/em><\/a>.<\/li>\n\n\n\n<li>Bodel\u00f3n, Encarna; Barcons, Maria; Ortiz, Luc\u00eda (et al.) (2019).&nbsp;<em><a href=\"https:\/\/ddd.uab.cat\/record\/226907\">Ordres de protecci\u00f3 i drets de les dones que han patit viol\u00e8ncia de g\u00e8nere: obstacles per a una efectiva protecci\u00f3<\/a><\/em>, Institut Catal\u00e0 de les Dones.&nbsp;<a href=\"https:\/\/ddd.uab.cat\/pub\/estudis\/2019\/226907\/ORDENES-DE-PROTECCION-Y-DERECHOS-DE-LAS-MUJERES-GrupoAntigona-2019.pdf\"><em>\u00d3rdenes de protecci\u00f3n y derechos de las mujeres que han sufrido violencia de g\u00e9nero: obst\u00e1culos para una efectiva protecci\u00f3n<\/em><\/a>.<\/li>\n\n\n\n<li>Igareda, Noelia; Pascale, Adri\u00e1n; Cruells, Marta; Paz, Olga (2019).&nbsp;<a href=\"https:\/\/ddd.uab.cat\/record\/233750\"><em>Les ciberviol\u00e8ncies masclistes<\/em><\/a>, Institut Catal\u00e0 de les Dones.<\/li>\n\n\n\n<li>Bodel\u00f3n, Encarna i Igareda, Noelia (2019).&nbsp;<em><a href=\"https:\/\/ddd.uab.cat\/record\/232633\">L\u2019Estat de la q\u00fcesti\u00f3 dels drets sexuals i reproductius a Catalunya i la seva relaci\u00f3 amb les pol\u00edtiques p\u00fabliques catalanes<\/a><\/em>, Creaci\u00f3n Positiva.&nbsp;<a href=\"https:\/\/ddd.uab.cat\/pub\/estudis\/2019\/232633\/Informe_Antigona_2030feminista_ES.pdf\"><em>El Estado de la cuesti\u00f3n de los derechos sexuales y reproductivos en Catalu\u00f1a y su relaci\u00f3n con las pol\u00edticas p\u00fablicas catalanas<\/em><\/a>.<\/li>\n\n\n\n<li>Barcons, Maria; Bodel\u00f3n, Encarna; Mart\u00ednez, M. Jimena (et al.) (2018).&nbsp;<em><a href=\"https:\/\/ddd.uab.cat\/record\/218654?ln=ca\">Las violencias sexuales en el Estado espa\u00f1ol: marco jur\u00eddico y an\u00e1lisis jurisprudencial<\/a><\/em>, Creaci\u00f3n Positiva.<\/li>\n\n\n\n<li>Bodel\u00f3n, Encarna; Nicol\u00e1s, Gemma; Ant\u00f3n, Fernando; Neus Tur; Barcons, Maria; Arce, Paula; Fern\u00e1ndez, Cristina; \u00c1lvarez, Laura; Mart\u00ednez, Andrea; Salvador, Sergi (2016).&nbsp;<a href=\"https:\/\/ddd.uab.cat\/record\/196315\"><em>Diagnosi de la Xarxa d\u2019Atenci\u00f3 i Recuperaci\u00f3 Integral per a les dones en situaci\u00f3 de viol\u00e8ncia masclista<\/em>.<\/a>&nbsp;Institut Catal\u00e0 de les Dones. (Disponible tamb\u00e9&nbsp;<a href=\"https:\/\/ddd.uab.cat\/pub\/estudis\/2016\/196315\/diagnosi_a2016.pdf\">Resum<\/a>)<\/li>\n\n\n\n<li>Toledo, Patsil\u00ed; Bodel\u00f3n, Encarna; Tur, Neus i Mart\u00ednez, Jimena (2016).&nbsp;<a href=\"http:\/\/dones.gencat.cat\/web\/.content\/03_ambits\/docs\/vm_abordatge_violenciessexuals_2.pdf\"><em>Marc jur\u00eddic internacional, estatal i auton\u00f2mic de les viol\u00e8ncies sexuals (matrimonis for\u00e7ats, mutilacions genitals femenines, tr\u00e0fic d\u2019essers humans amb finalitat d\u2019explotaci\u00f3 sexual, assetjament i agressions sexuals)<\/em><\/a>, Barcelona: Institut Catal\u00e0 de les Dones.<\/li>\n\n\n\n<li>Igareda, Noelia y Barcons, Maria (et al.) (2016).&nbsp;<a href=\"https:\/\/ddd.uab.cat\/record\/189749\"><em>MATRIFOR \u2013 Approaching forced marriage as a new form of trafficking in human beings in Europe<\/em><\/a>, European Comission.<\/li>\n\n\n\n<li>Igareda, Noelia i Barcons, Maria (2015).&nbsp;<a href=\"https:\/\/ddd.uab.cat\/record\/190127?ln=ca\"><em>Estudi sobre la situaci\u00f3 dels matrimonis for\u00e7ats a la ciutat de Barcelona<\/em><\/a>, Barcelona: Ajuntament de Barcelona. Regidoria de Feminismes i LGTBI.<\/li>\n\n\n\n<li>Grup Ant\u00edgona (2014):&nbsp;<a href=\"http:\/\/ajuntament.barcelona.cat\/dretssocials\/sites\/default\/files\/arxius-documents\/estudi-juridic-antigona.pdf\"><em>An\u00e0lisi de la normativa europea, estatal, auton\u00f2mica i local de la prostituci\u00f3: implicacions per a l\u2019exercici de la prostituci\u00f3 a la ciutat de Barcelona<\/em><\/a>, Ajuntament de Barcelona.<\/li>\n\n\n\n<li>Bodel\u00f3n, Encarna et al.(2014).&nbsp;<a href=\"https:\/\/ddd.uab.cat\/record\/196401\"><em>El impacto de los planes de igualdad en las empresas<\/em>,&nbsp;<\/a>Instituto de la Mujer, Estudios e Investigaciones.<\/li>\n<\/ul>\n","protected":false},"excerpt":{"rendered":"","protected":false},"author":1385,"featured_media":0,"parent":0,"menu_order":0,"comment_status":"closed","ping_status":"closed","template":"","meta":{"footnotes":""},"class_list":["post-73","page","type-page","status-publish","hentry"],"_links":{"self":[{"href":"https:\/\/webs.uab.cat\/antigona\/wp-json\/wp\/v2\/pages\/73","targetHints":{"allow":["GET"]}}],"collection":[{"href":"https:\/\/webs.uab.cat\/antigona\/wp-json\/wp\/v2\/pages"}],"about":[{"href":"https:\/\/webs.uab.cat\/antigona\/wp-json\/wp\/v2\/types\/page"}],"author":[{"embeddable":true,"href":"https:\/\/webs.uab.cat\/antigona\/wp-json\/wp\/v2\/users\/1385"}],"replies":[{"embeddable":true,"href":"https:\/\/webs.uab.cat\/antigona\/wp-json\/wp\/v2\/comments?post=73"}],"version-history":[{"count":4,"href":"https:\/\/webs.uab.cat\/antigona\/wp-json\/wp\/v2\/pages\/73\/revisions"}],"predecessor-version":[{"id":419,"href":"https:\/\/webs.uab.cat\/antigona\/wp-json\/wp\/v2\/pages\/73\/revisions\/419"}],"wp:attachment":[{"href":"https:\/\/webs.uab.cat\/antigona\/wp-json\/wp\/v2\/media?parent=73"}],"curies":[{"name":"wp","href":"https:\/\/api.w.org\/{rel}","templated":true}]}}