{"id":76,"date":"2025-01-15T13:36:48","date_gmt":"2025-01-15T11:36:48","guid":{"rendered":"https:\/\/webs.uab.cat\/antigona\/?page_id=76"},"modified":"2025-01-15T13:36:48","modified_gmt":"2025-01-15T11:36:48","slug":"formacio-i-assessorament","status":"publish","type":"page","link":"https:\/\/webs.uab.cat\/antigona\/formacio-i-assessorament\/","title":{"rendered":"Formaci\u00f3 i assessorament"},"content":{"rendered":"\n<p><br>A continuaci\u00f3 s\u2019exposen les tem\u00e0tiques en qu\u00e8 el Grup de recerca Ant\u00edgona est\u00e0 especialitzat i compta amb una llarga experi\u00e8ncia tant d\u2019assessorament i formaci\u00f3 dirigit a administracions p\u00fabliques, entitats i empreses.<\/p>\n\n\n\n<ul class=\"wp-block-list\">\n<li>Viol\u00e8ncies contra les dones i sistema de just\u00edcia penal \/ acc\u00e9s a la just\u00edcia (aspectes socio-jur\u00eddics amb perspectiva de g\u00e8nere)<\/li>\n\n\n\n<li>Viol\u00e8ncies sexuals<\/li>\n\n\n\n<li>Assetjament sexual i assetjament per ra\u00f3 de sexe a les empreses i administracions p\u00fabliques i protocols<\/li>\n\n\n\n<li>Trata amb finalitats d\u2019explotaci\u00f3 sexual<\/li>\n\n\n\n<li>Matrimonis for\u00e7ats (MF)<\/li>\n\n\n\n<li>Prostituci\u00f3 i treball sexual<\/li>\n\n\n\n<li>Plans d\u2019igualtat a les empreses i administracions p\u00fabliques<\/li>\n\n\n\n<li>Conciliaci\u00f3 de la vida familiar\/personal i la vida laboral<\/li>\n\n\n\n<li>Drets sexuals i reproductius<\/li>\n\n\n\n<li>Bio\u00e8tica, reproducci\u00f3 i g\u00e8nere<\/li>\n\n\n\n<li>Dones i pres\u00f3<\/li>\n<\/ul>\n\n\n\n<hr class=\"wp-block-separator has-alpha-channel-opacity\" \/>\n\n\n\n<p><strong>Viol\u00e8ncies contra les dones i sistema de just\u00edcia penal \/ acc\u00e9s a la just\u00edcia (aspectes socio-jur\u00eddics amb perspectiva de g\u00e8nere)<\/strong><\/p>\n\n\n\n<p>Experi\u00e8ncia en projectes<\/p>\n\n\n\n<p>Projecte WOSAFEJUS: Why doesn\u2019t she press charges? Understanding women\u2019s safety and right to justice (Uni\u00f3 Europea \u2013 2009); \u00abEl Derecho de acceso a la Justicia: El caso de la Violencia de G\u00e9nero\u00bb (Ministeri de Ci\u00e8ncia i Innovaci\u00f3 del Govern d\u2019Espanya \u2013 2012); Estudi \u00abDiagnosi de la Xarxa d\u2019Atenci\u00f3 i Recuperaci\u00f3 Integral per a les dones en situaci\u00f3 de viol\u00e8ncia masclista\u00bb (Institut Catal\u00e0 de les Dones, Generalitat de Catalunya \u2013 2016); L\u2019acc\u00e9s a la just\u00edcia i la llei 5\/2008 dels dret de les dones a eradicar la viol\u00e8ncia masclista: l\u2019impacte en la xarxa d\u2019atenci\u00f3 i recuperaci\u00f3 integral per a les dones que pateixen viol\u00e8ncia en les seves relacions de (ex)parella (Institut Catal\u00e0 de les Dones, Generalitat de Catalunya \u2013 2010).<\/p>\n\n\n\n<p>Experi\u00e8ncia en formacions<\/p>\n\n\n\n<p>Laboraorio de Sociolog\u00eda Jur\u00eddica de la Universidad de Zaragoza; Col\u00b7legi Oficial de Psicologia de Catalunya, Col\u00b7legi d\u2019Educadores i Educadors Socials de Catalunya, Col\u00b7legi Oficial de Treball Social de Catalunya, Col\u00b7legi de Pedagogs de Catalunya; Centre d\u2019Estudis Jur\u00eddics i Formaci\u00f3 Especialitzada del Departament de Just\u00edcia de la Generalitat de Catalunya; formaci\u00f3 a col\u00b7lectiu de dones; UAT Universidad Aut\u00f3noma de Tlaxcala \u2013 M\u00e8xic; Instituto Nacional de Ciencias Penales (Inacipe) \u2013 M\u00e8xic; Instituto Internacional de Sociolog\u00eda Jur\u00eddica de O\u00f1ati; Ajuntament de Terrassa; Instituto de Derechos Humanos Bartolom\u00e9 de las Casas; Instituto de Estudios de G\u00e9nero; Universidad Carlos III de Madrid; EIGE; Parlament Europeu; Observatori de la Igualtat de la URV; La fede.cat; Direcci\u00f3 General d\u2019Administraci\u00f3 de Seguretat del Departament d\u2019Interior de la Generalitat de Catalunya; Centre d\u2019Estudis Demogr\u00e0fics i Institut d\u2019Inf\u00e0ncia i M\u00f3n Urb\u00e0; Centre d\u2019Estudis Demogr\u00e0fics i Institut d\u2019Inf\u00e0ncia i M\u00f3n Urb\u00e0; Ajuntament de Vilanova i la Geltr\u00fa; Ajuntament de Terrassa; Institut de Drets Humans de Catalunya (IDHC).<\/p>\n\n\n\n<hr class=\"wp-block-separator has-alpha-channel-opacity\" \/>\n\n\n\n<p><strong>Viol\u00e8ncies sexuals<\/strong><\/p>\n\n\n\n<p>Experi\u00e8ncia en projectes<\/p>\n\n\n\n<p>Projecte \u00abAdressing Sexual Violence Against Refugee Women (ASVARW)\u00bb (Uni\u00f3 Europea \u2013 2017); Estudi \u00abL\u2019abordatge de les viol\u00e8ncies sexuals a Catalunya\u00bb (Institut Catal\u00e0 de les Dones, Generalitat de Catalunya \u2013 2016); projecte \u00abGAP: Gender based violence, stalking, and fear of crime. Prevention and intervention\u00bb (Uni\u00f3 Europea \u2013 2009)<\/p>\n\n\n\n<p>Experi\u00e8ncia en formacions<\/p>\n\n\n\n<p>Escola da Magistratura do Estado do Rio de Janeiro \u2013 EMERJ; entitat Creaci\u00f3n Positiva; Institut Catal\u00e0 de les Dones de la Generalitat de Catalunya; Departament de Psicologia de la Universitat de Girona.<\/p>\n\n\n\n<hr class=\"wp-block-separator has-alpha-channel-opacity\" \/>\n\n\n\n<p><strong>Assetjament sexual i assetjament per ra\u00f3 de sexe a les empreses i administracions p\u00fabliques i protocols<\/strong><\/p>\n\n\n\n<p>Experi\u00e8ncia en projectes com<\/p>\n\n\n\n<p>Estudi \u00abAssetjament sexual i assetjament per ra\u00f3 de sexe: actuaci\u00f3 de les administracions p\u00fabliques i de les empreses\u00bb (CGPJ \u2013 Consell General del Poder Judicial \u2013 2013).<\/p>\n\n\n\n<p>Experi\u00e8ncia en formacions<\/p>\n\n\n\n<p>Unitat d\u2019Igualtat de G\u00e8nere de la Universitat de Girona; Mancomunitat Intermunicipal de la Conca d\u2019\u00d2dena; Observatori per a la Igualtat de la UAB; Departament de Psicologia \u2013 Universitat de Girona.<\/p>\n\n\n\n<hr class=\"wp-block-separator has-alpha-channel-opacity\" \/>\n\n\n\n<p><strong>Trata amb finalitats d\u2019explotaci\u00f3 sexual<\/strong><\/p>\n\n\n\n<p>Experi\u00e8ncia en formacions<\/p>\n\n\n\n<p>CEAR, ACATHI i M\u00f3n-3; Instituto Internacional de Sociolog\u00eda Jur\u00eddica de O\u00f1ati; Plataforma Unit\u00e0ria contra les Viol\u00e8ncies de G\u00e8nere; Amnistia Internacional Catalunya; Institut Catal\u00e0 de les Dones i la Delegaci\u00f3 de l\u2019Escola d\u2019Administraci\u00f3 P\u00fablica a Tarragona<\/p>\n\n\n\n<hr class=\"wp-block-separator has-alpha-channel-opacity\" \/>\n\n\n\n<p><strong>Matrimonis for\u00e7ats (MF)<\/strong><\/p>\n\n\n\n<p>Experi\u00e8ncia en projectes<\/p>\n\n\n\n<p>Estudi \u00abMATRIFOR \u2013 Approaching forced marriage as a new form of trafficking in human beings in Europe\u00bb (Uni\u00f3 Europea \u2013 2016); \u00abEstudi sobre la situaci\u00f3 dels matrimonis for\u00e7ats a la ciutat de Barcelona\u00bb (Ajuntament de Barcelona \u2013 2016); estudi \u00abLes mutilacions genitals i els matrimonios for\u00e7ats com a noves formes de vulneracions dels drets de les dones a Catalunya\u00bb (Departament d\u2019Interior, Relacions Institucionals i Participaci\u00f3. Oficina de Promoci\u00f3 dels Drets Humans \u2013 2010).<\/p>\n\n\n\n<p>Experi\u00e8ncia en formacions<\/p>\n\n\n\n<p>Formacions a DIXIT \u2013 Centre de Documentaci\u00f3 de Serveis Socials de la Generalitat de Catalunya; Mossos d\u2019Esquadra de la Generalitat de Catalunya; Facultad de Ciencias Jur\u00eddicas y del Trabajo \u2013 Campus Universitario Vigo; Direcci\u00f3 General per a la Immigraci\u00f3 de la Generalitat de Catalunya; Institut de Seguretat P\u00fablica de Catalunya; Institut Catal\u00e0 de les Dones de la Generalitat de Catalunya; International Centre For Reproductive Health (ICRH); entitats de la ciutat de Barcelona.<\/p>\n\n\n\n<hr class=\"wp-block-separator has-alpha-channel-opacity\" \/>\n\n\n\n<p><strong>Prostituci\u00f3 i treball sexual<\/strong><\/p>\n\n\n\n<p>Experi\u00e8ncia en projectes<\/p>\n\n\n\n<p>Estudi \u00abEl desarrollo de los derechos fundamentales en las ordenanzas municipales: l\u00edmites y vulneraciones de derechos desde la perspectiva de genero (DEORGE)\u201d (Ministeri d\u2019Economia i Competitivitat del Govern d\u2019Espanya \u2013 2015); \u00abEstudi sobre prostituci\u00f3 a Barcelona\u00bb (Ajuntament de Barcelona \u2013 2015).<\/p>\n\n\n\n<p>Experi\u00e8ncia en formacions<\/p>\n\n\n\n<p>HURI-AGE Red el Tiempo de los Derechos; Universitat de les Illes Balears; Delegaci\u00f3 territorial del Govern de Lleida, Gobierno de Espa\u00f1a, AMIC, CCOO terres de Lleida, Antisida Lleida.<\/p>\n\n\n\n<hr class=\"wp-block-separator has-alpha-channel-opacity\" \/>\n\n\n\n<p><strong>Plans d\u2019igualtat a les empreses i administracions p\u00fabliques<\/strong><\/p>\n\n\n\n<p>Experi\u00e8ncia en projectes<\/p>\n\n\n\n<p>Estudi \u00abEl impacto de los planes de igualdad en las empresas\u00bb (Ministeri de Sanitat, Serveis Socials i Igualtat del Govern d\u2019Espanya \u2013 2014).<\/p>\n\n\n\n<p>Experi\u00e8ncia en formacions<\/p>\n\n\n\n<p>CCOO, UGT, CNI \u2013 AIT; Escuela Sindical Juan Mu\u00f1iz Z\u00e1pico; empreses a nivell nacional, auton\u00f2mic i local.<\/p>\n\n\n\n<hr class=\"wp-block-separator has-alpha-channel-opacity\" \/>\n\n\n\n<p><strong>Conciliaci\u00f3 de la vida familiar\/personal i la vida laboral<\/strong><\/p>\n\n\n\n<p>Experi\u00e8ncia en projectes<\/p>\n\n\n\n<p>Estudi&nbsp;<strong><a href=\"http:\/\/www.poderjudicial.es\/cgpj\/es\/Temas\/Igualdad-de-Genero\/Estadisticas--estudios-e-informes\/Estudios\/Valoracion-de-las-medidas-de-conciliacion-de-la-vida-familiar-y-personal-y-la-vida-laboral-segun-la-regulacion-de-la-Ley-Organica-3-2007-para-la-igualdad-efectiva-de-mujeres-y-hombres\">\u00abValoraci\u00f3n de las medidas de conciliaci\u00f3n de la vida familiar y personal y la vida laboral seg\u00fan la regulaci\u00f3n de la Ley Org\u00e1nica 3\/2007 para la igualdad efectiva de mujeres y hombres\u00bb<\/a><\/strong>(Consejo General del Poder Judicial \u2013 2014).<\/p>\n\n\n\n<hr class=\"wp-block-separator has-alpha-channel-opacity\" \/>\n\n\n\n<p><strong>Drets sexuals i reproductius<\/strong><\/p>\n\n\n\n<p>Experi\u00e8ncia en formacions<\/p>\n\n\n\n<p>Centre Jove d\u2019Anticoncepci\u00f3 i Sexualitat \u2013 CJAS; Instituto de Derechos Humanos Bartolom\u00e9 de las Casas; Instituto de Estudios de G\u00e9nero; Universidad Carlos III de Madrid; Creaci\u00f3n Positiva; Amnistia Internacional Catalunya; Ajuntament de Barber\u00e0 del Vall\u00e8s; Comissi\u00f3 de Dones Advocades i Comissi\u00f3 de Defensa del Drets de les Persones i del Lliure Exercici de l\u2019Advocacia; sindicat COS; Ajuntament de Castellbisbal; col\u00b7lectius de dones; SEPC.<\/p>\n\n\n\n<hr class=\"wp-block-separator has-alpha-channel-opacity\" \/>\n\n\n\n<p><strong>Bio\u00e8tica, reproducci\u00f3 i g\u00e8nere<\/strong><\/p>\n\n\n\n<p>Experi\u00e8ncia en projectes<\/p>\n\n\n\n<p>Projecte \u00abGestaci\u00f3n por Sustituci\u00f3n (GESSUS)\u00bb (Ministeri d\u2019Economia i Competitivitat del Govern d\u2019Espanya \u2013 2016); estudi \u00abEl derecho a conocer los or\u00edgenes biol\u00f3gicos versus el anonimato en la donaci\u00f3n de gametos\u00bb (Fundaci\u00f3 V\u00edctor Gr\u00edfol y Lucas \u2013 2014).<\/p>\n\n\n\n<p>Experi\u00e8ncia en formacions<\/p>\n\n\n\n<p>Institut de Ci\u00e8ncies Pol\u00edtiques i Socials \u2013 ICPS; Facultad de Derecho de la Universidad de M\u00e1laga; International Institute for the Sociology of Law; Institut d\u2019Inf\u00e0ncia i M\u00f3n Urb\u00e0 (CIIMU); Grup Dones, Salut i \u00c8tica de la Relaci\u00f3 Assistencial de la Universitat De Barcelona (UB).<\/p>\n\n\n\n<hr class=\"wp-block-separator has-alpha-channel-opacity\" \/>\n\n\n\n<p><strong>Dones i pres\u00f3<\/strong><\/p>\n\n\n\n<p>Experi\u00e8ncia en projectes<\/p>\n\n\n\n<p>Projecte \u00abSoporte en prisi\u00f3n para mujeres v\u00edctimas de violencia dom\u00e9stica y hombres que han maltratado (ALTRA)\u00bb (Uni\u00f3 Europea \u2013 2005).<\/p>\n\n\n\n<p>Experi\u00e8ncia en formacions<\/p>\n\n\n\n<p>Centre d\u2019Estudis Jur\u00eddics i Formaci\u00f3 Especialitzada del Departament de Just\u00edcia de la Generalitat de Catalunya; Comisi\u00f3n Estatal de derecho humanos de Tlaxcala \u2013 M\u00e8xic; S\u00edndic de Greuges de Catalunya; Universidad del Pa\u00eds Vasco; Centre d\u2019Estudis Jur\u00eddics i Formaci\u00f3 Especialitzada de la Generalitat de Catalunya.<\/p>\n","protected":false},"excerpt":{"rendered":"<p>A continuaci\u00f3 s\u2019exposen les tem\u00e0tiques en qu\u00e8 el Grup de recerca Ant\u00edgona est\u00e0 especialitzat i compta amb una llarga experi\u00e8ncia tant d\u2019assessorament i formaci\u00f3 dirigit a administracions p\u00fabliques, entitats i empreses. Viol\u00e8ncies contra les dones i sistema de just\u00edcia penal \/ acc\u00e9s a la just\u00edcia (aspectes socio-jur\u00eddics amb perspectiva de g\u00e8nere) Experi\u00e8ncia en projectes Projecte [&hellip;]<\/p>\n","protected":false},"author":1385,"featured_media":0,"parent":0,"menu_order":0,"comment_status":"closed","ping_status":"closed","template":"","meta":{"footnotes":""},"class_list":["post-76","page","type-page","status-publish","hentry"],"_links":{"self":[{"href":"https:\/\/webs.uab.cat\/antigona\/wp-json\/wp\/v2\/pages\/76","targetHints":{"allow":["GET"]}}],"collection":[{"href":"https:\/\/webs.uab.cat\/antigona\/wp-json\/wp\/v2\/pages"}],"about":[{"href":"https:\/\/webs.uab.cat\/antigona\/wp-json\/wp\/v2\/types\/page"}],"author":[{"embeddable":true,"href":"https:\/\/webs.uab.cat\/antigona\/wp-json\/wp\/v2\/users\/1385"}],"replies":[{"embeddable":true,"href":"https:\/\/webs.uab.cat\/antigona\/wp-json\/wp\/v2\/comments?post=76"}],"version-history":[{"count":1,"href":"https:\/\/webs.uab.cat\/antigona\/wp-json\/wp\/v2\/pages\/76\/revisions"}],"predecessor-version":[{"id":77,"href":"https:\/\/webs.uab.cat\/antigona\/wp-json\/wp\/v2\/pages\/76\/revisions\/77"}],"wp:attachment":[{"href":"https:\/\/webs.uab.cat\/antigona\/wp-json\/wp\/v2\/media?parent=76"}],"curies":[{"name":"wp","href":"https:\/\/api.w.org\/{rel}","templated":true}]}}