{"id":79,"date":"2025-01-15T13:37:58","date_gmt":"2025-01-15T11:37:58","guid":{"rendered":"https:\/\/webs.uab.cat\/antigona\/?page_id=79"},"modified":"2025-01-15T13:37:58","modified_gmt":"2025-01-15T11:37:58","slug":"enllacos","status":"publish","type":"page","link":"https:\/\/webs.uab.cat\/antigona\/enllacos\/","title":{"rendered":"Enlla\u00e7os"},"content":{"rendered":"\n<p><a href=\"http:\/\/www.uab.cat\/\" target=\"_blank\" rel=\"noreferrer noopener\"><br>Universitat Aut\u00f2noma de Barcelona<\/a><\/p>\n\n\n\n<p><a href=\"http:\/\/www.uab.cat\/departament\/ciencia-politica-dret-public\/\" target=\"_blank\" rel=\"noreferrer noopener\">Departament de Ci\u00e8ncia Pol\u00edtica i Dret P\u00fablic<\/a><\/p>\n\n\n\n<p><a href=\"http:\/\/www.centreantigona.org\/\" target=\"_blank\" rel=\"noreferrer noopener\">Projecte Centre Ant\u00edgona<\/a><\/p>\n\n\n\n<p><a href=\"http:\/\/blog.pucp.edu.pe\/blog\/tarpuy\/\" target=\"_blank\" rel=\"noreferrer noopener\">Blog de Margarita Mar\u00eda D\u00edaz Picasso (advocada especialitzada en temes de g\u00e8nere)<\/a><\/p>\n\n\n\n<p><a href=\"https:\/\/cinefagiadesociedades.wordpress.com\/\" target=\"_blank\" rel=\"noreferrer noopener\">Cinefagia de sociedades<\/a><\/p>\n\n\n\n<p><a href=\"http:\/\/www.iqobservatori.org\/\" target=\"_blank\" rel=\"noreferrer noopener\">IQ Observatori. Dones, homes i la vida quotidiana<\/a><\/p>\n\n\n\n<p><a href=\"https:\/\/www.facebook.com\/dretaldret\" target=\"_blank\" rel=\"noreferrer noopener\">Cl\u00ednica jur\u00eddica del dret al Dret de la Universitat de Barcelona<\/a><\/p>\n\n\n\n<p><a href=\"http:\/\/www.darwin.csic.edu.uy\/grupos\/grupos?tipo=unoro&amp;id=881932\" target=\"_blank\" rel=\"noreferrer noopener\">Estudios sobre infracci\u00f3n adolescente (Facultad de Ciencias Sociales \u2013 Universidad de la Rep\u00fablica de Uruguay)<\/a><\/p>\n\n\n\n<p><a href=\"http:\/\/portal.uc3m.es\/portal\/page\/portal\/instituto_derechos_humanos\" target=\"_blank\" rel=\"noreferrer noopener\">Instituto de Derechos Humanos Bartolom\u00e9 de las Casas \u2013 Universidad Carlos III de Madrid<\/a><\/p>\n\n\n\n<p><a href=\"http:\/\/www.unizar.es\/sociologia_juridica\/\" target=\"_blank\" rel=\"noreferrer noopener\">Laboratorio de Sociolog\u00eda Jur\u00eddica \u2013 Universidad de Zaragoza<\/a><\/p>\n\n\n\n<p><a href=\"http:\/\/www.unirioja.es\/genero\/\" target=\"_blank\" rel=\"noreferrer noopener\">Grupo de investigaci\u00f3n IGUALDAD Y G\u00c9NERO (Universidad de la Rioja)<\/a><\/p>\n","protected":false},"excerpt":{"rendered":"<p>Universitat Aut\u00f2noma de Barcelona Departament de Ci\u00e8ncia Pol\u00edtica i Dret P\u00fablic Projecte Centre Ant\u00edgona Blog de Margarita Mar\u00eda D\u00edaz Picasso (advocada especialitzada en temes de g\u00e8nere) Cinefagia de sociedades IQ Observatori. Dones, homes i la vida quotidiana Cl\u00ednica jur\u00eddica del dret al Dret de la Universitat de Barcelona Estudios sobre infracci\u00f3n adolescente (Facultad de Ciencias [&hellip;]<\/p>\n","protected":false},"author":1385,"featured_media":0,"parent":0,"menu_order":0,"comment_status":"closed","ping_status":"closed","template":"","meta":{"footnotes":""},"class_list":["post-79","page","type-page","status-publish","hentry"],"_links":{"self":[{"href":"https:\/\/webs.uab.cat\/antigona\/wp-json\/wp\/v2\/pages\/79","targetHints":{"allow":["GET"]}}],"collection":[{"href":"https:\/\/webs.uab.cat\/antigona\/wp-json\/wp\/v2\/pages"}],"about":[{"href":"https:\/\/webs.uab.cat\/antigona\/wp-json\/wp\/v2\/types\/page"}],"author":[{"embeddable":true,"href":"https:\/\/webs.uab.cat\/antigona\/wp-json\/wp\/v2\/users\/1385"}],"replies":[{"embeddable":true,"href":"https:\/\/webs.uab.cat\/antigona\/wp-json\/wp\/v2\/comments?post=79"}],"version-history":[{"count":1,"href":"https:\/\/webs.uab.cat\/antigona\/wp-json\/wp\/v2\/pages\/79\/revisions"}],"predecessor-version":[{"id":80,"href":"https:\/\/webs.uab.cat\/antigona\/wp-json\/wp\/v2\/pages\/79\/revisions\/80"}],"wp:attachment":[{"href":"https:\/\/webs.uab.cat\/antigona\/wp-json\/wp\/v2\/media?parent=79"}],"curies":[{"name":"wp","href":"https:\/\/api.w.org\/{rel}","templated":true}]}}