{"id":84,"date":"2025-01-15T13:47:45","date_gmt":"2025-01-15T11:47:45","guid":{"rendered":"https:\/\/webs.uab.cat\/antigona\/?page_id=84"},"modified":"2025-02-26T10:10:28","modified_gmt":"2025-02-26T08:10:28","slug":"inici","status":"publish","type":"page","link":"https:\/\/webs.uab.cat\/antigona\/","title":{"rendered":"Inici"},"content":{"rendered":"\n<p>El\u00a0<strong><em>Grup de recerca Ant\u00edgona, drets i societat amb perspectiva de g\u00e8nere<\/em><\/strong>\u00a0(2021 SGR 639) \u00e9s un grup de recerca que es va constituir a l\u2019any 2000 dins del Departament de Ci\u00e8ncia Pol\u00edtica i Dret P\u00fablic de la Universitat Aut\u00f2noma de Barcelona (UAB) ubicada a Catalunya, Espanya. Ant\u00edgona va ser reconegut a l\u2019any 2005 com a grup de recerca emergent (GRE) per l\u2019Ag\u00e8ncia de Gesti\u00f3 d\u2019Ajuts Universitaris i de Recerca (AGAUR) de la Generalitat de Catalunya, i reconegut a l\u2019any 2009 (SGR2009-570) i 2014 (SGR2014-519) com a grup de recerca consolidat (GRC).<\/p>\n\n\n\n<p>L\u2019objectiu general del Grup Ant\u00edgona \u00e9s analitzar el desenvolupament dels drets de les dones en perspectiva de g\u00e8nere. La legislaci\u00f3 i les pol\u00edtiques p\u00fabliques a Espanya s\u2019estan construint sobre diferents definicions que \u00e9s necessari aclarir i concretar, aix\u00f3 com les caracter\u00edstiques i continguts dels drets de les dones del nostre pa\u00eds. A m\u00e9s a m\u00e9s, \u00e9s necessari adoptar una perspectiva de g\u00e8nere enfront al Dret i fer una revisi\u00f3 de les categories jur\u00eddiques que possibiliti mostrar les seves defici\u00e8ncies.<\/p>\n\n\n\n<p><a href=\"https:\/\/webs.uab.cat\/antigona\/presentacio\/\">M\u00e9s informaci\u00f3<\/a><\/p>\n","protected":false},"excerpt":{"rendered":"<p>El\u00a0Grup de recerca Ant\u00edgona, drets i societat amb perspectiva de g\u00e8nere\u00a0(2021 SGR 639) \u00e9s un grup de recerca que es va constituir a l\u2019any 2000 dins del Departament de Ci\u00e8ncia Pol\u00edtica i Dret P\u00fablic de la Universitat Aut\u00f2noma de Barcelona (UAB) ubicada a Catalunya, Espanya. Ant\u00edgona va ser reconegut a l\u2019any 2005 com a grup [&hellip;]<\/p>\n","protected":false},"author":1385,"featured_media":0,"parent":0,"menu_order":0,"comment_status":"closed","ping_status":"closed","template":"","meta":{"footnotes":""},"class_list":["post-84","page","type-page","status-publish","hentry"],"_links":{"self":[{"href":"https:\/\/webs.uab.cat\/antigona\/wp-json\/wp\/v2\/pages\/84","targetHints":{"allow":["GET"]}}],"collection":[{"href":"https:\/\/webs.uab.cat\/antigona\/wp-json\/wp\/v2\/pages"}],"about":[{"href":"https:\/\/webs.uab.cat\/antigona\/wp-json\/wp\/v2\/types\/page"}],"author":[{"embeddable":true,"href":"https:\/\/webs.uab.cat\/antigona\/wp-json\/wp\/v2\/users\/1385"}],"replies":[{"embeddable":true,"href":"https:\/\/webs.uab.cat\/antigona\/wp-json\/wp\/v2\/comments?post=84"}],"version-history":[{"count":5,"href":"https:\/\/webs.uab.cat\/antigona\/wp-json\/wp\/v2\/pages\/84\/revisions"}],"predecessor-version":[{"id":188,"href":"https:\/\/webs.uab.cat\/antigona\/wp-json\/wp\/v2\/pages\/84\/revisions\/188"}],"wp:attachment":[{"href":"https:\/\/webs.uab.cat\/antigona\/wp-json\/wp\/v2\/media?parent=84"}],"curies":[{"name":"wp","href":"https:\/\/api.w.org\/{rel}","templated":true}]}}