{"id":582,"date":"2018-06-11T10:45:35","date_gmt":"2018-06-11T10:45:35","guid":{"rendered":"http:\/\/blogs.uab.cat\/apinglocat\/?page_id=582"},"modified":"2018-06-11T10:45:35","modified_gmt":"2018-06-11T10:45:35","slug":"keynote-speakers","status":"publish","type":"page","link":"https:\/\/webs.uab.cat\/apinglocat\/mucean-seminar\/keynote-speakers\/","title":{"rendered":"KEYNOTE SPEAKERS"},"content":{"rendered":"<p><a href=\"https:\/\/webs.uab.cat\/apinglocat\/wp-content\/uploads\/sites\/87\/2018\/06\/Inma_CHAT_Headshot.jpg\"><img loading=\"lazy\" decoding=\"async\" class=\" wp-image-603\" src=\"https:\/\/webs.uab.cat\/apinglocat\/wp-content\/uploads\/sites\/87\/2018\/06\/Inma_CHAT_Headshot-225x300.jpg\" alt=\"\" width=\"191\" height=\"255\" srcset=\"https:\/\/webs.uab.cat\/apinglocat\/wp-content\/uploads\/sites\/87\/2018\/06\/Inma_CHAT_Headshot-225x300.jpg 225w, https:\/\/webs.uab.cat\/apinglocat\/wp-content\/uploads\/sites\/87\/2018\/06\/Inma_CHAT_Headshot-768x1024.jpg 768w, https:\/\/webs.uab.cat\/apinglocat\/wp-content\/uploads\/sites\/87\/2018\/06\/Inma_CHAT_Headshot-1152x1536.jpg 1152w, https:\/\/webs.uab.cat\/apinglocat\/wp-content\/uploads\/sites\/87\/2018\/06\/Inma_CHAT_Headshot-1536x2048.jpg 1536w, https:\/\/webs.uab.cat\/apinglocat\/wp-content\/uploads\/sites\/87\/2018\/06\/Inma_CHAT_Headshot-1200x1600.jpg 1200w, https:\/\/webs.uab.cat\/apinglocat\/wp-content\/uploads\/sites\/87\/2018\/06\/Inma_CHAT_Headshot.jpg 1652w\" sizes=\"auto, (max-width: 191px) 100vw, 191px\" \/><\/a><\/p>\n<p style=\"text-align: justify\"><strong><span style=\"color: #003366\">Dr Inmaculada Garc\u00eda-S\u00e1nchez (Temple University)<\/span><\/strong><\/p>\n<p style=\"text-align: justify\">Dr. Garc\u00eda-S\u00e1nchez is a linguistic anthropologist with a strong interdisciplinary training in anthropology, linguistics, and education. Her work examines immigrant children and youth&#8217;s communicative practices, broadly conceived, in the contexts of educational institutions (both secular and religious), peer groups, and families, and across linguistic, cultural, and national boundaries.\u00a0 Her research agenda combines long-term ethnography and fine-grained discourse analysis of language use (in both interviews and everyday practices), along with archival and print material. This approach allows her to contextualize everyday linguistic and sociocultural practices within a larger sociohistorical frame. Her research agenda offers a critical dialogue between linguistic anthropology, educational ethnography, and socio-cultural development of bi-\/multilingual immigrant children and youth.<\/p>\n<p style=\"text-align: justify\"><strong>Paradoxes of Being an Immigrant Child Language Broker under Neoliberal Conditions: Lessons for School<\/strong><\/p>\n<p style=\"text-align: justify\">In this paper I examine how neoliberal conditions have exacerbated the paradoxes surrounding the practice of immigrant child language brokering.\u00a0 In particular, the paper centers on three paradoxes: The first paradox examines the expectation for immigrant child language brokers to be <em>neutral <\/em>and <em>detached<\/em> conduits of someone else\u2019s voice, and how this expectation is fueled by neoliberal language ideologies that assume that a person\u2019s voice represents a unified self; the second paradox focuses on the invisibilization of the labor provided by immigrant child language brokers in the current sociohistorical and geopolitical context \u2013 a time in which the children of immigrants increasingly <em>have to<\/em> speak for their families in everyday life; and the third paradox explores the intersections between the neoliberal subject as it relates to modern notions of childhood, on the one hand, and racialized and classed ideas about immigrant children and their families, on the other.\u00a0 An ironic, but consequential outcome of these exacerbated paradoxes has been the entrenchment of enduring deficit discourses and ideologies about immigrant children as drains on educational and social resources and as linguistically lacking.\u00a0 These raciolinguistic ideologies are incongruent, however, with an increasingly robust body of research findings that show that in language brokering, immigrant children engage in rich communicative practices, display sophisticated deployment of multilingual linguistic tools, and exhibit keen metalinguistic awareness involving strategic decision-making in translation.\u00a0 The paper closes with a discussion on how schools can tackle language education for immigrants in ways that center, honors and build on immigrant children\u2019s linguistic knowledge and strengths rather than their deficits.<\/p>\n<p style=\"text-align: justify\"><strong><a href=\"https:\/\/webs.uab.cat\/apinglocat\/wp-content\/uploads\/sites\/87\/2018\/06\/s200_j_rgen.jaspers.png.jpeg\"><img loading=\"lazy\" decoding=\"async\" class=\"size-full wp-image-602 alignnone\" src=\"https:\/\/webs.uab.cat\/apinglocat\/wp-content\/uploads\/sites\/87\/2018\/06\/s200_j_rgen.jaspers.png.jpeg\" alt=\"\" width=\"200\" height=\"200\" srcset=\"https:\/\/webs.uab.cat\/apinglocat\/wp-content\/uploads\/sites\/87\/2018\/06\/s200_j_rgen.jaspers.png.jpeg 200w, https:\/\/webs.uab.cat\/apinglocat\/wp-content\/uploads\/sites\/87\/2018\/06\/s200_j_rgen.jaspers.png-150x150.jpeg 150w\" sizes=\"auto, (max-width: 200px) 100vw, 200px\" \/><\/a><\/strong><\/p>\n<p style=\"text-align: justify\"><strong><span style=\"color: #003366\">Dr J\u00fcrgen Jaspers (Universit\u00e9 libre de Bruxelles)<\/span><\/strong><\/p>\n<p style=\"text-align: justify\">J\u00fcrgen Jaspers is a sociolinguist and associate professor of Dutch linguistics at the Universit\u00e9 Libre de Bruxelles. His research mainly focuses on the ethnographic study of classroom interaction, urban multilingualism and linguistic standardisation processes.<\/p>\n<p style=\"text-align: justify\"><strong>Informal multilingualisation, ideological dilemmas, and educational purposes<\/strong><\/p>\n<p style=\"text-align: justify\">Schools in both of Belgium\u2019s largest linguistic communities have in recent years addressed the growing importance of marketable multilingualism through organising immersion classes as well as content and language integrated learning. Such initiatives are mostly taken in elite schools however, while non-elite, urban, schools often become multilingual informally and inadvertently, as the result of their pupils\u2019 diversifying linguistic backgrounds. This informal multilingualisation invites pedagogical challenges, but also leads to ideological anxieties, especially in Dutch-medium schools where ample studies show that teachers have very negative attitudes towards the use of other languages than Dutch \u2013 also inspired by policymakers\u2019 claims that Standard Dutch is crucial for guaranteeing equal opportunities, jobs, and social cohesion. These negative attitudes are commonly taken to illustrate teachers\u2019 \u2018monolingual habitus\u2019 and they are contested as obstacles to making compulsory education more multilingual, notably through using non-elite languages. Building on ethnographic data from several Flemish schools, however, I will emphasize in my presentation that despite these attitudes, classroom practice already wavers between monolingualism and multilingualism, because teachers associate both ideas with competing educational purposes that stem from widely shared, but contradictory, ideological values. I will use these findings to argue that attempts to make compulsory education more multililingual, and their connection with broader processes of change, can be usefully discussed against the background of the relation between the multiple purposes of education, the values they are based on, and the dilemmas that they create for different stakeholders.<\/p>\n","protected":false},"excerpt":{"rendered":"<p>Dr Inmaculada Garc\u00eda-S\u00e1nchez (Temple University) Dr. Garc\u00eda-S\u00e1nchez is a linguistic anthropologist with a strong interdisciplinary training in anthropology, linguistics, and education. Her work examines immigrant children and youth&#8217;s communicative practices, broadly conceived, in the contexts of educational institutions (both secular and religious), peer groups, and families, and across linguistic, cultural, and national boundaries.\u00a0 Her research [&hellip;]<\/p>\n","protected":false},"author":66,"featured_media":0,"parent":572,"menu_order":7,"comment_status":"closed","ping_status":"closed","template":"","meta":{"footnotes":""},"class_list":["post-582","page","type-page","status-publish","hentry"],"_links":{"self":[{"href":"https:\/\/webs.uab.cat\/apinglocat\/wp-json\/wp\/v2\/pages\/582","targetHints":{"allow":["GET"]}}],"collection":[{"href":"https:\/\/webs.uab.cat\/apinglocat\/wp-json\/wp\/v2\/pages"}],"about":[{"href":"https:\/\/webs.uab.cat\/apinglocat\/wp-json\/wp\/v2\/types\/page"}],"author":[{"embeddable":true,"href":"https:\/\/webs.uab.cat\/apinglocat\/wp-json\/wp\/v2\/users\/66"}],"replies":[{"embeddable":true,"href":"https:\/\/webs.uab.cat\/apinglocat\/wp-json\/wp\/v2\/comments?post=582"}],"version-history":[{"count":0,"href":"https:\/\/webs.uab.cat\/apinglocat\/wp-json\/wp\/v2\/pages\/582\/revisions"}],"up":[{"embeddable":true,"href":"https:\/\/webs.uab.cat\/apinglocat\/wp-json\/wp\/v2\/pages\/572"}],"wp:attachment":[{"href":"https:\/\/webs.uab.cat\/apinglocat\/wp-json\/wp\/v2\/media?parent=582"}],"curies":[{"name":"wp","href":"https:\/\/api.w.org\/{rel}","templated":true}]}}