{"id":594,"date":"2018-06-11T11:12:01","date_gmt":"2018-06-11T11:12:01","guid":{"rendered":"http:\/\/blogs.uab.cat\/apinglocat\/?page_id=594"},"modified":"2018-06-11T11:12:01","modified_gmt":"2018-06-11T11:12:01","slug":"contact","status":"publish","type":"page","link":"https:\/\/webs.uab.cat\/apinglocat\/mucean-seminar\/contact\/","title":{"rendered":"CONTACT"},"content":{"rendered":"<p style=\"text-align: justify\">If you have any questions about MUCEAN Seminar, do not hesitate to contact the Organizing Committee at <strong>mucean.seminar2018@uab.cat<\/strong>.<\/p>\n<p style=\"text-align: justify\"><strong><span style=\"color: #003366\">Co-ordinators<\/strong><\/p>\n<ul>\n<li>Eva Cod\u00f3 (Universitat Aut\u00f2noma de Barcelona)<\/li>\n<li>Ana Mar\u00eda Rela\u00f1o-Pastor (Universidad de Castilla-La Mancha)<\/li>\n<\/ul>\n<p style=\"text-align: justify\"><strong><span style=\"color: #003366\">Local organizing committee<\/strong><\/p>\n<ul>\n<li>Eva Cod\u00f3 (chair, Universitat Aut\u00f2noma de Barcelona)<\/li>\n<li>Andrea Sunyol\u00a0(Universitat Aut\u00f2noma de Barcelona)<\/li>\n<li>Jessica McDaid\u00a0(Universitat Aut\u00f2noma de Barcelona)<\/li>\n<\/ul>\n<p style=\"text-align: justify\">This seminar is organised by the APINGLO-Cat and APINGLO-CLM coordinated R+D projects (FFI2014-54179-C2-1-P; FFI2014-54179-C2-2-P; <a href=\"http:\/\/blogs.uab.cat\/apinglocat\/\">http:\/\/blogs.uab.cat\/apinglocat\/<\/a> <a href=\"https:\/\/blog.uclm.es\/apingloclm\/\">https:\/\/blog.uclm.es\/apingloclm\/<\/a>). It is supported by the Department of English and German Studies &amp; the Faculty of Arts and Humanities of the Universitat Aut\u00f2noma de Barcelona, as well as the Spanish Ministerio de Econom\u00eda, Industria y Competitividad.<\/p>\n","protected":false},"excerpt":{"rendered":"<p>If you have any questions about MUCEAN Seminar, do not hesitate to contact the Organizing Committee at mucean.seminar2018@uab.cat. Co-ordinators Eva Cod\u00f3 (Universitat Aut\u00f2noma de Barcelona) Ana Mar\u00eda Rela\u00f1o-Pastor (Universidad de Castilla-La Mancha) Local organizing committee Eva Cod\u00f3 (chair, Universitat Aut\u00f2noma de Barcelona) Andrea Sunyol\u00a0(Universitat Aut\u00f2noma de Barcelona) Jessica McDaid\u00a0(Universitat Aut\u00f2noma de Barcelona) This seminar is [&hellip;]<\/p>\n","protected":false},"author":66,"featured_media":0,"parent":572,"menu_order":5,"comment_status":"closed","ping_status":"closed","template":"","meta":{"footnotes":""},"class_list":["post-594","page","type-page","status-publish","hentry"],"_links":{"self":[{"href":"https:\/\/webs.uab.cat\/apinglocat\/wp-json\/wp\/v2\/pages\/594","targetHints":{"allow":["GET"]}}],"collection":[{"href":"https:\/\/webs.uab.cat\/apinglocat\/wp-json\/wp\/v2\/pages"}],"about":[{"href":"https:\/\/webs.uab.cat\/apinglocat\/wp-json\/wp\/v2\/types\/page"}],"author":[{"embeddable":true,"href":"https:\/\/webs.uab.cat\/apinglocat\/wp-json\/wp\/v2\/users\/66"}],"replies":[{"embeddable":true,"href":"https:\/\/webs.uab.cat\/apinglocat\/wp-json\/wp\/v2\/comments?post=594"}],"version-history":[{"count":0,"href":"https:\/\/webs.uab.cat\/apinglocat\/wp-json\/wp\/v2\/pages\/594\/revisions"}],"up":[{"embeddable":true,"href":"https:\/\/webs.uab.cat\/apinglocat\/wp-json\/wp\/v2\/pages\/572"}],"wp:attachment":[{"href":"https:\/\/webs.uab.cat\/apinglocat\/wp-json\/wp\/v2\/media?parent=594"}],"curies":[{"name":"wp","href":"https:\/\/api.w.org\/{rel}","templated":true}]}}