{"id":75,"date":"2015-07-09T20:50:03","date_gmt":"2015-07-09T20:50:03","guid":{"rendered":"http:\/\/blogs.uab.cat\/apinglocat\/?page_id=75"},"modified":"2015-07-09T20:50:03","modified_gmt":"2015-07-09T20:50:03","slug":"publications","status":"publish","type":"page","link":"https:\/\/webs.uab.cat\/apinglocat\/research-output\/publications\/","title":{"rendered":"PUBLICATIONS"},"content":{"rendered":"<p><span style=\"color: #000080\"><strong>Upcoming publications<\/strong><\/span><\/p>\n<p><span style=\"color: #000080\"><strong><span lang=\"EN-US\">Cod\u00f3, E.\u00a0<\/span><\/strong><\/span><span lang=\"EN-US\">and\u00a0 A.M. Rela\u00f1o-Pastor (in press) Researching Multilingual Education: Ethnographic Perspectives. For\u00a0Siry, C. &amp;\u00a0R. Fern\u00e1ndez (Eds.).\u00a0<em>Methodologies for Research on Teaching and Learning.<\/em>\u00a0Luxembourg: Sense Publishers (Bold Visions in Education Research Series).<\/span><\/p>\n<p><span style=\"color: #000080\"><strong>2021<\/strong><\/span><\/p>\n<p><span style=\"color: #000080\"><strong>Cod\u00f3, E.<\/strong><\/span> (2021)\u00a0Localizable vs non-localizable English: New inequalities in \u2018democratizing\u2019 access to English in Spanish education. For Tupas, R., Rubdy, R. &amp; Saraceni, M. (Eds.) <em>Bloomsbury World English Volume 2:\u00a0Ideologies. <\/em>London\/New York: Bloomsbury.\u00a0\u00a0<\/p>\n<p><span style=\"color: #000080\"><strong>2020<\/strong><\/span><\/p>\n<p><span style=\"color: #000080\"><strong>Cod\u00f3, E.<\/strong><\/span> (2020) The dilemmas of experimental CLIL in Catalonia. For Jaspers, J. (ed.)\u00a0Linguistic dilemmas and chronic ambivalence in the classroom. <em>Journal of Multilingual and Multicultural Development<\/em>. DOI:\u00a0<a href=\"https:\/\/doi.org\/10.1080\/01434632.2020.1725525%C2%A0\">https:\/\/doi.org\/10.1080\/01434632.2020.1725525 .<\/a><\/p>\n<p><strong><span style=\"color: #000080\">2019<\/span><\/strong><\/p>\n<p><strong><span style=\"color: #000080\">Cod\u00f3, E<\/span>.<\/strong> and <span style=\"color: #000080\"><strong>E. Moore<\/strong> <\/span>(2019)\u00a0Working through asymmetries of knowledge and expertise in a \u2018giving back to the field\u2019 session. For Rela\u00f1o-Pastor, A. M. (ed.) Special issue\u00a0&#8220;Ethnographic perspectives to teaching and learning in multilingual contexts&#8221;<strong>.<\/strong>\u00a0<em>Foro de Educaci\u00f3n 17<\/em>(27):\u00a0147-165.\u00a0<a href=\"https:\/\/www.forodeeducacion.com\/ojs\/index.php\/fde\/article\/view\/699\/432\">https:\/\/www.forodeeducacion.com\/ojs\/index.php\/fde\/article\/view\/699\/432<\/a>\u00a0<\/p>\n<p><span style=\"color: #000080\"><strong><span lang=\"EN-US\">Cod\u00f3, E. <\/span><\/strong><\/span><span lang=\"EN-US\">and <span style=\"color: #000080\"><strong>J<\/strong><\/span><\/span><span style=\"color: #000080\"><strong><span lang=\"EN-US\">.<\/span><span lang=\"DE-CH\">\u00a0<\/span><span lang=\"EN-US\">McDaid<\/span><\/strong><\/span><span lang=\"EN-US\">\u00a0(2019) English language assistants in the 21st century: Nation-state soft power in the experience economy.\u00a0<em>Language, Culture and Society 1<\/em>(2): 219-243.<\/span><\/p>\n<p class=\"biblio_title\"><span class=\"biblio_title\"><span class=\"biblio_author\"><span style=\"color: #333399\"><strong>Garrido M.R.<\/strong> <\/span>and<\/span>\u00a0<span style=\"color: #333399\"><strong>K.\u00a0<\/strong><\/span><span class=\"biblio_author\"><span style=\"color: #333399\"><strong>Petit-Cahill<\/strong> <\/span>(in press)\u00a0<\/span>Introduction: Les pratiques langagi\u00e8res et textuelles dans l\u2019ethnographie des institutions: Enjeux m\u00e9thodologiques et conditions de production de connaissances sociolinguistiques.<\/span>\u00a0<em><span class=\"biblio_organization\">R\u00e9seau Francophone de Sociolinguistique<\/span>\u00a0dans\u00a0<span class=\"biblio_relatedItemTitle\">3e Congr\u00e8s du R\u00e9seau Francophone de Sociolinguistique.\u00a0<\/span><\/em><\/p>\n<p><strong><span style=\"color: #333399\">Moore, E.<\/span><\/strong> (2019, forthcoming). <em>Competence, communicative and linguistic.\u00a0The International Encyclopedia of Linguistic Anthropology<\/em>. Wiley.\u00a0<\/p>\n<p>Borr\u00e0s, E. and <strong>E. <span style=\"color: #333399\">Moore<\/span><\/strong> (2019, forthcoming). The plurilingual and multimodal management of participation and subject complexity in university CLIL teamwork.\u00a0<em>English Language Teaching.<\/em><\/p>\n<p class=\"biblio_title\"><span style=\"color: #000080\"><strong><span lang=\"EN-US\">Sunyol, A.\u00a0<\/span><\/strong><\/span><span lang=\"EN-US\">(2019) \u201cMassa esfor\u00e7 pel que val\u201d: el catal\u00e0 en les tries educatives de la classe mitjana global.<span class=\"apple-converted-space\">\u00a0<\/span><\/span><em>Treballs de Socioling\u00fc\u00edstica Catalana<\/em>.<\/p>\n<p><strong><span lang=\"EN-US\"><span style=\"color: #000080\">Sunyol,\u00a0A.<\/span>\u00a0<\/span><\/strong><span lang=\"EN-US\">and<span class=\"apple-converted-space\">\u00a0<\/span><\/span><span style=\"color: #000080\"><strong><span lang=\"EN-US\">E. Cod\u00f3<\/span><\/strong><\/span><span lang=\"EN-US\">\u00a0(2019)\u00a0Fabricating neoliberal subjects through the \u00a0International Baccalaureate\u00a0Diploma Programme. For L. Mart\u00edn Rojo and A. Del Percio (Eds.)<span class=\"apple-converted-space\">\u00a0<\/span><em>Language and Neoliberal Governmentality<\/em>. London: Routledge, pp. 135-161.<\/span><\/p>\n<p><span style=\"color: #000080\"><strong><span lang=\"EN-US\">Cod\u00f3, E.<\/span><\/strong><\/span><span class=\"apple-converted-space\"><b><span lang=\"EN-US\">\u00a0<\/span><\/b><\/span><span lang=\"EN-US\">and<strong>\u00a0<\/strong><\/span><span style=\"color: #000080\"><strong><span lang=\"EN-US\">A.\u00a0Sunyol<\/span><\/strong><\/span><span lang=\"EN-US\">\u00a0<\/span><span lang=\"EN-US\">(2019)\u00a0\u201cA plus for our students\u201d: The construction of Mandarin Chinese as an elite language in international schools in Barcelona. For E. Barakos and C. Selleck (Eds.) Special issue &#8220;Elite Multilingualism: Discourses, Practices and Debate&#8221;.<span class=\"apple-converted-space\">\u00a0<\/span><em>International Journal of Multilingual and Multicultural Development 40<\/em>(5): 436-452.<\/span><\/p>\n<p><span style=\"color: #000080\"><strong>2018<\/strong><\/span><\/p>\n<p style=\"text-align: justify\"><span style=\"color: #000080\"><strong>Cod\u00f3, E.\u00a0<\/strong><\/span>(2018) Language awareness in multilingual and multicultural organisations. For Garret, P. &amp;\u00a0J.M. Cots (Eds.)\u00a0<em>The Routledge Handbook of Language Awareness.\u00a0<\/em>pp. 467\u2013481. (Chapter 29).\u00a0ISBN:\u00a0978-1-138-93704-8 (hbk).<\/p>\n<p><span style=\"color: #000080\"><strong>Cod\u00f3, E. <\/strong><span style=\"color: #000000\">and <span style=\"color: #000080\"><strong>A. Pati\u00f1o-Santos<\/strong><\/span> (2018)\u00a0CLIL, unequal working\u00a0conditions and neoliberal subjectivities in a state secondary school. <em>Language Policy 17<\/em>(4): 479-499.\u00a0<\/span><\/span><\/p>\n<p><span style=\"color: #000080\"><strong>Cod\u00f3, E.<\/strong> <\/span>(2018) The intersection of global mobilities, lifestyle and\u00a0ELT work: A critical examination of\u00a0language instructors&#8217; trajectories.\u00a0For Moyer, M. (eds.) &#8220;Language, Mobility and Work&#8221;. Special issue of <em>Language and Intercultural Communication <\/em>18(4): 436-450.<\/p>\n<p><strong><span style=\"color: #000080\">Cod\u00f3, E.\u00a0<\/span><\/strong>(2018) Language policy and planning, institutions and neoliberalization. For Tollefson, J. &amp;\u00a0M. P\u00e9rez-Milans (Eds.) <em>The Oxford Handbook of Language Policy and Planning<\/em>. pp.\u00a0467\u2013484. (Chapter 23).<\/p>\n<p>Costa, F. and <span style=\"color: #333399\"><strong>E. Pladevall-Ballester<\/strong> <\/span>(in press, 2018) Language teachers\u2019 perspectives on the CLIL experience in Catalan and Lombard secondary schools. <em>Rassegna Italiana di Linguistica Applicata.<\/em><\/p>\n<p class=\"biblio_title\"><span class=\"biblio_title\"><span lang=\"EN-GB\"><span lang=\"EN-US\"><strong><span style=\"color: #000080\">Garrido, M. R. <\/span><\/strong><span style=\"color: #333333\">(2018)\u00a0<\/span><\/span><\/span>Voluntary work, transnational mobility and language learning in a social movement.\u00a0For Moyer, M. (eds.) &#8220;Language, Mobility and Work&#8221;. Special issue of\u00a0<\/span><em><span class=\"biblio_relatedItemTitle\">Language and Intercultural Communication<\/span><\/em>,\u00a0<span class=\"biblio_volume\">18<\/span>\u00a0(<span class=\"biblio_number\">4<\/span>) pp.\u00a0<span class=\"biblio_pages\">451-463<\/span><span class=\"biblio_peer\">.\u00a0<\/span><\/p>\n<p><span style=\"color: #000000\"><span style=\"color: #333399\"><strong>Moore, E<\/strong><\/span>. and J. Palou (2018). \u00a0<a style=\"color: #000000;text-decoration: underline\" href=\"https:\/\/www.academia.edu\/35100063\/Reading_in_multilingual_environments\">Reading in multilingual environments<\/a>. \u00a0In S. Melo-Pfeifer &amp; C. Helmchen (eds.), Plurilingual literacy practices at school and in teacher education. Bern: Peter Lang. DOI:\u00a0<a style=\"color: #000000;text-decoration: underline\" href=\"https:\/\/doi.org\/10.3726\/b13093\">https:\/\/doi.org\/10.3726\/b13093<\/a>.<\/span><\/p>\n<p><span style=\"color: #333399\"><strong>Moore, E.<\/strong>,<\/span> N. Evnitskaya and S.L. Ramos (2018).\u00a0<a href=\"https:\/\/link.springer.com\/content\/pdf\/10.1007%2Fs11422-016-9783-z.pdf\">Teaching and learning science in linguistically diverse classrooms<\/a>. Cultural Studies of Science Education, 13 (2), 341-352.<\/p>\n<p><strong><span style=\"color: #333399\">Moore, E.<\/span> <\/strong>and M. Santello (2018, forthcoming). Pragmatics. In J. Darquennes, J. Salmons &amp; W. Vandenbussche (eds.), Handbook of Language Contact. Berlin: De Gruyter Mouto<\/p>\n<p><strong><span style=\"color: #333399\">Pladevall-Ballester, E.<\/span><\/strong> (2018). A longitudinal study of primary school EFL learning motivation in CLIL and non-CLIL settings. <em>Language Teaching Research<\/em>. <a id=\"LPlnk848288\" class=\"OWAAutoLink\" href=\"https:\/\/doi.org\/10.1177\/1362168818765877\">https:\/\/doi.org\/10.1177\/1362168818765877<\/a><b>\u00a0<\/b><\/p>\n<p><span style=\"color: #000080\"><strong>2017<\/strong><\/span><\/p>\n<p style=\"text-align: justify\"><span lang=\"EN-GB\"><span lang=\"EN-US\"><strong><span style=\"color: #000080\">Garrido, M. R.<\/span><\/strong><\/span>\u00a0(2017). Multilingualism\u00a0and cosmopolitanism in the construction of a humanitarian elite. In A. Jaworski and C. Thurlow (Eds.), Elite discourse: The rhetorics of status and privilege, Special Issue of <i>Social <\/i>Semiotics 27 (3), 359\u2013369.<\/span><\/p>\n<p style=\"text-align: justify\"><span lang=\"EN-GB\"><span lang=\"EN-US\"><strong><span style=\"color: #000080\">Garrido, M. R.<\/span><\/strong><\/span>\u00a0<\/span><span lang=\"FR\">&amp; <span style=\"color: #000080\"><strong>E. Cod\u00f3<\/strong><\/span> (2017). <\/span><span lang=\"EN-GB\">Deskilling and delanguaging African migrants in Barcelona: Pathways of labour market incorporation and the value of &#8220;global&#8221; English. <i>Globalisation, Societies and Education<\/i>, 15 (1): 29\u201349.<\/span><\/p>\n<p style=\"text-align: justify\"><span style=\"color: #000080\"><strong>Moore, E.<\/strong>,<span style=\"color: #000000\"> Evnitskaya, N. and Ramos, S. L. (2017). Teaching and learning science in linguistically diverse classrooms. <em>Cultural Studies of Science Education<\/em>. DOI: 10.1007\/s11422-016-9783-z<\/span><\/span><\/p>\n<p style=\"text-align: justify\"><span lang=\"DE-CH\"><span lang=\"EN-US\"><span style=\"color: #000080\"><strong>Moore, E.<\/strong><\/span><\/span><\/span><span lang=\"DE-CH\">\u00a0and\u00a0<span lang=\"EN-US\"><strong><span style=\"color: #000080\">M. R.<\/span><\/strong><\/span> <span lang=\"EN-US\"><strong><span style=\"color: #000080\">Garrido, <\/span><\/strong><\/span>\u00a0(2017). El rap en la did\u00e0ctica del pluriling\u00fcisme. <i>Perspectiva Escolar,<\/i>\u00a0391,<i>\u00a0<\/i>44\u201348.<\/span><\/p>\n<p><strong><span style=\"color: #000080\">Pladevall-Ballester, E.<\/span><\/strong> and Vraciu, A. (2017) Scaffolding early EFL \u2013 L1 use in oral narratives by CLIL and non-CLIL young learners. For Garc\u00eda-Mayo, M.P. (Ed.) <em>Learning Foreign Languages in Primary School: Research Insights<\/em>. Bristol: Multilingual Matters.<\/p>\n<p style=\"text-align: justify\"><span lang=\"DE-CH\">Sabat\u00e9 Dalmau, Maria; <span lang=\"EN-US\"><strong><span style=\"color: #000080\">M. R.<\/span><\/strong><\/span> <span lang=\"EN-US\"><strong><span style=\"color: #000080\">Garrido<\/span><\/strong><\/span> &amp; <span style=\"color: #000080\"><strong>E. Cod\u00f3<\/strong><\/span> (2017). <\/span><span lang=\"EN-GB\">Language-mediated Services for Migrants: Monolingualist Institutional Regimes and Translinguistic User Practices. In Suresh Canagarajah (Ed.) <i>The Routledge Handbook of Migration and Language,\u00a0<\/i>558\u2013576<i>.<\/i> London: Routledge.<\/span><\/p>\n<p style=\"text-align: justify\"><span style=\"color: #000080\"><strong>Sunyol, A.<\/strong><\/span> (2017) <a href=\"http:\/\/revistes.iec.cat\/index.php\/TSC\/article\/view\/140466\">Educaci\u00f3 multiling\u00fce per a l&#8217;era global: el valor de les lleng\u00fces en una escola internacional<\/a>. <em>Treballs de Socioling\u00fc\u00edstica Catalana <\/em>27, 269\u2013283.<\/p>\n<p><span style=\"color: #000080\"><strong>2016<\/strong><\/span><\/p>\n<p>Aliagas, C., <strong><span style=\"color: #000080\">Garrido, M. R.\u00a0<\/span><\/strong>and<span lang=\"EN-US\"><span style=\"color: #000080\"><strong>\u00a0Moore, E.<\/strong><\/span><\/span><strong>\u00a0<\/strong>(2016). <a href=\"https:\/\/www.sciencedirect.com\/science\/article\/pii\/S0898589816300924\">Introduction: Hip Hop, language and identity: Bridging organic learning and institutional learning spaces<\/a>. <em>Linguistics and Education<\/em>, 36, 1\u20134.<\/p>\n<p>Cio\u00e8 Pe\u00f1a, M., <span class=\"\" lang=\"EN-AU\"><span style=\"color: #000080\"><strong>Moore, E.<\/strong><\/span>, Mart\u00edn Rojo, L. (2016).\u00a0 <a href=\"http:\/\/revistes.uab.cat\/jtl3\/article\/view\/v9-n2-cioepena-etal\">The burden of \u2018nativeness\u2019: Four plurilingual student-teachers\u2019 stories<\/a>. <em>Bellaterra Journal of Teaching and Learning Languages and Literature<\/em>, 9(2), 32\u201352.<\/span><\/p>\n<p style=\"text-align: justify\">Eppler, E. and <span style=\"color: #000080\"><strong>Cod\u00f3, E.<\/strong><\/span> (2016) Challenges for language and identity researchers in the collection and transcription of spoken interaction. For Preece, S. (Ed.) <em>The Routledge Handbook of Language and Identity. Routledge Handbooks in Applied Linguistics. <\/em>London: Routledge.\u00a0pp. 304-319. ISBN: 978-1-138-77472-8.<\/p>\n<p style=\"text-align: justify\"><span lang=\"EN-US\"><strong><span style=\"color: #000080\">Garrido, M. R.<\/span><\/strong> and <span style=\"color: #000080\"><strong>Moore, E.<\/strong><\/span> (2016).\u00a0<\/span>\u00a0<span lang=\"EN-AU\">\u201cIn our hood we listen Arabic and French\u201d: Language biography raps for the empowerment of plurilingualism. In Aliagas, C., M. R. Garrido &amp;\u00a0E. Moore (Eds.),\u00a0<\/span><em>Hip Hop, language and identity: Bridging organic learning and institutional learning spaces<\/em>,<span lang=\"EN-AU\">\u00a0<\/span><i>Linguistics and Education, 36, 1\u20134.<\/i><i>\u00a0<\/i><\/p>\n<p style=\"text-align: justify\"><span lang=\"EN-US\"><strong><span style=\"color: #000080\">Garrido, M. R.<\/span><\/strong><\/span>\u00a0and\u00a0<span lang=\"EN-US\"><span style=\"color: #000080\"><strong>Moore, E.<\/strong><\/span><\/span> (2016). <a href=\"https:\/\/www.sciencedirect.com\/science\/article\/pii\/S0898589816300924\">\u2018We can speak we do it our way\u201d: Language biography raps for the empowerment of plurilingualism<\/a>. <em>Linguistics and Education<\/em>, 36, 35\u201344.<\/p>\n<p style=\"text-align: justify\"><span style=\"color: #000080\"><strong>Garrido, M. R.<\/strong><\/span> and Oliva, X. (2015) A multilingual, collaborative and functional literacy approach to Catalan language learning in a voluntary settlement project.\u00a0In Simpson J., &amp; A. Whiteside (Eds.),\u00a0A<i>dult language education and migration: Challenging agendas in policy and practice\u00a0<\/i>(pp.94-106).\u00a0London: Routledge.<\/p>\n<p style=\"text-align: justify\"><span style=\"color: #000080\"><strong>Moore, E.<\/strong><\/span> (2016). Conceptualising \u2018multilingual\u2019 higher education in policies and classroom practice. In Soler-Carbonell, J., L. Gallego-Bals\u00e0\u00a0&amp; V.\u00a0Corona (Eds.), <em>Language and Education Issues in Global Catalonia. Questions and Debates across Scales of Time and Space, Special Issue for Language,\u00a0Culture and Curriculum.<\/em><\/p>\n<p style=\"text-align: justify\"><span style=\"color: #000080\"><strong>Moore, E.<\/strong><span style=\"color: #000000\">\u00a0 (2016). Aprendizaje de lenguas e interacci\u00f3n social. In Nussbaum, L. &amp; Masats, D. (Eds), <em>Manual de Did\u00e0ctica de las Lenguas Extranjeras para ESO<\/em>. Madrid: S\u00edntesis.<\/span><\/span><\/p>\n<p style=\"text-align: justify\"><span style=\"color: #000080\"><strong>Moore, E.<\/strong><\/span> and Nussbaum, L. (2016) El pluriling\u00fcismo en la formaci\u00f3n del alumnado de ESO. In Nussbaum, L. &amp; Masats, D. (Eds.), <em>Manual de Did\u00e0ctica de las Lenguas Extranjeras para ESO<\/em>. Madrid: S\u00edntesis.<\/p>\n<p style=\"text-align: justify\"><strong><span style=\"color: #000080\">Pladevall-Ballester, E.<\/span> <\/strong>and Vallbona, A. (2016) CLIL in minimal input contexts: development of receptive skills in early L2 learning. <em>System<\/em>, 58: 37\u201348.<\/p>\n<p style=\"text-align: justify\"><span lang=\"ES\"><strong><span style=\"color: #000080\">Pladevall-Ballester, E.<\/span><\/strong> (2016) CLIL subject selection and young learners\u2019 listening and reading comprehension skills. <em>International Journal of Applied Linguistics,<\/em> 26 (1): 52\u201374<\/span><\/p>\n<p>Vallejo, C. and\u00a0<span style=\"color: #000080\"><strong>Moore, E.<\/strong><\/span>\u00a0 (2016) <a href=\"http:\/\/revistas.filo.uba.ar\/index.php\/sys\/article\/view\/543\">Pr\u00e1cticas pluriling\u00fces \u2018transgresoras\u2019 en un programa extraescolar de refuerzo de la lectura<\/a>.\u00a0<em>Signo y Se\u00f1a<\/em>, 29, 33\u201361.<\/p>\n\n<p>&nbsp;<\/p>\n","protected":false},"excerpt":{"rendered":"<p>Upcoming publications Cod\u00f3, E.\u00a0and\u00a0 A.M. Rela\u00f1o-Pastor (in press) Researching Multilingual Education: Ethnographic Perspectives. For\u00a0Siry, C. &amp;\u00a0R. Fern\u00e1ndez (Eds.).\u00a0Methodologies for Research on Teaching and Learning.\u00a0Luxembourg: Sense Publishers (Bold Visions in Education Research Series). 2021 Cod\u00f3, E. (2021)\u00a0Localizable vs non-localizable English: New inequalities in \u2018democratizing\u2019 access to English in Spanish education. For Tupas, R., Rubdy, R. &amp; [&hellip;]<\/p>\n","protected":false},"author":66,"featured_media":0,"parent":607,"menu_order":0,"comment_status":"closed","ping_status":"closed","template":"","meta":{"footnotes":""},"class_list":["post-75","page","type-page","status-publish","hentry"],"_links":{"self":[{"href":"https:\/\/webs.uab.cat\/apinglocat\/wp-json\/wp\/v2\/pages\/75","targetHints":{"allow":["GET"]}}],"collection":[{"href":"https:\/\/webs.uab.cat\/apinglocat\/wp-json\/wp\/v2\/pages"}],"about":[{"href":"https:\/\/webs.uab.cat\/apinglocat\/wp-json\/wp\/v2\/types\/page"}],"author":[{"embeddable":true,"href":"https:\/\/webs.uab.cat\/apinglocat\/wp-json\/wp\/v2\/users\/66"}],"replies":[{"embeddable":true,"href":"https:\/\/webs.uab.cat\/apinglocat\/wp-json\/wp\/v2\/comments?post=75"}],"version-history":[{"count":0,"href":"https:\/\/webs.uab.cat\/apinglocat\/wp-json\/wp\/v2\/pages\/75\/revisions"}],"up":[{"embeddable":true,"href":"https:\/\/webs.uab.cat\/apinglocat\/wp-json\/wp\/v2\/pages\/607"}],"wp:attachment":[{"href":"https:\/\/webs.uab.cat\/apinglocat\/wp-json\/wp\/v2\/media?parent=75"}],"curies":[{"name":"wp","href":"https:\/\/api.w.org\/{rel}","templated":true}]}}