{"id":764,"date":"2018-10-09T13:12:24","date_gmt":"2018-10-09T13:12:24","guid":{"rendered":"http:\/\/blogs.uab.cat\/apinglocat\/?page_id=764"},"modified":"2018-10-09T13:12:24","modified_gmt":"2018-10-09T13:12:24","slug":"accomodation","status":"publish","type":"page","link":"https:\/\/webs.uab.cat\/apinglocat\/mucean-seminar\/accomodation\/","title":{"rendered":"ACCOMMODATION"},"content":{"rendered":"\n<p><strong>Selected links for hotels and hostels in Barcelona and at the UAB.<\/strong><\/p>\n\n\n\n<p><strong>Hotels<\/strong>:<\/p>\n\n\n\n<ul class=\"wp-block-list\"><li><a href=\"http:\/\/www.hotelcampusuab.com\/EN\/hotel.html\">Hotel Campus, UAB<\/a>\u00a0(located on campus)<\/li><li><a href=\"http:\/\/www.resainn.com\/alojamiento\/barcelona\/residencia-investigadors\/\">The Residence for Researchers<\/a> (11&#8242; walk to FGC train station Pla\u00e7a Catalunya)<\/li><li><a href=\"http:\/\/www.booking.com\/\">Booking.com<\/a><\/li><li><a href=\"http:\/\/www.tripadvisor.com\/\">TripAdvisor<\/a><\/li><\/ul>\n\n\n\n<p><strong>Hostels<\/strong>:<\/p>\n\n\n\n<ul class=\"wp-block-list\"><li><a href=\"https:\/\/www.hostelworld.com\/hosteldetails.php\/Sant-Jordi-Hostel-Gracia\/Barcelona\/60299?source=affiliate-PHG-1101lwWU&amp;affiliate=PHG&amp;ref_id=1011l5Fvxzx9\">Sant Jordi Hostel Gr\u00e0cia<\/a> (8&#8242; walk to FGC train station Gr\u00e0cia)<\/li><li><a href=\"https:\/\/www.tripadvisor.com\/Hotel_Review-g187497-d6852795-Reviews-Bed_Bike_Barcelona-Barcelona_Catalonia.html\">Bed&amp;Bike<\/a> (has a good bike rental service and is near metro stops connecting to train stations)<\/li><li><a href=\"http:\/\/www.depension.com\/\">DePension<\/a>\u00a0(economic pension-type accommodation)<\/li><li><a href=\"https:\/\/www.airbnb.es\/\">Airbnb<\/a>\u00a0(hostel\/private room options)<\/li><\/ul>\n\n\n\n<p><\/p>\n","protected":false},"excerpt":{"rendered":"<p>Selected links for hotels and hostels in Barcelona and at the UAB. Hotels: Hotel Campus, UAB\u00a0(located on campus) The Residence for Researchers (11&#8242; walk to FGC train station Pla\u00e7a Catalunya) Booking.com TripAdvisor Hostels: Sant Jordi Hostel Gr\u00e0cia (8&#8242; walk to FGC train station Gr\u00e0cia) Bed&amp;Bike (has a good bike rental service and is near metro [&hellip;]<\/p>\n","protected":false},"author":66,"featured_media":0,"parent":572,"menu_order":3,"comment_status":"closed","ping_status":"closed","template":"","meta":{"footnotes":""},"class_list":["post-764","page","type-page","status-publish","hentry"],"_links":{"self":[{"href":"https:\/\/webs.uab.cat\/apinglocat\/wp-json\/wp\/v2\/pages\/764","targetHints":{"allow":["GET"]}}],"collection":[{"href":"https:\/\/webs.uab.cat\/apinglocat\/wp-json\/wp\/v2\/pages"}],"about":[{"href":"https:\/\/webs.uab.cat\/apinglocat\/wp-json\/wp\/v2\/types\/page"}],"author":[{"embeddable":true,"href":"https:\/\/webs.uab.cat\/apinglocat\/wp-json\/wp\/v2\/users\/66"}],"replies":[{"embeddable":true,"href":"https:\/\/webs.uab.cat\/apinglocat\/wp-json\/wp\/v2\/comments?post=764"}],"version-history":[{"count":0,"href":"https:\/\/webs.uab.cat\/apinglocat\/wp-json\/wp\/v2\/pages\/764\/revisions"}],"up":[{"embeddable":true,"href":"https:\/\/webs.uab.cat\/apinglocat\/wp-json\/wp\/v2\/pages\/572"}],"wp:attachment":[{"href":"https:\/\/webs.uab.cat\/apinglocat\/wp-json\/wp\/v2\/media?parent=764"}],"curies":[{"name":"wp","href":"https:\/\/api.w.org\/{rel}","templated":true}]}}