{"id":161,"date":"2025-07-09T12:08:44","date_gmt":"2025-07-09T10:08:44","guid":{"rendered":"https:\/\/webs.uab.cat\/apocalypse-conf\/sobre-tanc\/"},"modified":"2025-07-29T09:28:33","modified_gmt":"2025-07-29T07:28:33","slug":"sobre-tanc","status":"publish","type":"page","link":"https:\/\/webs.uab.cat\/apocalypse-conf\/ca\/sobre-tanc\/","title":{"rendered":"Sobre TANC"},"content":{"rendered":"\n<p>L\u2019apocalipsi ha estat analitzada des de nombroses disciplines \u2014sociologia, ci\u00e8ncia pol\u00edtica, estudis religiosos, filosofia, f\u00edsica i neuroci\u00e8ncia, entre d\u2019altres. Des de l\u2019origen grec del terme, \u201caixecament del vel\u201d, fins a les seves representacions actuals \u2014de les distopies de Hollywood (com <em>Mad Max, Waterworld<\/em>, <em>The Walking Dead<\/em>) a les visions escatol\u00f2giques de \u201cla fi del m\u00f3n\u201d\u2014, el concepte ha servit per interpretar les crisis ecol\u00f2giques, tecnol\u00f2giques i geopol\u00edtiques del present. L\u2019ontologia del desastre configura una percepci\u00f3 en qu\u00e8 la por, el col\u00b7lapse i la inevitabilitat determinen condicionen la nostra percepci\u00f3 i les nostres respostes col\u00b7lectives.  <\/p>\n\n<p>Tanmateix, l\u2019apocalipsi no \u00e9s un escenari inevitable. \u00c9s una construcci\u00f3 social alimentada pels imaginaris col\u00b7lectius, que utilitza dispositius culturals, pol\u00edtics i tecnol\u00f2gics per projectar futurs possibles. Pot actuar com a profecia autocomplerta o com a motor de resist\u00e8ncia i transformaci\u00f3. \u00c9s important remarcar que els imaginaris apocal\u00edptics tenen efectes tangibles i materials, ja que sovint normalitzen les jerarquies socials i delimiten qui queda enrere i qui \u00e9s considerat digne de protecci\u00f3 davant el final que s\u2019acosta.  <\/p>\n\n<p>Aquest think-TANC vol ser un espai de treball, de trobada i de pensament on, des d\u2019una perspectiva cr\u00edtica i interdisciplin\u00e0ria, s\u2019analitzin aquests imaginaris i s\u2019explorin possibles respostes. Durant quatre dies, es duran a terme sessions cient\u00edfiques, tallers i activitats art\u00edstiques que reuniran investigadores, activistes i professionals per intercanviar coneixement i explorar estrat\u00e8gies per afrontar els reptes planetaris, a trav\u00e9s de quatre estrat\u00e8gies clau: <strong> <\/strong><a href=\"https:\/\/webs.uab.cat\/apocalypse-conf\/ca\/2025\/07\/25\/quatre-estrategies-per-a-la-regeneracio\/\">descentrar per regenerar, cultivar la consci\u00e8ncia ontol\u00f2gica, reivindicar el prop\u00f2sit planetari i comprometre\u2019s amb l\u2019acci\u00f3 regenerativa.<\/a><\/p>\n\n<p>Des de l\u2019ecofeminisme i els moviments socials fins a les pr\u00e0ctiques art\u00edstiques, l\u2019espiritualitat ecol\u00f2gica o la intel\u00b7lig\u00e8ncia artificial participativa, la confer\u00e8ncia reuneix identitats, resist\u00e8ncies, moviments, pensaments i pr\u00e0ctiques que desafien les ideologies del fi del m\u00f3n fusionant disciplines, m\u00e8todes i idees que poden semblar desconnectades, o fins i tot m\u00fatuament excloents. L\u2019objectiu \u00e9s clar: repensar narratives, q\u00fcestionar estructures i cocrear respostes que permetin habitar d\u2019una altra manera els temps d\u2019incertesa que vivim.<\/p>\n\n<p><strong><a href=\"https:\/\/webs.uab.cat\/apocalypse-conf\/ca\/2025\/07\/26\/sobre-el-comite-organitzador\/\" data-type=\"link\" data-id=\"https:\/\/webs.uab.cat\/apocalypse-conf\/2025\/07\/26\/organizing-committee\/\">Comit\u00e8 organitzador<\/a><\/strong><\/p>\n\n<ul class=\"wp-block-list\">\n<li>Mar Griera i Llonch<\/li>\n\n\n\n<li>Ana Fern\u00e1ndez-Aball\u00ed Altamirano <\/li>\n\n\n\n<li>Amalia Calderon Argelich<\/li>\n\n\n\n<li>Melania Brito Clavijo<\/li>\n\n\n\n<li>Ione Avila-Palencia<\/li>\n\n\n\n<li>Sergio Ruiz Cayuela<\/li>\n\n\n\n<li>Victor Albert Blanco<\/li>\n\n\n\n<li>Isabelle Anguelovski<\/li>\n\n\n\n<li>Panagiota Kotsila<\/li>\n\n\n\n<li>Oriol Vicente i Campos<\/li>\n\n\n\n<li>Laura Palou Catas\u00fas<\/li>\n\n\n\n<li>S\u00f2nia S\u00e0nchez Busqu\u00e9s<\/li>\n\n\n\n<li>Konstantinos Kourkoutas<\/li>\n<\/ul>\n\n<p>Disseny del logotip i de la identitat visual a c\u00e0rrec de Paloma Rodr\u00edguez. <\/p>\n\n<p><\/p>\n","protected":false},"excerpt":{"rendered":"<p>L\u2019apocalipsi ha estat analitzada des de nombroses disciplines \u2014sociologia, ci\u00e8ncia pol\u00edtica, estudis religiosos, filosofia, f\u00edsica i neuroci\u00e8ncia, entre d\u2019altres. Des de l\u2019origen grec del terme, \u201caixecament del vel\u201d, fins a les seves representacions actuals \u2014de les distopies de Hollywood (com Mad Max, Waterworld, The Walking Dead) a les visions escatol\u00f2giques de \u201cla fi del m\u00f3n\u201d\u2014, [&hellip;]<\/p>\n","protected":false},"author":318,"featured_media":0,"parent":0,"menu_order":0,"comment_status":"closed","ping_status":"closed","template":"","meta":{"footnotes":""},"class_list":["post-161","page","type-page","status-publish","hentry"],"_links":{"self":[{"href":"https:\/\/webs.uab.cat\/apocalypse-conf\/ca\/wp-json\/wp\/v2\/pages\/161","targetHints":{"allow":["GET"]}}],"collection":[{"href":"https:\/\/webs.uab.cat\/apocalypse-conf\/ca\/wp-json\/wp\/v2\/pages"}],"about":[{"href":"https:\/\/webs.uab.cat\/apocalypse-conf\/ca\/wp-json\/wp\/v2\/types\/page"}],"author":[{"embeddable":true,"href":"https:\/\/webs.uab.cat\/apocalypse-conf\/ca\/wp-json\/wp\/v2\/users\/318"}],"replies":[{"embeddable":true,"href":"https:\/\/webs.uab.cat\/apocalypse-conf\/ca\/wp-json\/wp\/v2\/comments?post=161"}],"version-history":[{"count":10,"href":"https:\/\/webs.uab.cat\/apocalypse-conf\/ca\/wp-json\/wp\/v2\/pages\/161\/revisions"}],"predecessor-version":[{"id":351,"href":"https:\/\/webs.uab.cat\/apocalypse-conf\/ca\/wp-json\/wp\/v2\/pages\/161\/revisions\/351"}],"wp:attachment":[{"href":"https:\/\/webs.uab.cat\/apocalypse-conf\/ca\/wp-json\/wp\/v2\/media?parent=161"}],"curies":[{"name":"wp","href":"https:\/\/api.w.org\/{rel}","templated":true}]}}