{"id":167,"date":"2014-02-10T14:01:26","date_gmt":"2014-02-10T12:01:26","guid":{"rendered":"https:\/\/webs.uab.cat\/araem\/collaboradors\/"},"modified":"2026-02-25T10:03:22","modified_gmt":"2026-02-25T08:03:22","slug":"collaboradors","status":"publish","type":"page","link":"https:\/\/webs.uab.cat\/araem\/collaboradors\/","title":{"rendered":"Col\u00b7laboradors"},"content":{"rendered":"\n<div class=\"wp-block-media-text is-stacked-on-mobile\" style=\"grid-template-columns:30% auto\"><figure class=\"wp-block-media-text__media\"><img loading=\"lazy\" decoding=\"async\" width=\"555\" height=\"710\" src=\"https:\/\/webs.uab.cat\/araem\/wp-content\/uploads\/sites\/230\/2026\/02\/Molina-Campuzano-MI.jpeg\" alt=\"\" class=\"wp-image-685 size-full\" srcset=\"https:\/\/webs.uab.cat\/araem\/wp-content\/uploads\/sites\/230\/2026\/02\/Molina-Campuzano-MI.jpeg 555w, https:\/\/webs.uab.cat\/araem\/wp-content\/uploads\/sites\/230\/2026\/02\/Molina-Campuzano-MI-235x300.jpeg 235w\" sizes=\"auto, (max-width: 555px) 100vw, 555px\" \/><\/figure><div class=\"wp-block-media-text__content\">\n<p class=\"has-small-font-size\"><a href=\"https:\/\/orcid.org\/0000-0002-3414-9650\" data-type=\"link\" data-id=\"https:\/\/orcid.org\/0000-0002-3414-9650\">Isabel Molina Campuzano<\/a><\/p>\n\n\n\n<p class=\"has-small-font-size\">Investigadora postdoctoral del projecte MEDGREENREV a la Universitat Aut\u00f2noma de Barcelona<\/p>\n\n\n\n<p class=\"has-small-font-size\">Departament de Ci\u00e8ncies de l\u2019Antiguitat i de l\u2019Edat Mitjana<\/p>\n\n\n\n<p class=\"has-small-font-size\">Contacte: <a href=\"mailto:nuria.pacheco@uab.cat\">mariaisabel.molina@uab.cat<\/a><\/p>\n<\/div><\/div>\n\n\n\n<div class=\"wp-block-media-text is-stacked-on-mobile\" style=\"grid-template-columns:30% auto\"><figure class=\"wp-block-media-text__media\"><img loading=\"lazy\" decoding=\"async\" width=\"666\" height=\"986\" src=\"https:\/\/webs.uab.cat\/araem\/wp-content\/uploads\/sites\/230\/2026\/02\/IMG_6358.jpg\" alt=\"\" class=\"wp-image-847 size-full\" srcset=\"https:\/\/webs.uab.cat\/araem\/wp-content\/uploads\/sites\/230\/2026\/02\/IMG_6358.jpg 666w, https:\/\/webs.uab.cat\/araem\/wp-content\/uploads\/sites\/230\/2026\/02\/IMG_6358-203x300.jpg 203w\" sizes=\"auto, (max-width: 666px) 100vw, 666px\" \/><\/figure><div class=\"wp-block-media-text__content\">\n<p class=\"has-small-font-size\"><a href=\"https:\/\/orcid.org\/0000-0001-8737-4168\" data-type=\"link\" data-id=\"https:\/\/orcid.org\/0000-0001-8737-4168\">Guillem Alcolea i Castellsagu\u00e9<\/a><\/p>\n\n\n\n<p class=\"has-small-font-size\">Investigador predoctoral FI-SDUR a la Universitat Aut\u00f2noma de Barcelona<\/p>\n\n\n\n<p class=\"has-small-font-size\">Departament de Ci\u00e8ncies de l\u2019Antiguitat i de l\u2019Edat Mitjana<\/p>\n\n\n\n<p class=\"has-small-font-size\">Contacte: <a href=\"mailto:nuria.pacheco@uab.cat\">guillem.alcolea@uab.cat<\/a><\/p>\n<\/div><\/div>\n\n\n\n<div class=\"wp-block-media-text is-stacked-on-mobile\" style=\"grid-template-columns:30% auto\"><figure class=\"wp-block-media-text__media\"><img loading=\"lazy\" decoding=\"async\" width=\"768\" height=\"1024\" src=\"https:\/\/webs.uab.cat\/araem\/wp-content\/uploads\/sites\/230\/2026\/02\/Foto-pagina-web-768x1024.jpeg\" alt=\"\" class=\"wp-image-684 size-full\" srcset=\"https:\/\/webs.uab.cat\/araem\/wp-content\/uploads\/sites\/230\/2026\/02\/Foto-pagina-web-768x1024.jpeg 768w, https:\/\/webs.uab.cat\/araem\/wp-content\/uploads\/sites\/230\/2026\/02\/Foto-pagina-web-225x300.jpeg 225w, https:\/\/webs.uab.cat\/araem\/wp-content\/uploads\/sites\/230\/2026\/02\/Foto-pagina-web-1152x1536.jpeg 1152w, https:\/\/webs.uab.cat\/araem\/wp-content\/uploads\/sites\/230\/2026\/02\/Foto-pagina-web-1200x1600.jpeg 1200w, https:\/\/webs.uab.cat\/araem\/wp-content\/uploads\/sites\/230\/2026\/02\/Foto-pagina-web.jpeg 1500w\" sizes=\"auto, (max-width: 768px) 100vw, 768px\" \/><\/figure><div class=\"wp-block-media-text__content\">\n<p class=\"has-small-font-size\"><a href=\"https:\/\/orcid.org\/0009-0007-6568-2291\" data-type=\"link\" data-id=\"https:\/\/orcid.org\/0009-0007-6568-2291\">Ra\u00fal Mu\u00f1oz C\u00e9spedes<\/a><\/p>\n\n\n\n<p class=\"has-small-font-size\">Investigador predoctoral del projecte MEDGREENREV a la Universitat Aut\u00f2noma de Barcelona<\/p>\n\n\n\n<p class=\"has-small-font-size\">Departament de Ci\u00e8ncies de l\u2019Antiguitat i de l\u2019Edat Mitjana<\/p>\n\n\n\n<p class=\"has-small-font-size\">Contacte: <a href=\"mailto:nuria.pacheco@uab.cat\">raul.munoz@uab.cat<\/a><\/p>\n<\/div><\/div>\n\n\n\n<div class=\"wp-block-media-text is-stacked-on-mobile\" style=\"grid-template-columns:30% auto\"><figure class=\"wp-block-media-text__media\"><img loading=\"lazy\" decoding=\"async\" width=\"640\" height=\"711\" src=\"https:\/\/webs.uab.cat\/araem\/wp-content\/uploads\/sites\/230\/2026\/02\/image.jpg\" alt=\"\" class=\"wp-image-699 size-full\" srcset=\"https:\/\/webs.uab.cat\/araem\/wp-content\/uploads\/sites\/230\/2026\/02\/image.jpg 640w, https:\/\/webs.uab.cat\/araem\/wp-content\/uploads\/sites\/230\/2026\/02\/image-270x300.jpg 270w\" sizes=\"auto, (max-width: 640px) 100vw, 640px\" \/><\/figure><div class=\"wp-block-media-text__content\">\n<p class=\"has-small-font-size\"><a href=\"https:\/\/orcid.org\/0000-0001-5399-8634\" data-type=\"link\" data-id=\"https:\/\/orcid.org\/0000-0001-5399-8634\">Pere Gonz\u00e1lez Alerm<\/a><\/p>\n\n\n\n<p class=\"has-small-font-size\">Investigador predoctoral FI-SDUR a la Universitat Aut\u00f2noma de Barcelona<\/p>\n\n\n\n<p class=\"has-small-font-size\">Departament de Ci\u00e8ncies de l\u2019Antiguitat i de l\u2019Edat Mitjana<\/p>\n\n\n\n<p class=\"has-small-font-size\">Contacte: <a href=\"mailto:nuria.pacheco@uab.cat\">pere.gonzalez@uab.cat<\/a><\/p>\n<\/div><\/div>\n\n\n\n<div class=\"wp-block-media-text is-stacked-on-mobile\" style=\"grid-template-columns:30% auto\"><figure class=\"wp-block-media-text__media\"><img loading=\"lazy\" decoding=\"async\" width=\"743\" height=\"1024\" src=\"https:\/\/webs.uab.cat\/araem\/wp-content\/uploads\/sites\/230\/2026\/02\/WhatsApp-Image-2026-02-18-at-16.41.42-743x1024.jpeg\" alt=\"\" class=\"wp-image-700 size-full\" srcset=\"https:\/\/webs.uab.cat\/araem\/wp-content\/uploads\/sites\/230\/2026\/02\/WhatsApp-Image-2026-02-18-at-16.41.42-743x1024.jpeg 743w, https:\/\/webs.uab.cat\/araem\/wp-content\/uploads\/sites\/230\/2026\/02\/WhatsApp-Image-2026-02-18-at-16.41.42-218x300.jpeg 218w, https:\/\/webs.uab.cat\/araem\/wp-content\/uploads\/sites\/230\/2026\/02\/WhatsApp-Image-2026-02-18-at-16.41.42-768x1059.jpeg 768w, https:\/\/webs.uab.cat\/araem\/wp-content\/uploads\/sites\/230\/2026\/02\/WhatsApp-Image-2026-02-18-at-16.41.42.jpeg 1019w\" sizes=\"auto, (max-width: 743px) 100vw, 743px\" \/><\/figure><div class=\"wp-block-media-text__content\">\n<p class=\"has-small-font-size\"><a href=\"https:\/\/orcid.org\/0009-0006-0856-999X\" data-type=\"link\" data-id=\"https:\/\/orcid.org\/0009-0006-0856-999X\">Raquel Enrich Peric\u00e1s<\/a><\/p>\n\n\n\n<p class=\"has-small-font-size\">Investigadora predoctoral FI-SDUR a la Universitat Aut\u00f2noma de Barcelona<\/p>\n\n\n\n<p class=\"has-small-font-size\">Departament de Ci\u00e8ncies de l\u2019Antiguitat i de l\u2019Edat Mitjana<\/p>\n\n\n\n<p class=\"has-small-font-size\">Contacte: <a href=\"mailto:nuria.pacheco@uab.cat\">raquel.enrich@uab.cat<\/a><\/p>\n<\/div><\/div>\n\n\n\n<div class=\"wp-block-media-text is-stacked-on-mobile\" style=\"grid-template-columns:30% auto\"><figure class=\"wp-block-media-text__media\"><img loading=\"lazy\" decoding=\"async\" width=\"721\" height=\"1024\" src=\"https:\/\/webs.uab.cat\/araem\/wp-content\/uploads\/sites\/230\/2026\/02\/Image-721x1024.jpeg\" alt=\"\" class=\"wp-image-844 size-full\" srcset=\"https:\/\/webs.uab.cat\/araem\/wp-content\/uploads\/sites\/230\/2026\/02\/Image-721x1024.jpeg 721w, https:\/\/webs.uab.cat\/araem\/wp-content\/uploads\/sites\/230\/2026\/02\/Image-211x300.jpeg 211w, https:\/\/webs.uab.cat\/araem\/wp-content\/uploads\/sites\/230\/2026\/02\/Image-768x1091.jpeg 768w, https:\/\/webs.uab.cat\/araem\/wp-content\/uploads\/sites\/230\/2026\/02\/Image-1082x1536.jpeg 1082w, https:\/\/webs.uab.cat\/araem\/wp-content\/uploads\/sites\/230\/2026\/02\/Image-1442x2048.jpeg 1442w, https:\/\/webs.uab.cat\/araem\/wp-content\/uploads\/sites\/230\/2026\/02\/Image-1200x1704.jpeg 1200w, https:\/\/webs.uab.cat\/araem\/wp-content\/uploads\/sites\/230\/2026\/02\/Image.jpeg 1552w\" sizes=\"auto, (max-width: 721px) 100vw, 721px\" \/><\/figure><div class=\"wp-block-media-text__content\">\n<p class=\"has-small-font-size\"><a href=\"https:\/\/orcid.org\/0000-0002-1819-0418\" data-type=\"link\" data-id=\"https:\/\/orcid.org\/0000-0002-1819-0418\">Marina Valls Bonet<\/a><\/p>\n\n\n\n<p class=\"has-small-font-size\">Investigadora predoctoral FPU a la Universitat Aut\u00f2noma de Barcelona<\/p>\n\n\n\n<p class=\"has-small-font-size\">Departament de Ci\u00e8ncies de l\u2019Antiguitat i de l\u2019Edat Mitjana<\/p>\n\n\n\n<p class=\"has-small-font-size\">Contacte: <a href=\"mailto:nuria.pacheco@uab.cat\">marina.valls@uab.cat<\/a><\/p>\n<\/div><\/div>\n\n\n\n<div class=\"wp-block-media-text is-stacked-on-mobile\" style=\"grid-template-columns:30% auto\"><figure class=\"wp-block-media-text__media\"><img loading=\"lazy\" decoding=\"async\" width=\"573\" height=\"730\" src=\"https:\/\/webs.uab.cat\/araem\/wp-content\/uploads\/sites\/230\/2026\/02\/WhatsApp-Image-2026-02-18-at-09.59.07.jpeg\" alt=\"\" class=\"wp-image-683 size-full\" srcset=\"https:\/\/webs.uab.cat\/araem\/wp-content\/uploads\/sites\/230\/2026\/02\/WhatsApp-Image-2026-02-18-at-09.59.07.jpeg 573w, https:\/\/webs.uab.cat\/araem\/wp-content\/uploads\/sites\/230\/2026\/02\/WhatsApp-Image-2026-02-18-at-09.59.07-235x300.jpeg 235w\" sizes=\"auto, (max-width: 573px) 100vw, 573px\" \/><\/figure><div class=\"wp-block-media-text__content\">\n<p class=\"has-small-font-size\"><a href=\"https:\/\/orcid.org\/0000-0002-2446-9968\" data-type=\"link\" data-id=\"https:\/\/orcid.org\/0000-0002-2446-9968\">Andrea Collado Padilla<\/a><\/p>\n\n\n\n<p class=\"has-small-font-size\">T\u00e8cnic de suport a la recerca del projecte MEDGREENREV a la Universitat Aut\u00f2noma de Barcelona<\/p>\n\n\n\n<p class=\"has-small-font-size\">Departament de Ci\u00e8ncies de l\u2019Antiguitat i de l\u2019Edat Mitjana<\/p>\n\n\n\n<p class=\"has-small-font-size\">Contacte: <a href=\"mailto:nuria.pacheco@uab.cat\">andrea.collado@uab.cat<\/a><\/p>\n<\/div><\/div>\n\n\n\n<div class=\"wp-block-media-text is-stacked-on-mobile\" style=\"grid-template-columns:30% auto\"><figure class=\"wp-block-media-text__media\"><img loading=\"lazy\" decoding=\"async\" width=\"694\" height=\"1024\" src=\"https:\/\/webs.uab.cat\/araem\/wp-content\/uploads\/sites\/230\/2026\/02\/IMG-20241031-WA0011-694x1024.jpg\" alt=\"\" class=\"wp-image-707 size-full\" srcset=\"https:\/\/webs.uab.cat\/araem\/wp-content\/uploads\/sites\/230\/2026\/02\/IMG-20241031-WA0011-694x1024.jpg 694w, https:\/\/webs.uab.cat\/araem\/wp-content\/uploads\/sites\/230\/2026\/02\/IMG-20241031-WA0011-203x300.jpg 203w, https:\/\/webs.uab.cat\/araem\/wp-content\/uploads\/sites\/230\/2026\/02\/IMG-20241031-WA0011-768x1133.jpg 768w, https:\/\/webs.uab.cat\/araem\/wp-content\/uploads\/sites\/230\/2026\/02\/IMG-20241031-WA0011.jpg 896w\" sizes=\"auto, (max-width: 694px) 100vw, 694px\" \/><\/figure><div class=\"wp-block-media-text__content\">\n<p class=\"has-small-font-size\"><a href=\"https:\/\/orcid.org\/0009-0006-7102-8395\" data-type=\"link\" data-id=\"https:\/\/orcid.org\/0009-0006-7102-8395\">\u00c1lvaro Auir Mor\u00f3n<\/a><\/p>\n\n\n\n<p class=\"has-small-font-size\">T\u00e8cnic de suport a la recerca a la Universitat Aut\u00f2noma de Barcelona<\/p>\n\n\n\n<p class=\"has-small-font-size\">Departament de Ci\u00e8ncies de l\u2019Antiguitat i de l\u2019Edat Mitjana<\/p>\n\n\n\n<p class=\"has-small-font-size\">Contacte: <a href=\"mailto:nuria.pacheco@uab.cat\">alvaro.auir@uab.cat<\/a><\/p>\n<\/div><\/div>\n","protected":false},"excerpt":{"rendered":"<p>Isabel Molina Campuzano Investigadora postdoctoral del projecte MEDGREENREV a la Universitat Aut\u00f2noma de Barcelona Departament de Ci\u00e8ncies de l\u2019Antiguitat i de l\u2019Edat Mitjana Contacte: mariaisabel.molina@uab.cat Guillem Alcolea i Castellsagu\u00e9 Investigador predoctoral FI-SDUR a la Universitat Aut\u00f2noma de Barcelona Departament de Ci\u00e8ncies de l\u2019Antiguitat i de l\u2019Edat Mitjana Contacte: guillem.alcolea@uab.cat Ra\u00fal Mu\u00f1oz C\u00e9spedes Investigador predoctoral del [&hellip;]<\/p>\n","protected":false},"author":20,"featured_media":0,"parent":0,"menu_order":0,"comment_status":"closed","ping_status":"closed","template":"","meta":{"footnotes":""},"class_list":["post-167","page","type-page","status-publish","hentry"],"_links":{"self":[{"href":"https:\/\/webs.uab.cat\/araem\/wp-json\/wp\/v2\/pages\/167","targetHints":{"allow":["GET"]}}],"collection":[{"href":"https:\/\/webs.uab.cat\/araem\/wp-json\/wp\/v2\/pages"}],"about":[{"href":"https:\/\/webs.uab.cat\/araem\/wp-json\/wp\/v2\/types\/page"}],"author":[{"embeddable":true,"href":"https:\/\/webs.uab.cat\/araem\/wp-json\/wp\/v2\/users\/20"}],"replies":[{"embeddable":true,"href":"https:\/\/webs.uab.cat\/araem\/wp-json\/wp\/v2\/comments?post=167"}],"version-history":[{"count":12,"href":"https:\/\/webs.uab.cat\/araem\/wp-json\/wp\/v2\/pages\/167\/revisions"}],"predecessor-version":[{"id":848,"href":"https:\/\/webs.uab.cat\/araem\/wp-json\/wp\/v2\/pages\/167\/revisions\/848"}],"wp:attachment":[{"href":"https:\/\/webs.uab.cat\/araem\/wp-json\/wp\/v2\/media?parent=167"}],"curies":[{"name":"wp","href":"https:\/\/api.w.org\/{rel}","templated":true}]}}