{"id":505,"date":"2021-04-27T16:03:20","date_gmt":"2021-04-27T14:03:20","guid":{"rendered":"https:\/\/webs.uab.cat\/araem\/20-04-2021\/"},"modified":"2021-04-27T16:03:20","modified_gmt":"2021-04-27T14:03:20","slug":"20-04-2021","status":"publish","type":"page","link":"https:\/\/webs.uab.cat\/araem\/20-04-2021\/","title":{"rendered":"20-04-2021"},"content":{"rendered":"<p class=\"rtejustify\">La companya <strong>N\u00faria Pacheco Catal\u00e1n<\/strong> ha defensat exitosament i amb qualificaci\u00f3 d&#8217;Excel\u00b7lent, la seva tesi doctoral &#8216;<em>Ut sis stator et habitator. La colonitzaci\u00f3 feudal de la Catalunya Nova: la immigraci\u00f3 occitana (segles XII-XIII)<\/em>&#8216; a la Universitat Aut\u00f2noma de Barcelona. Sota la direcci\u00f3 dels professors Antoni Virgili i Helena Kirchner, la N\u00faria ha realitzat la seva formaci\u00f3 en recerca amb el recolzament d&#8217;un contracte predoctoral que l&#8217;ha vinculada a la Universitat Aut\u00f2noma de Barcelona en els darrers quatre anys.<\/p>\n<p class=\"rtejustify\"><img loading=\"lazy\" decoding=\"async\" class=\" size-full wp-image-503\" alt=\"\" height=\"225\" src=\"https:\/\/webs.uab.cat\/araem\/wp-content\/uploads\/sites\/230\/2021\/04\/20-04_2.jpeg\" style=\"float:left\" width=\"300\" srcset=\"https:\/\/webs.uab.cat\/araem\/wp-content\/uploads\/sites\/230\/2021\/04\/20-04_2.jpeg 400w, https:\/\/webs.uab.cat\/araem\/wp-content\/uploads\/sites\/230\/2021\/04\/20-04_2-300x225.jpeg 300w\" sizes=\"auto, (max-width: 300px) 100vw, 300px\" \/> <img loading=\"lazy\" decoding=\"async\" class=\" size-full wp-image-504\" alt=\"\" height=\"225\" src=\"https:\/\/webs.uab.cat\/araem\/wp-content\/uploads\/sites\/230\/2021\/04\/20-04_1.jpeg\" style=\"float:left\" width=\"300\" \/><\/p>\n","protected":false},"excerpt":{"rendered":"<p>La companya N\u00faria Pacheco Catal\u00e1n ha defensat exitosament i amb qualificaci\u00f3 d&#8217;Excel\u00b7lent, la seva tesi doctoral &#8216;Ut sis stator et habitator. La colonitzaci\u00f3 feudal de la Catalunya Nova: la immigraci\u00f3 occitana (segles XII-XIII)&#8216; a la Universitat Aut\u00f2noma de Barcelona. Sota la direcci\u00f3 dels professors Antoni Virgili i Helena Kirchner, la N\u00faria ha realitzat la seva [&hellip;]<\/p>\n","protected":false},"author":20,"featured_media":503,"parent":0,"menu_order":0,"comment_status":"closed","ping_status":"closed","template":"","meta":{"footnotes":""},"class_list":["post-505","page","type-page","status-publish","has-post-thumbnail","hentry"],"_links":{"self":[{"href":"https:\/\/webs.uab.cat\/araem\/wp-json\/wp\/v2\/pages\/505","targetHints":{"allow":["GET"]}}],"collection":[{"href":"https:\/\/webs.uab.cat\/araem\/wp-json\/wp\/v2\/pages"}],"about":[{"href":"https:\/\/webs.uab.cat\/araem\/wp-json\/wp\/v2\/types\/page"}],"author":[{"embeddable":true,"href":"https:\/\/webs.uab.cat\/araem\/wp-json\/wp\/v2\/users\/20"}],"replies":[{"embeddable":true,"href":"https:\/\/webs.uab.cat\/araem\/wp-json\/wp\/v2\/comments?post=505"}],"version-history":[{"count":0,"href":"https:\/\/webs.uab.cat\/araem\/wp-json\/wp\/v2\/pages\/505\/revisions"}],"wp:featuredmedia":[{"embeddable":true,"href":"https:\/\/webs.uab.cat\/araem\/wp-json\/wp\/v2\/media\/503"}],"wp:attachment":[{"href":"https:\/\/webs.uab.cat\/araem\/wp-json\/wp\/v2\/media?parent=505"}],"curies":[{"name":"wp","href":"https:\/\/api.w.org\/{rel}","templated":true}]}}