{"id":76,"date":"2009-05-25T13:07:54","date_gmt":"2009-05-25T11:07:54","guid":{"rendered":"https:\/\/webs.uab.cat\/araem\/inici\/"},"modified":"2026-02-18T12:03:49","modified_gmt":"2026-02-18T10:03:49","slug":"inici","status":"publish","type":"page","link":"https:\/\/webs.uab.cat\/araem\/","title":{"rendered":"Qui som?"},"content":{"rendered":"\n<p>El grup&nbsp;<strong>ARAEM<\/strong> estudiem&nbsp;<strong>les societats pageses medievals mitjan\u00e7ant els procediments propis de l\u2019arqueologia i de l\u2019an\u00e0lisi dels textos<\/strong>. De manera espec\u00edfica, aquest estudi compr\u00e8n els espais de cultiu, els sistemes de conreu, les plantes, la gesti\u00f3 de les collites, les formes d\u2019organitzar les feines pageses, i la connexi\u00f3 de l\u2019agricultura amb la ramaderia i amb les \u00e0rees incultes, en diferents societats medievals. Aquestes q\u00fcestions van ser plantejades als <strong>anys 80 del segle XX<\/strong> pel professor <strong>Miquel Barcel\u00f3<\/strong>, a la Universitat Aut\u00f2noma de Barcelona, per estudiar la societat d\u2019al-Andalus.<br>Des de fa trenta anys, els investigadors del grup duem a terme recerques sobre els espais agraris medievals en diferents \u00e0rees de les Illes Balears, del Pa\u00eds Valenci\u00e0, d\u2019Andalusia, d\u2019Arag\u00f3, de Catalunya i del Iemen. <strong>Bona part d\u2019aquestes recerques estan centrades en l\u2019estudi dels espais agraris andalusins i en les transformacions sofertes despr\u00e9s de les conquestes feudals, entre els segles XII i XV<\/strong>.<\/p>\n\n\n\n<h2 class=\"wp-block-heading\">El nostre objectiu<\/h2>\n\n\n\n<p><strong>L\u2019objectiu principal del grup \u00e9s, doncs, establir estrat\u00e8gies de recerca en dos \u00e0mbits historiogr\u00e0fics que conv\u00e9 comparar: la societat andalusina i les societats prefeudals i feudals del nord peninsular.<\/strong> Com a resultat de les conquestes d\u2019al-Andalus, els conqueridors van modificar les formes de gesti\u00f3 dels paisatges agraris creats pels pagesos andalusins i tamb\u00e9 van fomentar la construcci\u00f3 de nous espais agraris.<br>Els nous <strong>mecanismes de gesti\u00f3<\/strong> <strong>d\u2019aquests espais agraris<\/strong>, juntament amb el <strong>maneig de les poblacions conquerides<\/strong>, van ser dos aspectes fonamentals en la formaci\u00f3 i en la consolidaci\u00f3 de les societats colonials sorgides amb les conquestes. Aquest bagatge va resultar crucial en les colonitzacions atl\u00e0ntiques i americanes. Per aix\u00f2, una de les l\u00ednies de treball del grup ARAEM es basa en la comparaci\u00f3 dels procediments de gesti\u00f3 dels espais i de les pr\u00e0ctiques agr\u00e0ries en diferents contextos colonials: els medievals ib\u00e8rics, d\u2019una banda, i els moderns, atl\u00e0ntics i americans, de l\u2019altra.<\/p>\n\n\n\n<h2 class=\"wp-block-heading\">Altres l\u00ednies de recerca<\/h2>\n\n\n\n<p>La comprensi\u00f3 adequada de les societats pageses exigeix el desenvolupament d\u2019unes altres l\u00ednies de recerca, com l\u2019estudi de les formes de producci\u00f3, consum i distribuci\u00f3 artesanals \u2013especialment a trav\u00e9s de la cer\u00e0mica- de la fiscalitat, de la moneda i dels grups socials que van intervenir en les conquestes i en les gestions agr\u00e0ries, velles i noves. Per tant, tot i que la part central de la recerca sigui l\u2019estudi dels espais i de les pr\u00e0ctiques pageses, l<strong>es recerques dutes a terme en el si del grup ARAEM pretenen estar connectades amb els grans debats historiogr\u00e0fics sobre les societats pageses en general.<\/strong><br>Un altre objectiu \u00e9s <strong>crear protocols d\u2019inventari, estudi i diagnosi de paisatges agraris hist\u00f2rics<\/strong>, abandonats en temps recents o encara funcionals per\u00f2 amena\u00e7ats de desaparici\u00f3. Aquest objectiu pret\u00e9n<strong> incidir en les estrat\u00e8gies i criteris de protecci\u00f3 i valoritzaci\u00f3 del patrimoni paisatg\u00edstic<\/strong>.<br>&nbsp;<\/p>\n","protected":false},"excerpt":{"rendered":"<p>El grup&nbsp;ARAEM estudiem&nbsp;les societats pageses medievals mitjan\u00e7ant els procediments propis de l\u2019arqueologia i de l\u2019an\u00e0lisi dels textos. De manera espec\u00edfica, aquest estudi compr\u00e8n els espais de cultiu, els sistemes de conreu, les plantes, la gesti\u00f3 de les collites, les formes d\u2019organitzar les feines pageses, i la connexi\u00f3 de l\u2019agricultura amb la ramaderia i amb les [&hellip;]<\/p>\n","protected":false},"author":20,"featured_media":0,"parent":0,"menu_order":0,"comment_status":"closed","ping_status":"closed","template":"","meta":{"footnotes":""},"class_list":["post-76","page","type-page","status-publish","hentry"],"_links":{"self":[{"href":"https:\/\/webs.uab.cat\/araem\/wp-json\/wp\/v2\/pages\/76","targetHints":{"allow":["GET"]}}],"collection":[{"href":"https:\/\/webs.uab.cat\/araem\/wp-json\/wp\/v2\/pages"}],"about":[{"href":"https:\/\/webs.uab.cat\/araem\/wp-json\/wp\/v2\/types\/page"}],"author":[{"embeddable":true,"href":"https:\/\/webs.uab.cat\/araem\/wp-json\/wp\/v2\/users\/20"}],"replies":[{"embeddable":true,"href":"https:\/\/webs.uab.cat\/araem\/wp-json\/wp\/v2\/comments?post=76"}],"version-history":[{"count":3,"href":"https:\/\/webs.uab.cat\/araem\/wp-json\/wp\/v2\/pages\/76\/revisions"}],"predecessor-version":[{"id":692,"href":"https:\/\/webs.uab.cat\/araem\/wp-json\/wp\/v2\/pages\/76\/revisions\/692"}],"wp:attachment":[{"href":"https:\/\/webs.uab.cat\/araem\/wp-json\/wp\/v2\/media?parent=76"}],"curies":[{"name":"wp","href":"https:\/\/api.w.org\/{rel}","templated":true}]}}