{"id":78,"date":"2014-02-12T09:28:15","date_gmt":"2014-02-12T09:28:15","guid":{"rendered":"http:\/\/blogs.uab.cat\/arag\/?page_id=2"},"modified":"2014-02-12T09:28:15","modified_gmt":"2014-02-12T09:28:15","slug":"pagina-exemple","status":"publish","type":"page","link":"https:\/\/webs.uab.cat\/arag\/pagina-exemple\/","title":{"rendered":"Sobre ARAG"},"content":{"rendered":"<p>El <b>Grup de recerca d&#8217;Agricultura, Ramaderia i Alimentaci\u00f3 en la Globalitzaci\u00f3<\/b> uneix a investigadors\/es de diverses institucions acad\u00e8miques i entitats socials per analitzar de manera sistem\u00e0tica i multidisciplinar els models socioecon\u00f2mics i pol\u00edtiques p\u00fabliques relacionades amb la producci\u00f3 d&#8217;aliments (agr\u00edcola, ramadera i pesquera), des de les seves arrels, fins a les conseq\u00fc\u00e8ncies ambientals, socials i sanit\u00e0ries, passant per el seu comer\u00e7, distribuci\u00f3 i consum, aix\u00ed com les alternatives existents.<\/p>\n<p>El grup est\u00e0 format per personal investigador i docent de diferents disciplines acad\u00e8miques (Ci\u00e8ncies Ambientals, Sociologia, Veterin\u00e0ria, Ci\u00e8ncies Econ\u00f2miques, Geografia, Ci\u00e8ncies de l&#8217;Educaci\u00f3, Ci\u00e8ncies Pol\u00edtiques, etc.).<\/p>\n<p>L&#8217;objectiu final \u00e9s obtenir informaci\u00f3 de valor cient\u00edfic a la vegada que d&#8217;inter\u00e8s per a la societat en general, i en particular per a les organitzacions camperoles, grups de consumidors\/es, moviments socials i ONG\u00b4s, i resta d&#8217;agents implicats en el desenvolupament rural i la cadena agroaliment\u00e0ria.<\/p>\n<p>Amb les seves activitats, l&#8217;ARAG pret\u00e9n generar propostes que facin possible assolir una alimentaci\u00f3 quantitativament i qualitativa adequada i suficient, i els recursos necessaris per a produir-la tenint en compte les tradicions culturals de cada poblaci\u00f3 i que garanteixi una vida ps\u00edquica i f\u00edsica satisfact\u00f2ria, socialment digna i respectuosa amb el medi ambient.<\/p>\n<p>Actualment l&#8217;ARAG est\u00e0 coordinat pel professor <a href=\"https:\/\/siastd.uab.es\/pcde\/fitxa_persona.jsf?id=f736b8e6afc5dd97&amp;entitat=905&amp;colectiu=PDI\">Xavier Such<\/a> (Departament de Ci\u00e8ncia Animal i dels Aliments).<\/p>\n<p><a href=\"https:\/\/webs.uab.cat\/arag\/wp-content\/uploads\/sites\/246\/2014\/02\/064.jpg\"><img loading=\"lazy\" decoding=\"async\" class=\"aligncenter size-large wp-image-55\" src=\"https:\/\/webs.uab.cat\/arag\/wp-content\/uploads\/sites\/246\/2014\/02\/064-1024x768.jpg\" alt=\"\" width=\"640\" height=\"480\" srcset=\"https:\/\/webs.uab.cat\/arag\/wp-content\/uploads\/sites\/246\/2014\/02\/064-1024x768.jpg 1024w, https:\/\/webs.uab.cat\/arag\/wp-content\/uploads\/sites\/246\/2014\/02\/064-300x225.jpg 300w, https:\/\/webs.uab.cat\/arag\/wp-content\/uploads\/sites\/246\/2014\/02\/064-768x576.jpg 768w, https:\/\/webs.uab.cat\/arag\/wp-content\/uploads\/sites\/246\/2014\/02\/064-1536x1152.jpg 1536w, https:\/\/webs.uab.cat\/arag\/wp-content\/uploads\/sites\/246\/2014\/02\/064-2048x1536.jpg 2048w, https:\/\/webs.uab.cat\/arag\/wp-content\/uploads\/sites\/246\/2014\/02\/064-1200x900.jpg 1200w, https:\/\/webs.uab.cat\/arag\/wp-content\/uploads\/sites\/246\/2014\/02\/064-1980x1485.jpg 1980w\" sizes=\"auto, (max-width: 640px) 100vw, 640px\" \/><\/a><\/p>\n<h4 class=\"panel-title\"><\/h4>\n","protected":false},"excerpt":{"rendered":"<p>El Grup de recerca d&#8217;Agricultura, Ramaderia i Alimentaci\u00f3 en la Globalitzaci\u00f3 uneix a investigadors\/es de diverses institucions acad\u00e8miques i entitats socials per analitzar de manera sistem\u00e0tica i multidisciplinar els models socioecon\u00f2mics i pol\u00edtiques p\u00fabliques relacionades amb la producci\u00f3 d&#8217;aliments (agr\u00edcola, ramadera i pesquera), des de les seves arrels, fins a les conseq\u00fc\u00e8ncies ambientals, socials i [&hellip;]<\/p>\n","protected":false},"author":561,"featured_media":0,"parent":0,"menu_order":0,"comment_status":"open","ping_status":"open","template":"","meta":{"footnotes":""},"class_list":["post-78","page","type-page","status-publish","hentry"],"_links":{"self":[{"href":"https:\/\/webs.uab.cat\/arag\/wp-json\/wp\/v2\/pages\/78","targetHints":{"allow":["GET"]}}],"collection":[{"href":"https:\/\/webs.uab.cat\/arag\/wp-json\/wp\/v2\/pages"}],"about":[{"href":"https:\/\/webs.uab.cat\/arag\/wp-json\/wp\/v2\/types\/page"}],"author":[{"embeddable":true,"href":"https:\/\/webs.uab.cat\/arag\/wp-json\/wp\/v2\/users\/561"}],"replies":[{"embeddable":true,"href":"https:\/\/webs.uab.cat\/arag\/wp-json\/wp\/v2\/comments?post=78"}],"version-history":[{"count":0,"href":"https:\/\/webs.uab.cat\/arag\/wp-json\/wp\/v2\/pages\/78\/revisions"}],"wp:attachment":[{"href":"https:\/\/webs.uab.cat\/arag\/wp-json\/wp\/v2\/media?parent=78"}],"curies":[{"name":"wp","href":"https:\/\/api.w.org\/{rel}","templated":true}]}}