{"id":101,"date":"2020-10-15T16:55:29","date_gmt":"2020-10-15T14:55:29","guid":{"rendered":"https:\/\/blogs.uab.cat\/arcon\/?page_id=101"},"modified":"2020-10-15T16:55:29","modified_gmt":"2020-10-15T14:55:29","slug":"fotogrametria","status":"publish","type":"page","link":"https:\/\/webs.uab.cat\/arcon\/metodologias\/fotogrametria\/","title":{"rendered":"Fotogrametria"},"content":{"rendered":"<p>La fotogrametr\u00eda ha sido una parte importante dentro del registro gr\u00e1fico de cada una de las excavaciones en que hemos ido participando, tanto para el dibujo de las plantas de cada una de las UEs y \u00e1mbitos de los yacimientos, como en un registro general. Si en principio, las im\u00e1genes se realizaban a partir de globo aerost\u00e1tico, en los \u00faltimos a\u00f1os se realizan con dron.<\/p>\n<p>La frecuencia de las im\u00e1genes puede ser semanal, e incluso dos veces por semana y complementa los dibujos de cada estrato y estructura con visiones globales del yacimiento. En este sentido, la fotogrametr\u00eda es una informaci\u00f3n b\u00e1sica para cualquier parque arqueol\u00f3gico como Guissona con una planta multiper\u00edodo, en que las ortofotos son im\u00e1genes parciales de algunas de las fases.<\/p>\n<figure id=\"attachment_177\" aria-describedby=\"caption-attachment-177\" style=\"width: 479px\" class=\"wp-caption aligncenter\"><a href=\"https:\/\/webs.uab.cat\/arcon\/wp-content\/uploads\/sites\/75\/2020\/10\/IMG_4864.jpg\"><img loading=\"lazy\" decoding=\"async\" class=\" wp-image-177\" src=\"https:\/\/webs.uab.cat\/arcon\/wp-content\/uploads\/sites\/75\/2020\/10\/IMG_4864-300x225.jpg\" alt=\"Fotografia de dron de Guissona\" width=\"479\" height=\"362\" \/><\/a><figcaption id=\"caption-attachment-177\" class=\"wp-caption-text\">Fotografia de dron de Guissona<\/figcaption><\/figure>\n<p>La informaci\u00f3n que proporciona el dron puede incluso facilitar la creaci\u00f3n de modelos 3D como es el caso de Puig Castellar, en que se dispone de las cotas de cada fotograf\u00eda y se ha podido generar un DEM (digital elevation model) de cierta precisi\u00f3n de toda la colina.<\/p>\n<figure id=\"attachment_178\" aria-describedby=\"caption-attachment-178\" style=\"width: 486px\" class=\"wp-caption aligncenter\"><a href=\"https:\/\/webs.uab.cat\/arcon\/wp-content\/uploads\/sites\/75\/2020\/10\/Puig_Castellar_2020.jpg\"><img loading=\"lazy\" decoding=\"async\" class=\" wp-image-178\" src=\"https:\/\/webs.uab.cat\/arcon\/wp-content\/uploads\/sites\/75\/2020\/10\/Puig_Castellar_2020-300x225.jpg\" alt=\"Habitaciones de la muralla de Puig Castellar\" width=\"486\" height=\"370\" \/><\/a><figcaption id=\"caption-attachment-178\" class=\"wp-caption-text\">Habitaciones de la muralla de Puig Castella<\/figcaption><\/figure>\n<p>Adem\u00e1s, las distintas condiciones de luz y temporales en que se realizan las fotograf\u00edas permiten observar caracter\u00edsticas del yacimiento que a veces no son visibles como la circulaci\u00f3n del agua de lluvia o las continuidades de estructuras. En el caso del foro de Iulia Libica, al tener testimonios entre la zona excavada, la fotogrametr\u00eda permite tener una visi\u00f3n de conjunto que no se dispone a nivel superficial.<\/p>\n<figure id=\"attachment_179\" aria-describedby=\"caption-attachment-179\" style=\"width: 493px\" class=\"wp-caption aligncenter\"><a href=\"https:\/\/webs.uab.cat\/arcon\/wp-content\/uploads\/sites\/75\/2020\/10\/DJI_0298.jpg\"><img loading=\"lazy\" decoding=\"async\" class=\" wp-image-179\" src=\"https:\/\/webs.uab.cat\/arcon\/wp-content\/uploads\/sites\/75\/2020\/10\/DJI_0298-300x225.jpg\" alt=\"Foro de Iulia Libica\" width=\"493\" height=\"373\" \/><\/a><figcaption id=\"caption-attachment-179\" class=\"wp-caption-text\">Foro de Iulia Libica<\/figcaption><\/figure>\n<p>En el transcurso de este proyecto, la fotogrametr\u00eda ser\u00e1 una de las metodolog\u00edas fundamentales en el registro gr\u00e1fico de las excavaciones que se ir\u00e1 completando con otras metodolog\u00edas empleadas.<\/p>\n","protected":false},"excerpt":{"rendered":"<p>La fotogrametr\u00eda ha sido una parte importante dentro del registro gr\u00e1fico de cada una de las excavaciones en que hemos ido participando, tanto para el dibujo de las plantas de cada una de las UEs y \u00e1mbitos de los yacimientos, como en un registro general. Si en principio, las im\u00e1genes se realizaban a partir de [&hellip;]<\/p>\n","protected":false},"author":55,"featured_media":0,"parent":48,"menu_order":1,"comment_status":"closed","ping_status":"closed","template":"","meta":{"footnotes":""},"class_list":["post-101","page","type-page","status-publish","hentry"],"_links":{"self":[{"href":"https:\/\/webs.uab.cat\/arcon\/wp-json\/wp\/v2\/pages\/101","targetHints":{"allow":["GET"]}}],"collection":[{"href":"https:\/\/webs.uab.cat\/arcon\/wp-json\/wp\/v2\/pages"}],"about":[{"href":"https:\/\/webs.uab.cat\/arcon\/wp-json\/wp\/v2\/types\/page"}],"author":[{"embeddable":true,"href":"https:\/\/webs.uab.cat\/arcon\/wp-json\/wp\/v2\/users\/55"}],"replies":[{"embeddable":true,"href":"https:\/\/webs.uab.cat\/arcon\/wp-json\/wp\/v2\/comments?post=101"}],"version-history":[{"count":0,"href":"https:\/\/webs.uab.cat\/arcon\/wp-json\/wp\/v2\/pages\/101\/revisions"}],"up":[{"embeddable":true,"href":"https:\/\/webs.uab.cat\/arcon\/wp-json\/wp\/v2\/pages\/48"}],"wp:attachment":[{"href":"https:\/\/webs.uab.cat\/arcon\/wp-json\/wp\/v2\/media?parent=101"}],"curies":[{"name":"wp","href":"https:\/\/api.w.org\/{rel}","templated":true}]}}