{"id":103,"date":"2020-10-15T16:55:48","date_gmt":"2020-10-15T14:55:48","guid":{"rendered":"https:\/\/blogs.uab.cat\/arcon\/?page_id=103"},"modified":"2020-10-15T16:55:48","modified_gmt":"2020-10-15T14:55:48","slug":"lidar","status":"publish","type":"page","link":"https:\/\/webs.uab.cat\/arcon\/metodologias\/lidar\/","title":{"rendered":"LIDAR"},"content":{"rendered":"<p>A lo largo de los \u00faltimos a\u00f1os ha evolucionado enormemente el empleo de Modelos Digitales del Terreno (MDT) para la prospecci\u00f3n arqueol\u00f3gica, demostrando ser una herramienta extraordinaria y con mucho potencial. Su capacidad para representar fielmente la compleja morfolog\u00eda de la topograf\u00eda local permite identificar un gran n\u00famero de elementos que dif\u00edcilmente pueden ser apreciables mediante la aplicaci\u00f3n de otros m\u00e9todos de prospecci\u00f3n, ya sean remotos (como por ejemplo la fotograf\u00eda a\u00e9rea) o <em>in situ <\/em>(como las prospecciones superficiales).<\/p>\n<figure id=\"attachment_217\" aria-describedby=\"caption-attachment-217\" style=\"width: 462px\" class=\"wp-caption aligncenter\"><a href=\"https:\/\/webs.uab.cat\/arcon\/wp-content\/uploads\/sites\/75\/2020\/10\/iulia_libica.jpg\"><img loading=\"lazy\" decoding=\"async\" class=\" wp-image-217\" src=\"https:\/\/webs.uab.cat\/arcon\/wp-content\/uploads\/sites\/75\/2020\/10\/iulia_libica-300x218.jpg\" alt=\"LIDAR de Iulia Libica\" width=\"462\" height=\"340\" \/><\/a><figcaption id=\"caption-attachment-217\" class=\"wp-caption-text\">LIDAR de Iulia Libica<\/figcaption><\/figure>\n<p>La democratizaci\u00f3n de tecnolog\u00edas como el LIDAR (Light Detection and Ranging) ha aumentado enormemente la posibilidad de contar con MDT de precisi\u00f3n a bajo coste para ser empleado en la investigaci\u00f3n arqueol\u00f3gica. Es posible trabajar con datos LIDAR obtenidos por otros prop\u00f3sitos y que son de acceso abierto. Como por ejemplo los adquiridos por organismos p\u00fablicos como el Plan Nacional de Ortofotograf\u00eda A\u00e9rea (PNOA) realizado por el Instituto Geogr\u00e1fico Nacional (IGN).<\/p>\n<figure id=\"attachment_218\" aria-describedby=\"caption-attachment-218\" style=\"width: 458px\" class=\"wp-caption aligncenter\"><a href=\"https:\/\/webs.uab.cat\/arcon\/wp-content\/uploads\/sites\/75\/2020\/10\/Puig-Castell.jpg\"><img loading=\"lazy\" decoding=\"async\" class=\" wp-image-218\" src=\"https:\/\/webs.uab.cat\/arcon\/wp-content\/uploads\/sites\/75\/2020\/10\/Puig-Castell-300x203.jpg\" alt=\"LIDAR de Puig Castell (Samal\u00fas)\" width=\"458\" height=\"314\" \/><\/a><figcaption id=\"caption-attachment-218\" class=\"wp-caption-text\">LIDAR de Puig Castell (Samal\u00fas)<\/figcaption><\/figure>\n<p>El LIDAR presenta numerosas ventajas respecto los MDT tradicionales, como el elevado nivel de precisi\u00f3n radiom\u00e9trica o el amplio y denso nivel de cobertura, que permite una resoluci\u00f3n espacial tambi\u00e9n muy elevada. Ambas capacidades permiten documentar estructuras antr\u00f3picas, pr\u00e1ctica imposible mediante los MDT cl\u00e1sicos.<\/p>\n<figure id=\"attachment_219\" aria-describedby=\"caption-attachment-219\" style=\"width: 458px\" class=\"wp-caption aligncenter\"><a href=\"https:\/\/webs.uab.cat\/arcon\/wp-content\/uploads\/sites\/75\/2020\/10\/Segeda.jpg\"><img loading=\"lazy\" decoding=\"async\" class=\" wp-image-219\" src=\"https:\/\/webs.uab.cat\/arcon\/wp-content\/uploads\/sites\/75\/2020\/10\/Segeda-300x195.jpg\" alt=\"LIDAR de Segeda I i Segeda II\" width=\"458\" height=\"302\" \/><\/a><figcaption id=\"caption-attachment-219\" class=\"wp-caption-text\">LIDAR de Segeda I i Segeda II<\/figcaption><\/figure>\n<p>Asimismo, la clasificaci\u00f3n de los puntos LIDAR consigue discriminar la vegetaci\u00f3n entre los datos (puntos) obtenidos. Este filtraje permite observar el terreno natural de \u00e1reas con densa vegetaci\u00f3n. De esta forma, el LIDAR es capaz de discriminar estructuras que son pr\u00e1cticamente invisibles sobre el terreno, como muros, pero tambi\u00e9n terraplenes (earthworks) o irregularidades en el terreno, algunos de los cuales pueden tener origen antiguo. Es importante remarcar que los datos obtenidos mediante tecnolog\u00eda LIDAR no penetran en el terreno, es decir, no ofrecen im\u00e1genes de estructuras subterr\u00e1neas. En definitiva, el uso del LIDAR permite evidenciar elementos que a simple vista no lo eran.<\/p>\n<figure id=\"attachment_220\" aria-describedby=\"caption-attachment-220\" style=\"width: 501px\" class=\"wp-caption aligncenter\"><a href=\"https:\/\/webs.uab.cat\/arcon\/wp-content\/uploads\/sites\/75\/2020\/10\/Valdeherrera.jpg\"><img loading=\"lazy\" decoding=\"async\" class=\" wp-image-220\" src=\"https:\/\/webs.uab.cat\/arcon\/wp-content\/uploads\/sites\/75\/2020\/10\/Valdeherrera-300x204.jpg\" alt=\"LIDAR de Valdeherrera (Calatayud)\" width=\"501\" height=\"347\" \/><\/a><figcaption id=\"caption-attachment-220\" class=\"wp-caption-text\">LIDAR de Valdeherrera (Calatayud)<\/figcaption><\/figure>\n","protected":false},"excerpt":{"rendered":"<p>A lo largo de los \u00faltimos a\u00f1os ha evolucionado enormemente el empleo de Modelos Digitales del Terreno (MDT) para la prospecci\u00f3n arqueol\u00f3gica, demostrando ser una herramienta extraordinaria y con mucho potencial. Su capacidad para representar fielmente la compleja morfolog\u00eda de la topograf\u00eda local permite identificar un gran n\u00famero de elementos que dif\u00edcilmente pueden ser apreciables [&hellip;]<\/p>\n","protected":false},"author":55,"featured_media":0,"parent":48,"menu_order":2,"comment_status":"closed","ping_status":"closed","template":"","meta":{"footnotes":""},"class_list":["post-103","page","type-page","status-publish","hentry"],"_links":{"self":[{"href":"https:\/\/webs.uab.cat\/arcon\/wp-json\/wp\/v2\/pages\/103","targetHints":{"allow":["GET"]}}],"collection":[{"href":"https:\/\/webs.uab.cat\/arcon\/wp-json\/wp\/v2\/pages"}],"about":[{"href":"https:\/\/webs.uab.cat\/arcon\/wp-json\/wp\/v2\/types\/page"}],"author":[{"embeddable":true,"href":"https:\/\/webs.uab.cat\/arcon\/wp-json\/wp\/v2\/users\/55"}],"replies":[{"embeddable":true,"href":"https:\/\/webs.uab.cat\/arcon\/wp-json\/wp\/v2\/comments?post=103"}],"version-history":[{"count":0,"href":"https:\/\/webs.uab.cat\/arcon\/wp-json\/wp\/v2\/pages\/103\/revisions"}],"up":[{"embeddable":true,"href":"https:\/\/webs.uab.cat\/arcon\/wp-json\/wp\/v2\/pages\/48"}],"wp:attachment":[{"href":"https:\/\/webs.uab.cat\/arcon\/wp-json\/wp\/v2\/media?parent=103"}],"curies":[{"name":"wp","href":"https:\/\/api.w.org\/{rel}","templated":true}]}}