{"id":115,"date":"2020-10-15T17:05:41","date_gmt":"2020-10-15T15:05:41","guid":{"rendered":"https:\/\/blogs.uab.cat\/arcon\/?page_id=115"},"modified":"2020-10-15T17:05:41","modified_gmt":"2020-10-15T15:05:41","slug":"morteros-republicanos","status":"publish","type":"page","link":"https:\/\/webs.uab.cat\/arcon\/monografias\/morteros-republicanos\/","title":{"rendered":"Morteros republicanos"},"content":{"rendered":"<p>Nuevamente el yacimiento de Puig Castellar (Biosca) ha sido el desencadenante del inter\u00e9s en este tipo cer\u00e1mico que introducen precisamente los romanos en el siglo II aC. La procedencia de los primeros morteros que llegan a la Pen\u00ednsula Ib\u00e9rica son it\u00e1licos, y aparecen en Emp\u00faries como parte del bagaje de los legionarios romanos entre el 175-125 aC (Aguarod, 1991, 123). Por lo tanto, se trata de un elemento claramente ex\u00f3geno, que puede identificar un origen it\u00e1lico de los ocupantes del <em>castellum<\/em> de Puig Castellar. Los morteros son recipientes exvasados con un di\u00e1metro entre 2,5 y 5 veces su altura, y que tiene un fondo con una superficie abrasiva para facilitar la maceraci\u00f3n, lavado, secado de grano y posterior triturado de queso para realizar platos como la <em>puls<\/em> (Mateucci, 1986).<\/p>\n<figure id=\"attachment_211\" aria-describedby=\"caption-attachment-211\" style=\"width: 473px\" class=\"wp-caption aligncenter\"><a href=\"https:\/\/webs.uab.cat\/arcon\/wp-content\/uploads\/sites\/75\/2020\/10\/morter_pcb14_300-28.jpg\"><img loading=\"lazy\" decoding=\"async\" class=\" wp-image-211\" src=\"https:\/\/webs.uab.cat\/arcon\/wp-content\/uploads\/sites\/75\/2020\/10\/morter_pcb14_300-28-300x85.jpg\" alt=\"Mortero PCB-14_300-28\" width=\"473\" height=\"143\" \/><\/a><figcaption id=\"caption-attachment-211\" class=\"wp-caption-text\">Mortero PCB-14_300-28<\/figcaption><\/figure>\n<p>Por el momento, se han documentado m\u00e1s de 25 morteros con formas y pastas cer\u00e1micas diversas, que actualmente se han ido agrupando. Adem\u00e1s, de las pastas cer\u00e1micas similares a las de \u00e1nforas (p.e. campana, apulia), existen muchas otras pastas que son totalmente. En \u00e9poca imperial, los morteros it\u00e1licos eran producidos en zonas interiores de la Pen\u00ednsula it\u00e1lica como el Alto TIber, por lo que nuestros ejemplares bien podr\u00edan ser originarios de estas regiones.<\/p>\n<figure id=\"attachment_213\" aria-describedby=\"caption-attachment-213\" style=\"width: 514px\" class=\"wp-caption aligncenter\"><a href=\"https:\/\/webs.uab.cat\/arcon\/wp-content\/uploads\/sites\/75\/2020\/10\/morter_pasta_pcb14_300-28.jpg\"><img loading=\"lazy\" decoding=\"async\" class=\" wp-image-213\" src=\"https:\/\/webs.uab.cat\/arcon\/wp-content\/uploads\/sites\/75\/2020\/10\/morter_pasta_pcb14_300-28-300x86.jpg\" alt=\"Pasta mortero PCB-14_300-28\" width=\"514\" height=\"156\" \/><\/a><figcaption id=\"caption-attachment-213\" class=\"wp-caption-text\">Pasta mortero PCB-14_300-28<\/figcaption><\/figure>\n<p>Como la tipolog\u00eda y cronolog\u00eda de los morteros republicanos es todav\u00eda bastante desconocida, se ha cre\u00eddo conveniente que la muestra de Puig Castellar pueda ser un buen ejemplo de la circulaci\u00f3n de estos recipientes entre el 180 a 120 aC. Adem\u00e1s se est\u00e1 comparando este conjunto con otros yacimientos de cronolog\u00eda similar como Can Tac\u00f3 (Montmel\u00f3), y se plantea completar el estudio con otros yacimientos catalanes (p.e. Ilturo, Emp\u00faries) y del valle del Ebro.<\/p>\n","protected":false},"excerpt":{"rendered":"<p>Nuevamente el yacimiento de Puig Castellar (Biosca) ha sido el desencadenante del inter\u00e9s en este tipo cer\u00e1mico que introducen precisamente los romanos en el siglo II aC. La procedencia de los primeros morteros que llegan a la Pen\u00ednsula Ib\u00e9rica son it\u00e1licos, y aparecen en Emp\u00faries como parte del bagaje de los legionarios romanos entre el [&hellip;]<\/p>\n","protected":false},"author":55,"featured_media":0,"parent":51,"menu_order":2,"comment_status":"closed","ping_status":"closed","template":"","meta":{"footnotes":""},"class_list":["post-115","page","type-page","status-publish","hentry"],"_links":{"self":[{"href":"https:\/\/webs.uab.cat\/arcon\/wp-json\/wp\/v2\/pages\/115","targetHints":{"allow":["GET"]}}],"collection":[{"href":"https:\/\/webs.uab.cat\/arcon\/wp-json\/wp\/v2\/pages"}],"about":[{"href":"https:\/\/webs.uab.cat\/arcon\/wp-json\/wp\/v2\/types\/page"}],"author":[{"embeddable":true,"href":"https:\/\/webs.uab.cat\/arcon\/wp-json\/wp\/v2\/users\/55"}],"replies":[{"embeddable":true,"href":"https:\/\/webs.uab.cat\/arcon\/wp-json\/wp\/v2\/comments?post=115"}],"version-history":[{"count":0,"href":"https:\/\/webs.uab.cat\/arcon\/wp-json\/wp\/v2\/pages\/115\/revisions"}],"up":[{"embeddable":true,"href":"https:\/\/webs.uab.cat\/arcon\/wp-json\/wp\/v2\/pages\/51"}],"wp:attachment":[{"href":"https:\/\/webs.uab.cat\/arcon\/wp-json\/wp\/v2\/media?parent=115"}],"curies":[{"name":"wp","href":"https:\/\/api.w.org\/{rel}","templated":true}]}}