{"id":117,"date":"2020-10-15T17:06:30","date_gmt":"2020-10-15T15:06:30","guid":{"rendered":"https:\/\/blogs.uab.cat\/arcon\/?page_id=117"},"modified":"2020-10-15T17:06:30","modified_gmt":"2020-10-15T15:06:30","slug":"marmoles","status":"publish","type":"page","link":"https:\/\/webs.uab.cat\/arcon\/monografias\/marmoles\/","title":{"rendered":"M\u00e1rmoles"},"content":{"rendered":"<p>Dentro del \u00e1rea de estudio, la excavaci\u00f3n del foro de Iulia Libica (Ll\u00edvia) ha permitido documentar un gran conjunto de m\u00e1rmoles ornamentales de color en forma de \u201c<em>crustae<\/em>\u201d que seguramente decoraban el p\u00f3rtico o habitaciones del mismo. Adem\u00e1s se han localizado fragmentos de escultura de m\u00e1rmol blanco de grano fino que formaban parte del programa decorativo del conjunto.<\/p>\n<p>Estos m\u00e1rmoles que han sido estudiados por el equipo de arqueometr\u00eda del EMLA (ICAC), lo cual nos ha permitido reconocer un predominio de m\u00e1rmoles procedentes de canteras del sur de la Galia, pero tambi\u00e9n algunos ejemplares m\u00e1s ex\u00f3ticos del Norte de \u00c1frica y el Mediterr\u00e1neo Oriental.<\/p>\n<figure id=\"attachment_206\" aria-describedby=\"caption-attachment-206\" style=\"width: 472px\" class=\"wp-caption aligncenter\"><a href=\"https:\/\/webs.uab.cat\/arcon\/wp-content\/uploads\/sites\/75\/2020\/10\/ashmosia.jpg\"><img loading=\"lazy\" decoding=\"async\" class=\" wp-image-206\" src=\"https:\/\/webs.uab.cat\/arcon\/wp-content\/uploads\/sites\/75\/2020\/10\/ashmosia-300x281.jpg\" alt=\"M\u00e1moles cuantificados de Ll\u00edvia (2016-7)\" width=\"472\" height=\"443\" \/><\/a><figcaption id=\"caption-attachment-206\" class=\"wp-caption-text\">M\u00e1moles cuantificados de Ll\u00edvia (2016-7)<\/figcaption><\/figure>\n<p>Aunque Iulia Libica sigue siendo nuestro principal inter\u00e9s en el estudio de m\u00e1rmoles procedentes de las distintas campa\u00f1as, estamos interesados en conocer como llegan a la ciudad desde las canteras de origen y compararlo con otras ciudades del valle del Segre, y del valle del Tet \u2013 su prolongaci\u00f3n natural en el sur de la Galia. Por ello, se est\u00e1n comparando los m\u00e1rmoles cuantificados con los documentados en lugares como <em>Ilerda<\/em> o <em>Ruscino<\/em>.<\/p>\n","protected":false},"excerpt":{"rendered":"<p>Dentro del \u00e1rea de estudio, la excavaci\u00f3n del foro de Iulia Libica (Ll\u00edvia) ha permitido documentar un gran conjunto de m\u00e1rmoles ornamentales de color en forma de \u201ccrustae\u201d que seguramente decoraban el p\u00f3rtico o habitaciones del mismo. Adem\u00e1s se han localizado fragmentos de escultura de m\u00e1rmol blanco de grano fino que formaban parte del programa [&hellip;]<\/p>\n","protected":false},"author":55,"featured_media":0,"parent":51,"menu_order":3,"comment_status":"closed","ping_status":"closed","template":"","meta":{"footnotes":""},"class_list":["post-117","page","type-page","status-publish","hentry"],"_links":{"self":[{"href":"https:\/\/webs.uab.cat\/arcon\/wp-json\/wp\/v2\/pages\/117","targetHints":{"allow":["GET"]}}],"collection":[{"href":"https:\/\/webs.uab.cat\/arcon\/wp-json\/wp\/v2\/pages"}],"about":[{"href":"https:\/\/webs.uab.cat\/arcon\/wp-json\/wp\/v2\/types\/page"}],"author":[{"embeddable":true,"href":"https:\/\/webs.uab.cat\/arcon\/wp-json\/wp\/v2\/users\/55"}],"replies":[{"embeddable":true,"href":"https:\/\/webs.uab.cat\/arcon\/wp-json\/wp\/v2\/comments?post=117"}],"version-history":[{"count":0,"href":"https:\/\/webs.uab.cat\/arcon\/wp-json\/wp\/v2\/pages\/117\/revisions"}],"up":[{"embeddable":true,"href":"https:\/\/webs.uab.cat\/arcon\/wp-json\/wp\/v2\/pages\/51"}],"wp:attachment":[{"href":"https:\/\/webs.uab.cat\/arcon\/wp-json\/wp\/v2\/media?parent=117"}],"curies":[{"name":"wp","href":"https:\/\/api.w.org\/{rel}","templated":true}]}}