{"id":119,"date":"2020-10-15T17:07:50","date_gmt":"2020-10-15T15:07:50","guid":{"rendered":"https:\/\/blogs.uab.cat\/arcon\/?page_id=119"},"modified":"2020-10-15T17:07:50","modified_gmt":"2020-10-15T15:07:50","slug":"comunicaciones","status":"publish","type":"page","link":"https:\/\/webs.uab.cat\/arcon\/publicaciones\/comunicaciones\/","title":{"rendered":"Comunicaciones"},"content":{"rendered":"<p>Carreras, C. (2020)<em> Iulia Libica: a Roman town in the Segre valley (Pyrenees)<\/em>. Oxford, 19 de febrer 2020.<\/p>\n<p>Catarineu, L. (2020) \u201cAssentaments militars romans del nord-est de la Hispania Citerior (Catalunya i la vall de l\u2019Ebre) en les primeres etapes de la romanitzaci\u00f3. Estudi del cas i proposta de caracteritzaci\u00f3 i identificaci\u00f3\u201d. <em>Ist Symposium TIR-FOR from Territory Studies to Digital Carthography<\/em>.\u00a0(Barcelona 26-27\/10\/2020)<\/p>\n<p>De Soto, P. (2020) \u201dProyecto Viator-e. Digitalizaci\u00f3n y diseminaci\u00f3n on-lie de la red viaria del imperio romano de occidente\u201d.\u00a0<em>Ist Symposium TIR-FOR from Territory Studies to Digital Carthography<\/em>.\u00a0(Barcelona 26-27\/10\/2020)<\/p>\n<p>De Soto, P. (2020) \u201cTodos los caminos conducen a Roma. La configuraci\u00f3n viaria como elemento indispensable para entender la organizaci\u00f3n romana de la pen\u00ednsula ib\u00e9rica\u201d.\u00a0<em>X Di\u00e1logos de Arqueolog\u00eda. Arqueolog\u00eda del Mediterr\u00e1neo. Una visi\u00f3n transdisciplinar<\/em>. (Granada 21-23\/10\/2020)<\/p>\n<p>De Soto. P. (2020) \u201dMillae Viae Ducunt Homines per Saecula Romam\u201d.\u00a0<em>Toletum. Antike Digital. <\/em><em>Digital Humanites in der Erforschung der Iberischen Halbinsel in der Anti<\/em>ke. (Hamburg 21-23\/10\/2020)<\/p>\n","protected":false},"excerpt":{"rendered":"<p>Carreras, C. (2020) Iulia Libica: a Roman town in the Segre valley (Pyrenees). Oxford, 19 de febrer 2020. Catarineu, L. (2020) \u201cAssentaments militars romans del nord-est de la Hispania Citerior (Catalunya i la vall de l\u2019Ebre) en les primeres etapes de la romanitzaci\u00f3. Estudi del cas i proposta de caracteritzaci\u00f3 i identificaci\u00f3\u201d. Ist Symposium TIR-FOR [&hellip;]<\/p>\n","protected":false},"author":55,"featured_media":0,"parent":57,"menu_order":1,"comment_status":"closed","ping_status":"closed","template":"","meta":{"footnotes":""},"class_list":["post-119","page","type-page","status-publish","hentry"],"_links":{"self":[{"href":"https:\/\/webs.uab.cat\/arcon\/wp-json\/wp\/v2\/pages\/119","targetHints":{"allow":["GET"]}}],"collection":[{"href":"https:\/\/webs.uab.cat\/arcon\/wp-json\/wp\/v2\/pages"}],"about":[{"href":"https:\/\/webs.uab.cat\/arcon\/wp-json\/wp\/v2\/types\/page"}],"author":[{"embeddable":true,"href":"https:\/\/webs.uab.cat\/arcon\/wp-json\/wp\/v2\/users\/55"}],"replies":[{"embeddable":true,"href":"https:\/\/webs.uab.cat\/arcon\/wp-json\/wp\/v2\/comments?post=119"}],"version-history":[{"count":0,"href":"https:\/\/webs.uab.cat\/arcon\/wp-json\/wp\/v2\/pages\/119\/revisions"}],"up":[{"embeddable":true,"href":"https:\/\/webs.uab.cat\/arcon\/wp-json\/wp\/v2\/pages\/57"}],"wp:attachment":[{"href":"https:\/\/webs.uab.cat\/arcon\/wp-json\/wp\/v2\/media?parent=119"}],"curies":[{"name":"wp","href":"https:\/\/api.w.org\/{rel}","templated":true}]}}